{"id":8684,"date":"2015-06-03T08:51:17","date_gmt":"2015-06-03T08:51:17","guid":{"rendered":"http:\/\/www.hund-hersbruck.de\/web_neu\/?page_id=8684"},"modified":"2025-12-13T14:22:38","modified_gmt":"2025-12-13T14:22:38","slug":"tueftelspiele_seite-8","status":"publish","type":"page","link":"http:\/\/www.hund-hersbruck.de\/web_neu\/tuftelspiele\/tueftelspiele_seite-8\/","title":{"rendered":"T\u00fcftelspiele_Seite 8"},"content":{"rendered":"<p style=\"text-align: center;\"><span style=\"font-family: arial,helvetica,sans-serif; font-size: 20px;\"><strong>T\u00fcftelspiele<\/strong><\/span><\/p>\n<p style=\"text-align: center;\"><strong><span style=\"font-size: 16px;\">&#8211; Seite 8 &#8211;<\/span><\/strong><\/p>\n<p style=\"text-align: center;\"><span style=\"font-size: 12pt;\"><strong><span style=\"color: #993300;\">Ausgesuchte T\u00fcftelspiele, R\u00e4tsel, Kopfzerbrecher und Gehirnzerbr\u00f6seler! T\u00fcfteln macht Spa\u00df! Denken macht Spa\u00df! Der Kopf ist rund, damit das Denken seine Richtung wechseln kann!<\/span><\/strong><\/span><\/p>\n<p style=\"text-align: center;\"><span style=\"font-size: 10pt;\"><span style=\"font-family: arial,helvetica,sans-serif;\">Preis\u00e4nderungen leider vorbehalten! <span style=\"text-decoration: underline;\"><strong>Mindestbestellsumme<\/strong> <\/span>15.- Euro.<\/span> <span style=\"font-size: 16px;\"><span style=\"font-family: arial,helvetica,sans-serif; font-size: 10pt;\">\u00a0\u00a0<\/span><\/span><\/span><span style=\"font-family: arial,helvetica,sans-serif; font-size: 10pt;\"><span style=\"text-decoration: underline;\"><strong>Ladengesch\u00e4ft<\/strong><\/span>: Amberger Str. 8\u00a0 in 91217 Hersbruck (30 km \u00f6stlich von N\u00fcrnberg); \u00d6ffnungszeiten Mo &#8211; Fr. 15.00 &#8211; 18.00 Uhr, Sa 10.00 &#8211; 13.00 Uhr (oder nach Vereinbarung!)\u00a0 \u00a0\u00a0<\/span><span style=\"font-family: arial,helvetica,sans-serif; font-size: 10pt;\"><strong>So k\u00f6nnen sie <span style=\"color: #0000ff; text-decoration: underline;\">bestellen<\/span>: Tel. 09151\/4716\u00a0\u00a0\u00a0\u00a0 oder\u00a0\u00a0\u00a0 <a href=\"mailto:gabys-zauberland@t-online.de\">gabys-zauberland@t-online.de<\/a>\u00a0\u00a0 oder \u00fcber das Kontaktformular oben\u00a0\u00a0<\/strong><\/span><\/p>\n<p class=\"empty-paragraph\">\u00a0<span style=\"font-size: 1px; color: transparent;\">.<\/span><span style=\"color: #0000ff; font-family: arial,helvetica,sans-serif; font-size: 10pt;\"><span style=\"text-decoration: underline;\">ACHTUNG<\/span>: Wenn Sie von <span style=\"text-decoration: underline;\">ausw\u00e4rts <\/span>anreisen, dann bitten wir Sie, unbedingt vorher anzurufen! Auch wir sind nicht gegen Krankheiten gefeit und in Urlaub m\u00f6chten wir auch mal &#8230; \ud83d\ude09<\/span><\/p>\n<table border=\"0\" align=\"center\">\n<tbody>\n<tr>\n<td><span style=\"font-size: 18px;\">Seiten<\/span><\/td>\n<td><span style=\"font-size: 18px;\"><a title=\"T\u00fcftelspiele\" href=\"http:\/\/www.hund-hersbruck.de\/web_neu\/?page_id=156\">1<\/a><\/span><\/td>\n<td><span style=\"font-size: 18px;\"><a title=\"T\u00fcftelspiele 2\" href=\"http:\/\/www.hund-hersbruck.de\/web_neu\/?page_id=4202\">2<\/a><\/span><\/td>\n<td><span style=\"font-size: 18px;\"><a title=\"T\u00fcftelspiele 3\" href=\"http:\/\/www.hund-hersbruck.de\/web_neu\/?page_id=4207\">3<\/a><\/span><\/td>\n<td><span style=\"font-size: 18px;\"><a title=\"T\u00fcftelspiele 4\" href=\"http:\/\/www.hund-hersbruck.de\/web_neu\/?page_id=4210\">4<\/a><\/span><\/td>\n<td><span style=\"font-size: 18px;\"><a title=\"T\u00fcftelspiele 5\" href=\"http:\/\/www.hund-hersbruck.de\/web_neu\/?page_id=4212\">5<\/a><\/span><\/td>\n<td><span style=\"font-size: 18px;\"><a title=\"T\u00fcftelspiele 6\" href=\"http:\/\/www.hund-hersbruck.de\/web_neu\/?page_id=4214\">6<\/a><\/span><\/td>\n<td><span style=\"font-size: 18px;\"><a title=\"T\u00fcftelspiele 7\" href=\"http:\/\/www.hund-hersbruck.de\/web_neu\/?page_id=4216\">7<\/a><\/span><\/td>\n<td><span style=\"font-size: 18px;\"><a title=\"T\u00fcftelspiele_Seite 8\" href=\"http:\/\/www.hund-hersbruck.de\/web_neu\/tuftelspiele\/tueftelspiele_seite-8\/\">8<\/a><\/span><\/td>\n<td><span style=\"font-size: 18px;\"><a title=\"T\u00fcftelspiele_Seite 9\" href=\"http:\/\/www.hund-hersbruck.de\/web_neu\/tuftelspiele\/tueftelspiele_seite-9\/\">9<\/a><\/span><\/td>\n<\/tr>\n<\/tbody>\n<\/table>\n<p>&nbsp;<\/p>\n<p class=\"empty-paragraph\"><span style=\"font-size: 1px; color: transparent;\">.<\/span>\u00a0<span style=\"font-size: 1px; color: transparent;\">.<\/span><span style=\"font-size: 1px; color: transparent;\">.<\/span><span style=\"font-size: 12pt;\"><strong><span style=\"font-family: arial, helvetica, sans-serif;\"><span style=\"color: #993300;\">IQ-Test Bambus &#8211; Puzzles\u00a0\u00a0\u00a0\u00a0<\/span> je 11.- \u20ac<\/span><\/strong><\/span> <span style=\"font-family: arial,helvetica,sans-serif; font-size: 12pt;\"><span style=\"font-size: 10pt;\">Wunderbare Geschenke, sch\u00f6n verpackt in einer Schachtel, verschiedene Schwierigkeitsgrade (die nat\u00fcrlich subjektiv vom Hersteller festgelegt wurden, aber Anhaltspunkte liefern!). Aus Bambus, verschiedenfarbig, sehr gute Qualit\u00e4t! Achtung: Da wir nur wenige Exemplare der einzelnen Puzzles haben, kann es sein, dass einzelne Modelle eher ausverkauft sind, als andere. Bitte deshalb Ersatz angeben &#8230;<\/span><br \/>\n<span style=\"color: #0000ff; font-size: 10pt;\">Au\u00dferdem haben wir im Gesch\u00e4ft noch viele viele andere Bambus- und Holzpuzzles der unten angef\u00fchrten Art, vor allem kleinere. Diese sind nicht hier auf den Seiten aufgef\u00fchrt, weil wir meist nur wenige haben \u2026\u00a0 &#8211; Kommen Sie vorbei oder fragen Sie zu den Laden\u00f6ffnungszeiten telefonisch!<\/span><br \/>\n<\/span><\/p>\n<p class=\"empty-paragraph\">\u00a0<span style=\"font-size: 1px; color: transparent;\">.<\/span><\/p>\n<p style=\"text-align: justify;\"><a href=\"http:\/\/www.hund-hersbruck.de\/web_neu\/wp-content\/uploads\/BambusPuzzle-BlockKreuz2.png\"><img loading=\"lazy\" decoding=\"async\" class=\"alignleft size-thumbnail wp-image-9424\" src=\"http:\/\/www.hund-hersbruck.de\/web_neu\/wp-content\/uploads\/BambusPuzzle-BlockKreuz2-150x133.png\" alt=\"BambusPuzzle BlockKreuz2\" width=\"150\" height=\"133\" srcset=\"http:\/\/www.hund-hersbruck.de\/web_neu\/wp-content\/uploads\/BambusPuzzle-BlockKreuz2-150x133.png 150w, http:\/\/www.hund-hersbruck.de\/web_neu\/wp-content\/uploads\/BambusPuzzle-BlockKreuz2-300x267.png 300w, http:\/\/www.hund-hersbruck.de\/web_neu\/wp-content\/uploads\/BambusPuzzle-BlockKreuz2.png 500w\" sizes=\"auto, (max-width: 150px) 100vw, 150px\" \/><\/a><strong><span style=\"font-family: arial,helvetica,sans-serif; font-size: 14pt;\">Block &#8211; Kreuz\u00a0 *****\u00a0 <span style=\"font-family: arial, helvetica, sans-serif; font-size: 12pt;\">(momentan???) ausverkauft!<\/span><\/span><\/strong><\/p>\n<p class=\"empty-paragraph\">\u00a0<span style=\"font-size: 1px; color: transparent;\">.<\/span><\/p>\n<p class=\"empty-paragraph\">\u00a0<span style=\"font-size: 1px; color: transparent;\">.<\/span><\/p>\n<p class=\"empty-paragraph\">\u00a0<span style=\"font-size: 1px; color: transparent;\">.<\/span><\/p>\n<p class=\"empty-paragraph\">\u00a0<span style=\"font-size: 1px; color: transparent;\">.<\/span><\/p>\n<p style=\"text-align: justify;\"><a href=\"http:\/\/www.hund-hersbruck.de\/web_neu\/wp-content\/uploads\/BambusPuzzle-Doppelkreuz.png\"><img loading=\"lazy\" decoding=\"async\" class=\"alignleft size-thumbnail wp-image-9425\" src=\"http:\/\/www.hund-hersbruck.de\/web_neu\/wp-content\/uploads\/BambusPuzzle-Doppelkreuz-145x150.png\" alt=\"BambusPuzzle Doppelkreuz\" width=\"145\" height=\"150\" srcset=\"http:\/\/www.hund-hersbruck.de\/web_neu\/wp-content\/uploads\/BambusPuzzle-Doppelkreuz-145x150.png 145w, http:\/\/www.hund-hersbruck.de\/web_neu\/wp-content\/uploads\/BambusPuzzle-Doppelkreuz-291x300.png 291w, http:\/\/www.hund-hersbruck.de\/web_neu\/wp-content\/uploads\/BambusPuzzle-Doppelkreuz.png 486w\" sizes=\"auto, (max-width: 145px) 100vw, 145px\" \/><\/a><strong><span style=\"font-family: arial,helvetica,sans-serif; font-size: 14pt;\">Doppelkreuz *****\u00a0 <span style=\"font-family: arial, helvetica, sans-serif; font-size: 12pt;\">(momentan???) ausverkauft!<\/span><\/span><\/strong><\/p>\n<p class=\"empty-paragraph\">\u00a0<span style=\"font-size: 1px; color: transparent;\">.<\/span><\/p>\n<p class=\"empty-paragraph\">\u00a0<span style=\"font-size: 1px; color: transparent;\">.<\/span><\/p>\n<p class=\"empty-paragraph\">\u00a0<span style=\"font-size: 1px; color: transparent;\">.<\/span><\/p>\n<p class=\"empty-paragraph\">\u00a0<span style=\"font-size: 1px; color: transparent;\">.<\/span><\/p>\n<p class=\"empty-paragraph\">\u00a0<span style=\"font-size: 1px; color: transparent;\">.<\/span><\/p>\n<p style=\"text-align: justify;\"><a href=\"http:\/\/www.hund-hersbruck.de\/web_neu\/wp-content\/uploads\/BambusPuzzle-Doppelstaebe.png\"><img loading=\"lazy\" decoding=\"async\" class=\"alignleft size-thumbnail wp-image-9426\" src=\"http:\/\/www.hund-hersbruck.de\/web_neu\/wp-content\/uploads\/BambusPuzzle-Doppelstaebe-138x150.png\" alt=\"BambusPuzzle Doppelstaebe\" width=\"138\" height=\"150\" srcset=\"http:\/\/www.hund-hersbruck.de\/web_neu\/wp-content\/uploads\/BambusPuzzle-Doppelstaebe-138x150.png 138w, http:\/\/www.hund-hersbruck.de\/web_neu\/wp-content\/uploads\/BambusPuzzle-Doppelstaebe-276x300.png 276w, http:\/\/www.hund-hersbruck.de\/web_neu\/wp-content\/uploads\/BambusPuzzle-Doppelstaebe.png 461w\" sizes=\"auto, (max-width: 138px) 100vw, 138px\" \/><\/a><span style=\"font-size: 14pt;\"><strong><span style=\"font-family: arial,helvetica,sans-serif;\">Doppelst\u00e4be *****\u00a0 \u00a0 <span style=\"font-family: arial, helvetica, sans-serif; font-size: 12pt;\">(momentan???) ausverkauft!<\/span><\/span><\/strong><\/span><\/p>\n<p class=\"empty-paragraph\">\u00a0<span style=\"font-size: 1px; color: transparent;\">.<\/span><\/p>\n<p class=\"empty-paragraph\">\u00a0<span style=\"font-size: 1px; color: transparent;\">.<\/span><\/p>\n<p class=\"empty-paragraph\">\u00a0<span style=\"font-size: 1px; color: transparent;\">.<\/span><\/p>\n<p class=\"empty-paragraph\">\u00a0<span style=\"font-size: 1px; color: transparent;\">.<\/span><\/p>\n<p class=\"empty-paragraph\">\u00a0<span style=\"font-size: 1px; color: transparent;\">.<\/span><\/p>\n<p style=\"text-align: justify;\"><a href=\"http:\/\/www.hund-hersbruck.de\/web_neu\/wp-content\/uploads\/BambusPuzzle-Kugel.png\"><img loading=\"lazy\" decoding=\"async\" class=\"alignleft size-thumbnail wp-image-9427\" src=\"http:\/\/www.hund-hersbruck.de\/web_neu\/wp-content\/uploads\/BambusPuzzle-Kugel-150x136.png\" alt=\"BambusPuzzle Kugel\" width=\"150\" height=\"136\" srcset=\"http:\/\/www.hund-hersbruck.de\/web_neu\/wp-content\/uploads\/BambusPuzzle-Kugel-150x136.png 150w, http:\/\/www.hund-hersbruck.de\/web_neu\/wp-content\/uploads\/BambusPuzzle-Kugel-300x273.png 300w, http:\/\/www.hund-hersbruck.de\/web_neu\/wp-content\/uploads\/BambusPuzzle-Kugel.png 500w\" sizes=\"auto, (max-width: 150px) 100vw, 150px\" \/><\/a><strong><span style=\"font-family: arial,helvetica,sans-serif; font-size: 14pt;\">Kugel ***\u00a0 \u00a0 <span style=\"font-family: arial, helvetica, sans-serif; font-size: 12pt;\">(momentan???) ausverkauft!<\/span><\/span><\/strong><\/p>\n<p class=\"empty-paragraph\">\u00a0<span style=\"font-size: 1px; color: transparent;\">.<\/span><\/p>\n<p class=\"empty-paragraph\">\u00a0<span style=\"font-size: 1px; color: transparent;\">.<\/span><\/p>\n<p class=\"empty-paragraph\">\u00a0<span style=\"font-size: 1px; color: transparent;\">.<\/span><\/p>\n<p class=\"empty-paragraph\">\u00a0<span style=\"font-size: 1px; color: transparent;\">.<\/span><span style=\"font-size: 1px; color: transparent;\">.<\/span><\/p>\n<p class=\"empty-paragraph\">\u00a0<span style=\"font-size: 1px; color: transparent;\">.<\/span><\/p>\n<p style=\"text-align: justify;\"><a href=\"http:\/\/www.hund-hersbruck.de\/web_neu\/wp-content\/uploads\/BambusPuzzle-Runder-Knoten.png\"><img loading=\"lazy\" decoding=\"async\" class=\"alignleft size-thumbnail wp-image-9429\" src=\"http:\/\/www.hund-hersbruck.de\/web_neu\/wp-content\/uploads\/BambusPuzzle-Runder-Knoten-150x144.png\" alt=\"BambusPuzzle Runder Knoten\" width=\"150\" height=\"144\" srcset=\"http:\/\/www.hund-hersbruck.de\/web_neu\/wp-content\/uploads\/BambusPuzzle-Runder-Knoten-150x144.png 150w, http:\/\/www.hund-hersbruck.de\/web_neu\/wp-content\/uploads\/BambusPuzzle-Runder-Knoten-300x289.png 300w, http:\/\/www.hund-hersbruck.de\/web_neu\/wp-content\/uploads\/BambusPuzzle-Runder-Knoten.png 500w\" sizes=\"auto, (max-width: 150px) 100vw, 150px\" \/><\/a><strong><span style=\"font-family: arial,helvetica,sans-serif; font-size: 14pt;\">Runder Knoten ***\u00a0 \u00a0 <span style=\"font-family: arial, helvetica, sans-serif; font-size: 12pt;\">(momentan???) ausverkauft!<\/span><\/span><\/strong><\/p>\n<p class=\"empty-paragraph\">\u00a0<span style=\"font-size: 1px; color: transparent;\">.<\/span><\/p>\n<p class=\"empty-paragraph\">\u00a0<span style=\"font-size: 1px; color: transparent;\">.<\/span><\/p>\n<p class=\"empty-paragraph\">\u00a0<span style=\"font-size: 1px; color: transparent;\">.<\/span><\/p>\n<p class=\"empty-paragraph\">\u00a0<span style=\"font-size: 1px; color: transparent;\">.<\/span><\/p>\n<p class=\"empty-paragraph\">\u00a0<span style=\"font-size: 1px; color: transparent;\">.<\/span><\/p>\n<p style=\"text-align: justify;\"><a href=\"http:\/\/www.hund-hersbruck.de\/web_neu\/wp-content\/uploads\/BambusPuzzle-Schraeger-Knoten.png\"><img loading=\"lazy\" decoding=\"async\" class=\"alignleft size-thumbnail wp-image-9430\" src=\"http:\/\/www.hund-hersbruck.de\/web_neu\/wp-content\/uploads\/BambusPuzzle-Schraeger-Knoten-150x140.png\" alt=\"BambusPuzzle Schraeger Knoten\" width=\"150\" height=\"140\" srcset=\"http:\/\/www.hund-hersbruck.de\/web_neu\/wp-content\/uploads\/BambusPuzzle-Schraeger-Knoten-150x140.png 150w, http:\/\/www.hund-hersbruck.de\/web_neu\/wp-content\/uploads\/BambusPuzzle-Schraeger-Knoten-300x280.png 300w, http:\/\/www.hund-hersbruck.de\/web_neu\/wp-content\/uploads\/BambusPuzzle-Schraeger-Knoten.png 500w\" sizes=\"auto, (max-width: 150px) 100vw, 150px\" \/><\/a><strong><span style=\"font-family: arial,helvetica,sans-serif; font-size: 14pt;\">Schr\u00e4ger Knoten ***\u00a0 \u00a0 <span style=\"font-family: arial, helvetica, sans-serif; font-size: 12pt;\">(momentan???) ausverkauft!<\/span><\/span><\/strong><\/p>\n<p style=\"text-align: justify;\">(Nicht geeignet f\u00fcr Kinder unter drei Jahren wegen verschluckbarer Kleinteile!)<\/p>\n<p class=\"empty-paragraph\">\u00a0<span style=\"font-size: 1px; color: transparent;\">.<\/span><\/p>\n<p class=\"empty-paragraph\">\u00a0<span style=\"font-size: 1px; color: transparent;\">.<\/span><\/p>\n<p class=\"empty-paragraph\">\u00a0<span style=\"font-size: 1px; color: transparent;\">.<\/span><\/p>\n<p class=\"empty-paragraph\">\u00a0<span style=\"font-size: 1px; color: transparent;\">.<\/span>\u00a0<span style=\"font-size: 1px; color: transparent;\">.<\/span>\u00a0<span style=\"font-size: 1px; color: transparent;\">.<\/span><\/p>\n<p style=\"text-align: justify;\"><span style=\"font-size: 14pt;\"><strong><span style=\"font-family: arial,helvetica,sans-serif;\"><span style=\"color: #993300;\">Eureka Drahtpuzzles f\u00fcr Kinder (Eureka First Wire Puzzle Set)\u00a0\u00a0\u00a0\u00a0\u00a0<\/span>\u00a0 je 7,50 \u20ac<\/span><\/strong><\/span> <span style=\"font-family: arial,helvetica,sans-serif; font-size: 12pt;\"><a href=\"http:\/\/www.hund-hersbruck.de\/web_neu\/wp-content\/uploads\/Eureka-First-Wire-Set.jpg\"><img loading=\"lazy\" decoding=\"async\" class=\"alignleft wp-image-9309\" src=\"http:\/\/www.hund-hersbruck.de\/web_neu\/wp-content\/uploads\/Eureka-First-Wire-Set-249x300.jpg\" alt=\"Eureka First Wire Set\" width=\"147\" height=\"177\" srcset=\"http:\/\/www.hund-hersbruck.de\/web_neu\/wp-content\/uploads\/Eureka-First-Wire-Set-249x300.jpg 249w, http:\/\/www.hund-hersbruck.de\/web_neu\/wp-content\/uploads\/Eureka-First-Wire-Set-124x150.jpg 124w, http:\/\/www.hund-hersbruck.de\/web_neu\/wp-content\/uploads\/Eureka-First-Wire-Set.jpg 264w\" sizes=\"auto, (max-width: 147px) 100vw, 147px\" \/><\/a> <a href=\"http:\/\/www.hund-hersbruck.de\/web_neu\/wp-content\/uploads\/Eureka-First-Wire-3.jpg\"><img loading=\"lazy\" decoding=\"async\" class=\"alignleft size-thumbnail wp-image-9311\" src=\"http:\/\/www.hund-hersbruck.de\/web_neu\/wp-content\/uploads\/Eureka-First-Wire-3-126x150.jpg\" alt=\"Eureka First Wire 3\" width=\"126\" height=\"150\" srcset=\"http:\/\/www.hund-hersbruck.de\/web_neu\/wp-content\/uploads\/Eureka-First-Wire-3-126x150.jpg 126w, http:\/\/www.hund-hersbruck.de\/web_neu\/wp-content\/uploads\/Eureka-First-Wire-3-252x300.jpg 252w, http:\/\/www.hund-hersbruck.de\/web_neu\/wp-content\/uploads\/Eureka-First-Wire-3.jpg 528w\" sizes=\"auto, (max-width: 126px) 100vw, 126px\" \/><\/a><a href=\"http:\/\/www.hund-hersbruck.de\/web_neu\/wp-content\/uploads\/Eureka-First-Wire4.jpg\"><img loading=\"lazy\" decoding=\"async\" class=\"alignleft size-thumbnail wp-image-9312\" src=\"http:\/\/www.hund-hersbruck.de\/web_neu\/wp-content\/uploads\/Eureka-First-Wire4-124x150.jpg\" alt=\"Eureka First Wire4\" width=\"124\" height=\"150\" srcset=\"http:\/\/www.hund-hersbruck.de\/web_neu\/wp-content\/uploads\/Eureka-First-Wire4-124x150.jpg 124w, http:\/\/www.hund-hersbruck.de\/web_neu\/wp-content\/uploads\/Eureka-First-Wire4-249x300.jpg 249w, http:\/\/www.hund-hersbruck.de\/web_neu\/wp-content\/uploads\/Eureka-First-Wire4.jpg 528w\" sizes=\"auto, (max-width: 124px) 100vw, 124px\" \/><\/a>\u00a0 <span style=\"font-size: 10pt;\">Je drei einfache Drahtpuzzles mit konkreten Tieren \/ Verkehrsmitteln, die auch f\u00fcr Kinder ab ca. 5 Jahren geeignet sind. Damit m\u00fcssen die nicht mehr zuschauen, wenn sich ihre \u00e4lteren Geschwister oder die Eltern an unseren Gehirnzerbr\u00f6selern (z.B. unseren Bestsellern: den Cast &#8211; Puzzles) abm\u00fchen. Die Spielregel ist einfach: Auseinandernehmen und wieder zusammensetzen! L\u00f6sungen sind aber keine enthalten &#8230; Jeweils drei Drahtpuzzles sind enthalten. Folgende Sets gibt es momentan (es kann aber sein, dass einzelne Themen ausverkauft sind, also Ersatzmodell bitte angeben): Animal 1 (Hase, Schaf, ente), Animal 2 (Giraffe, Elefant, Alligator), Transport (Flugzeug, Segelboot, Auto). Alle Puzzles sch\u00f6n verpackt in Klarsichtbox 11x12x3cm\u00a0\u00a0\u00a0 Nicht f\u00fcr Kinder unter drei Jahren geeignet wegen verschluckbarer Kleinteile.<\/span><\/span><\/p>\n<p class=\"empty-paragraph\">\u00a0<span style=\"font-size: 1px; color: transparent;\">.<\/span><\/p>\n<p class=\"empty-paragraph\">\u00a0<span style=\"font-size: 1px; color: transparent;\">.<\/span><span style=\"color: #ff0000; font-family: arial,helvetica,sans-serif; font-size: 14pt;\">Sie waren eben auf unserer T\u00fcftelseite 8! Jetzt k\u00f6nnen Sie nat\u00fcrlich gerne weiter &#8230;<\/span><\/p>\n<p>&nbsp;<\/p>\n<table border=\"0\" align=\"center\">\n<tbody>\n<tr>\n<td><span style=\"font-size: 18px;\">Seiten<\/span><\/td>\n<td><span style=\"font-size: 18px;\"><a title=\"T\u00fcftelspiele\" href=\"http:\/\/www.hund-hersbruck.de\/web_neu\/?page_id=156\">1<\/a><\/span><\/td>\n<td><span style=\"font-size: 18px;\"><a title=\"T\u00fcftelspiele 2\" href=\"http:\/\/www.hund-hersbruck.de\/web_neu\/?page_id=4202\">2<\/a><\/span><\/td>\n<td><span style=\"font-size: 18px;\"><a title=\"T\u00fcftelspiele 3\" href=\"http:\/\/www.hund-hersbruck.de\/web_neu\/?page_id=4207\">3<\/a><\/span><\/td>\n<td><span style=\"font-size: 18px;\"><a title=\"T\u00fcftelspiele 4\" href=\"http:\/\/www.hund-hersbruck.de\/web_neu\/?page_id=4210\">4<\/a><\/span><\/td>\n<td><span style=\"font-size: 18px;\"><a title=\"T\u00fcftelspiele 5\" href=\"http:\/\/www.hund-hersbruck.de\/web_neu\/?page_id=4212\">5<\/a><\/span><\/td>\n<td><span style=\"font-size: 18px;\"><a title=\"T\u00fcftelspiele 6\" href=\"http:\/\/www.hund-hersbruck.de\/web_neu\/?page_id=4214\">6<\/a><\/span><\/td>\n<td><span style=\"font-size: 18px;\"><a title=\"T\u00fcftelspiele 7\" href=\"http:\/\/www.hund-hersbruck.de\/web_neu\/?page_id=4216\">7<\/a><\/span><\/td>\n<td><span style=\"font-size: 18px;\"><a title=\"T\u00fcftelspiele_Seite 8\" href=\"http:\/\/www.hund-hersbruck.de\/web_neu\/tuftelspiele\/tueftelspiele_seite-8\/\">8<\/a><\/span><\/td>\n<td><span style=\"font-size: 18px;\"><a title=\"T\u00fcftelspiele_Seite 9\" href=\"http:\/\/www.hund-hersbruck.de\/web_neu\/tuftelspiele\/tueftelspiele_seite-9\/\">9<\/a><\/span><\/td>\n<\/tr>\n<\/tbody>\n<\/table>\n","protected":false},"excerpt":{"rendered":"<p>T\u00fcftelspiele &#8211; Seite 8 &#8211; Ausgesuchte T\u00fcftelspiele, R\u00e4tsel, Kopfzerbrecher und Gehirnzerbr\u00f6seler! T\u00fcfteln macht Spa\u00df! Denken macht Spa\u00df! Der Kopf ist rund, damit das Denken seine Richtung wechseln kann! Preis\u00e4nderungen leider vorbehalten! Mindestbestellsumme 15.- Euro. \u00a0\u00a0Ladengesch\u00e4ft: Amberger Str. 8\u00a0 in 91217 Hersbruck (30 km \u00f6stlich von N\u00fcrnberg); \u00d6ffnungszeiten Mo &#8211; Fr. 15.00 &#8211; 18.00 Uhr, Sa [&hellip;]<\/p>\n","protected":false},"author":1,"featured_media":0,"parent":156,"menu_order":0,"comment_status":"closed","ping_status":"closed","template":"","meta":{"footnotes":""},"class_list":["post-8684","page","type-page","status-publish","hentry"],"_links":{"self":[{"href":"http:\/\/www.hund-hersbruck.de\/web_neu\/wp-json\/wp\/v2\/pages\/8684","targetHints":{"allow":["GET"]}}],"collection":[{"href":"http:\/\/www.hund-hersbruck.de\/web_neu\/wp-json\/wp\/v2\/pages"}],"about":[{"href":"http:\/\/www.hund-hersbruck.de\/web_neu\/wp-json\/wp\/v2\/types\/page"}],"author":[{"embeddable":true,"href":"http:\/\/www.hund-hersbruck.de\/web_neu\/wp-json\/wp\/v2\/users\/1"}],"replies":[{"embeddable":true,"href":"http:\/\/www.hund-hersbruck.de\/web_neu\/wp-json\/wp\/v2\/comments?post=8684"}],"version-history":[{"count":53,"href":"http:\/\/www.hund-hersbruck.de\/web_neu\/wp-json\/wp\/v2\/pages\/8684\/revisions"}],"predecessor-version":[{"id":17748,"href":"http:\/\/www.hund-hersbruck.de\/web_neu\/wp-json\/wp\/v2\/pages\/8684\/revisions\/17748"}],"up":[{"embeddable":true,"href":"http:\/\/www.hund-hersbruck.de\/web_neu\/wp-json\/wp\/v2\/pages\/156"}],"wp:attachment":[{"href":"http:\/\/www.hund-hersbruck.de\/web_neu\/wp-json\/wp\/v2\/media?parent=8684"}],"curies":[{"name":"wp","href":"https:\/\/api.w.org\/{rel}","templated":true}]}}