{"id":8653,"date":"2015-06-03T08:28:25","date_gmt":"2015-06-03T08:28:25","guid":{"rendered":"http:\/\/www.hund-hersbruck.de\/web_neu\/?page_id=8653"},"modified":"2026-02-07T16:03:17","modified_gmt":"2026-02-07T16:03:17","slug":"optik_seite5","status":"publish","type":"page","link":"http:\/\/www.hund-hersbruck.de\/web_neu\/optik\/optik_seite5\/","title":{"rendered":"Optik_Seite5"},"content":{"rendered":"<table border=\"0\" align=\"center\">\n<tbody>\n<tr>\n<td><span style=\"font-size: 18px;\">Seiten<\/span><\/td>\n<td><span style=\"font-size: 18px;\"><a title=\"Optik\" href=\"http:\/\/www.hund-hersbruck.de\/web_neu\/?page_id=124\">1<\/a><\/span><\/td>\n<td><span style=\"font-size: 18px;\"><a title=\"Optik_Seite2\" href=\"http:\/\/www.hund-hersbruck.de\/web_neu\/?page_id=5782\">2<\/a><\/span><\/td>\n<td><span style=\"font-size: 18px;\"><a title=\"Optik_Seite3\" href=\"http:\/\/www.hund-hersbruck.de\/web_neu\/?page_id=5784\">3<\/a><\/span><\/td>\n<td><span style=\"font-size: 18px;\"><a title=\"Optik_Seite4\" href=\"http:\/\/www.hund-hersbruck.de\/web_neu\/?page_id=5786\">4<\/a><\/span><\/td>\n<td><span style=\"font-size: 18px;\"><a title=\"Optik_Seite5\" href=\"http:\/\/www.hund-hersbruck.de\/web_neu\/optik\/optik_seite5\/\">5<\/a><\/span><\/td>\n<td><span style=\"font-size: 18px;\"><a title=\"Optik_Seite6\" href=\"http:\/\/www.hund-hersbruck.de\/web_neu\/optik\/optik_seite6\/\">6<\/a><\/span><\/td>\n<\/tr>\n<\/tbody>\n<\/table>\n<p style=\"text-align: center;\"><span style=\"font-size: 16px;\"> <span style=\"font-size: 18px;\"><strong>Seite 5<\/strong><\/span><\/span><\/p>\n<p style=\"text-align: center;\"><span style=\"color: #0000ff; font-family: arial,helvetica,sans-serif; font-size: 18pt;\"><strong>Optische Ph\u00e4nomene und &#8222;Ph\u00e4nomene&#8220;<\/strong><\/span><\/p>\n<p style=\"text-align: center;\"><span style=\"font-size: 10pt;\"><span style=\"font-family: arial,helvetica,sans-serif;\">Mephisto-Spirale &#8211; Zauberspirale &#8211; 3D-Karten &#8211; 3D-Lesezeichen &#8211; optische T\u00e4uschung &#8211;\u00a0 Magische Spirale<\/span><\/span><\/p>\n<p style=\"text-align: center;\"><span style=\"font-family: arial,helvetica,sans-serif; font-size: 10pt;\">Sie m\u00f6chten n\u00e4here Informationen oder bestellen?\u00a0\u00a0\u00a0<\/span><strong><span style=\"font-family: arial,helvetica,sans-serif; font-size: 10pt;\">Tel. 09151\/4716\u00a0\u00a0\u00a0\u00a0\u00a0\u00a0\u00a0<a href=\"mailto:gabys-zauberland@t-online.de\">gabys-zauberland@t-online.de<\/a>\u00a0 oder \u00fcber das<span style=\"text-decoration: underline;\"> Kontaktformular<\/span> oben\u00a0 \u00a0 \u00a0<\/span><\/strong><span style=\"font-family: arial,helvetica,sans-serif; font-size: 10pt;\"><strong>Preis\u00e4nderungen<\/strong> vorbehalten. Auch wir sind abh\u00e4ngig von unseren Lieferanten. <strong>Mindestbestellsumme<\/strong> 15.- \u20ac + Porto\u00a0\u00a0\u00a0\u00a0 <\/span><\/p>\n<p class=\"empty-paragraph\" style=\"text-align: justify;\"><span style=\"font-size: 1px; color: transparent;\">.Neu <span style=\"font-size: 12pt;\">2016!<\/span><\/span><span style=\"font-size: 12pt;\"><strong><span style=\"font-family: arial,helvetica,sans-serif;\"><span style=\"color: #993300;\">Magisches Anglerlatein\u00a0\u00a0\u00a0\u00a0<\/span> 3,50 \u20ac\u00a0\u00a0 <\/span><\/strong><\/span><br \/>\n<span style=\"font-family: arial,helvetica,sans-serif; font-size: 12pt;\"><span style=\"color: #000000;\"><a href=\"http:\/\/www.hund-hersbruck.de\/web_neu\/wp-content\/uploads\/Fishy-Tale1.gif\"><img loading=\"lazy\" decoding=\"async\" class=\"alignleft size-full wp-image-9648\" src=\"http:\/\/www.hund-hersbruck.de\/web_neu\/wp-content\/uploads\/Fishy-Tale1.gif\" alt=\"Fishy-Tale\" width=\"300\" height=\"191\" \/><\/a>\u00a0\u00a0 <span style=\"font-size: 10pt;\">Zwei Angler streiten sich abwechselnd darum, wer den gr\u00f6\u00dferen Fisch gefangen hat. Damit man als Zuschauer diesen Streit leichter verfolgen kann, ist ein Fisch gelb, der andere rot. Tats\u00e4chlich sieht einmal der eine, dann wieder der andere eindeutig gr\u00f6\u00dfer aus! Da der Wechsel aber immer unter Abdeckung durch die Hand erfolgt, glaubt das Publikum sehr schnell, den Trick durchschaut zu haben: Die bananen-f\u00f6rmigen Karten werden einfach umgedreht und auf der R\u00fcckseite befindet sich jeweils der Fisch der anderen Farbe! Schlie\u00dflich wird deshalb die Forderung immer lauter, dass die beiden Karten von beiden Seiten gezeigt werden<i>. \u201eWarum denn das? Auf der R\u00fcckseite ist die Katze, die schlie\u00dflich die beiden Fische gefressen hat!\u201c<\/i><\/span><\/span><span style=\"color: #000000;\"><span style=\"font-size: 10pt;\"> Und tats\u00e4chlich wird genau das sofort lustig bewiesen &#8230;!\u00a0 \u00a0 <\/span><\/span><\/span><span style=\"font-family: arial,helvetica,sans-serif; font-size: 8pt;\"><span style=\"color: #000000;\"><span style=\"font-family: arial,helvetica,sans-serif; font-size: 8pt;\"><span style=\"color: #000000;\"><span style=\"font-size: medium;\">\u00a0 \u00a0\u00a0<\/span><\/span><\/span><\/span><\/span><span style=\"font-family: arial,helvetica,sans-serif; font-size: 8pt;\"><span style=\"color: #000000;\">Nicht f\u00fcr Kinder unter drei Jahren geeignet!<\/span><\/span><\/p>\n<p class=\"empty-paragraph\">\u00a0<span style=\"font-size: 1px; color: transparent;\">.<\/span><\/p>\n<p style=\"text-align: justify;\"><strong><span style=\"font-family: arial,helvetica,sans-serif; font-size: 14pt;\"><span style=\"color: #993300;\"><span style=\"font-size: 12pt;\">\u00a0Die Mephisto-Spirale \/ Die Zauberspirale<\/span>\u00a0\u00a0\u00a0\u00a0<strong><span style=\"font-family: Arial;\"><span style=\"color: #993300; font-size: x-large;\">\u00a0<\/span><\/span><\/strong><\/span><\/span><span style=\"font-family: arial,helvetica,sans-serif; font-size: 12pt;\"><span style=\"color: #993300;\"><strong><span style=\"font-family: Arial;\"> <span style=\"text-decoration: underline;\">gro\u00df<\/span> 16,40\u00a0\u00a0\u00a0\u00a0\u00a0\u00a0 \u00a0\u00a0\u00a0 <span style=\"text-decoration: underline;\">mittel<\/span> 31 cm, dickerer Draht als &#8230;) \u00a012,00 \u20ac\u00a0<\/span><\/strong><span style=\"font-family: arial,helvetica,sans-serif;\"><strong>\u00a0\u00a0\u00a0\u00a0\u00a0\u00a0\u00a0\u00a0\u00a0\u00a0\u00a0 \u00a0\u00a0<span style=\"text-decoration: underline;\">klein\u00a0<\/span><\/strong><\/span><strong><span style=\"font-family: arial,helvetica,sans-serif;\">(30 cm lang, d\u00fcnner)<\/span><\/strong><\/span><\/span><span style=\"font-family: arial,helvetica,sans-serif;\"><span style=\"color: #993300;\"><span style=\"font-size: x-large;\"><span style=\"font-family: arial,helvetica,sans-serif;\"><strong><span style=\"font-size: 12pt;\">\u00a0\u00a07,50 \u20ac\u00a0<\/span>\u00a0\u00a0<\/strong><\/span><\/span><\/span><\/span><span style=\"font-family: arial,helvetica,sans-serif; font-size: 14pt;\"><span style=\"color: #993300;\"><span style=\"font-size: x-large;\"><span style=\"font-family: arial,helvetica,sans-serif;\"><strong>\u00a0 <\/strong><\/span><\/span><span style=\"color: #ff0000;\"><span style=\"font-family: arial,helvetica,sans-serif; font-size: 14pt;\"><span style=\"font-family: arial,helvetica,sans-serif;\"><span style=\"font-size: 12pt;\">(Eine Empfehlung? Ja, die h\u00e4tten wir schon &#8230; &#8211; aber dann verkaufen wir die anderen beiden nicht mehr \ud83d\ude09\u00a0\u00a0 Am besten, Sie kommen vorbei und probieren selbst aus \ud83d\ude42\u00a0\u00a0 )<\/span><\/span><\/span><span style=\"font-family: arial,helvetica,sans-serif; font-size: 14pt;\"><br \/>\n<\/span><\/span><\/span><\/span><\/strong><br \/>\n<span style=\"font-family: arial,helvetica,sans-serif; font-size: 12pt;\"><a href=\"http:\/\/www.hund-hersbruck.de\/web_neu\/wp-content\/uploads\/Magische-Spirale-klein1.jpg\"><img loading=\"lazy\" decoding=\"async\" class=\"alignleft size-full wp-image-9299\" src=\"http:\/\/www.hund-hersbruck.de\/web_neu\/wp-content\/uploads\/Magische-Spirale-klein1.jpg\" alt=\"Magische Spirale klein1\" width=\"228\" height=\"228\" srcset=\"http:\/\/www.hund-hersbruck.de\/web_neu\/wp-content\/uploads\/Magische-Spirale-klein1.jpg 228w, http:\/\/www.hund-hersbruck.de\/web_neu\/wp-content\/uploads\/Magische-Spirale-klein1-150x150.jpg 150w\" sizes=\"auto, (max-width: 228px) 100vw, 228px\" \/><\/a>\u00a0\u00a0 <span style=\"font-size: 10pt;\">Die Zauberspirale liegt waagerecht in Ihren geschlossenen F\u00e4usten, in der Mitte sind ca. 10 cm zu sehen. Sie bewegen nun eine oder auch zwei H\u00e4nde auseinander, die Spirale dreht sich und zieht sich auseinander. Wenn Sie die H\u00e4nde wieder zusammenschieben, geschieht dies eindeutig auch mit der Spirale. WIRKLICH?<\/span> <span style=\"font-size: 8pt;\">(Nein \u2013 alles ist nur eine unglaubliche optische Illusion! In Wirklichkeit ver\u00e4ndert die Zauberspirale ihre L\u00e4nge \u00fcberhaupt nicht &#8230;!\u00a0 Eigentlich geschieht alles aufgrund der genialen Konstruktion der Zauberspirale von selbst\u00a0\u2013 wenn Sie die Handhabung mal raushaben! Aber nicht verraten &#8230;!)<br \/>\n<\/span><span style=\"font-size: 10pt;\">\u00a0Am besten, Sie schauen sich bei YouTube mal ein paar Videos an unter dem Stichwort \u201emephisto spiral\u201c:\u00a0\u00a0<\/span><\/span><\/p>\n<p style=\"text-align: justify;\"><span style=\"font-family: arial,helvetica,sans-serif; font-size: 12pt;\"><a href=\"https:\/\/www.youtube.com\/watch?v=f_cWI9UssFg\">https:\/\/www.youtube.com\/watch?v=f_cWI9UssFg<\/a><\/span><\/p>\n<p style=\"text-align: justify;\"><span style=\"font-family: arial,helvetica,sans-serif; font-size: 12pt;\">\u00a0<span style=\"font-size: 10pt;\">Wenn Sie dann glauben, dass das Fakes sind, haben wir Verst\u00e4ndnis. Das ging uns genauso &#8230; DAS M\u00dcSSEN SIE GESEHEN HABEN! Also nix wie hin &#8230;! <\/span><\/span><br \/>\n<span style=\"font-family: arial, helvetica, sans-serif; font-size: 10pt;\">Weil uns das ph\u00e4nomenale Ding auch keine Ruhe gelassen hat, sind wir auf die Suche gegangen (und das war nicht leicht!), bis wir den Hersteller in \u00dcbersee ausfindig gemacht haben. Ihn dann zu einer Sendung zu \u00fcberreden war gar nicht so schwer &#8230; und jetzt haben wir einige der Zauberspiralen auf Lager. Das &#8222;\u00dcben&#8220; hat uns (und etlichen unserer Kunden) gro\u00dfen Spa\u00df gemacht und wir staunen immer noch!\u00a0 \u00a0<\/span><span style=\"font-family: arial, helvetica, sans-serif; font-size: 10pt;\">Die gro\u00dfe Spirale ist 45 cm lang(!!), die &#8222;kleine&#8220; immerhin 32 cm! Macht also schon was her.\u00a0 \u00a0 <\/span><span style=\"font-family: arial, helvetica, sans-serif; font-size: 10pt;\">Nicht f\u00fcr Kinder unter drei Jahren geeignet, ist ja klar!\u00a0 \u00a0 \u00a0 \u00a0<\/span><span style=\"font-family: arial,helvetica,sans-serif; font-size: 12pt;\"><span style=\"font-size: 10pt;\">Sie sind immer noch da??? Aber jetzt erst mal auf YouTube &#8230;!\u00a0<\/span>\u00a0\u00a0 <span style=\"font-family: Arial; font-size: medium;\">\u00a0<\/span><span style=\"color: #ff0000; font-size: 10pt;\"><span style=\"font-family: Arial;\">ACHTUNG: Diesen Artikel haben wir bislang direkt importiert. Aufgrund der enormen Preissteigerungen, die wir weder auffangen noch an unsere Kunden weitergeben k\u00f6nnen, gibt es dieses Produkt nur noch, solange unser Vorrat reicht! Aaaaaalllssoooo &#8230; !\u00a0\u00a0<\/span><\/span><\/span><\/p>\n<p class=\"empty-paragraph\">\u00a0<span style=\"font-size: 1px; color: transparent;\">.<\/span><\/p>\n<p style=\"text-align: justify;\"><span style=\"font-size: 12pt;\"><strong><span style=\"font-family: arial, helvetica, sans-serif;\"><span style=\"color: #993300;\">3D &#8211; Karten\u00a0\u00a0\u00a0\u00a0\u00a0\u00a0\u00a0\u00a0\u00a0\u00a0\u00a0\u00a0\u00a0\u00a0\u00a0\u00a0\u00a0\u00a0\u00a0\u00a0<\/span> je 2,60 \u20ac<\/span><\/strong><\/span><br \/>\n<span style=\"font-family: arial, helvetica, sans-serif; font-size: 10pt;\"><span style=\"text-decoration: underline;\"><strong>DAVON<\/strong> <\/span>waren wir sofort begeistert! Unglaublich intensive 3D &#8211; Effekte, die nicht nur Kinder oder Jugendliche fragen lassen: <strong><em>&#8222;WIE machen die das blo\u00df??&#8220;<\/em><\/strong> Da wir nicht immer alle Motive auf Lager haben, geben sie bei einer Bestellung bitte Ersatzmotive an.\u00a0\u00a0<strong> ZUM BEISPIEL &#8230; (!), dazu Faultiere, Hund, Dinos, Delfine &#8230;<\/strong><\/span><br \/>\n<span style=\"font-family: arial,helvetica,sans-serif; font-size: 12pt;\"><a href=\"http:\/\/www.hund-hersbruck.de\/web_neu\/wp-content\/uploads\/3D-Pferd-Karte-CS031.gif\"><img loading=\"lazy\" decoding=\"async\" class=\"alignleft size-full wp-image-9126\" src=\"http:\/\/www.hund-hersbruck.de\/web_neu\/wp-content\/uploads\/3D-Pferd-Karte-CS031.gif\" alt=\"3D Pferd Karte CS031\" width=\"142\" height=\"200\" \/><\/a><a href=\"http:\/\/www.hund-hersbruck.de\/web_neu\/wp-content\/uploads\/3D-Perde-Karte-CS234.gif\"><img loading=\"lazy\" decoding=\"async\" class=\"alignleft size-full wp-image-9127\" src=\"http:\/\/www.hund-hersbruck.de\/web_neu\/wp-content\/uploads\/3D-Perde-Karte-CS234.gif\" alt=\"3D Perde Karte CS234\" width=\"200\" height=\"143\" \/><\/a><\/span><\/p>\n<p class=\"empty-paragraph\"><span style=\"font-family: arial,helvetica,sans-serif; font-size: 12pt;\">\u00a0<span style=\"color: transparent;\">.<\/span>\u00a0<span style=\"color: transparent;\">.<\/span><\/span><\/p>\n<p class=\"empty-paragraph\"><span style=\"font-family: arial,helvetica,sans-serif; font-size: 12pt;\">\u00a0<span style=\"color: transparent;\">.<\/span><\/span><\/p>\n<p class=\"empty-paragraph\"><span style=\"font-family: arial,helvetica,sans-serif; font-size: 12pt;\">\u00a0<span style=\"color: transparent;\">.<\/span><\/span><\/p>\n<p class=\"empty-paragraph\"><span style=\"font-family: arial,helvetica,sans-serif; font-size: 12pt;\">\u00a0<span style=\"color: transparent;\">.<\/span><\/span><\/p>\n<p class=\"empty-paragraph\"><span style=\"font-family: arial,helvetica,sans-serif; font-size: 12pt;\">\u00a0<span style=\"color: transparent;\">.<\/span><\/span><\/p>\n<p class=\"empty-paragraph\">\u00a0<span style=\"font-size: 1px; color: transparent;\">.<\/span><\/p>\n<p class=\"empty-paragraph\">\u00a0\u00a0<span style=\"font-size: 1px; color: transparent;\">.<\/span><\/p>\n<p class=\"empty-paragraph\" style=\"text-align: justify;\">\u00a0<span style=\"font-size: 1px; color: transparent;\">.<\/span><span style=\"font-size: 1px; color: transparent;\">.<\/span><span style=\"font-size: 12pt;\"><strong><span style=\"font-family: arial, helvetica, sans-serif;\"><span style=\"color: #993300;\">3D &#8211; Lesezeichen\u00a0\u00a0\u00a0\u00a0\u00a0<\/span> 2,50 \u20ac<\/span><\/strong><\/span><br \/>\n<span style=\"font-size: 10pt;\"> \u00a0<span style=\"font-family: arial,helvetica,sans-serif;\"><a href=\"http:\/\/www.hund-hersbruck.de\/web_neu\/wp-content\/uploads\/3D-Lesezeichen-Tyranno.jpg\"><img loading=\"lazy\" decoding=\"async\" class=\"alignleft size-thumbnail wp-image-9120\" src=\"http:\/\/www.hund-hersbruck.de\/web_neu\/wp-content\/uploads\/3D-Lesezeichen-Tyranno-150x150.jpg\" alt=\"3D Lesezeichen Tyranno\" width=\"150\" height=\"150\" srcset=\"http:\/\/www.hund-hersbruck.de\/web_neu\/wp-content\/uploads\/3D-Lesezeichen-Tyranno-150x150.jpg 150w, http:\/\/www.hund-hersbruck.de\/web_neu\/wp-content\/uploads\/3D-Lesezeichen-Tyranno-300x300.jpg 300w, http:\/\/www.hund-hersbruck.de\/web_neu\/wp-content\/uploads\/3D-Lesezeichen-Tyranno.jpg 600w\" sizes=\"auto, (max-width: 150px) 100vw, 150px\" \/><\/a>DIESE Lesezeichen haben bei uns sofort einen &#8222;WOW! &#8211; Ausruf ausgel\u00f6st! In dieser Perfektion und Eindringlichkeit haben wir den 3D &#8211; Effekt noch nicht gesehen. Im Gesch\u00e4ft sind diese Lesezeichen (15x6cm) deshalb auch ein Bestseller, weil jede(r) sofort eines haben will. Verschiedene Motive (die drei hier nur als Beispiele), die aber nicht immer alle vorr\u00e4tig sind. Zum Beispiel &#8230; nur noch T-Rexe &#8230; \ud83d\ude41<\/span><\/span><\/p>\n<p class=\"empty-paragraph\" style=\"text-align: justify;\"><span style=\"font-family: arial, helvetica, sans-serif; font-size: 10pt;\">\u00a0<span style=\"color: #000000;\">Optisches &#8222;Spielzeug&#8220; also, das motiviert, hinter die physikalischen Grundlagen zu blicken. &#8222;Wie machen die das nur?&#8220;<\/span><\/span><\/p>\n<p class=\"empty-paragraph\">\u00a0<span style=\"font-size: 1px; color: transparent;\">.<\/span><\/p>\n<p class=\"empty-paragraph\">\u00a0<span style=\"font-size: 1px; color: transparent;\">.<\/span><\/p>\n<p style=\"text-align: justify;\"><strong><span style=\"font-family: arial,helvetica,sans-serif; font-size: 14pt;\">\u00a0<span style=\"font-size: 12pt;\"><span style=\"color: #993300;\">Magical Spring &#8211; Magische Sprungfeder\u00a0\u00a0\u00a0\u00a0\u00a0\u00a0<\/span> 12,00 \u20ac<\/span><\/span><\/strong><br \/>\n<span style=\"font-family: arial,helvetica,sans-serif; font-size: 12pt;\">\u00a0<a href=\"http:\/\/www.hund-hersbruck.de\/web_neu\/wp-content\/uploads\/Magical-Spring1.png\"><img loading=\"lazy\" decoding=\"async\" class=\"alignleft size-full wp-image-9263\" src=\"http:\/\/www.hund-hersbruck.de\/web_neu\/wp-content\/uploads\/Magical-Spring1.png\" alt=\"Magical Spring1\" width=\"440\" height=\"440\" srcset=\"http:\/\/www.hund-hersbruck.de\/web_neu\/wp-content\/uploads\/Magical-Spring1.png 440w, http:\/\/www.hund-hersbruck.de\/web_neu\/wp-content\/uploads\/Magical-Spring1-150x150.png 150w, http:\/\/www.hund-hersbruck.de\/web_neu\/wp-content\/uploads\/Magical-Spring1-300x300.png 300w\" sizes=\"auto, (max-width: 440px) 100vw, 440px\" \/><\/a>\u00a0<a href=\"http:\/\/www.hund-hersbruck.de\/web_neu\/wp-content\/uploads\/1-2016-mit-Magical-Spring-klein.jpg\"><img loading=\"lazy\" decoding=\"async\" class=\"alignleft size-medium wp-image-9278\" src=\"http:\/\/www.hund-hersbruck.de\/web_neu\/wp-content\/uploads\/1-2016-mit-Magical-Spring-klein-168x300.jpg\" alt=\"1 2016 mit Magical Spring klein\" width=\"168\" height=\"300\" srcset=\"http:\/\/www.hund-hersbruck.de\/web_neu\/wp-content\/uploads\/1-2016-mit-Magical-Spring-klein-168x300.jpg 168w, http:\/\/www.hund-hersbruck.de\/web_neu\/wp-content\/uploads\/1-2016-mit-Magical-Spring-klein-84x150.jpg 84w, http:\/\/www.hund-hersbruck.de\/web_neu\/wp-content\/uploads\/1-2016-mit-Magical-Spring-klein-576x1024.jpg 576w, http:\/\/www.hund-hersbruck.de\/web_neu\/wp-content\/uploads\/1-2016-mit-Magical-Spring-klein.jpg 1296w\" sizes=\"auto, (max-width: 168px) 100vw, 168px\" \/><\/a><span style=\"font-size: 10pt;\">\u00a0 Wenn es dieses faszinierende Ger\u00e4t schon l\u00e4nger gibt, ist es unbegreiflicherweise v\u00f6llig an uns vorbeigegangen! Bei der Spielwarenmesse 2016 in N\u00fcrnberg jedenfalls hat uns die Magische Spirale sofort elektrisiert, als wir sie vorgef\u00fchrt sahen. Leider ist der Effekt nur sehr schwer (eigentlich unm\u00f6glich) zu beschreiben. YouTubefilmchen gibt es \/gab es unter Swingy Thingy &#8230; &#8230; Bei einer Abbildung nebenan sehen Sie die R\u00fcckseite der Verpackung mit dem Versuch, diesen extrem dynamischen Vorgang zu zeichnen: Diese &#8222;Spirale&#8220; besteht aus Stahlreifen (13 cm Durchmesser), die sich flach zusammenlegen lassen, aber zu einem wundersch\u00f6nen Gebilde aufklaffen und den Arm rauf- und runterlaufen (oder auch an einer Schnur) &#8211; wenn man es denn kann! Aber allein das \u00dcben macht unglaublichen Spa\u00df! Ein OPTISCHER Effekt zum Staunen! <span style=\"font-family: Arial;\">Das Foto zeigt unseren sechsj\u00e4hrigen Enkel Lukas nach zehn Minuten (selbstverst\u00e4ndlich freiwilliger und begeisterter)\u00a0\u00dcbung. <strong>Innerhalb k\u00fcrzester Zeit ein BESTSELLER!<\/strong>\u00a0<\/span><\/span>\u00a0<span style=\"font-size: 8pt;\">Nicht f\u00fcr Kinder unter 3 Jahren geeignet!<\/span><\/span><\/p>\n<p class=\"empty-paragraph\">\u00a0<span style=\"font-size: 1px; color: transparent;\">.<\/span><\/p>\n<p class=\"empty-paragraph\">\u00a0<span style=\"font-size: 1px; color: transparent;\">.<\/span><span style=\"font-size: 1px; color: transparent;\">.<\/span><\/p>\n<p class=\"empty-paragraph\">\u00a0<span style=\"font-size: 1px; color: transparent;\">.<\/span><span style=\"font-family: arial,helvetica,sans-serif; font-size: 12pt;\"><strong><span style=\"color: #993300;\">Die Zauberkette\u00a0\u00a0\u00a0\u00a0\u00a0\u00a0\u00a0\u00a0\u00a0\u00a0<\/span>\u00a0 \u00a0 \u00a0 \u00a0 \u00a0 \u00a0 \u00a08,00 \u20ac<\/strong><\/span><\/p>\n<p style=\"text-align: justify;\"><span style=\"font-family: arial,helvetica,sans-serif; font-size: 10pt;\">\u00a0<img loading=\"lazy\" decoding=\"async\" class=\"alignleft\" title=\"Zauberkette\" src=\"http:\/\/www.hund-hersbruck.de\/web_neu\/wp-content\/uploads\/Zauberkette.jpg\" alt=\"\" width=\"125\" height=\"125\" \/>Lange verschwunden, jetzt wieder erh\u00e4ltlich! Ein Klassiker seit vielen Jahren: Der oberste Ring einer massiven Kette aus zwanzig Metallringen f\u00e4llt blitzschnell durch die gesamte Kette nach unten! Ein optischer Schocker, da keiner der Ringe eine \u00d6ffnung hat! Metall dringt spurlos durch Metall (zumindest sieht es so aus)! Kein Zuschauer hat daf\u00fcr auch nur im Ansatz eine Erkl\u00e4rung. <\/span><span style=\"font-size: 14px;\"><span style=\"font-family: arial,helvetica,sans-serif; font-size: 10pt;\">Kein Kinderspielzeug!\u00a0<\/span> <span style=\"color: #ff0000; font-size: 10pt;\"><span style=\"font-family: Arial;\">\u00a0 DAS bekommen Physiklehrkr\u00e4fte sehr wahrscheinlich im Leben nicht mehr! Privat und beruflich brauchbar!<\/span><\/span><\/span><\/p>\n<p class=\"empty-paragraph\">\u00a0<span style=\"font-size: 1px; color: transparent;\">.<\/span><\/p>\n<p class=\"empty-paragraph\">\u00a0<span style=\"font-size: 1px; color: transparent;\">.<\/span><\/p>\n<p class=\"empty-paragraph\">\u00a0<span style=\"font-size: 1px; color: transparent;\">.<\/span>\u00a0<span style=\"font-size: 12pt;\"><span style=\"color: transparent;\">.<\/span><span style=\"color: transparent;\">.<\/span><span style=\"font-family: arial, helvetica, sans-serif;\"><strong><span style=\"color: #993300;\">Die Geldvermehrung in der blo\u00dfen Hand\u00a0\u00a0\u00a0\u00a0\u00a0\u00a0\u00a0\u00a0\u00a0 3,00 \u20ac<\/span><\/strong><\/span><\/span><\/p>\n<p style=\"text-align: justify;\"><img loading=\"lazy\" decoding=\"async\" class=\"alignleft\" title=\"Geldkelle\" src=\"http:\/\/www.hund-hersbruck.de\/web_neu\/wp-content\/uploads\/Geldkelle-150x150.jpg\" alt=\"\" width=\"150\" height=\"150\" \/><span style=\"font-family: arial, helvetica, sans-serif; font-size: 10pt;\">Eine \u201eganz unschuldig aussehende\u201c Kelle in Form eines farbigen Lutschers wird von beiden Seiten leer vorgezeigt. Urpl\u00f6tzlich materialisiert sich auf der Kelle eine echte M\u00fcnze! Diese wird in die andere Hand gekippt und dann auf den Tisch gelegt. Der Vorgang wird sofort wiederholt: Kelle leer zeigen von beiden Seiten \u2013 M\u00fcnze erscheint \u2013 in die andere Hand kippen \u2013 auf den Tisch legen. Im Prinzip k\u00f6nnten auf diese Art beliebig viele Geldst\u00fccke erscheinen. Ein Kunstst\u00fcck f\u00fcr Fortgeschrittene (die Kenntnis des Kellenprinzips ist Voraussetzung).\u00a0 Kein Kinderspielzeug!\u00a0 \u00a0 \u00a0 \u00a0 \u00a0 \u00a0\u00a0<\/span><span style=\"font-family: arial, helvetica, sans-serif; font-size: 10pt;\">Warum dieses Zauberkunstst\u00fcck bei einer &#8222;Physik &#8211; Optik &#8211; Seite&#8220; steht? Na ja &#8230; &#8211; Grundlage ist eine optische T\u00e4uschung, die hier raffiniert &#8222;verarbeitet&#8220; wird. Allerdings nicht f\u00fcr den zauberischen Anf\u00e4nger! Wenn Sie sich mit dem grundlegenden Prinzip vertraut machen wollen, finden Sie auf den Zauberseiten mehrere &#8222;Kellen &#8211; Tricks&#8220;, die Ihnen diese beibringen &#8230; Es lohnt sich, aber ohne \u00dcbung geht es nicht!\u00a0 <span style=\"color: #000000; font-size: 14px;\"><span style=\"font-size: 10pt;\"><span style=\"font-family: Arial;\"><span style=\"color: #ff0000;\">Nur noch, solange unser Vorrat reicht! Dann nicht mehr!<\/span><\/span><\/span><\/span><\/span><\/p>\n<p class=\"empty-paragraph\">\u00a0<span style=\"font-size: 1px; color: transparent;\">.<\/span><\/p>\n<p class=\"empty-paragraph\" style=\"text-align: center;\"><span style=\"color: #ff0000; font-size: 12pt;\"><strong><span style=\"font-family: arial, helvetica, sans-serif;\">Sie waren eben auf unserer Optik &#8211; UNTERseite 5. Sie k\u00f6nnen jetzt also weitergucken auf &#8230;<\/span><\/strong><\/span><span style=\"font-family: arial,helvetica,sans-serif; font-size: 12pt;\">\u00a0<span style=\"color: transparent;\">.<\/span><\/span><\/p>\n<p class=\"empty-paragraph\"><span style=\"font-size: 10px;\">\u00a0<span style=\"color: transparent;\">.<\/span><\/span><\/p>\n<table border=\"0\" align=\"center\">\n<tbody>\n<tr>\n<td><span style=\"font-size: 18px;\">Seiten<\/span><\/td>\n<td><span style=\"font-size: 18px;\"><a title=\"Optik\" href=\"http:\/\/www.hund-hersbruck.de\/web_neu\/?page_id=124\">1<\/a><\/span><\/td>\n<td><span style=\"font-size: 18px;\"><a title=\"Optik_Seite2\" href=\"http:\/\/www.hund-hersbruck.de\/web_neu\/?page_id=5782\">2<\/a><\/span><\/td>\n<td><span style=\"font-size: 18px;\"><a title=\"Optik_Seite3\" href=\"http:\/\/www.hund-hersbruck.de\/web_neu\/?page_id=5784\">3<\/a><\/span><\/td>\n<td><span style=\"font-size: 18px;\"><a title=\"Optik_Seite4\" href=\"http:\/\/www.hund-hersbruck.de\/web_neu\/?page_id=5786\">4<\/a><\/span><\/td>\n<td><span style=\"font-size: 18px;\"><a title=\"Optik_Seite5\" href=\"http:\/\/www.hund-hersbruck.de\/web_neu\/optik\/optik_seite5\/\">5<\/a><\/span><\/td>\n<td><span style=\"font-size: 18px;\"><a title=\"Optik_Seite6\" href=\"http:\/\/www.hund-hersbruck.de\/web_neu\/optik\/optik_seite6\/\">6<\/a><\/span><\/td>\n<\/tr>\n<\/tbody>\n<\/table>\n","protected":false},"excerpt":{"rendered":"<p>Seiten 1 2 3 4 5 6 Seite 5 Optische Ph\u00e4nomene und &#8222;Ph\u00e4nomene&#8220; Mephisto-Spirale &#8211; Zauberspirale &#8211; 3D-Karten &#8211; 3D-Lesezeichen &#8211; optische T\u00e4uschung &#8211;\u00a0 Magische Spirale Sie m\u00f6chten n\u00e4here Informationen oder bestellen?\u00a0\u00a0\u00a0Tel. 09151\/4716\u00a0\u00a0\u00a0\u00a0\u00a0\u00a0\u00a0gabys-zauberland@t-online.de\u00a0 oder \u00fcber das Kontaktformular oben\u00a0 \u00a0 \u00a0Preis\u00e4nderungen vorbehalten. Auch wir sind abh\u00e4ngig von unseren Lieferanten. Mindestbestellsumme 15.- \u20ac + Porto\u00a0\u00a0\u00a0\u00a0 .Neu 2016!Magisches [&hellip;]<\/p>\n","protected":false},"author":1,"featured_media":0,"parent":124,"menu_order":0,"comment_status":"closed","ping_status":"closed","template":"","meta":{"footnotes":""},"class_list":["post-8653","page","type-page","status-publish","hentry"],"_links":{"self":[{"href":"http:\/\/www.hund-hersbruck.de\/web_neu\/wp-json\/wp\/v2\/pages\/8653","targetHints":{"allow":["GET"]}}],"collection":[{"href":"http:\/\/www.hund-hersbruck.de\/web_neu\/wp-json\/wp\/v2\/pages"}],"about":[{"href":"http:\/\/www.hund-hersbruck.de\/web_neu\/wp-json\/wp\/v2\/types\/page"}],"author":[{"embeddable":true,"href":"http:\/\/www.hund-hersbruck.de\/web_neu\/wp-json\/wp\/v2\/users\/1"}],"replies":[{"embeddable":true,"href":"http:\/\/www.hund-hersbruck.de\/web_neu\/wp-json\/wp\/v2\/comments?post=8653"}],"version-history":[{"count":38,"href":"http:\/\/www.hund-hersbruck.de\/web_neu\/wp-json\/wp\/v2\/pages\/8653\/revisions"}],"predecessor-version":[{"id":17841,"href":"http:\/\/www.hund-hersbruck.de\/web_neu\/wp-json\/wp\/v2\/pages\/8653\/revisions\/17841"}],"up":[{"embeddable":true,"href":"http:\/\/www.hund-hersbruck.de\/web_neu\/wp-json\/wp\/v2\/pages\/124"}],"wp:attachment":[{"href":"http:\/\/www.hund-hersbruck.de\/web_neu\/wp-json\/wp\/v2\/media?parent=8653"}],"curies":[{"name":"wp","href":"https:\/\/api.w.org\/{rel}","templated":true}]}}