{"id":8623,"date":"2015-06-03T07:49:35","date_gmt":"2015-06-03T07:49:35","guid":{"rendered":"http:\/\/www.hund-hersbruck.de\/web_neu\/?page_id=8623"},"modified":"2026-02-07T16:00:12","modified_gmt":"2026-02-07T16:00:12","slug":"kindergeburtstag_seite-2","status":"publish","type":"page","link":"http:\/\/www.hund-hersbruck.de\/web_neu\/kindergeburtstag\/kindergeburtstag_seite-2\/","title":{"rendered":"Kindergeburtstag_Seite 2"},"content":{"rendered":"<p style=\"text-align: center;\"><span style=\"color: #0000ff; text-decoration: underline;\"><strong><span style=\"font-family: arial,helvetica,sans-serif; font-size: 24pt;\">Kindergeburtstag<\/span><\/strong><\/span><\/p>\n<p style=\"text-align: center;\"><span style=\"font-size: 10pt;\"><strong><span style=\"font-family: arial, helvetica, sans-serif;\">Wir haben uns unter anderem auch darauf spezialisiert, &#8222;sinn-volle&#8220; Dinge \/ Spielzeuge f\u00fcr den Kindergeburtstag bereit zu stellen. Am besten w\u00e4re es nat\u00fcrlich, Sie k\u00e4men dazu in das Gesch\u00e4ft &#8230; \ud83d\ude09<\/span><\/strong><\/span><\/p>\n<p class=\"empty-paragraph\" style=\"text-align: center;\"><span style=\"font-family: arial,helvetica,sans-serif;\"> <span style=\"color: transparent; font-size: 1px;\">.<\/span><span style=\"font-size: 10pt;\"><strong>Preis\u00e4nderungen vorbehalten! <span style=\"text-decoration: underline;\">Mindestbestellsumme<\/span> 15.- Euro.\u00a0\u00a0 <\/strong><\/span><\/span><span style=\"font-size: 10pt;\"><span style=\"font-family: arial, helvetica, sans-serif;\"><strong>Laden\u00f6ffnungszeiten: Mo &#8211; Fr. 15.00 &#8211; 18.00 Uhr, Sa 10.00 &#8211; 13.00 Uhr\u00a0\u00a0\u00a0\u00a0 <\/strong><\/span><span style=\"font-family: arial, helvetica, sans-serif;\"><strong>So k\u00f6nnen sie bestellen: Tel. 09151\/4716\u00a0 \u00a0 \u00a0<a href=\"mailto:gabys-zauberland@t-online.de\">gabys-zauberland@t-online.de<\/a> oder mit dem Kontaktformular oben<\/strong><\/span><\/span><\/p>\n<p class=\"empty-paragraph\" style=\"text-align: center;\"><span style=\"font-family: arial,helvetica,sans-serif; font-size: 10pt;\"><span style=\"color: transparent;\">.<\/span>HIER mal nur so als &#8222;Schmankerl&#8220;, um Ihnen die entsprechende Richtung zu zeigen. Auf den Physikseiten, den Spielwaren &#8211; und T\u00fcftelseiten finden Sie weitere wunderbaren Ideen &#8230;<\/span><\/p>\n<p style=\"text-align: justify;\"><span style=\"font-size: 10pt;\"><strong><em><span style=\"text-decoration: underline;\"><span style=\"color: #0000ff; text-decoration: underline;\">Sie wollen Ihre Kinderschar SELBST &#8222;BE &#8211; ZAUBERN&#8220;?<\/span> <\/span>Haben aber bislang keine oder wenig Zauber-Erfahrung? Kein gr\u00f6\u00dferes Problem! Schreiben Sie uns eine Mail, in der Sie z.B. das Alter und die Anzahl der Kinder angeben. Ferner den ungef\u00e4hren Geldbetrag, den sie ausgeben wollen und Ihre Vorkenntnisse. Wir melden uns sobald wie m\u00f6glich mit konkreten Vorschl\u00e4gen &#8230;<\/em><\/strong><\/span><\/p>\n<table border=\"0\" align=\"center\">\n<tbody>\n<tr>\n<td><span style=\"font-size: 18px;\">Seiten<\/span><\/td>\n<td><span style=\"font-size: 18px;\"><a title=\"Kindergeburtstag\" href=\"http:\/\/www.hund-hersbruck.de\/web_neu\/kindergeburtstag\/\">1<\/a><\/span><\/td>\n<td><span style=\"font-size: 18px;\"><a title=\"Kindergeburtstag_Seite 2\" href=\"http:\/\/www.hund-hersbruck.de\/web_neu\/kindergeburtstag\/kindergeburtstag_seite-2\/\">2<\/a><\/span><\/td>\n<td><span style=\"font-size: 18px;\"><a title=\"Kindergeburtstag_Seite 3\" href=\"http:\/\/www.hund-hersbruck.de\/web_neu\/kindergeburtstag\/kindergeburtstag_seite-3\/\">3<\/a><\/span><\/td>\n<\/tr>\n<\/tbody>\n<\/table>\n<p>&nbsp;<\/p>\n<p style=\"text-align: justify;\"><strong><span style=\"font-family: arial, helvetica, sans-serif; font-size: 12pt;\"><span style=\"color: #993300;\">Aufziehfiguren<\/span>\u00a0 \u00a0 \u00a0 \u00a0je 3,50 \u20ac<\/span><\/strong><br \/>\n<span style=\"font-family: arial, helvetica, sans-serif; font-size: 10pt;\"><img loading=\"lazy\" decoding=\"async\" class=\"size-medium wp-image-16150 alignleft\" src=\"http:\/\/www.hund-hersbruck.de\/web_neu\/wp-content\/uploads\/Aufziehfiguren-11-2022-300x225.jpg\" alt=\"\" width=\"300\" height=\"225\" srcset=\"http:\/\/www.hund-hersbruck.de\/web_neu\/wp-content\/uploads\/Aufziehfiguren-11-2022-300x225.jpg 300w, http:\/\/www.hund-hersbruck.de\/web_neu\/wp-content\/uploads\/Aufziehfiguren-11-2022-1024x768.jpg 1024w, http:\/\/www.hund-hersbruck.de\/web_neu\/wp-content\/uploads\/Aufziehfiguren-11-2022-150x113.jpg 150w, http:\/\/www.hund-hersbruck.de\/web_neu\/wp-content\/uploads\/Aufziehfiguren-11-2022-768x576.jpg 768w, http:\/\/www.hund-hersbruck.de\/web_neu\/wp-content\/uploads\/Aufziehfiguren-11-2022-1536x1152.jpg 1536w, http:\/\/www.hund-hersbruck.de\/web_neu\/wp-content\/uploads\/Aufziehfiguren-11-2022-2048x1536.jpg 2048w\" sizes=\"auto, (max-width: 300px) 100vw, 300px\" \/>\u00a0 \u00a0Neu nicht im Sortiment, sondern hier auf der Homepage: Im Gesch\u00e4ft stehen die Displays mit diesen lustigen Aufzieh &#8211; Figuren schon l\u00e4nger. zum Vergn\u00fcgen der Kinder und &#8230; auf Verlangen von Physiklehrern (Energieumformung). Wir haben jeweils immer nur einige ergattern k\u00f6nnen, so dass sie hier in der Gruppe angeboten werden: Hexe (watschelnd), Autoscooter, Ufo mit Alien, Skateboarder, Piratenschiff. \u00c4hnlich gro\u00df (die Streichholzschachtel zum Vergleich), \u00e4hnliche Funktionsweise. <span style=\"color: #ff0000;\">Nur noch, solange unser kleiner Vorrat reicht &#8230;<\/span> <span style=\"font-size: 8pt;\">Nicht geeignet f\u00fcr Kinder unter drei Jahren wegen verschluckbarer Kleinteile, wenn Papa draufgetreten ist &#8230;<\/span><\/span><\/p>\n<p class=\"empty-paragraph\">\u00a0<span style=\"font-size: 1px; color: transparent;\">.<\/span><\/p>\n<p class=\"empty-paragraph\">\u00a0<span style=\"font-size: 1px; color: transparent;\">.<\/span><\/p>\n<p class=\"empty-paragraph\">\u00a0<span style=\"font-size: 1px; color: transparent;\">.<\/span>\u00a0<span style=\"font-size: 1px; color: transparent;\">.<\/span><\/p>\n<p class=\"empty-paragraph\"><strong><span style=\"font-family: arial,helvetica,sans-serif; font-size: 12pt;\">\u00a0<span style=\"color: #993300;\">Wundermuschel\u00a0\u00a0\u00a0\u00a0\u00a0\u00a0<\/span> 4,50 \u20ac<\/span> <\/strong><span style=\"font-family: arial,helvetica,sans-serif; font-size: 12pt;\">\u00a0\u00a0<a href=\"http:\/\/www.hund-hersbruck.de\/web_neu\/wp-content\/uploads\/Wundermuschel.jpg\"><img loading=\"lazy\" decoding=\"async\" class=\"alignleft size-thumbnail wp-image-10974\" src=\"http:\/\/www.hund-hersbruck.de\/web_neu\/wp-content\/uploads\/Wundermuschel-150x150.jpg\" alt=\"Wundermuschel\" width=\"150\" height=\"150\" srcset=\"http:\/\/www.hund-hersbruck.de\/web_neu\/wp-content\/uploads\/Wundermuschel-150x150.jpg 150w, http:\/\/www.hund-hersbruck.de\/web_neu\/wp-content\/uploads\/Wundermuschel.jpg 215w\" sizes=\"auto, (max-width: 150px) 100vw, 150px\" \/><\/a><br \/>\n<span style=\"font-size: 10pt;\">Wir haben ziemlich suchen m\u00fcssen, bis wir\u00a0diese &#8222;Wundermuschel&#8220; (wieder) fanden, nach der etliche Kunden fragten! Ein konkreter (physikalischer \/ chemischer \/ biologischer) Lerninhalt f\u00e4llt UNS zwar so auf Anhieb nicht ein, aber das ist ja kein zwingendes Kriterium \ud83d\ude09 &#8230; Einige Lehrkr\u00e4fte jedenfalls wollen die Muschel haben, vielleicht f\u00fcr ihre eigenen Kinder (was ja auch nichts Unanst\u00e4ndiges ist &#8230;). Hier also die Muschel, die man ins Wasser legt und aus der sich eine echte Meereskoralle (!! also doch biologisch!!) entfaltet. Lateinischer Name: Sertularia Cupressina. Sie ben\u00f6tigen entweder ein Einmachglas oder ein dekoratives Schauglas, Vertr\u00e4glich auch f\u00fcr alle Salz- und S\u00fc\u00dfwasser-Aquarien. Ca. 10 &#8211; 15 cm ausgewachsen bleibt sie monatelang haltbar.<\/span> <span style=\"font-size: 8pt;\">Nicht f\u00fcr Kinder unter drei Jahren geeignet, da nur Dekorationsartikel!\u00a0<\/span><\/span><\/p>\n<p>&nbsp;<\/p>\n<p><em><span style=\"font-size: 10pt; color: #0000ff;\">&#8222;Haben Sie was Sch\u00f6nes zum T\u00fcfteln f\u00fcr Kinder um die 5 Jahre? Was Kleines zum Mitbringen?&#8220; &#8211; DAS werden wir ziemlich oft gefragt und haben auch bisher schon Angebote. DAS hier ist neu und bew\u00e4hrt seit Generationen, aber meist nicht in dieser sch\u00f6nen Ausf\u00fchrung 6,7 x 6,7 x 2 cm aus Holz, mit Stahlkugeln:<\/span><\/em><\/p>\n<p style=\"text-align: justify;\"><strong><span style=\"font-family: arial, helvetica, sans-serif; font-size: 12pt;\"><span style=\"color: #993300;\">Geduldspiel mit Stahlkugeln\u00a0<\/span> \u00a0 \u00a0 je 4,00 \u20ac<\/span><\/strong><br \/>\n<span style=\"font-family: arial, helvetica, sans-serif; font-size: 10pt;\"><img loading=\"lazy\" decoding=\"async\" class=\"size-medium wp-image-16773 alignleft\" src=\"http:\/\/www.hund-hersbruck.de\/web_neu\/wp-content\/uploads\/Geduldspiel-mit-Stahlkugeln-Gok-1-300x300.jpg\" alt=\"\" width=\"300\" height=\"300\" srcset=\"http:\/\/www.hund-hersbruck.de\/web_neu\/wp-content\/uploads\/Geduldspiel-mit-Stahlkugeln-Gok-1-300x300.jpg 300w, http:\/\/www.hund-hersbruck.de\/web_neu\/wp-content\/uploads\/Geduldspiel-mit-Stahlkugeln-Gok-1-150x150.jpg 150w, http:\/\/www.hund-hersbruck.de\/web_neu\/wp-content\/uploads\/Geduldspiel-mit-Stahlkugeln-Gok-1.jpg 500w\" sizes=\"auto, (max-width: 300px) 100vw, 300px\" \/>\u00a0 Da kann nichts runterfallen, immer wieder neu, mit der linken oder rechten Hand, wettbewerbsm\u00e4\u00dfig auf Zeit usw. &#8211; lange Besch\u00e4ftigung garantiert. Verschiedene Motive (bitte angeben) &#8211; solange vorr\u00e4tig, erf\u00fcllen wir Ihren Wunsch&#8230;<\/span><br \/>\n<span style=\"font-family: arial, helvetica, sans-serif; font-size: 8pt;\">(Wenn Papa drauftritt und das Glas kaputt geht, k\u00f6nnten die kleinen K\u00fcgelchen von Kindern unter drei Jahren verschluckt werden! Sonst eigentlich kindersicher &#8230; \ud83d\ude09\u00a0 )<\/span><\/p>\n<p class=\"empty-paragraph\">\u00a0<span style=\"font-size: 1px; color: transparent;\">.<\/span><\/p>\n<p class=\"empty-paragraph\">\u00a0<span style=\"font-size: 1px; color: transparent;\">.<\/span><\/p>\n<p class=\"empty-paragraph\">\u00a0<span style=\"font-size: 1px; color: transparent;\">.<\/span><\/p>\n<p class=\"empty-paragraph\">\u00a0<span style=\"font-size: 1px; color: transparent;\">.<\/span><\/p>\n<p class=\"empty-paragraph\">\u00a0<span style=\"font-size: 1px; color: transparent;\">.<\/span><\/p>\n<p style=\"text-align: justify;\"><span style=\"font-family: arial,helvetica,sans-serif; font-size: 12pt;\"><strong><span style=\"color: #ff0000;\">Leiterm\u00e4nnchen klein\u00a0\u00a0\u00a0\u00a0\u00a0\u00a0<\/span> 1,20 \u20ac<\/strong><br \/>\n<a href=\"http:\/\/www.hund-hersbruck.de\/web_neu\/wp-content\/uploads\/Klettermaennchen-klein.jpg\"><img loading=\"lazy\" decoding=\"async\" class=\"alignleft size-full wp-image-10180\" src=\"http:\/\/www.hund-hersbruck.de\/web_neu\/wp-content\/uploads\/Klettermaennchen-klein.jpg\" alt=\"klettermaennchen-klein\" width=\"84\" height=\"285\" srcset=\"http:\/\/www.hund-hersbruck.de\/web_neu\/wp-content\/uploads\/Klettermaennchen-klein.jpg 84w, http:\/\/www.hund-hersbruck.de\/web_neu\/wp-content\/uploads\/Klettermaennchen-klein-44x150.jpg 44w\" sizes=\"auto, (max-width: 84px) 100vw, 84px\" \/><\/a>\u00a0\u00a0 <span style=\"font-size: 10pt;\">Solche &#8222;billigen&#8220;, einfachen, \u00fcberschaubaren, aber verbl\u00fcffenden Kleinspielzeuge faszinieren oft am meisten! Man gewinnt sie auch\u00a0auf Volksfesten an Losbuden, spielt ein wenig damit &#8211; und dann wandern sie in eine Krimskramsschublade, wo man sie irgendwann wieder entdeckt, damit\u00a0erneut fasziniert rumspielt und &#8230; Dabei steckt eine ganze Menge technisches \/ physikalisches &#8222;Knoffhoff&#8220; dahinter, bis die in Millionenauflage hergestellten Dinger wirklich funktionieren! Dieses\u00a0Kletterm\u00e4nnchen mit Leiter (17x6x4cm) ist ganz aus Plastik hergestellt und purzelt wie sein gro\u00dfer Bruder aus Holz (siehe unser Angebot auf einer anderen Seite) lustig die Leitersprossen runter. Meistens. Manchmal. Wenn man es richtig macht. Eben nicht immer &#8230; Wovon h\u00e4ngt das ab? Welche mechanischen Gesetze und \u00dcberlegungen stecken dahinter? Wie kann man die Funktionsweise evtl. verbessern?<\/span><br \/>\n<span style=\"color: #ff0000; font-size: 10pt;\"><strong>Staffelpreise: 1 St\u00fcck 1,20 \u20ac\u00a0\u00a0\u00a0 10 St\u00fcck 11.-\u00a0\u20ac\u00a0\u00a0\u00a0 20 St\u00fcck\u00a0\u00a0 20 \u20ac<\/strong><\/span><br \/>\n<\/span><span style=\"font-family: arial,helvetica,sans-serif; font-size: 12pt;\">\u00a0<span style=\"font-size: 10pt;\">\u00a0 Nicht f\u00fcr Kinder unter drei Jahren geeignet wegen verschluckbarer Kleinteile!<\/span><\/span><span style=\"color: transparent; font-size: 10pt;\">hint, b<\/span><\/p>\n<p class=\"empty-paragraph\">\u00a0<span style=\"font-size: 1px; color: transparent;\">.<\/span><\/p>\n<p class=\"empty-paragraph\">\u00a0<span style=\"font-size: 1px; color: transparent;\">.<\/span><\/p>\n<p class=\"empty-paragraph\">\u00a0<span style=\"font-size: 1px; color: transparent;\">.<\/span><\/p>\n<p class=\"empty-paragraph\">\u00a0<span style=\"font-size: 1px; color: transparent;\">.<\/span><\/p>\n<p style=\"text-align: justify;\"><span style=\"font-family: arial,helvetica,sans-serif; font-size: 12pt;\"><span style=\"color: #993300;\"><span style=\"color: #0000ff; font-family: arial,helvetica,sans-serif;\"><strong>\u00a0<\/strong><\/span><strong>Magisches Anglerlatein\u00a0\u00a0\u00a0\u00a0<\/strong><\/span><strong> 3,50 \u20ac\u00a0\u00a0 <\/strong> <span style=\"color: #000000;\"><span style=\"font-size: 12pt;\"><a href=\"http:\/\/www.hund-hersbruck.de\/web_neu\/wp-content\/uploads\/Fishy-Tale1.gif\"><img loading=\"lazy\" decoding=\"async\" class=\"alignleft size-full wp-image-9648\" src=\"http:\/\/www.hund-hersbruck.de\/web_neu\/wp-content\/uploads\/Fishy-Tale1.gif\" alt=\"Fishy-Tale\" width=\"300\" height=\"191\" \/><\/a><\/span><span style=\"font-size: medium;\"><br \/>\n<span style=\"font-size: 10pt;\">Zwei Angler streiten sich abwechselnd darum, wer den gr\u00f6\u00dferen Fisch gefangen hat. Damit man als Zuschauer diesen Streit leichter verfolgen kann, ist ein Fisch gelb, der andere rot. Tats\u00e4chlich sieht einmal der eine, dann wieder der andere eindeutig gr\u00f6\u00dfer aus! Da der Wechsel aber immer unter Abdeckung durch die Hand erfolgt, glaubt das Publikum sehr schnell, den Trick durchschaut zu haben: Die bananen-f\u00f6rmigen Karten werden einfach umgedreht und auf der R\u00fcckseite befindet sich jeweils der Fisch der anderen Farbe! Schlie\u00dflich wird deshalb die Forderung immer lauter, dass die beiden Karten von beiden Seiten gezeigt werden<i>. \u201eWarum denn das? Auf der R\u00fcckseite ist die Katze, die schlie\u00dflich die beiden Fische gefressen hat!\u201c<\/i><\/span><\/span><\/span><span style=\"color: #000000; font-size: 10pt;\"> Und tats\u00e4chlich wird genau das sofort lustig bewiesen &#8230;!<br \/>\n<\/span><\/span><span style=\"font-family: arial,helvetica,sans-serif; font-size: 10pt;\"><span style=\"color: #000000;\"><strong><span style=\"text-decoration: underline;\">Mengenrabatt<\/span> (unkonfektioniert, Kopiervorlage wird beigelegt):\u00a0 10 St\u00fcck\u00a0\u00a0\u00a0 22.- \u20ac\u00a0\u00a0\u00a0\u00a0\u00a0 20 St\u00fcck\u00a0 36.- \u20ac\u00a0\u00a0<\/strong> \u00a0Nicht f\u00fcr Kinder unter drei Jahren geeignet!<\/span><\/span><\/p>\n<p>&nbsp;<\/p>\n<p>&nbsp;<\/p>\n<p style=\"text-align: justify;\"><span style=\"font-size: 12pt;\"><strong><span style=\"font-family: arial,helvetica,sans-serif;\"><span style=\"color: #993300;\">myRoodi<\/span>\u00a0\u00a0\u00a0 Set mit\u00a0drei Wurfscheiben\u00a0\u00a0\u00a0 5,00 \u20ac<\/span><\/strong><\/span><br \/>\n<span style=\"font-family: arial,helvetica,sans-serif; font-size: 12pt;\">\u00a0<a href=\"http:\/\/www.hund-hersbruck.de\/web_neu\/wp-content\/uploads\/myRoodi.jpg\"><img loading=\"lazy\" decoding=\"async\" class=\"alignleft size-medium wp-image-9460\" src=\"http:\/\/www.hund-hersbruck.de\/web_neu\/wp-content\/uploads\/myRoodi-300x163.jpg\" alt=\"myRoodi\" width=\"300\" height=\"163\" srcset=\"http:\/\/www.hund-hersbruck.de\/web_neu\/wp-content\/uploads\/myRoodi-300x163.jpg 300w, http:\/\/www.hund-hersbruck.de\/web_neu\/wp-content\/uploads\/myRoodi-150x81.jpg 150w, http:\/\/www.hund-hersbruck.de\/web_neu\/wp-content\/uploads\/myRoodi.jpg 900w\" sizes=\"auto, (max-width: 300px) 100vw, 300px\" \/><\/a>\u00a0\u00a0\u00a0 <span style=\"font-size: 10pt;\">myRoodi ist ein Set aus drei Indoor &#8211; Wurfscheiben aus stabilem Premiumkarton. Diese sind so konstruiert, dass bereits Kinder ab vier Jahren gefahrlos im Wohnzimmer das Werfen erlernen k\u00f6nnen &#8211; schnelle Erfolgserlebnisse garantiert! Die liebevollen Illustrationen (Unterwasser, Weltraum, Safari) k\u00f6nnen zudem individuell ausgemalt werden. Inklusive Wurfanleitung, Spielideen und Hintergrundinformationen. <span style=\"color: #ff0000;\">Unser Urteil: \u00c4hnlich wie beim ersten Produkt, den MyFiBo: Sehr empfehlenswert!<\/span><\/span><\/span><br \/>\n<span style=\"font-family: arial,helvetica,sans-serif; font-size: 10pt;\"> Inhalt:\u00a0 <\/span><span style=\"font-size: 10pt;\"><span style=\"font-family: arial,helvetica,sans-serif;\">&#8211; 3 Indoor-Wurfscheiben aus stabilem Premiumkarton (\u00d8 20cm),<\/span><span style=\"font-family: arial,helvetica,sans-serif;\">\u00a0kinderleicht zu lernen, keine Verletzungsgefahr, stabile Flugbahn, schweben 2 \u2013 8m,\u00a0drei<\/span><span style=\"font-family: arial,helvetica,sans-serif;\"> schicke Motive (Unterwasser \u2013 Safari \u2013 Weltraum) zum Ausmalen,\u00a0<\/span><span style=\"font-family: arial,helvetica,sans-serif;\"> &#8211; Wurfanleitung, Spielideen und Hintergru\u0308nden zum Spiel<\/span><\/span><br \/>\n<span style=\"font-family: arial,helvetica,sans-serif; font-size: 10pt;\"> Hergestellt in Leipzig.\u00a0Nicht geeignet f\u00fcr Kinder unter drei Jahren wegen verschluckbarer Kleinteile!<\/span><br \/>\n<span style=\"font-family: arial,helvetica,sans-serif; font-size: 10pt;\">\u00a0Siehe dazu folgendes YouTube &#8211; Video:\u00a0\u00a0\u00a0 <\/span><span style=\"font-family: arial,helvetica,sans-serif; font-size: 10pt;\">https:\/\/www.youtube.com\/watch?v=rSAYh61pFNQ<\/span><\/p>\n<p class=\"empty-paragraph\">\u00a0<span style=\"font-size: 1px; color: transparent;\">.<\/span><\/p>\n<p><span style=\"font-family: arial,helvetica,sans-serif; font-size: 12pt;\"><strong><span style=\"color: #993300;\">Farben &#8211; Vorhersage\u00a0 \u00a0&#8222;Predicta Color&#8220;<\/span>\u00a0 \u00a0 \u00a0 \u00a0 \u00a0 \u00a0 \u00a0 \u00a05,00 \u20ac<\/strong><\/span><\/p>\n<p style=\"text-align: justify;\"><img loading=\"lazy\" decoding=\"async\" class=\"alignleft\" title=\"predictacolour\" src=\"http:\/\/www.hund-hersbruck.de\/web_neu\/wp-content\/uploads\/predictacolour.jpg\" alt=\"\" width=\"192\" height=\"138\" \/><span style=\"font-family: arial,helvetica,sans-serif; font-size: 10pt;\">Der Zauberer zeigt einen Zettel vor, auf den eine Vorhersage geschrieben wurde und der dann gefaltet zur Seite gelegt wird. Ein Zuschauer baut nun aus einigen zweifarbigen Chips einen Turm. Er kann den Anfangschip frei w\u00e4hlen! Immer die gleichen Farben m\u00fcssen aufeinander gelegt werden. Ist der Turm fertig, wird der Zettel mit der Vorhersage ge\u00f6ffnet: Es stehen darauf die beiden Farben, mit denen der Chipturm oben und unten endet! Obwohl der Zuschauer v\u00f6llig frei gebaut hat! Dies kann sofort mit einem <span style=\"text-decoration: underline;\">anderem<\/span> Ergebnis <span style=\"text-decoration: underline;\">wiederholt<\/span> werden! <span style=\"font-family: arial,helvetica,sans-serif; font-size: 12pt;\"><span style=\"font-size: 10pt;\">Viele Variationen der Vorf\u00fchrung sind mit den unpr\u00e4parierten (!) Materialien m\u00f6glich, sogar per Telefon \/ Handy \/ Smartphone \/ Whatsapp &#8230;<\/span><\/span> Ab 8 Jahren oder unge\u00fcbte Erwachsene \ud83d\ude09\u00a0 ; Ein abgewandelter Klassiker, der schon Generationen zum Staunen gebracht hat!\u00a0 ACHTUNG: Nicht geeignet f\u00fcr Kinder unter 3 Jahren wegen Erstickungsgefahr durch Kleinteile!<\/span><\/p>\n<p>&nbsp;<\/p>\n<table border=\"0\" align=\"center\">\n<tbody>\n<tr>\n<td><span style=\"font-size: 18px;\">Seiten<\/span><\/td>\n<td><span style=\"font-size: 18px;\"><a title=\"Kindergeburtstag\" href=\"http:\/\/www.hund-hersbruck.de\/web_neu\/kindergeburtstag\/\">1<\/a><\/span><\/td>\n<td><span style=\"font-size: 18px;\"><a title=\"Kindergeburtstag_Seite 2\" href=\"http:\/\/www.hund-hersbruck.de\/web_neu\/kindergeburtstag\/kindergeburtstag_seite-2\/\">2<\/a><\/span><\/td>\n<td><span style=\"font-size: 18px;\"><a title=\"Kindergeburtstag_Seite 3\" href=\"http:\/\/www.hund-hersbruck.de\/web_neu\/kindergeburtstag\/kindergeburtstag_seite-3\/\">3<\/a><\/span><\/td>\n<\/tr>\n<\/tbody>\n<\/table>\n","protected":false},"excerpt":{"rendered":"<p>Kindergeburtstag Wir haben uns unter anderem auch darauf spezialisiert, &#8222;sinn-volle&#8220; Dinge \/ Spielzeuge f\u00fcr den Kindergeburtstag bereit zu stellen. Am besten w\u00e4re es nat\u00fcrlich, Sie k\u00e4men dazu in das Gesch\u00e4ft &#8230; \ud83d\ude09 .Preis\u00e4nderungen vorbehalten! Mindestbestellsumme 15.- Euro.\u00a0\u00a0 Laden\u00f6ffnungszeiten: Mo &#8211; Fr. 15.00 &#8211; 18.00 Uhr, Sa 10.00 &#8211; 13.00 Uhr\u00a0\u00a0\u00a0\u00a0 So k\u00f6nnen sie bestellen: Tel. [&hellip;]<\/p>\n","protected":false},"author":1,"featured_media":0,"parent":206,"menu_order":0,"comment_status":"closed","ping_status":"closed","template":"","meta":{"footnotes":""},"class_list":["post-8623","page","type-page","status-publish","hentry"],"_links":{"self":[{"href":"http:\/\/www.hund-hersbruck.de\/web_neu\/wp-json\/wp\/v2\/pages\/8623","targetHints":{"allow":["GET"]}}],"collection":[{"href":"http:\/\/www.hund-hersbruck.de\/web_neu\/wp-json\/wp\/v2\/pages"}],"about":[{"href":"http:\/\/www.hund-hersbruck.de\/web_neu\/wp-json\/wp\/v2\/types\/page"}],"author":[{"embeddable":true,"href":"http:\/\/www.hund-hersbruck.de\/web_neu\/wp-json\/wp\/v2\/users\/1"}],"replies":[{"embeddable":true,"href":"http:\/\/www.hund-hersbruck.de\/web_neu\/wp-json\/wp\/v2\/comments?post=8623"}],"version-history":[{"count":19,"href":"http:\/\/www.hund-hersbruck.de\/web_neu\/wp-json\/wp\/v2\/pages\/8623\/revisions"}],"predecessor-version":[{"id":17840,"href":"http:\/\/www.hund-hersbruck.de\/web_neu\/wp-json\/wp\/v2\/pages\/8623\/revisions\/17840"}],"up":[{"embeddable":true,"href":"http:\/\/www.hund-hersbruck.de\/web_neu\/wp-json\/wp\/v2\/pages\/206"}],"wp:attachment":[{"href":"http:\/\/www.hund-hersbruck.de\/web_neu\/wp-json\/wp\/v2\/media?parent=8623"}],"curies":[{"name":"wp","href":"https:\/\/api.w.org\/{rel}","templated":true}]}}