{"id":75,"date":"2011-12-05T08:31:34","date_gmt":"2011-12-05T08:31:34","guid":{"rendered":"http:\/\/www.hund-hersbruck.de\/web_neu\/?page_id=75"},"modified":"2025-08-05T08:29:23","modified_gmt":"2025-08-05T08:29:23","slug":"agbs","status":"publish","type":"page","link":"http:\/\/www.hund-hersbruck.de\/web_neu\/agbs\/","title":{"rendered":"AGB"},"content":{"rendered":"<p style=\"text-align: center;\"><span style=\"font-size: 20px;\"><strong><span style=\"color: #993300;\">Allgemeines (AGB)<\/span><\/strong><\/span><\/p>\n<p style=\"text-align: center;\"><span style=\"font-size: 20px;\">Gabys Zauberland<\/span><\/p>\n<p style=\"text-align: center;\"><span style=\"font-size: 18px;\">Amberger Str. 8\u00a0\u00a0\u00a0\u00a0\u00a0 <\/span><span style=\"font-size: 18px;\">\u00a091217 HERSBRUCK<\/span><br \/>\n<span style=\"font-size: 18px;\"> Gabriele Hund<\/span><\/p>\n<p style=\"text-align: center;\"><span style=\"font-size: 18px;\">Steuer &#8211; Nr. 221\/231 80 43 0<\/span><\/p>\n<p style=\"text-align: center;\"><span style=\"font-size: 18px;\"><strong><span style=\"font-family: arial,helvetica,sans-serif;\">Wir bitten um Verst\u00e4ndnis daf\u00fcr,<\/span><\/strong><\/span><\/p>\n<ul>\n<li><span style=\"font-family: arial,helvetica,sans-serif; font-size: 16px;\">dass wir aus verschiedenen Gr\u00fcnden hier nur einen Teil unseres gro\u00dfen Sortiments darbieten k\u00f6nnen und<\/span><\/li>\n<li><\/li>\n<li><span style=\"font-family: arial,helvetica,sans-serif; font-size: 16px;\"><span style=\"font-family: arial,helvetica,sans-serif; font-size: 16px;\">dass hier die notwendigen allgemeinen <span style=\"text-decoration: underline;\"><strong>GESCH\u00c4FTSBEDINGUNGEN<\/strong> <\/span>(AGB) kommen:<\/span><\/span><\/li>\n<li><span style=\"font-family: arial,helvetica,sans-serif; font-size: 16px;\">Die Mindestbestellsumme f\u00fcr Waren betr\u00e4gt 15.- \u20ac<\/span><\/li>\n<li><span style=\"font-family: arial,helvetica,sans-serif; font-size: 16px;\">Preis\u00e4nderungen sind vorbehalten!<\/span><\/li>\n<li><span style=\"font-family: arial,helvetica,sans-serif; font-size: 16px;\">Versandgeb\u00fchren: Je nach Gewicht, ab ca 5.- \u20ac<\/span><\/li>\n<li><span style=\"color: #ff0000; font-family: arial,helvetica,sans-serif; font-size: 12pt;\">gabys-zauberland@t-online.de<\/span><\/li>\n<li><span style=\"font-family: arial,helvetica,sans-serif; font-size: 16px;\">Lieferungen auf Rechnung.\u00a0 Ab 200.- \u20ac Warenwert Vorkasse.<\/span><\/li>\n<li><span style=\"font-family: arial,helvetica,sans-serif; font-size: 16px;\">\u00d6ffentliche Einrichtungen (Schulen, Kinderg\u00e4rten, Universit\u00e4ten &#8230;.) k\u00f6nnen auf Wunsch auf Rechnung bestellen!<\/span><\/li>\n<li><span style=\"font-family: arial,helvetica,sans-serif; font-size: 16px;\">Bestellungen sind m\u00f6glich per eMail (bevorzugt!),\u00a0Telefon oder Post.<\/span><\/li>\n<li><span style=\"font-family: arial,helvetica,sans-serif; font-size: 16px;\">Die Ware wird meist am n\u00e4chsten Tag zum Versand gebracht.<\/span><\/li>\n<li><span style=\"font-family: arial,helvetica,sans-serif; font-size: 16px;\">Die Ware bleibt bis zur vollst\u00e4ndigen Zahlung unser Eigentum.<\/span><\/li>\n<\/ul>\n<p><span style=\"color: #0000ff; font-family: arial,helvetica,sans-serif; font-size: 12px;\"><b>Widerrufsrecht f\u00fcr Verbraucher<\/b><\/span><\/p>\n<ul>\n<li><span style=\"color: #0000ff; font-family: arial,helvetica,sans-serif; font-size: 12px;\">Verbrauchern steht ein Widerrufsrecht nach folgender Ma\u00dfgabe zu, wobei Verbraucher jede nat\u00fcrliche Person ist, die ein Rechtsgesch\u00e4ft zu Zwecken abschlie\u00dft, die \u00fcberwiegend weder ihrer gewerblichen noch ihrer selbst\u00e4ndigen beruflichen T\u00e4tigkeit zugerechnet werden k\u00f6nnen.<\/span><span style=\"color: #0000ff;\"><span style=\"font-family: arial,helvetica,sans-serif; font-size: 12px;\"><b>Widerrufsbelehrung<br \/>\n<\/b><\/span><span style=\"font-family: arial,helvetica,sans-serif; font-size: 12px;\"><b>Widerrufsrecht<br \/>\n<\/b><\/span><span style=\"font-family: arial,helvetica,sans-serif; font-size: 12px;\">Sie haben das Recht, binnen vierzehn Tagen ohne Angabe von Gr\u00fcnden diesen Vertrag zu widerrufen.<br \/>\n<\/span><span style=\"font-family: arial,helvetica,sans-serif; font-size: 12px;\">Die Widerrufsfrist betr\u00e4gt vierzehn Tage ab dem Tag<b>, <\/b>an dem Sie oder ein von Ihnen benannter Dritter, der nicht der Bef\u00f6rderer ist, die Waren in Besitz genommen haben bzw. hat.<br \/>\n<\/span><span style=\"font-family: arial,helvetica,sans-serif; font-size: 12px;\">Um Ihr Widerrufsrecht auszu\u00fcben, m\u00fcssen Sie uns (Gabys Zauberland \/ Gabriele Hund\u00a0 Amberger Str. 8\u00a0\u00a0 91217 Hersbruck\u00a0 Tel. 09151\/4716\u00a0 Fax\u00a0 09151\/4363\u00a0 eMail: gabys-zauberland@t-online.de) mittels einer eindeutigen Erkl\u00e4rung (z.B. ein mit der Post versandter Brief, Telefax oder E-Mail) \u00fcber Ihren Entschluss, diesen Vertrag zu widerrufen, informieren. Sie k\u00f6nnen daf\u00fcr das der Lieferung\u00a0beiliegende Widerrufsformular verwenden, das jedoch nicht vorgeschrieben ist. Zur Wahrung der Widerrufsfrist reicht es aus, dass Sie die Mitteilung \u00fcber die Aus\u00fcbung des Widerrufsrechts vor Ablauf der Widerrufsfrist absenden.<\/span><\/span><span style=\"color: #0000ff;\"><span style=\"font-family: arial,helvetica,sans-serif; font-size: 12px;\">\u00a0<\/span><span style=\"font-family: arial,helvetica,sans-serif; font-size: 12px;\"><b>Folgen des Widerrufs<br \/>\n<\/b><\/span><span style=\"font-family: arial,helvetica,sans-serif; font-size: 12px;\">Wenn Sie diesen Vertrag widerrufen, haben wir Ihnen alle Zahlungen, die wir von Ihnen erhalten haben, einschlie\u00dflich der Lieferkosten (mit Ausnahme der zus\u00e4tzlichen Kosten, die sich daraus ergeben, dass Sie eine andere Art der Lieferung als die von uns angebotene, g\u00fcnstigste Standardlieferung gew\u00e4hlt haben), unverz\u00fcglich und sp\u00e4testens binnen vierzehn Tagen ab dem Tag zur\u00fcckzuzahlen, an dem die Mitteilung \u00fcber Ihren Widerruf dieses Vertrags bei uns eingegangen ist. F\u00fcr diese R\u00fcckzahlung verwenden wir dasselbe Zahlungsmittel, das Sie bei der urspr\u00fcnglichen Transaktion eingesetzt haben, es sei denn, mit Ihnen wurde ausdr\u00fccklich etwas anderes vereinbart; in keinem Fall werden Ihnen wegen dieser R\u00fcckzahlung Entgelte berechnet. Wir k\u00f6nnen die R\u00fcckzahlung verweigern, bis wir die Waren wieder zur\u00fcckerhalten haben oder bis Sie den Nachweis erbracht haben, dass Sie die Waren zur\u00fcckgesandt haben, je nachdem, welches der fr\u00fchere Zeitpunkt ist. <\/span><\/span><br \/>\n<span style=\"color: #0000ff; font-family: arial,helvetica,sans-serif; font-size: 12px;\"> Sie haben die Waren unverz\u00fcglich und in jedem Fall sp\u00e4testens binnen vierzehn Tagen ab dem Tag, an dem Sie uns \u00fcber den Widerruf dieses Vertrags unterrichten, an uns zur\u00fcckzusenden oder zu \u00fcbergeben. Die Frist ist gewahrt, wenn Sie die Waren vor Ablauf der Frist von vierzehn Tagen absenden. Sie tragen die unmittelbaren Kosten der R\u00fccksendung der Waren. <\/span><br \/>\n<span style=\"color: #0000ff; font-family: arial,helvetica,sans-serif; font-size: 12px;\"> Sie m\u00fcssen f\u00fcr einen etwaigen Wertverlust der Waren nur aufkommen, wenn dieser Wertverlust auf einen zur Pr\u00fcfung der Beschaffenheit, Eigenschaften und Funktionsweise der Waren nicht notwendigen Umgang mit ihnen zur\u00fcckzuf\u00fchren ist.<\/span><span style=\"color: #0000ff; font-family: arial,helvetica,sans-serif; font-size: 12px;\"><b>Ende der Widerrufsbelehrung<\/b><\/span><span style=\"font-family: arial,helvetica,sans-serif; font-size: 16px;\">Bei Waren, von denen Sie annehmen, dass sie defekt bzw. besch\u00e4digt seien oder mit denen Sie sonstige Probleme haben, setzen Sie sich bitte pers\u00f6nlich mit uns in Verbindung. Wir versuchen dann telefonisch oder per email eine L\u00f6sung zu finden.<\/span><\/li>\n<li><span style=\"font-family: arial,helvetica,sans-serif; font-size: 16px;\"><strong><span style=\"text-decoration: underline;\">Bei R\u00fccksendungen von <span style=\"color: #ff0000; text-decoration: underline;\">Zauberartikeln<\/span><\/span><\/strong> ohne von uns nachvollziehbaren Gr\u00fcnden behalten wir uns das Recht vor, von k\u00fcnftigen Lieferungen Abstand zu nehmen. Hier gilt auf der ganzen Welt wegen der Wahrung von Trickgeheimnissen ein entsprechender Ehrencodex.<\/span><\/li>\n<\/ul>\n<p>* <span style=\"font-family: arial,helvetica,sans-serif; font-size: 16px;\">Erf\u00fcllungsort ist Hersbruck, der Gerichtsstand ist N\u00fcrnberg. Es gilt ausschlie\u00dflich das Recht der Bundesrepublik\u00a0\u00a0 D<\/span><span style=\"font-family: arial,helvetica,sans-serif; font-size: 16px;\">eutschland.<\/span><\/p>\n<p><span style=\"font-family: arial,helvetica,sans-serif; font-size: 12pt;\">Die europ\u00e4ische Kommission plant, bis zum 15.2.2016 eine <strong>Plattform zur Online- Streitbeilegung<\/strong> (OS) zur Verf\u00fcgung zu stellen. Die Plattform wird unter dem folgenden Link erreichbar sein:<br \/>\n<\/span><span style=\"text-decoration: underline;\"><strong><span style=\"font-family: arial,helvetica,sans-serif; font-size: 12pt;\">ec.europa.eu\/consumer\/odr\/<br \/>\n<\/span><\/strong><\/span><span style=\"font-family: arial,helvetica,sans-serif; font-size: 12pt;\">Sobald die Plattform frei geschaltet ist, werden wir diesen Hinweis aktualisieren<\/span><\/p>\n","protected":false},"excerpt":{"rendered":"<p>Allgemeines (AGB) Gabys Zauberland Amberger Str. 8\u00a0\u00a0\u00a0\u00a0\u00a0 \u00a091217 HERSBRUCK Gabriele Hund Steuer &#8211; Nr. 221\/231 80 43 0 Wir bitten um Verst\u00e4ndnis daf\u00fcr, dass wir aus verschiedenen Gr\u00fcnden hier nur einen Teil unseres gro\u00dfen Sortiments darbieten k\u00f6nnen und dass hier die notwendigen allgemeinen GESCH\u00c4FTSBEDINGUNGEN (AGB) kommen: Die Mindestbestellsumme f\u00fcr Waren betr\u00e4gt 15.- \u20ac Preis\u00e4nderungen sind [&hellip;]<\/p>\n","protected":false},"author":1,"featured_media":0,"parent":0,"menu_order":0,"comment_status":"closed","ping_status":"closed","template":"","meta":{"footnotes":""},"class_list":["post-75","page","type-page","status-publish","hentry"],"_links":{"self":[{"href":"http:\/\/www.hund-hersbruck.de\/web_neu\/wp-json\/wp\/v2\/pages\/75","targetHints":{"allow":["GET"]}}],"collection":[{"href":"http:\/\/www.hund-hersbruck.de\/web_neu\/wp-json\/wp\/v2\/pages"}],"about":[{"href":"http:\/\/www.hund-hersbruck.de\/web_neu\/wp-json\/wp\/v2\/types\/page"}],"author":[{"embeddable":true,"href":"http:\/\/www.hund-hersbruck.de\/web_neu\/wp-json\/wp\/v2\/users\/1"}],"replies":[{"embeddable":true,"href":"http:\/\/www.hund-hersbruck.de\/web_neu\/wp-json\/wp\/v2\/comments?post=75"}],"version-history":[{"count":14,"href":"http:\/\/www.hund-hersbruck.de\/web_neu\/wp-json\/wp\/v2\/pages\/75\/revisions"}],"predecessor-version":[{"id":17593,"href":"http:\/\/www.hund-hersbruck.de\/web_neu\/wp-json\/wp\/v2\/pages\/75\/revisions\/17593"}],"wp:attachment":[{"href":"http:\/\/www.hund-hersbruck.de\/web_neu\/wp-json\/wp\/v2\/media?parent=75"}],"curies":[{"name":"wp","href":"https:\/\/api.w.org\/{rel}","templated":true}]}}