{"id":6673,"date":"2013-09-09T12:50:16","date_gmt":"2013-09-09T12:50:16","guid":{"rendered":"http:\/\/www.hund-hersbruck.de\/web_neu\/?page_id=6673"},"modified":"2026-03-17T09:02:15","modified_gmt":"2026-03-17T09:02:15","slug":"mechanik_seite_5","status":"publish","type":"page","link":"http:\/\/www.hund-hersbruck.de\/web_neu\/mechanik\/mechanik_seite_5\/","title":{"rendered":"Mechanik_Seite_5"},"content":{"rendered":"<p style=\"text-align: center;\">\u00a0<span style=\"color: #000000; font-family: arial,helvetica,sans-serif; font-size: 20px;\"><strong>Mechanik<\/strong><\/span><\/p>\n<p style=\"text-align: center;\"><span style=\"font-size: 10pt;\"><span style=\"font-family: arial,helvetica,sans-serif;\">Solar-Wackeltiere &#8211; Schwerpunkt &#8211; Balance &#8211; Kreisel &#8211; Taumelkreisel &#8211;\u00a0<\/span><\/span><\/p>\n<p style=\"text-align: center;\"><span style=\"font-family: arial,helvetica,sans-serif;\"><strong><span style=\"font-size: 16px;\">-Seite 5-<\/span><\/strong><\/span><\/p>\n<p style=\"text-align: center;\"><span style=\"color: #993300; font-family: arial,helvetica,sans-serif;\"> <span style=\"font-size: 16px;\"><strong>Mechanische &#8222;Ph\u00e4nomene&#8220; und Ph\u00e4nomene, die mit Dynamik, mit Gleichgewicht &#8230; zu tun haben<\/strong><\/span><\/span><\/p>\n<p style=\"text-align: center;\"><span style=\"font-family: arial,helvetica,sans-serif; font-size: 10pt;\">Preis\u00e4nderungen (leider!) vorbehalten! <strong><span style=\"text-decoration: underline;\">Mindestbestellsumme<\/span> <\/strong>15.- \u20ac + Porto\u00a0 \u00a0<\/span><span style=\"font-family: arial,helvetica,sans-serif; font-size: 16px;\"><strong>So k\u00f6nnen sie <span style=\"color: #0000ff; text-decoration: underline;\">bestellen<\/span>:\u00a0\u00a0 <\/strong><\/span><span style=\"font-family: arial,helvetica,sans-serif; font-size: 16px;\"><strong>Tel. 09151\/4716\u00a0\u00a0\u00a0 oder <strong><a href=\"mailto:gabys-zauberland@t-online.de\">gabys-zauberland@t-online.de<\/a>\u00a0 <\/strong><\/strong><span style=\"font-size: 14px;\">oder mit dem <span style=\"text-decoration: underline;\"><strong>Kontaktformular<\/strong> <\/span>oben<\/span><\/span><\/p>\n<p style=\"text-align: center;\"><span style=\"color: #000000; font-family: arial,helvetica,sans-serif; font-size: 10pt;\">Achtung: Wenn Sie intensive Beratung mit praktischen Demonstrationen im physikalischen oder zauberischen Bereich wollen, dann rufen Sie bitte vorher unbedingt an, damit unser Fachmann anwesend sein kann!\u00a0\u00a0<\/span><\/p>\n<table border=\"0\" align=\"center\">\n<tbody>\n<tr>\n<td><span style=\"font-size: 18px;\">Seiten<\/span><\/td>\n<td><span style=\"font-size: 18px;\"><a title=\"Mechanik\" href=\"http:\/\/www.hund-hersbruck.de\/web_neu\/?page_id=5334\">1<\/a><\/span><\/td>\n<td><span style=\"font-size: 18px;\"><a title=\"Mechanik_Seite_2\" href=\"http:\/\/www.hund-hersbruck.de\/web_neu\/?page_id=5340\">2<\/a><\/span><\/td>\n<td><span style=\"font-size: 18px;\"><a title=\"Mechanik_Seite_3\" href=\"http:\/\/www.hund-hersbruck.de\/web_neu\/?page_id=5342\">3<\/a><\/span><\/td>\n<td><span style=\"font-size: 18px;\"><a title=\"Mechanik_Seite_4\" href=\"http:\/\/www.hund-hersbruck.de\/web_neu\/?page_id=6671\">4<\/a><\/span><\/td>\n<td><span style=\"font-size: 18px;\"><a title=\"Mechanik_Seite_5\" href=\"http:\/\/www.hund-hersbruck.de\/web_neu\/?page_id=6673\">5<\/a><\/span><\/td>\n<td><span style=\"font-size: 18px;\"><a title=\"Mechanik_Seite_6\" href=\"http:\/\/www.hund-hersbruck.de\/web_neu\/mechanik\/mechanik_seite_6\/\">6<\/a><\/span><\/td>\n<td><span style=\"font-size: 18px;\"><a title=\"Mechanik_Seite_7\" href=\"http:\/\/www.hund-hersbruck.de\/web_neu\/mechanik\/mechanik_seite_7\/\">7<\/a><\/span><\/td>\n<\/tr>\n<\/tbody>\n<\/table>\n<p style=\"text-align: justify;\"><span style=\"color: transparent; font-size: 1px;\">.<\/span><strong><span style=\"font-family: arial, helvetica, sans-serif; font-size: 12pt;\"><span style=\"color: #993300;\">Solar &#8211; Wackeltanztiere\u00a0 \u00a0 \u00a0<\/span>\u00a0 je 5,00 \u20ac<\/span><\/strong><br \/>\n<span style=\"font-family: arial, helvetica, sans-serif; font-size: 10pt;\"><span style=\"color: #993300;\"><b>Ente &#8211; Hai &#8211; Tyrannosaurier &#8211; Flamingo &#8211; Blume\u00a0 \u00a0(ohne Abb.)<\/b><\/span><br \/>\n<span style=\"font-size: 10pt;\">\u00a0 <\/span><span style=\"font-size: 10pt;\">\u00a0Diese lustigen Gesellen tanzen in unserem Schaufenster und ziehen dort die vorbeilaufenden Passanten an &#8211; &#8230; und machen sie damit dann oft zu Kunden! Alle sind 11 cm hoch und funktionieren am besten mit Tages- bzw. nat\u00fcrlich mit Sonnenlicht. Dann schwenken sie in bester Elvis-Manier die H\u00fcften und winken mit den Armen. Momentan haben wir eine relativ kleine Menge bekommen mit den Modellen Flamingo, B\u00e4r, Hai und Frosch. Sie k\u00f6nnen ausw\u00e4hlen, solange es halt geht. Geben Sie sicherheitshalber ein Ersatztier an &#8230; Nicht f\u00fcr Kinder unter drei Jahren geeignet wegen abbrechbarer Kleinteile. Hinschauen, mittanzen und juchzen d\u00fcrfen sie nat\u00fcrlich schon &#8230;<\/span><\/span><\/p>\n<p class=\"empty-paragraph\" style=\"text-align: justify;\">\u00a0<span style=\"font-size: 1px; color: transparent;\">.<\/span><\/p>\n<p style=\"text-align: justify;\"><span style=\"font-family: arial,helvetica,sans-serif; font-size: 10pt;\"><strong><span style=\"color: #993300;\">BADEWANNEN &#8211; SCHWIMMER<\/span> <\/strong>(Zippy Bather)<strong>\u00a0 \u00a0 \u00a0 \u00a0 \u00a0 \u00a0 \u00a0 \u00a0 \u00a0 \u00a0 4,50 \u20ac<br \/>\n<\/strong><img loading=\"lazy\" decoding=\"async\" class=\"alignleft size-full wp-image-2528\" title=\"ZippyBatherSchwimmer\" src=\"http:\/\/www.hund-hersbruck.de\/web_neu\/wp-content\/uploads\/ZippyBatherSchwimmer.gif\" alt=\"\" width=\"100\" height=\"100\" \/>So was \u00c4hnliches hatten Sie bestimmt in Ihrer Kindheit auch: Einen Schwimmer (oder ein lustiges Tier), den man mit einem Knopf an der Seite aufziehen konnte. Dann paddelte er eine Zeitlang in der Badewanne rum. Dieses Modell hier ist aber im Vergleich dazu &#8222;HighTech&#8220;, denn man kann einstellen, ob er Butterfly- oder Kraulstil schwimmen soll. Und die Beine bewegen sich auch &#8222;stilgem\u00e4\u00df&#8220;! 8 cm lang. ACHTUNG: Nicht geeignet f\u00fcr Kinder unter 3 Jahren wegen Erstickungsgefahr durch Kleinteile! Stichwort: Energie &#8211; Umformung &#8230;<\/span><\/p>\n<p>&nbsp;<\/p>\n<p class=\"empty-paragraph\">\u00a0<span style=\"font-size: 1px; color: transparent;\">.<\/span><\/p>\n<p style=\"text-align: justify;\"><strong><span style=\"font-family: arial,helvetica,sans-serif; font-size: 12pt;\"><span style=\"color: #993300;\">Newton&#8217;s Cradle &#8211; Newtonpendel &#8211;\u00a0 Kugelsto\u00dfpendel \u00a0\u00a0\u00a0\u00a0<\/span> 12,50 \u20ac\u00a0\u00a0\u00a0\u00a0\u00a0<\/span><\/strong><br \/>\n<span style=\"font-family: arial,helvetica,sans-serif; font-size: 10pt;\">\u00a0<a href=\"http:\/\/www.hund-hersbruck.de\/web_neu\/wp-content\/uploads\/NewtonpendelKoeg.jpg\"><img loading=\"lazy\" decoding=\"async\" class=\"alignleft size-thumbnail wp-image-12067\" src=\"http:\/\/www.hund-hersbruck.de\/web_neu\/wp-content\/uploads\/NewtonpendelKoeg-150x150.jpg\" alt=\"NewtonpendelKoeg\" width=\"150\" height=\"150\" srcset=\"http:\/\/www.hund-hersbruck.de\/web_neu\/wp-content\/uploads\/NewtonpendelKoeg-150x150.jpg 150w, http:\/\/www.hund-hersbruck.de\/web_neu\/wp-content\/uploads\/NewtonpendelKoeg-300x300.jpg 300w, http:\/\/www.hund-hersbruck.de\/web_neu\/wp-content\/uploads\/NewtonpendelKoeg.jpg 370w\" sizes=\"auto, (max-width: 150px) 100vw, 150px\" \/><\/a> \u00a0 Das Newtonpendel ist ein zeitloses und klassisches Accessoire, das\u00a0Wissenschaft und Kunst vereint. Steht auf vielen Schreibtischen und &#8230; Faszinierend zu beobachten. Auch bekannt als &#8222;Kugelpendel&#8220;, &#8222;Newton-Wiege&#8220; und &#8222;Kugelsto\u00dfpendel&#8220;, veranschaulicht dieses kunstvolle und dekorative Spiel das Gesetz der Impulserhaltung und der kinetischen Energie. Newtons drittes Gesetz hat noch nie so viel\u00a0\u00a0\u00a0 Spa\u00df gemacht!\u00a0Abmessungen ca. 14,5&#215;16,5x17cm\u00a0\u00a0 Kein Kinderspielzeug! Unsere gr\u00f6\u00dfte und sch\u00f6nste Newtonwiege!\u00a0<\/span><\/p>\n<p class=\"empty-paragraph\">\u00a0<span style=\"color: transparent; font-size: 1px;\">.<\/span><\/p>\n<p class=\"empty-paragraph\">\u00a0<span style=\"color: transparent; font-size: 1px;\">.<\/span><\/p>\n<p class=\"empty-paragraph\">\u00a0<span style=\"color: transparent; font-size: 1px;\">.<\/span><\/p>\n<p style=\"text-align: justify;\"><span style=\"font-size: 14px;\"><span style=\"font-family: arial,helvetica,sans-serif; font-size: 12pt;\"><strong><span style=\"color: #800000;\">Die r\u00e4tselhafte M\u00fcnzenschachtel:<\/span> &#8222;Wie komme ich blo\u00df an die M\u00fcnzen???&#8220;\u00a0<\/strong><\/span><span style=\"font-family: Arial;\">(Coin Puzzle Box \/ Puzzle of Life)\u00a0\u00a0<span style=\"color: #000000; font-size: 18px;\"> <span style=\"font-size: 12pt;\"><strong>7,00 \u20ac<\/strong><\/span><\/span><br \/>\n<a href=\"http:\/\/www.hund-hersbruck.de\/web_neu\/tuftelspiele\/tuftelspiele-4\/raetselhafte-muenzschachtel\/\" rel=\"attachment wp-att-4906\"><img loading=\"lazy\" decoding=\"async\" class=\"alignleft wp-image-4906\" title=\"Raetselhafte Muenzschachtel\" src=\"http:\/\/www.hund-hersbruck.de\/web_neu\/wp-content\/uploads\/Raetselhafte-Muenzschachtel-300x225.jpg\" alt=\"\" width=\"179\" height=\"134\" srcset=\"http:\/\/www.hund-hersbruck.de\/web_neu\/wp-content\/uploads\/Raetselhafte-Muenzschachtel-300x225.jpg 300w, http:\/\/www.hund-hersbruck.de\/web_neu\/wp-content\/uploads\/Raetselhafte-Muenzschachtel-150x112.jpg 150w, http:\/\/www.hund-hersbruck.de\/web_neu\/wp-content\/uploads\/Raetselhafte-Muenzschachtel.jpg 320w\" sizes=\"auto, (max-width: 179px) 100vw, 179px\" \/><\/a>\u00a0\u00a0 <span style=\"font-size: 10pt;\">Vier (oder acht oder &#8230;) M\u00fcnzen sollen aus einer v\u00f6llig durchsichtigen, quadratischen Plexiglasschachtel (11 cm x 11 cm x 3 cm) befreit werden. Aber irgendwie geht das nicht! Es gilt, die Blockierung durch acht Stahlstifte zu \u00fcberlisten. Aber wie blo\u00df?? Wer das Geheimnis kennt, schafft es in Sekunden! &#8211; Die L\u00f6sung ist sooo einfach \u2013 wenn man sie kennt (hat viel \/ ausschlie\u00dflich mit Physik zu tun &#8230;)! Diese Schachtel eignet sich auch sehr gut als originelle Verpackung von Geldgeschenken: Der Beschenkte sieht zwar das Geld, kommt aber nicht ran (wenn Sie n\u00e4mlich die L\u00f6sungsbeschreibung erst beim n\u00e4chsten Geburtstag nachreichen &#8230;)! Probieren Sie selbst aus, wie viele und\u00a0 welche M\u00fcnzen Sie einf\u00fcllen m\u00f6chten. Mitgeliefert werden vier Plastikscheiben mit symbolischen Lebensmotiven.\u00a0 <span style=\"color: #0000ff;\">Nur noch, solange unser (schmelzender) Vorrat reicht! <\/span><\/span><span style=\"font-size: 10px;\"><span style=\"color: #008080; font-family: Arial;\">ACHTUNG:\u00a0 Nicht geeignet f\u00fcr Kinder unter 3 Jahren wegen Erstickungsgefahr durch\u00a0Kleinteile!<\/span><\/span><\/span><\/span><\/p>\n<p class=\"empty-paragraph\">\u00a0<span style=\"font-size: 1px; color: transparent;\">.<\/span><\/p>\n<p class=\"empty-paragraph\">\u00a0<span style=\"color: transparent; font-size: 1px;\">.<\/span><\/p>\n<p><span style=\"font-family: arial,helvetica,sans-serif; font-size: 18px;\"><span style=\"color: #993300; font-size: 12pt;\"><strong>H\u00dcPF \u2013 SCHEIBEN\u00a0\u00a0\u00a0\u00a0\u00a0<\/strong><\/span><strong><span style=\"font-size: 12pt;\"> 1,00 \u20ac<\/span> <\/strong><\/span><\/p>\n<p style=\"text-align: justify;\"><span style=\"font-family: arial,helvetica,sans-serif;\"><img loading=\"lazy\" decoding=\"async\" class=\"alignleft wp-image-758\" title=\"Poppers5cm\" src=\"http:\/\/www.hund-hersbruck.de\/web_neu\/wp-content\/uploads\/Poppers5cm-150x150.jpg\" alt=\"\" width=\"108\" height=\"108\" srcset=\"http:\/\/www.hund-hersbruck.de\/web_neu\/wp-content\/uploads\/Poppers5cm-150x150.jpg 150w, http:\/\/www.hund-hersbruck.de\/web_neu\/wp-content\/uploads\/Poppers5cm.jpg 280w\" sizes=\"auto, (max-width: 108px) 100vw, 108px\" \/><span style=\"font-size: 10pt;\">Die bekannten <span style=\"color: #000000;\">\u201ehalbierten Gummib\u00e4lle&#8220;<\/span>, die nach dem Umst\u00fclpen und Hinlegen ein paar Schrecksekunden brauchen, bis sie in die Luft h\u00fcpfen;\u00a0<\/span><\/span><span style=\"font-family: arial,helvetica,sans-serif; font-size: 10pt;\"><span style=\"color: #993300;\">Durchmesser 4,5<\/span> cm\u00a0<strong>\u00a0<\/strong><\/span><\/p>\n<p class=\"empty-paragraph\">\u00a0<span style=\"color: transparent; font-size: 1px;\">.<\/span><\/p>\n<p class=\"empty-paragraph\">\u00a0<span style=\"color: transparent; font-size: 1px;\">.<\/span><\/p>\n<p class=\"empty-paragraph\"><span style=\"text-decoration: underline;\"><span style=\"color: transparent; font-family: arial,helvetica,sans-serif; font-size: 1px; text-decoration: underline;\">.<\/span><\/span><\/p>\n<p class=\"empty-paragraph\">\u00a0<span style=\"color: transparent; font-size: 1px;\">.<\/span><span style=\"font-family: arial,helvetica,sans-serif; font-size: 12pt;\"><strong><span style=\"background-color: #ffff00;\">\u00a0<\/span><\/strong><\/span><span style=\"font-size: 12pt;\"><span style=\"font-family: arial,helvetica,sans-serif;\"><strong><span style=\"background-color: #ffff00;\">K<\/span><\/strong><\/span><span style=\"font-family: arial,helvetica,sans-serif;\"><strong><span style=\"color: #993300;\">reiselclown<\/span><\/strong><\/span><span style=\"font-family: arial,helvetica,sans-serif;\"><strong>\u00a0\u00a0\u00a0\u00a0\u00a0 1,50 \u20ac<\/strong><\/span><\/span><span style=\"font-family: arial,helvetica,sans-serif; font-size: 12pt;\"><strong><br \/>\n<\/strong> <span style=\"font-size: 10pt;\">Lustig lustig lustig &#8211; diese 5,5 cm <a href=\"http:\/\/www.hund-hersbruck.de\/web_neu\/clownkreisel\/\" rel=\"attachment wp-att-3518\"><img loading=\"lazy\" decoding=\"async\" class=\"alignleft wp-image-3518\" title=\"Clownkreisel\" src=\"http:\/\/www.hund-hersbruck.de\/web_neu\/wp-content\/uploads\/Clownkreisel.jpg\" alt=\"\" width=\"133\" height=\"133\" srcset=\"http:\/\/www.hund-hersbruck.de\/web_neu\/wp-content\/uploads\/Clownkreisel.jpg 255w, http:\/\/www.hund-hersbruck.de\/web_neu\/wp-content\/uploads\/Clownkreisel-150x150.jpg 150w\" sizes=\"auto, (max-width: 133px) 100vw, 133px\" \/><\/a>gro\u00dfen, bunten Kreisel in Clownkopfform! Kreisel mal anders &#8230; ; bemaltes Holz<\/span><\/span><\/p>\n<p class=\"empty-paragraph\" style=\"text-align: justify;\"><span style=\"font-family: arial,helvetica,sans-serif; font-size: 8pt;\">Nicht geeignet f\u00fcr Kinder unter 3 Jahren wegen verschluckbarer Kleinteile (n\u00e4mlich dem Clown als solchem&#8230;)<\/span><\/p>\n<p class=\"empty-paragraph\" style=\"text-align: justify;\"><span style=\"color: #ffffff; font-family: arial,helvetica,sans-serif; font-size: 12pt;\">.<\/span><\/p>\n<p class=\"empty-paragraph\"><span style=\"color: #ffffff; font-family: arial,helvetica,sans-serif; font-size: 12pt;\">.<\/span><\/p>\n<p class=\"empty-paragraph\"><span style=\"color: #ffffff; font-family: arial,helvetica,sans-serif; font-size: 12pt;\">.<\/span><\/p>\n<p class=\"empty-paragraph\"><span style=\"color: #ffffff; font-family: arial,helvetica,sans-serif; font-size: 12pt;\">.<\/span><\/p>\n<p class=\"empty-paragraph\"><span style=\"font-family: arial,helvetica,sans-serif; font-size: 12pt;\"><span style=\"color: #ffffff;\">.<\/span><span style=\"color: #ffffff;\">.<\/span><\/span><span style=\"font-size: 12pt;\"><strong><span style=\"font-family: arial,helvetica,sans-serif;\"><span style=\"color: #993300;\">Kreisel (farbig, Sperrholz)<\/span>\u00a0\u00a0\u00a0\u00a0\u00a0\u00a0 1.- \u20ac<\/span><\/strong><\/span><br \/>\n<span style=\"font-family: arial,helvetica,sans-serif; font-size: 12pt;\"><a href=\"http:\/\/www.hund-hersbruck.de\/web_neu\/wp-content\/uploads\/Kreiselsortiment.jpg\"><img loading=\"lazy\" decoding=\"async\" class=\"alignleft wp-image-7585\" src=\"http:\/\/www.hund-hersbruck.de\/web_neu\/wp-content\/uploads\/Kreiselsortiment.jpg\" alt=\"Kreiselsortiment\" width=\"166\" height=\"187\" srcset=\"http:\/\/www.hund-hersbruck.de\/web_neu\/wp-content\/uploads\/Kreiselsortiment.jpg 249w, http:\/\/www.hund-hersbruck.de\/web_neu\/wp-content\/uploads\/Kreiselsortiment-133x150.jpg 133w\" sizes=\"auto, (max-width: 166px) 100vw, 166px\" \/><\/a>\u00a0\u00a0<a href=\"http:\/\/www.hund-hersbruck.de\/web_neu\/wp-content\/uploads\/HolzkreiselGok.jpg\"><img loading=\"lazy\" decoding=\"async\" class=\"alignleft wp-image-10327\" src=\"http:\/\/www.hund-hersbruck.de\/web_neu\/wp-content\/uploads\/HolzkreiselGok.jpg\" alt=\"holzkreiselgok\" width=\"140\" height=\"140\" srcset=\"http:\/\/www.hund-hersbruck.de\/web_neu\/wp-content\/uploads\/HolzkreiselGok.jpg 280w, http:\/\/www.hund-hersbruck.de\/web_neu\/wp-content\/uploads\/HolzkreiselGok-150x150.jpg 150w\" sizes=\"auto, (max-width: 140px) 100vw, 140px\" \/><\/a>\u00a0 <span style=\"font-size: 10pt;\">Wunderbar bunte Kreisel aus Sperrholz, die einfach zu &#8222;zwirbeln&#8220; sind und sch\u00f6ne Effekte ergeben.\u00a012fach sortiert, aber nicht mehr alle Motive vorr\u00e4tig. Durchmesser 6 &#8211; 7 cm\u00a0\u00a0\u00a0<\/span><span style=\"font-size: 8pt;\"> Nicht f\u00fcr Kinder unter drei Jahren geeignet!<\/span><\/span><\/p>\n<p class=\"empty-paragraph\">\u00a0<span style=\"color: transparent; font-size: 1px;\">.<\/span><\/p>\n<p class=\"empty-paragraph\">\u00a0<span style=\"color: transparent; font-size: 1px;\">.<\/span><\/p>\n<p class=\"empty-paragraph\">\u00a0<span style=\"color: transparent; font-size: 1px;\">.<\/span><\/p>\n<p class=\"empty-paragraph\">\u00a0<span style=\"color: transparent; font-size: 1px;\">.<\/span><\/p>\n<p class=\"empty-paragraph\">\u00a0<span style=\"color: transparent; font-size: 1px;\">.<\/span><\/p>\n<p class=\"empty-paragraph\">\u00a0<span style=\"color: transparent; font-size: 1px;\">.<\/span><\/p>\n<p class=\"empty-paragraph\">\u00a0<span style=\"color: transparent; font-size: 1px;\">.<\/span><span style=\"font-family: arial,helvetica,sans-serif; font-size: 12pt;\"><strong> <span style=\"color: #993300;\">Kreisel mit Farbfolien &#8211; Scheiben\u00a0\u00a0\u00a0\u00a0<\/span> 3,00 \u20ac<\/strong><\/span><br \/>\n<span style=\"font-family: arial,helvetica,sans-serif; font-size: 14px;\">\u00a0\u00a0<strong><a href=\"http:\/\/www.hund-hersbruck.de\/web_neu\/wp-content\/uploads\/Kreisel-mit-Farbscheiben.jpg\"><img loading=\"lazy\" decoding=\"async\" src=\"http:\/\/www.hund-hersbruck.de\/web_neu\/wp-content\/uploads\/Kreisel-mit-Farbscheiben-150x112.jpg\" alt=\"Kreisel mit Farbscheiben\" width=\"150\" height=\"112\" \/><\/a><\/strong> <span style=\"font-size: 10pt;\">Leider nur wenige Exemplare: Bemalter Holzkreisel (Durchmesser 5,5 cm) der Qualit\u00e4tsfirma &#8222;Die Spiegelburg&#8220; mit drei farbigen Folienauflegern. Dadurch ergeben sich immer wieder neue Farbspiele beim Drehen.<\/span>\u00a0<span style=\"font-size: 8pt;\"> Wegen Erstickungsgefahr durch Kleinteile nicht geeignet f\u00fcr Kinder unter drei Jahren.<\/span><\/span><\/p>\n<p class=\"empty-paragraph\">\u00a0<span style=\"font-size: 1px; color: transparent;\">.<\/span><\/p>\n<p class=\"empty-paragraph\">\u00a0<span style=\"font-size: 1px; color: transparent;\">.<\/span><\/p>\n<p style=\"text-align: justify;\"><span style=\"font-family: arial,helvetica,sans-serif; font-size: 12pt;\"><strong><span style=\"color: #993300;\">H\u00fcpf- und Singkreisel Balou\u00a0\u00a0\u00a0<\/span> 12,00 \u20ac<\/strong><\/span><br \/>\n<span style=\"font-family: arial,helvetica,sans-serif; font-size: 14px;\">\u00a0\u00a0<a href=\"http:\/\/www.hund-hersbruck.de\/web_neu\/wp-content\/uploads\/Kreisel-Balou.jpg\"><img loading=\"lazy\" decoding=\"async\" class=\"alignleft\" src=\"http:\/\/www.hund-hersbruck.de\/web_neu\/wp-content\/uploads\/Kreisel-Balou-300x225.jpg\" alt=\"Kreisel Balou\" width=\"221\" height=\"166\" \/><\/a> Wieder ein faszinierendes Technikspielzeug, das alle begeistert, die das zum ersten Mal (und zum xten Mal!) sehen bzw. selbst ausprobieren d\u00fcrfen! Der ganz aus Blech bestehende, kugelf\u00f6rmige Kreisel (5 cm Durchmesser) hat auf einem Pol eine Aufnahmestange, mit der er im Schwungapparat einrastet. Auf der gegen\u00fcberliegenden Seite befindet sich eine 3 cm lange Spiralfeder mit halbkugelf\u00f6rmigem Ende. Damit h\u00fcpft der Kreisel zun\u00e4chst mal verbl\u00fcffend in der Gegend herum, kreiselt unglaublich schnell und stabil &#8211; und &#8222;singt&#8220; auch noch dazu! Wunderbar! Pflichtgem\u00e4\u00df teilen wir aber mit, dass das kein Kinderspielzeug mehr ist, weil eben aus Blech bestehend und heutige Kinder sich daran schneiden k\u00f6nnten. Also &#8222;nicht geeignet f\u00fcr Kinder unter 14 Jahren!&#8220;, wie es auf der Verpackung hei\u00dft. Allerdings ist das ein Schmarren, weil Kinder \u00fcber 14 Jahren ja keine Kinder mehr sind &#8230;! <\/span><\/p>\n<p class=\"empty-paragraph\">\u00a0<span style=\"color: transparent; font-size: 1px;\">.<\/span><\/p>\n<p class=\"empty-paragraph\">\u00a0<span style=\"font-size: 1px; color: transparent;\">.<\/span><\/p>\n<p style=\"text-align: justify;\"><span style=\"font-family: arial, helvetica, sans-serif; font-size: 12pt;\"><strong><span style=\"color: #993300;\">Kreisel &#8222;Super &#8211; Taumler&#8220;<\/span>\u00a0 \u00a0 \u00a0 \u00a0Sonderpreis 4,00 \u20ac<\/strong><\/span><br \/>\n<span style=\"font-family: arial, helvetica, sans-serif; font-size: 10pt;\">\u00a0\u00a0<strong><strong><strong><a href=\"http:\/\/www.hund-hersbruck.de\/web_neu\/wp-content\/uploads\/Supertaumler-Kreisel.jpg\"><img loading=\"lazy\" decoding=\"async\" class=\"alignleft\" src=\"http:\/\/www.hund-hersbruck.de\/web_neu\/wp-content\/uploads\/Supertaumler-Kreisel.jpg\" alt=\"Supertaumler Kreisel\" width=\"180\" height=\"90\" \/><\/a><\/strong><\/strong><\/strong> Und weiter geht es mit einem sehr erstaunlichen Kreisel, der so ganz anders aussieht als gewohnt, und sich auch ganz anders bewegt! Schwer zu beschreiben, aber der Name gibt schon einen Hinweis. Eigentlich sollten wir gar nicht mehr verraten, sondern Sie nur auffordern: &#8222;Kaufen sie und am\u00fcsieren Sie sich selbst, Ihre Familie, Ihre Sch\u00fcler, Ihren Chef &#8230;!&#8220; Der Super &#8211; Taumler ist 35 mm im Durchmesser und 115 mm lang, ganz aus Holz und in der EU gefertigt. Nicht f\u00fcr Kinder unter drei Jahren geeignet.<\/span><\/p>\n<p style=\"text-align: justify;\"><span style=\"font-family: arial, helvetica, sans-serif; font-size: 10pt;\">\u00a0<\/span><\/p>\n<p class=\"empty-paragraph\">\u00a0 <span style=\"font-size: 1px; color: transparent;\">.<\/span><\/p>\n<p style=\"text-align: justify;\">\u00a0<span style=\"font-family: arial,helvetica,sans-serif; font-size: 12pt;\"><strong><span style=\"color: #993300;\">Wandkriechtiere\u00a0\u00a0\u00a0\u00a0\u00a0<\/span> 2,00<span style=\"color: #ff0000;\"> \u20ac<\/span><\/strong><\/span><br \/>\n<span style=\"font-family: arial,helvetica,sans-serif; font-size: 14px;\">\u00a0<a href=\"http:\/\/www.hund-hersbruck.de\/web_neu\/wp-content\/uploads\/Wandkriechtiere2.jpg\"><img loading=\"lazy\" decoding=\"async\" src=\"http:\/\/www.hund-hersbruck.de\/web_neu\/wp-content\/uploads\/Wandkriechtiere2.jpg\" alt=\"Wandkriechtiere2\" width=\"120\" height=\"90\" \/><\/a>\u00a0<a href=\"http:\/\/www.hund-hersbruck.de\/web_neu\/wp-content\/uploads\/Wandkriechtiere.jpg\"><img loading=\"lazy\" decoding=\"async\" class=\"alignleft\" src=\"http:\/\/www.hund-hersbruck.de\/web_neu\/wp-content\/uploads\/Wandkriechtiere.jpg\" alt=\"Wandkriechtiere\" width=\"216\" height=\"162\" \/><\/a> <span style=\"font-size: 10pt;\"><strong>DIE<\/strong> machen was her! Vier verschiedene Insekten, 6 bis 9 cm gro\u00df (!), bunt, aus Plastik, kriechen glatte Fl\u00e4chen (Fenster) in wechselndem Tempo runter! Raffinierte, aber einfach zu durchschauende \u00a0Technik macht dies m\u00f6glich, nat\u00fcrlich ohne elektrischen oder elektronischen Firlefanz! Hirsch- und Marienk\u00e4fer, Wanzen &#8230; einmal anders. Bei Insektenphobikern bitte mit Vorsicht vorf\u00fchren &#8230; ,-)\u00a0 Mit einem beiliegenden &#8222;Ersatzrad&#8220; (wof\u00fcr das ist, wird aber nicht verraten). Nicht f\u00fcr Kinder unter drei Jahren geeignet, logisch! <\/span><\/span><\/p>\n<p class=\"empty-paragraph\">\u00a0<span style=\"font-size: 1px; color: transparent;\">.<\/span><\/p>\n<table border=\"0\" align=\"center\">\n<tbody>\n<tr>\n<td><span style=\"font-size: 18px;\">Seiten<\/span><\/td>\n<td><span style=\"font-size: 18px;\"><a title=\"Mechanik\" href=\"http:\/\/www.hund-hersbruck.de\/web_neu\/?page_id=5334\">1<\/a><\/span><\/td>\n<td><span style=\"font-size: 18px;\"><a title=\"Mechanik_Seite_2\" href=\"http:\/\/www.hund-hersbruck.de\/web_neu\/?page_id=5340\">2<\/a><\/span><\/td>\n<td><span style=\"font-size: 18px;\"><a title=\"Mechanik_Seite_3\" href=\"http:\/\/www.hund-hersbruck.de\/web_neu\/?page_id=5342\">3<\/a><\/span><\/td>\n<td><span style=\"font-size: 18px;\"><a title=\"Mechanik_Seite_4\" href=\"http:\/\/www.hund-hersbruck.de\/web_neu\/?page_id=6671\">4<\/a><\/span><\/td>\n<td><span style=\"font-size: 18px;\"><a title=\"Mechanik_Seite_5\" href=\"http:\/\/www.hund-hersbruck.de\/web_neu\/?page_id=6673\">5<\/a><\/span><\/td>\n<td><span style=\"font-size: 18px;\"><a title=\"Mechanik_Seite_6\" href=\"http:\/\/www.hund-hersbruck.de\/web_neu\/mechanik\/mechanik_seite_6\/\">6<\/a><\/span><\/td>\n<td><span style=\"font-size: 18px;\"><a title=\"Mechanik_Seite_7\" href=\"http:\/\/www.hund-hersbruck.de\/web_neu\/mechanik\/mechanik_seite_7\/\">7<\/a><\/span><\/td>\n<\/tr>\n<\/tbody>\n<\/table>\n","protected":false},"excerpt":{"rendered":"<p>\u00a0Mechanik Solar-Wackeltiere &#8211; Schwerpunkt &#8211; Balance &#8211; Kreisel &#8211; Taumelkreisel &#8211;\u00a0 -Seite 5- Mechanische &#8222;Ph\u00e4nomene&#8220; und Ph\u00e4nomene, die mit Dynamik, mit Gleichgewicht &#8230; zu tun haben Preis\u00e4nderungen (leider!) vorbehalten! Mindestbestellsumme 15.- \u20ac + Porto\u00a0 \u00a0So k\u00f6nnen sie bestellen:\u00a0\u00a0 Tel. 09151\/4716\u00a0\u00a0\u00a0 oder gabys-zauberland@t-online.de\u00a0 oder mit dem Kontaktformular oben Achtung: Wenn Sie intensive Beratung mit praktischen Demonstrationen [&hellip;]<\/p>\n","protected":false},"author":1,"featured_media":0,"parent":5334,"menu_order":0,"comment_status":"closed","ping_status":"closed","template":"","meta":{"footnotes":""},"class_list":["post-6673","page","type-page","status-publish","hentry"],"_links":{"self":[{"href":"http:\/\/www.hund-hersbruck.de\/web_neu\/wp-json\/wp\/v2\/pages\/6673","targetHints":{"allow":["GET"]}}],"collection":[{"href":"http:\/\/www.hund-hersbruck.de\/web_neu\/wp-json\/wp\/v2\/pages"}],"about":[{"href":"http:\/\/www.hund-hersbruck.de\/web_neu\/wp-json\/wp\/v2\/types\/page"}],"author":[{"embeddable":true,"href":"http:\/\/www.hund-hersbruck.de\/web_neu\/wp-json\/wp\/v2\/users\/1"}],"replies":[{"embeddable":true,"href":"http:\/\/www.hund-hersbruck.de\/web_neu\/wp-json\/wp\/v2\/comments?post=6673"}],"version-history":[{"count":78,"href":"http:\/\/www.hund-hersbruck.de\/web_neu\/wp-json\/wp\/v2\/pages\/6673\/revisions"}],"predecessor-version":[{"id":17848,"href":"http:\/\/www.hund-hersbruck.de\/web_neu\/wp-json\/wp\/v2\/pages\/6673\/revisions\/17848"}],"up":[{"embeddable":true,"href":"http:\/\/www.hund-hersbruck.de\/web_neu\/wp-json\/wp\/v2\/pages\/5334"}],"wp:attachment":[{"href":"http:\/\/www.hund-hersbruck.de\/web_neu\/wp-json\/wp\/v2\/media?parent=6673"}],"curies":[{"name":"wp","href":"https:\/\/api.w.org\/{rel}","templated":true}]}}