{"id":6671,"date":"2013-09-09T12:50:03","date_gmt":"2013-09-09T12:50:03","guid":{"rendered":"http:\/\/www.hund-hersbruck.de\/web_neu\/?page_id=6671"},"modified":"2025-08-02T19:27:19","modified_gmt":"2025-08-02T19:27:19","slug":"mechanik_seite_4","status":"publish","type":"page","link":"http:\/\/www.hund-hersbruck.de\/web_neu\/mechanik\/mechanik_seite_4\/","title":{"rendered":"Mechanik_Seite_4"},"content":{"rendered":"<p style=\"text-align: center;\"><span style=\"color: #000000; font-size: 20px;\"><strong>Mechanik<\/strong><\/span><span style=\"color: #000000; font-family: arial,helvetica,sans-serif; font-size: 20px;\"><strong>\u00a0 4<\/strong><\/span><\/p>\n<p style=\"text-align: center;\"><span style=\"color: #993300; font-family: arial,helvetica,sans-serif;\"><span style=\"font-size: 16px;\"><strong>Mechanische &#8222;Ph\u00e4nomene&#8220; und Ph\u00e4nomene, die mit Dynamik, mit Gleichgewicht &#8230; zu tun haben<\/strong><\/span><\/span><\/p>\n<p style=\"text-align: center;\"><span style=\"font-size: 16px;\"><span style=\"color: #000000; font-family: arial,helvetica,sans-serif;\"><span style=\"font-size: 10pt;\">Metallspiralen &#8211; Treppenl\u00e4ufer &#8211; Holzkreisel &#8211; Pickende H\u00fchner &#8211; Maus mit R\u00fcckzugmotor &#8211; Badewannen-Schwimmer &#8211; Gummi-Ufo<\/span><\/span><\/span><\/p>\n<p style=\"text-align: center;\">-Seite 4-<\/p>\n<table border=\"0\" align=\"center\">\n<tbody>\n<tr>\n<td><span style=\"font-size: 18px;\">Seiten<\/span><\/td>\n<td><span style=\"font-size: 18px;\"><a title=\"Mechanik\" href=\"http:\/\/www.hund-hersbruck.de\/web_neu\/?page_id=5334\">1<\/a><\/span><\/td>\n<td><span style=\"font-size: 18px;\"><a title=\"Mechanik_Seite_2\" href=\"http:\/\/www.hund-hersbruck.de\/web_neu\/?page_id=5340\">2<\/a><\/span><\/td>\n<td><span style=\"font-size: 18px;\"><a title=\"Mechanik_Seite_3\" href=\"http:\/\/www.hund-hersbruck.de\/web_neu\/?page_id=5342\">3<\/a><\/span><\/td>\n<td><span style=\"font-size: 18px;\"><a title=\"Mechanik_Seite_4\" href=\"http:\/\/www.hund-hersbruck.de\/web_neu\/?page_id=6671\">4<\/a><\/span><\/td>\n<td><span style=\"font-size: 18px;\"><a title=\"Mechanik_Seite_5\" href=\"http:\/\/www.hund-hersbruck.de\/web_neu\/?page_id=6673\">5<\/a><\/span><\/td>\n<td><span style=\"font-size: 18px;\"><a title=\"Mechanik_Seite_6\" href=\"http:\/\/www.hund-hersbruck.de\/web_neu\/mechanik\/mechanik_seite_6\/\">6<\/a><\/span><\/td>\n<td><span style=\"font-size: 18px;\"><a title=\"Mechanik_Seite_7\" href=\"http:\/\/www.hund-hersbruck.de\/web_neu\/mechanik\/mechanik_seite_7\/\">7<\/a><\/span><\/td>\n<\/tr>\n<\/tbody>\n<\/table>\n<p style=\"text-align: center;\"><span style=\"font-family: arial,helvetica,sans-serif; font-size: 10pt;\">Preis\u00e4nderungen (leider!) vorbehalten! Mindestbestellsumme 15.- \u20ac + Porto\u00a0 \u00a0<\/span><span style=\"font-family: arial,helvetica,sans-serif; font-size: 16px;\"><strong>So k\u00f6nnen sie <span style=\"color: #0000ff; text-decoration: underline;\">bestellen<\/span>:\u00a0\u00a0 <\/strong><\/span><span style=\"font-family: arial,helvetica,sans-serif; font-size: 16px;\"><strong>Tel. 09151\/4716\u00a0\u00a0\u00a0 oder\u00a0 \u00a0<strong><a href=\"mailto:gabys-zauberland@t-online.de\">gabys-zauberland@t-online.de<\/a> <\/strong><\/strong><span style=\"font-size: 14px;\">(oder mit dem <span style=\"text-decoration: underline;\"><strong>Kontaktformular<\/strong> <\/span>oben<\/span><\/span><\/p>\n<p style=\"text-align: center;\"><span style=\"color: #000080; font-size: 10pt;\"><strong><span style=\"text-decoration: underline;\">UND, nur mal so nebenbei erw\u00e4hnt<\/span><\/strong>: DIESES Gesch\u00e4ft wird es nicht mehr geben (k\u00f6nnen), wenn die in der Person von Wolfgang Hund sich im Lauf der vielen Jahren zuf\u00e4llig vereinten Kenntnisse und Gesch\u00e4ftsverbindungen (nach USA, Indien &#8230;) nicht mehr vorhanden sind. Wir alle wissen, wie schnell sich Verh\u00e4ltnisse \u00e4ndern k\u00f6nnen. Momentan (Dezember 2024) denken wir nur ab und zu an ein Aufh\u00f6ren, aber nat\u00fcrlich ist es mit \u00fcber 7\/ Jahren irgendwie schon am Horizont &#8230; Bedenken Sie dies bitte im Hinterkopf, wenn Sie unser Sortiment durchst\u00f6bern!<\/span><\/p>\n<p><strong><span style=\"font-family: arial, helvetica, sans-serif; font-size: 12pt;\"><span style=\"color: #993300;\">Metall &#8211; Spirale gro\u00df 8 x 8 x 10 cm<\/span>\u00a0 \u00a0 \u00a0 13,50 \u20ac<\/span><\/strong><br \/>\n<span style=\"font-family: arial, helvetica, sans-serif; font-size: 10pt;\"> <img loading=\"lazy\" decoding=\"async\" class=\"size-full wp-image-16007 alignleft\" src=\"http:\/\/www.hund-hersbruck.de\/web_neu\/wp-content\/uploads\/Metallspirale-gross-Koeg.jpg\" alt=\"\" width=\"140\" height=\"140\" \/> \u00a0Die gr\u00f6\u00dfte, sch\u00f6nste, beste &#8230; Metall &#8211; Spirale \/ Treppenl\u00e4ufer, die wir je im Sortiment hatten! 370 g schwer, da hat man was in der Hand \ud83d\ude09\u00a0 \u00a0Nicht geeignet f\u00fcr Kinder unter drei Jahren (nach unserer Erfahrung: Nicht unter 8 Jahren &#8230;)<\/span><\/p>\n<p class=\"empty-paragraph\">\u00a0<span style=\"font-size: 1px; color: transparent;\">.<\/span><\/p>\n<p class=\"empty-paragraph\">\u00a0<span style=\"font-size: 1px; color: transparent;\">.<\/span><\/p>\n<p class=\"empty-paragraph\">\u00a0<span style=\"font-size: 1px; color: transparent;\">.<\/span><\/p>\n<p class=\"empty-paragraph\">\u00a0<span style=\"font-size: 1px; color: transparent;\">.<\/span><\/p>\n<p class=\"empty-paragraph\"><strong><span style=\"font-family: arial, helvetica, sans-serif; font-size: 12pt;\"><span style=\"color: #993300;\">Metall &#8211; Spirale mittel 6,6 x 6,6 x 6,6 cm\u00a0<\/span> \u00a08,50 \u20ac<\/span><\/strong><br \/>\n<span style=\"font-family: arial, helvetica, sans-serif; font-size: 10pt;\"><img loading=\"lazy\" decoding=\"async\" class=\"size-thumbnail wp-image-16008 alignleft\" src=\"http:\/\/www.hund-hersbruck.de\/web_neu\/wp-content\/uploads\/Metallspirale-mittel-Koeg-150x150.jpg\" alt=\"\" width=\"150\" height=\"150\" srcset=\"http:\/\/www.hund-hersbruck.de\/web_neu\/wp-content\/uploads\/Metallspirale-mittel-Koeg-150x150.jpg 150w, http:\/\/www.hund-hersbruck.de\/web_neu\/wp-content\/uploads\/Metallspirale-mittel-Koeg-300x300.jpg 300w, http:\/\/www.hund-hersbruck.de\/web_neu\/wp-content\/uploads\/Metallspirale-mittel-Koeg.jpg 343w\" sizes=\"auto, (max-width: 150px) 100vw, 150px\" \/>\u00a0 Metallic sortiert, 210 g schwer. Wenn es die oben nicht g\u00e4be, dann w\u00e4re DIE die beste &#8230; \ud83d\ude09\u00a0 Nicht geeignet f\u00fcr Kinder unter drei Jahren (nach unserer Erfahrung: Nicht unter 8 Jahren &#8230;)<\/span><\/p>\n<p class=\"empty-paragraph\">\u00a0<span style=\"font-size: 1px; color: transparent;\">.<\/span><\/p>\n<p class=\"empty-paragraph\">\u00a0<span style=\"font-size: 1px; color: transparent;\">.<\/span><\/p>\n<p class=\"empty-paragraph\"><span style=\"font-size: 10pt; color: transparent; font-family: arial, helvetica, sans-serif;\">Die.<\/span><\/p>\n<p class=\"empty-paragraph\">\u00a0<span style=\"font-size: 1px; color: transparent;\">.<\/span><\/p>\n<p><strong><span style=\"font-family: arial, helvetica, sans-serif; font-size: 12pt;\"><span style=\"color: #993300;\">Holzkreisel mit Tiermotiven\u00a0<\/span> \u00a0 6 St\u00fcck im Netz\u00a0 \u00a011,00 \u20ac<\/span><\/strong><br \/>\n<span style=\"font-family: arial, helvetica, sans-serif; font-size: 10pt;\"><img loading=\"lazy\" decoding=\"async\" class=\"size-thumbnail wp-image-16009 alignleft\" src=\"http:\/\/www.hund-hersbruck.de\/web_neu\/wp-content\/uploads\/Holzkreisel-Koeg-150x150.jpg\" alt=\"\" width=\"150\" height=\"150\" srcset=\"http:\/\/www.hund-hersbruck.de\/web_neu\/wp-content\/uploads\/Holzkreisel-Koeg-150x150.jpg 150w, http:\/\/www.hund-hersbruck.de\/web_neu\/wp-content\/uploads\/Holzkreisel-Koeg-300x300.jpg 300w, http:\/\/www.hund-hersbruck.de\/web_neu\/wp-content\/uploads\/Holzkreisel-Koeg.jpg 343w\" sizes=\"auto, (max-width: 150px) 100vw, 150px\" \/>\u00a0 DAVON haben wir leider nur ein paar Sets, 3,7 x 3,7 x 5 cm\u00a0 \u00a0 \u00a0 \u00a0 \u00a0Nicht geeignet f\u00fcr Kinder unter 3 Jahren!<\/span><\/p>\n<p class=\"empty-paragraph\">\u00a0<span style=\"font-size: 1px; color: transparent;\">.<\/span><\/p>\n<p class=\"empty-paragraph\">\u00a0<span style=\"font-size: 1px; color: transparent;\">.<\/span><\/p>\n<p class=\"empty-paragraph\">\u00a0<span style=\"font-size: 1px; color: transparent;\">.<\/span><\/p>\n<p>&nbsp;<\/p>\n<p>&nbsp;<\/p>\n<p><span style=\"font-family: arial,helvetica,sans-serif;\"><strong>Gummi &#8211; UFO Thunder Pop<\/strong> \u00a0\u00a0\u00a0\u00a0\u00a0\u00a0\u00a0\u00a0\u00a0\u00a0\u00a0\u00a0\u00a0\u00a0\u00a0\u00a0 <strong>5,00 \u20ac<\/strong><\/span><\/p>\n<p style=\"text-align: justify;\"><img loading=\"lazy\" decoding=\"async\" class=\"alignleft size-thumbnail wp-image-2157\" title=\"ThunderPops\" src=\"http:\/\/www.hund-hersbruck.de\/web_neu\/wp-content\/uploads\/ThunderPops1-150x112.jpg\" alt=\"\" width=\"150\" height=\"112\" srcset=\"http:\/\/www.hund-hersbruck.de\/web_neu\/wp-content\/uploads\/ThunderPops1-150x112.jpg 150w, http:\/\/www.hund-hersbruck.de\/web_neu\/wp-content\/uploads\/ThunderPops1.jpg 256w\" sizes=\"auto, (max-width: 150px) 100vw, 150px\" \/><span style=\"font-family: arial,helvetica,sans-serif; font-size: 10pt;\">Wir haben den ziemlichen Preissprung akzeptiert, weil das einfach ein tolles Ding ist! Alleine tragen k\u00f6nnen wir das aber nicht \u2026 6 cm Durchmesser, 4farbig sortiert, auf Blisterkarte; man dreht das Ufo und l\u00e4sst es dann senkrecht fallen und &#8211; POPP &#8211; schie\u00dft es weit \u00fcber 2 Meter hoch &#8230;! (sieht aus wie die bekannten H\u00fcpfscheiben, aber mit Haltestift und rotem Knopf oben drauf) In kurzer Zeit in unserem Gesch\u00e4ft ein Bestseller, den fast jeder nach dem Ausprobieren haben m\u00f6chte &#8230;; Achtung: Inzwischen gibt es \u00fcble Nachahmungen in schlechter Qualit\u00e4t, die leicht rei\u00dfen! Energieumformung in h\u00f6chster Anschaulichkeit!\u00a0\u00a0 \u00a0<\/span><span style=\"font-family: arial,helvetica,sans-serif; font-size: 8pt;\">ACHTUNG: Nicht geeignet f\u00fcr Kinder unter 3 Jahren wegen Erstickungsgefahr durch Kleinteile!<\/span><\/p>\n<p class=\"empty-paragraph\">\u00a0<span style=\"font-size: 1px; color: transparent;\">.<\/span><\/p>\n<p style=\"text-align: justify;\"><span style=\"font-family: arial,helvetica,sans-serif; font-size: 14px;\">\u00a0<\/span><\/p>\n<p style=\"text-align: justify;\">\u00a0\u00a0<span style=\"font-family: arial,helvetica,sans-serif; font-size: 12pt;\"><strong><span style=\"color: #993300;\">Vier pickende H\u00fchner\u00a0\u00a0\u00a0\u00a0<\/span> 9,50 \u20ac<\/strong> <\/span><span style=\"font-family: arial,helvetica,sans-serif; font-size: 14px;\"><span style=\"font-size: 12pt;\"> \u00a0<a href=\"http:\/\/www.hund-hersbruck.de\/web_neu\/wp-content\/uploads\/Pickende-Huehner.jpg\"><img loading=\"lazy\" decoding=\"async\" class=\"alignleft\" src=\"http:\/\/www.hund-hersbruck.de\/web_neu\/wp-content\/uploads\/Pickende-Huehner-300x230.jpg\" alt=\"Pickende Huehner\" width=\"300\" height=\"230\" \/><\/a>\u00a0<\/span><br \/>\n<span style=\"font-size: 10pt;\">Auf einem runden Holzteller (12,5 cm Durchmesser) mit Haltegriff fangen vier lustige H\u00fchnchen aus Holz an zu picken, wenn die darunter h\u00e4ngende Holzkugel zu schwingen beginnt. Warum eigentlich? Auf den ersten Blick gar nicht so verbl\u00fcffend, sondern &#8222;einfach nur sch\u00f6n&#8220;! Erst wenn man nachzudenken beginnt, kommt die physikalische Grundlage heraus (hoffentlich wenigstens &#8230;).\u00a0<\/span> <span style=\"font-size: 10px;\">Nicht geeignet f\u00fcr Kinder unter drei Jahren!<\/span><\/span> <span style=\"font-size: 10px;\">\u00a0<\/span><\/p>\n<p class=\"empty-paragraph\">\u00a0<span style=\"font-size: 1px; color: transparent;\">.<\/span><\/p>\n<p class=\"empty-paragraph\">\u00a0<span style=\"font-size: 1px; color: transparent;\">.<\/span><\/p>\n<p class=\"empty-paragraph\">\u00a0<span style=\"font-size: 1px; color: transparent;\">.<\/span><\/p>\n<p class=\"empty-paragraph\">\u00a0<span style=\"font-size: 1px; color: transparent;\">.<\/span><\/p>\n<p class=\"empty-paragraph\">\u00a0<span style=\"font-size: 1px; color: transparent;\">.<\/span>\u00a0<span style=\"font-size: 1px; color: transparent;\">.<\/span><\/p>\n<p style=\"text-align: justify;\"><span style=\"font-family: arial,helvetica,sans-serif; font-size: 12pt;\"><span style=\"color: #993300;\"><strong>BADEWANNEN &#8211; SCHWIMMER <\/strong><\/span>(Zippy Bather)<strong>\u00a0 \u00a0 \u00a0 \u00a0 \u00a0 \u00a0 \u00a0 \u00a0 \u00a0 \u00a0 4,00 \u20ac<br \/>\n<\/strong><\/span><span style=\"font-family: arial,helvetica,sans-serif;\"><img loading=\"lazy\" decoding=\"async\" class=\"alignleft size-full wp-image-2528\" title=\"ZippyBatherSchwimmer\" src=\"http:\/\/www.hund-hersbruck.de\/web_neu\/wp-content\/uploads\/ZippyBatherSchwimmer.gif\" alt=\"\" width=\"100\" height=\"100\" \/><span style=\"font-size: 10pt;\">So was \u00c4hnliches hatten Sie bestimmt in Ihrer Kindheit auch: Einen Schwimmer (oder ein lustiges Tier), den man mit einem Knopf an der Seite aufziehen konnte. Dann paddelte er eine Zeitlang in der Badewanne rum. Dieses Modell hier ist aber im Vergleich dazu &#8222;HighTech&#8220;, denn man kann einstellen, ob er Butterfly- oder Kraulstil schwimmen soll. Und die Beine bewegen sich auch &#8222;stilgem\u00e4\u00df&#8220;! 8 cm lang. ACHTUNG: Nicht geeignet f\u00fcr Kinder unter 3 Jahren wegen Erstickungsgefahr durch Kleinteile!<br \/>\n<\/span><\/span><\/p>\n<p><span style=\"font-family: arial,helvetica,sans-serif;\"><span style=\"font-size: 12pt;\">Dito &#8211; als <strong><span style=\"color: #993300;\">FROSCH\u00a0<\/span><\/strong> (ohne Abb.<\/span>\u00a0<span style=\"font-size: 10pt;\"> (paddelt allerdings in einem froschgem\u00e4\u00dfen Stil &#8230;)\u00a0 <\/span><span style=\"font-size: 10px;\">ACHTUNG: Nicht geeignet f\u00fcr Kinder unter 3 Jahren wegen Erstickungsgefahr durch Kleinteile!<\/span><\/span><\/p>\n<p class=\"empty-paragraph\"><span style=\"font-family: arial,helvetica,sans-serif;\">\u00a0<span style=\"color: transparent; font-size: 1px;\">.<\/span><span style=\"color: #ffffff; font-size: 1px;\">.<\/span><\/span><\/p>\n<p style=\"text-align: center;\"><span style=\"font-family: arial,helvetica,sans-serif;\"><strong><span style=\"color: #ff0000; font-size: 16px;\">\u00a0Gerade waren Sie auf der Physik &#8211; Unterseite &#8222;Mechanik 4&#8220;. Es kommt jetzt also &#8230;<\/span><\/strong><\/span><\/p>\n<table border=\"0\" align=\"center\">\n<tbody>\n<tr>\n<td><span style=\"font-size: 18px;\">Seiten<\/span><\/td>\n<td><span style=\"font-size: 18px;\"><a title=\"Mechanik\" href=\"http:\/\/www.hund-hersbruck.de\/web_neu\/?page_id=5334\">1<\/a><\/span><\/td>\n<td><span style=\"font-size: 18px;\"><a title=\"Mechanik_Seite_2\" href=\"http:\/\/www.hund-hersbruck.de\/web_neu\/?page_id=5340\">2<\/a><\/span><\/td>\n<td><span style=\"font-size: 18px;\"><a title=\"Mechanik_Seite_3\" href=\"http:\/\/www.hund-hersbruck.de\/web_neu\/?page_id=5342\">3<\/a><\/span><\/td>\n<td><span style=\"font-size: 18px;\"><a title=\"Mechanik_Seite_4\" href=\"http:\/\/www.hund-hersbruck.de\/web_neu\/?page_id=6671\">4<\/a><\/span><\/td>\n<td><span style=\"font-size: 18px;\"><a title=\"Mechanik_Seite_5\" href=\"http:\/\/www.hund-hersbruck.de\/web_neu\/?page_id=6673\">5<\/a><\/span><\/td>\n<td><span style=\"font-size: 18px;\"><a title=\"Mechanik_Seite_6\" href=\"http:\/\/www.hund-hersbruck.de\/web_neu\/mechanik\/mechanik_seite_6\/\">6<\/a><\/span><\/td>\n<td><span style=\"font-size: 18px;\"><a title=\"Mechanik_Seite_7\" href=\"http:\/\/www.hund-hersbruck.de\/web_neu\/mechanik\/mechanik_seite_7\/\">7<\/a><\/span><\/td>\n<\/tr>\n<\/tbody>\n<\/table>\n","protected":false},"excerpt":{"rendered":"<p>Mechanik\u00a0 4 Mechanische &#8222;Ph\u00e4nomene&#8220; und Ph\u00e4nomene, die mit Dynamik, mit Gleichgewicht &#8230; zu tun haben Metallspiralen &#8211; Treppenl\u00e4ufer &#8211; Holzkreisel &#8211; Pickende H\u00fchner &#8211; Maus mit R\u00fcckzugmotor &#8211; Badewannen-Schwimmer &#8211; Gummi-Ufo -Seite 4- Seiten 1 2 3 4 5 6 7 Preis\u00e4nderungen (leider!) vorbehalten! Mindestbestellsumme 15.- \u20ac + Porto\u00a0 \u00a0So k\u00f6nnen sie bestellen:\u00a0\u00a0 Tel. 09151\/4716\u00a0\u00a0\u00a0 [&hellip;]<\/p>\n","protected":false},"author":1,"featured_media":0,"parent":5334,"menu_order":0,"comment_status":"closed","ping_status":"closed","template":"","meta":{"footnotes":""},"class_list":["post-6671","page","type-page","status-publish","hentry"],"_links":{"self":[{"href":"http:\/\/www.hund-hersbruck.de\/web_neu\/wp-json\/wp\/v2\/pages\/6671","targetHints":{"allow":["GET"]}}],"collection":[{"href":"http:\/\/www.hund-hersbruck.de\/web_neu\/wp-json\/wp\/v2\/pages"}],"about":[{"href":"http:\/\/www.hund-hersbruck.de\/web_neu\/wp-json\/wp\/v2\/types\/page"}],"author":[{"embeddable":true,"href":"http:\/\/www.hund-hersbruck.de\/web_neu\/wp-json\/wp\/v2\/users\/1"}],"replies":[{"embeddable":true,"href":"http:\/\/www.hund-hersbruck.de\/web_neu\/wp-json\/wp\/v2\/comments?post=6671"}],"version-history":[{"count":51,"href":"http:\/\/www.hund-hersbruck.de\/web_neu\/wp-json\/wp\/v2\/pages\/6671\/revisions"}],"predecessor-version":[{"id":17585,"href":"http:\/\/www.hund-hersbruck.de\/web_neu\/wp-json\/wp\/v2\/pages\/6671\/revisions\/17585"}],"up":[{"embeddable":true,"href":"http:\/\/www.hund-hersbruck.de\/web_neu\/wp-json\/wp\/v2\/pages\/5334"}],"wp:attachment":[{"href":"http:\/\/www.hund-hersbruck.de\/web_neu\/wp-json\/wp\/v2\/media?parent=6671"}],"curies":[{"name":"wp","href":"https:\/\/api.w.org\/{rel}","templated":true}]}}