{"id":6511,"date":"2013-08-06T12:17:32","date_gmt":"2013-08-06T12:17:32","guid":{"rendered":"http:\/\/www.hund-hersbruck.de\/web_neu\/?page_id=6511"},"modified":"2019-02-11T10:46:31","modified_gmt":"2019-02-11T10:46:31","slug":"bucher_seite3","status":"publish","type":"page","link":"http:\/\/www.hund-hersbruck.de\/web_neu\/bucher\/bucher_seite3\/","title":{"rendered":"B\u00fccher_Seite3"},"content":{"rendered":"<h2 style=\"text-align: justify;\"><span style=\"font-family: arial,helvetica,sans-serif;\"><span style=\"font-size: 12pt;\"><strong>Physikalische + mathematische + t\u00fcftelige + spa\u00dfige + &#8230; B\u00fccher<\/strong><\/span><span style=\"font-size: 14px;\">, die uns selbst gefallen und die wir deshalb gerne mitschicken &#8230;<\/span><\/span><\/h2>\n<h2 style=\"text-align: center;\"><span style=\"font-family: arial,helvetica,sans-serif;\">\u00a0<span style=\"font-size: 10pt;\">Preis\u00e4nderungen (leider!) vorbehalten! Mindestbestellwert 15.- \u20ac; zuz\u00fcglich Porto zum Selbstkostenpreis.\u00a0\u00a0\u00a0\u00a0 <\/span><\/span><span style=\"font-family: arial,helvetica,sans-serif; font-size: 10pt;\">So k\u00f6nnen sie bestellen:\u00a0\u00a0 <\/span><span style=\"font-family: arial,helvetica,sans-serif; font-size: 10pt;\">Tel. 09151\/4716\u00a0\u00a0\u00a0\u00a0\u00a0\u00a0\u00a0\u00a0\u00a0\u00a0\u00a0<a href=\"mailto:gabys-zauberland@t-online.de\">gabys-zauberland@t-online.de<\/a><\/span><\/h2>\n<h2 style=\"text-align: center;\"><span style=\"font-size: 16px;\">&#8211; Seite 3 &#8211;<\/span><\/h2>\n<table border=\"0\" align=\"center\">\n<tbody>\n<tr>\n<td><span style=\"font-size: 18px;\">Seiten<\/span><\/td>\n<td><span style=\"font-size: 18px;\"><a title=\"B\u00fccher\" href=\"http:\/\/www.hund-hersbruck.de\/web_neu\/?page_id=6505\">1<\/a><\/span><\/td>\n<td><span style=\"font-size: 18px;\"><a title=\"B\u00fccher_Seite2\" href=\"http:\/\/www.hund-hersbruck.de\/web_neu\/?page_id=6509\">2<\/a><\/span><\/td>\n<td><span style=\"font-size: 18px;\"><a title=\"B\u00fccher_Seite3\" href=\"http:\/\/www.hund-hersbruck.de\/web_neu\/?page_id=6511\">3<\/a><\/span><\/td>\n<\/tr>\n<\/tbody>\n<\/table>\n<p>&nbsp;<\/p>\n<p><strong><span style=\"font-family: arial,helvetica,sans-serif; font-size: 18px;\"><span style=\"color: #993300;\">Professor Stewarts &#8222;Mathematische Sch\u00e4tze&#8220;<\/span>\u00a0\u00a0\u00a0\u00a0\u00a0 9,99 \u20ac<\/span><\/strong><br \/>\n<span style=\"font-family: arial,helvetica,sans-serif; font-size: 14px;\"><a href=\"http:\/\/www.hund-hersbruck.de\/web_neu\/wp-content\/uploads\/Prof.-Stewards-Mathem.-Schaetze.jpg\"><img loading=\"lazy\" decoding=\"async\" class=\"alignleft size-thumbnail wp-image-6601\" src=\"http:\/\/www.hund-hersbruck.de\/web_neu\/wp-content\/uploads\/Prof.-Stewards-Mathem.-Schaetze-97x150.jpg\" alt=\"U1_978-3-498-06415-0.indd\" width=\"97\" height=\"150\" srcset=\"http:\/\/www.hund-hersbruck.de\/web_neu\/wp-content\/uploads\/Prof.-Stewards-Mathem.-Schaetze-97x150.jpg 97w, http:\/\/www.hund-hersbruck.de\/web_neu\/wp-content\/uploads\/Prof.-Stewards-Mathem.-Schaetze.jpg 180w\" sizes=\"auto, (max-width: 97px) 100vw, 97px\" \/><\/a>\u00a0\u00a0 rororo &#8211; Taschenbuch, 429 Seiten; Was war noch mal die Catalan\u2019sche Vermutung? Und woher kommt eigentlich das Wurzelsymbol? Was hat die Zahl Pi mit dem Sternenhimmel zu tun? Wer erfand das Gleichheitszeichen? Der britische Matheguru Ian Stewart breitet in diesem Band Sch\u00e4tze aus, die er in Jahrzehnten gesammelt hat: \u00fcber 180 interessante Mather\u00e4tsel, L\u00f6sungen, Spiele, Tricks, Geschichten, Anekdoten und Logeleien.\u00a0<\/span><span style=\"font-family: arial,helvetica,sans-serif; font-size: 14px;\"> Zudem ist Stewarts Schatztruhe mit interessanten historischen Exkursen angereichert, zum Beispiel einer kurzen Einf\u00fchrung in das Rechnen der Maya und der alten \u00c4gypter und auch in die Vergangenheit unseres eigenen Rechnens: Wer erfand das Gleichheitszeichen \u2013 und warum?\u00a0<\/span><span style=\"font-family: arial,helvetica,sans-serif; font-size: 14px;\"> Ein Buch zum Bl\u00e4ttern und St\u00f6bern, zum Spa\u00dfhaben und Dazulernen, f\u00fcr Laien und f\u00fcr Fortgeschrittene.\u00a0\u00a0\u00a0Prof. Ian Stew<\/span><span style=\"font-family: arial,helvetica,sans-serif; font-size: 14px;\">art, geboren 1945, ist der beliebteste Mathematik-Professor Gro\u00dfbritanniens. Seit Jahrzehnten bem\u00fcht er sich erfolgreich, seine Wissenschaft zu popularisieren. Er studierte Mathematik in Cambridge und promovierte an der Universit\u00e4t Warwick&#8230;.<\/span><\/p>\n<p>&nbsp;<\/p>\n<p><strong><span style=\"font-family: arial,helvetica,sans-serif; font-size: 18px;\">Sebastian Herrmann:\u00a0 <span style=\"color: #993300;\">Starrk\u00f6pfe \u00fcberzeugen &#8211; Psychotricks f\u00fcr den Umgang mit Verschw\u00f6rungstheoretikern, Fundamentalisten, Partnern und Ihrem Chef\u00a0\u00a0\u00a0\u00a0\u00a0\u00a0\u00a0\u00a0\u00a0\u00a0<\/span><br \/>\n<\/span><\/strong><strong><span style=\"font-family: arial,helvetica,sans-serif; font-size: 18px;\">rororo &#8211; Taschenbuch 8,99 \u20ac<\/span><\/strong><br \/>\n<span style=\"font-family: arial,helvetica,sans-serif; font-size: 14px;\"><a href=\"http:\/\/www.hund-hersbruck.de\/web_neu\/wp-content\/uploads\/Starrkoepfe-ueberzeugen.jpg\"><img loading=\"lazy\" decoding=\"async\" class=\"alignleft size-thumbnail wp-image-6603\" src=\"http:\/\/www.hund-hersbruck.de\/web_neu\/wp-content\/uploads\/Starrkoepfe-ueberzeugen-98x150.jpg\" alt=\"Druck\" width=\"98\" height=\"150\" srcset=\"http:\/\/www.hund-hersbruck.de\/web_neu\/wp-content\/uploads\/Starrkoepfe-ueberzeugen-98x150.jpg 98w, http:\/\/www.hund-hersbruck.de\/web_neu\/wp-content\/uploads\/Starrkoepfe-ueberzeugen.jpg 180w\" sizes=\"auto, (max-width: 98px) 100vw, 98px\" \/><\/a>\u00a0\u00a0 Erfolgreich diskutieren, ohne die Nerven zu verlieren.\u00a0 Die meisten Menschen klammern sich an irgendwelche Mythen, Irrt\u00fcmer und liebgewonnene Ansichten. Ganz egal, wie viele Fakten auch dagegen sprechen. Richtig frustrierend werden Diskussionen mit Esoterikern, Anh\u00e4ngern von Verschw\u00f6rungstheorien oder Leugnern des Klimawandels. Was also tun? Sebastian Herrmann erkl\u00e4rt, warum sich festgef\u00fcgte Meinungen nicht allein mit Logik und Sachinformationen knacken lassen. Wer an den Starrk\u00f6pfen in Alltag, Beruf und Partnerschaft nicht verzweifeln m\u00f6chte, muss auf Psychologie setzen \u2013 und die richtigen Kniffe kennen.\u00a0\u00a0\u00a0\u00a0\u00a0\u00a0\u00a0 Sebastian Herrmann, Jahrgang 1974, ist Wissenschaftsredakteur der S\u00fcddeutschen Zeitung. Er hat Politikwissenschaft, Geschichte und Psychologie in M\u00fcnchen, Edinburgh und Kuala Lumpur studiert. Bei der SZ berichtet er regelm\u00e4\u00dfig \u00fcber Sozialpsychologie&#8230;<\/span><\/p>\n<p>&nbsp;<\/p>\n<p><strong><span style=\"font-size: 18px;\">\u00a0<\/span><\/strong><\/p>\n<p style=\"text-align: justify;\">\u00a0<span style=\"font-family: arial,helvetica,sans-serif; font-size: 14px;\">Dieses Buch hat uns\u00a0begeistert!\u00a0\u00a0Auch wenn es nicht speziell um mathematische Zaubereien geht, so staunt\u00a0man doch oft genug \u00e4hnlich!\u00a0 <span style=\"font-size: 18px;\"><strong>DR\u00d6SSER\u00a0\u00a0Christoph: <span style=\"color: #993300;\">&#8222;Der MATHEMATIK &#8211;\u00a0 VERF\u00dcHRER &#8211; Zahlenspiele f\u00fcr alle Lebenslagen&#8220;<\/span><\/strong>\u00a0<\/span><br \/>\nTaschenbuch <strong>8,95 \u20ac<\/strong> , <a href=\"http:\/\/www.hund-hersbruck.de\/web_neu\/mathemagie\/buchmatheverfuehrer-2\/\" rel=\"attachment wp-att-4093\"><img loading=\"lazy\" decoding=\"async\" class=\"alignleft\" title=\"BuchMatheverfuehrer\" src=\"http:\/\/www.hund-hersbruck.de\/web_neu\/wp-content\/uploads\/BuchMatheverfuehrer1.jpg\" alt=\"\" width=\"72\" height=\"110\" \/><\/a>237 Seiten; aus dem R\u00fcckentext: &#8222;Wie findet Frau den Traumprinz? Und wie viel muss Mann aus der Bierdose trinken, damit sie am Strand nicht umkippt? Sind DNA &#8211; Tests wirklich sicher? Liegt Goethes Atem noch in\u00a0 unserer Luft? &#8211; Doch, das alles kann man ausrechnen! &#8230; Ein pfiffiges Buch f\u00fcr Mathe &#8211; Fans und Mathe &#8211; Muffel.&#8220;\u00a0<\/span><\/p>\n<p style=\"text-align: justify;\"><span style=\"font-family: arial,helvetica,sans-serif; font-size: 14px;\">\u00a0.<\/span><\/p>\n<p style=\"text-align: justify;\"><span style=\"font-family: arial,helvetica,sans-serif; font-size: 14px;\">\u00a0.<\/span><\/p>\n<p style=\"text-align: justify;\"><span style=\"font-family: arial,helvetica,sans-serif; font-size: 14px;\">\u00a0<\/span><\/p>\n<p>&nbsp;<\/p>\n<p>&nbsp;<\/p>\n<p>&nbsp;<\/p>\n<p>&nbsp;<\/p>\n<table border=\"0\" align=\"center\">\n<tbody>\n<tr>\n<td><span style=\"font-size: 18px;\">Seiten<\/span><\/td>\n<td><span style=\"font-size: 18px;\"><a title=\"B\u00fccher\" href=\"http:\/\/www.hund-hersbruck.de\/web_neu\/?page_id=6505\">1<\/a><\/span><\/td>\n<td><span style=\"font-size: 18px;\"><a title=\"B\u00fccher_Seite2\" href=\"http:\/\/www.hund-hersbruck.de\/web_neu\/?page_id=6509\">2<\/a><\/span><\/td>\n<td><span style=\"font-size: 18px;\"><a title=\"B\u00fccher_Seite3\" href=\"http:\/\/www.hund-hersbruck.de\/web_neu\/?page_id=6511\">3<\/a><\/span><\/td>\n<\/tr>\n<\/tbody>\n<\/table>\n","protected":false},"excerpt":{"rendered":"<p>Physikalische + mathematische + t\u00fcftelige + spa\u00dfige + &#8230; B\u00fccher, die uns selbst gefallen und die wir deshalb gerne mitschicken &#8230; \u00a0Preis\u00e4nderungen (leider!) vorbehalten! Mindestbestellwert 15.- \u20ac; zuz\u00fcglich Porto zum Selbstkostenpreis.\u00a0\u00a0\u00a0\u00a0 So k\u00f6nnen sie bestellen:\u00a0\u00a0 Tel. 09151\/4716\u00a0\u00a0\u00a0\u00a0\u00a0\u00a0\u00a0\u00a0\u00a0\u00a0\u00a0gabys-zauberland@t-online.de &#8211; Seite 3 &#8211; Seiten 1 2 3 &nbsp; Professor Stewarts &#8222;Mathematische Sch\u00e4tze&#8220;\u00a0\u00a0\u00a0\u00a0\u00a0 9,99 \u20ac \u00a0\u00a0 rororo &#8211; [&hellip;]<\/p>\n","protected":false},"author":1,"featured_media":0,"parent":6505,"menu_order":0,"comment_status":"closed","ping_status":"closed","template":"","meta":{"footnotes":""},"class_list":["post-6511","page","type-page","status-publish","hentry"],"_links":{"self":[{"href":"http:\/\/www.hund-hersbruck.de\/web_neu\/wp-json\/wp\/v2\/pages\/6511","targetHints":{"allow":["GET"]}}],"collection":[{"href":"http:\/\/www.hund-hersbruck.de\/web_neu\/wp-json\/wp\/v2\/pages"}],"about":[{"href":"http:\/\/www.hund-hersbruck.de\/web_neu\/wp-json\/wp\/v2\/types\/page"}],"author":[{"embeddable":true,"href":"http:\/\/www.hund-hersbruck.de\/web_neu\/wp-json\/wp\/v2\/users\/1"}],"replies":[{"embeddable":true,"href":"http:\/\/www.hund-hersbruck.de\/web_neu\/wp-json\/wp\/v2\/comments?post=6511"}],"version-history":[{"count":18,"href":"http:\/\/www.hund-hersbruck.de\/web_neu\/wp-json\/wp\/v2\/pages\/6511\/revisions"}],"predecessor-version":[{"id":13125,"href":"http:\/\/www.hund-hersbruck.de\/web_neu\/wp-json\/wp\/v2\/pages\/6511\/revisions\/13125"}],"up":[{"embeddable":true,"href":"http:\/\/www.hund-hersbruck.de\/web_neu\/wp-json\/wp\/v2\/pages\/6505"}],"wp:attachment":[{"href":"http:\/\/www.hund-hersbruck.de\/web_neu\/wp-json\/wp\/v2\/media?parent=6511"}],"curies":[{"name":"wp","href":"https:\/\/api.w.org\/{rel}","templated":true}]}}