{"id":6509,"date":"2013-08-06T12:17:06","date_gmt":"2013-08-06T12:17:06","guid":{"rendered":"http:\/\/www.hund-hersbruck.de\/web_neu\/?page_id=6509"},"modified":"2019-02-11T10:45:16","modified_gmt":"2019-02-11T10:45:16","slug":"bucher_seite2","status":"publish","type":"page","link":"http:\/\/www.hund-hersbruck.de\/web_neu\/bucher\/bucher_seite2\/","title":{"rendered":"B\u00fccher_Seite2"},"content":{"rendered":"<h2 style=\"text-align: center;\"><\/h2>\n<h2 style=\"text-align: center;\"><strong><span style=\"font-family: arial,helvetica,sans-serif;\">Physikalische + mathematische + t\u00fcftelige + spa\u00dfige + &#8230; B\u00fccher<\/span><\/strong><span style=\"font-family: arial,helvetica,sans-serif; font-size: 12px;\">, die <span style=\"font-size: 10pt;\">uns selbst gefallen und die wir deshalb gerne mitschicken &#8230;<\/span><\/span><\/h2>\n<p style=\"text-align: center;\"><span style=\"font-family: arial,helvetica,sans-serif;\"><span style=\"font-size: 10pt;\">Preis\u00e4nderungen (leider!) vorbehalten! <strong>Mindestbestellwert 15.- \u20ac; zuz\u00fcglich Porto zum Selbstkostenpreis<\/strong><\/span>.<\/span><\/p>\n<h2 style=\"text-align: center;\"><span style=\"font-family: arial,helvetica,sans-serif; font-size: 10pt;\"><strong>So k\u00f6nnen sie bestellen:\u00a0\u00a0 <\/strong><\/span><span style=\"font-family: arial,helvetica,sans-serif; font-size: 10pt;\"><strong>Tel. 09151\/4716\u00a0\u00a0\u00a0\u00a0\u00a0\u00a0\u00a0\u00a0\u00a0<strong><a href=\"mailto:gabys-zauberland@t-online.de\">gabys-zauberland@t-online.de<\/a><\/strong><\/strong><\/span><\/h2>\n<h2 style=\"text-align: center;\"><strong><span style=\"color: #800000;\">\u00a0<\/span><\/strong><span style=\"font-size: 16px;\">&#8211; Seite 2 &#8211;<\/span><\/h2>\n<table border=\"0\" align=\"center\">\n<tbody>\n<tr>\n<td><span style=\"font-size: 18px;\">Seiten<\/span><\/td>\n<td><span style=\"font-size: 18px;\"><a title=\"B\u00fccher\" href=\"http:\/\/www.hund-hersbruck.de\/web_neu\/?page_id=6505\">1<\/a><\/span><\/td>\n<td><span style=\"font-size: 18px;\"><a title=\"B\u00fccher_Seite2\" href=\"http:\/\/www.hund-hersbruck.de\/web_neu\/?page_id=6509\">2<\/a><\/span><\/td>\n<td><span style=\"font-size: 18px;\"><a title=\"B\u00fccher_Seite3\" href=\"http:\/\/www.hund-hersbruck.de\/web_neu\/?page_id=6511\">3<\/a><\/span><\/td>\n<\/tr>\n<\/tbody>\n<\/table>\n<p class=\"empty-paragraph\">\u00a0<span style=\"font-size: 1px; color: transparent;\">.<\/span><\/p>\n<p><strong>&#8222;Das neue Lexikon des Unwisssens&#8220; von K. Passig u.a.\u00a0\u00a0\u00a0\u00a0 9,99 \u20ac<\/strong> \u00a0<a href=\"http:\/\/www.hund-hersbruck.de\/web_neu\/phys-spielzeug_seite-12\/buch-das-neue-lexilon-d-uw\/\" rel=\"attachment wp-att-6157\"><img loading=\"lazy\" decoding=\"async\" title=\"Buch Das neue Lexilon d. Uw.\" src=\"http:\/\/www.hund-hersbruck.de\/web_neu\/wp-content\/uploads\/Buch-Das-neue-Lexilon-d.-Uw..jpg\" alt=\"\" width=\"72\" height=\"109\" \/><\/a>\u00a0\u00a0 2. Band: Worauf es bisher keine Antwort gibt!\u00a0Eine Reise in die unendlichen Weiten des Unwissens.\u00a0 Ist unsere Welt nicht allm\u00e4hlich komplett erforscht, alles vermessen und gekl\u00e4rt? Von wegen. Sie ist und bleibt voller R\u00e4tsel und ungekl\u00e4rter Fragen: Wie viel wiegt ein Kilogramm? Woher kommt das Rauschen im All? Warum bekommt der Zitteraal nicht selbst einen Schlag? Und wieso ist eigentlich die rechte Hirnh\u00e4lfte f\u00fcr die linke K\u00f6rperh\u00e4lfte zust\u00e4ndig? Dieses Buch wirft einen Blick auf faszinierende Dinge, von denen wir lediglich wissen, dass wir sie nicht wissen.\u00a0 <em>\u00abDas Buch besticht durch einfache Erkl\u00e4rungen, lockere Formulierungen und kuriose Einf\u00e4lle.\u00bb<\/em> Deutschlandradio Kultur<\/p>\n<p class=\"empty-paragraph\">\u00a0<span style=\"font-size: 1px; color: transparent;\">.<\/span><\/p>\n<p class=\"empty-paragraph\">\u00a0<span style=\"font-size: 1px; color: transparent;\">.<\/span><\/p>\n<p style=\"text-align: justify;\"><span style=\"font-family: arial,helvetica,sans-serif; font-size: 12pt;\">\u00a0<\/span><strong>Illusionen\u00a0\u00a0\u00a0\u00a0\u00a0\u00a0\u00a0\u00a0\u00a0\u00a0\u00a0\u00a0\u00a0 6,90 \u20ac<\/strong> <img loading=\"lazy\" decoding=\"async\" title=\"OptischeIllusionenBuch\" src=\"http:\/\/www.hund-hersbruck.de\/web_neu\/wp-content\/uploads\/OptischeIllusionenBuch.jpg\" alt=\"\" width=\"100\" height=\"100\" \/>Ebenfalls ein wundersch\u00f6nes Buch mit bekannten und neuen, farbigen optischen Illusionen.<br \/>\nKann man immer wieder anschauen &#8230;<\/p>\n<p class=\"empty-paragraph\">\u00a0<span style=\"font-size: 1px; color: transparent;\">.<\/span><\/p>\n<p class=\"empty-paragraph\">\u00a0<span style=\"font-size: 1px; color: transparent;\">.<\/span><\/p>\n<p><strong><a href=\"http:\/\/www.hund-hersbruck.de\/web_neu\/phys-spielzeug_seite-3\/buch-warum-kein-bier\/\" rel=\"attachment wp-att-5071\"><img loading=\"lazy\" decoding=\"async\" title=\"Buch Warum kein Bier\" src=\"http:\/\/www.hund-hersbruck.de\/web_neu\/wp-content\/uploads\/Buch-Warum-kein-Bier.jpg\" alt=\"\" width=\"72\" height=\"109\" \/><\/a>\u00a0 &#8222;Warum gibt es kein Bier auf Hawaii? &#8211; In 50 mathematischen R\u00e4tseln um die Welt&#8220;\u00a0\u00a0\u00a0\u00a0\u00a0\u00a0\u00a0\u00a0\u00a0\u00a0\u00a0\u00a0\u00a0\u00a0\u00a0\u00a0\u00a0\u00a0\u00a0\u00a0\u00a0\u00a0\u00a0\u00a0\u00a0\u00a0\u00a0\u00a0\u00a0\u00a0\u00a0\u00a0\u00a0\u00a0\u00a0\u00a0\u00a0\u00a0\u00a0\u00a0\u00a0\u00a0\u00a0\u00a0\u00a0\u00a0\u00a0\u00a0\u00a0\u00a0\u00a0\u00a0 9,99 \u20ac<\/strong> rororo &#8211; Taschenbuch, 277 Seiten\u00a0 Das mathematische Verw\u00f6hnprogramm fur den Denkapparat\u00ad W\u00e4hrend Alice sich, vom Reisefieber gepackt, spontan auf eine Weltreise begibt, hinterl\u00e4sst sie Bob an jeder Zwischenstation eine Notiz mit einer mysteri\u00f6sen Botschaft. Falls Bob mit Logik, Intuition, Sp\u00fcrsinn und Phantasie clever genug ist, diese Nachrichten zu entziffern, dann kann er es schaffen, Alice zu folgen und sie sogar noch einzuholen. Und falls Bob einmal auf der Leitung steht, gibt es eine Menge Tipps und Hilfen, die ihm auf die Spr\u00fcnge helfen. Begleiten Sie Bob und folgen Sie Alice\u2018 geheimnisvoller Reiseroute, indem Sie ihre 50 r\u00e4tselhaften Hinweise entschl\u00fcsseln. Aufgelockert werden die R\u00e4tselm\u00fchen durch zahlreiche Hinter\u00adgrundinformationen. Sie erfahren zu vielen der vorgestellten Codes, welche spannenden Ideen ihnen zugrunde liegen oder wie man sie tats\u00e4chlich selbst im Alltag sinnvoll anwenden kann. Frank Schwellinger ist mehrfacher Preistr\u00e4ger beim Bundeswettbewerb Mathematik.<\/p>\n<p>&nbsp;<\/p>\n<table border=\"0\" align=\"center\">\n<tbody>\n<tr>\n<td><span style=\"font-size: 18px;\">Seiten<\/span><\/td>\n<td><span style=\"font-size: 18px;\"><a title=\"B\u00fccher\" href=\"http:\/\/www.hund-hersbruck.de\/web_neu\/?page_id=6505\">1<\/a><\/span><\/td>\n<td><span style=\"font-size: 18px;\"><a title=\"B\u00fccher_Seite2\" href=\"http:\/\/www.hund-hersbruck.de\/web_neu\/?page_id=6509\">2<\/a><\/span><\/td>\n<td><span style=\"font-size: 18px;\"><a title=\"B\u00fccher_Seite3\" href=\"http:\/\/www.hund-hersbruck.de\/web_neu\/?page_id=6511\">3<\/a><\/span><\/td>\n<\/tr>\n<\/tbody>\n<\/table>\n","protected":false},"excerpt":{"rendered":"<p>Physikalische + mathematische + t\u00fcftelige + spa\u00dfige + &#8230; B\u00fccher, die uns selbst gefallen und die wir deshalb gerne mitschicken &#8230; Preis\u00e4nderungen (leider!) vorbehalten! Mindestbestellwert 15.- \u20ac; zuz\u00fcglich Porto zum Selbstkostenpreis. So k\u00f6nnen sie bestellen:\u00a0\u00a0 Tel. 09151\/4716\u00a0\u00a0\u00a0\u00a0\u00a0\u00a0\u00a0\u00a0\u00a0gabys-zauberland@t-online.de \u00a0&#8211; Seite 2 &#8211; Seiten 1 2 3 \u00a0. &#8222;Das neue Lexikon des Unwisssens&#8220; von K. Passig u.a.\u00a0\u00a0\u00a0\u00a0 [&hellip;]<\/p>\n","protected":false},"author":1,"featured_media":0,"parent":6505,"menu_order":0,"comment_status":"closed","ping_status":"closed","template":"","meta":{"footnotes":""},"class_list":["post-6509","page","type-page","status-publish","hentry"],"_links":{"self":[{"href":"http:\/\/www.hund-hersbruck.de\/web_neu\/wp-json\/wp\/v2\/pages\/6509","targetHints":{"allow":["GET"]}}],"collection":[{"href":"http:\/\/www.hund-hersbruck.de\/web_neu\/wp-json\/wp\/v2\/pages"}],"about":[{"href":"http:\/\/www.hund-hersbruck.de\/web_neu\/wp-json\/wp\/v2\/types\/page"}],"author":[{"embeddable":true,"href":"http:\/\/www.hund-hersbruck.de\/web_neu\/wp-json\/wp\/v2\/users\/1"}],"replies":[{"embeddable":true,"href":"http:\/\/www.hund-hersbruck.de\/web_neu\/wp-json\/wp\/v2\/comments?post=6509"}],"version-history":[{"count":20,"href":"http:\/\/www.hund-hersbruck.de\/web_neu\/wp-json\/wp\/v2\/pages\/6509\/revisions"}],"predecessor-version":[{"id":13124,"href":"http:\/\/www.hund-hersbruck.de\/web_neu\/wp-json\/wp\/v2\/pages\/6509\/revisions\/13124"}],"up":[{"embeddable":true,"href":"http:\/\/www.hund-hersbruck.de\/web_neu\/wp-json\/wp\/v2\/pages\/6505"}],"wp:attachment":[{"href":"http:\/\/www.hund-hersbruck.de\/web_neu\/wp-json\/wp\/v2\/media?parent=6509"}],"curies":[{"name":"wp","href":"https:\/\/api.w.org\/{rel}","templated":true}]}}