{"id":6468,"date":"2013-07-11T07:30:55","date_gmt":"2013-07-11T07:30:55","guid":{"rendered":"http:\/\/www.hund-hersbruck.de\/web_neu\/?page_id=6468"},"modified":"2025-12-09T08:51:23","modified_gmt":"2025-12-09T08:51:23","slug":"akustik-1","status":"publish","type":"page","link":"http:\/\/www.hund-hersbruck.de\/web_neu\/akustik-1\/","title":{"rendered":"Akustik"},"content":{"rendered":"<h2 style=\"text-align: center;\"><strong><span style=\"color: #800000;\">Akustik<\/span><\/strong><\/h2>\n<p style=\"text-align: center;\"><span style=\"font-size: 10pt;\"><span style=\"font-family: arial,helvetica,sans-serif;\">Wasserfl\u00f6te &#8211; Donnerrohr &#8211; Vogelwasserpfeifen &#8211; Singende Magnete &#8211; Vogl-Pfeiferl &#8211; Singender Kreisel &#8211; Holzpfeife &#8211; Lotuspfeife &#8211; Kolbenpfeife<\/span><\/span><\/p>\n<p style=\"text-align: center;\"><span style=\"font-family: arial,helvetica,sans-serif; font-size: 14px;\">Preis\u00e4nderungen vorbehalten! Mindestbestellsumme 15.- Euro.\u00a0 Laden\u00f6ffnungszeiten: Mo &#8211; Fr. 15.00 &#8211; 18.00 Uhr, Sa 10.00 &#8211; 13.00 Uhr\u00a0\u00a0\u00a0\u00a0\u00a0\u00a0\u00a0<\/span><span style=\"font-family: arial,helvetica,sans-serif; font-size: 12pt;\"><strong>So k\u00f6nnen sie bestellen:\u00a0\u00a0\u00a0\u00a0<\/strong><strong>Tel. 09151\/4716\u00a0\u00a0oder<br \/>\n<strong><a href=\"mailto:gabys-zauberland@t-online.de\">gabys-zauberland@t-online.de<\/a>\u00a0\u00a0\u00a0\u00a0\u00a0<\/strong><\/strong> oder auf dem Kontaktformular oben<\/span><\/p>\n<p style=\"text-align: justify;\"><span style=\"font-family: arial,helvetica,sans-serif; font-size: 10pt;\"><span style=\"color: #000080; font-size: 10pt;\"><strong><span style=\"text-decoration: underline;\">UND, nur mal so nebenbei erw\u00e4hnt<\/span><\/strong>: DIESES Gesch\u00e4ft wird es nicht mehr geben (k\u00f6nnen), wenn die in der Person von Wolfgang Hund sich im Lauf der vielen Jahren zuf\u00e4llig vereinten Kenntnisse und Gesch\u00e4ftsverbindungen (nach USA, Indien &#8230;) nicht mehr vorhanden sind. Wir alle wissen, wie schnell sich Verh\u00e4ltnisse \u00e4ndern k\u00f6nnen. Momentan (Mai\u00a0 2025) denken wir nur relativ (!) selten an ein Aufh\u00f6ren, aber nat\u00fcrlich ist es mit 77 Jahren irgendwie schon am Horizont &#8230; Bedenken Sie dies bitte im Hinterkopf, wenn Sie unser Sortiment durchst\u00f6bern!<\/span><\/span><\/p>\n<p style=\"text-align: center;\"><span style=\"font-size: 16px;\">&#8211; Seite 1 &#8211;<\/span><\/p>\n<table border=\"0\" align=\"center\">\n<tbody>\n<tr>\n<td><span style=\"font-size: 18px;\">Seiten<\/span><\/td>\n<td><span style=\"font-size: 18px;\"><a title=\"Akustik\" href=\"http:\/\/www.hund-hersbruck.de\/web_neu\/?page_id=6468\">1<\/a><\/span><\/td>\n<td><span style=\"font-size: 18px;\"><a title=\"Akustik 2\" href=\"http:\/\/www.hund-hersbruck.de\/web_neu\/?page_id=6473\">2<\/a><\/span><\/td>\n<\/tr>\n<\/tbody>\n<\/table>\n<p style=\"text-align: justify;\"><strong><span style=\"font-family: arial, helvetica, sans-serif; font-size: 12pt;\"><span style=\"color: #993300;\">Wasserfl\u00f6te\u00a0 \u00a0<\/span>3,00 \u20ac<\/span><\/strong><br \/>\n<span style=\"font-family: arial, helvetica, sans-serif; font-size: 10pt;\"><img loading=\"lazy\" decoding=\"async\" class=\"alignleft size-thumbnail wp-image-15248\" src=\"http:\/\/www.hund-hersbruck.de\/web_neu\/wp-content\/uploads\/Wasserfloete1-113x150.jpg\" alt=\"\" width=\"113\" height=\"150\" srcset=\"http:\/\/www.hund-hersbruck.de\/web_neu\/wp-content\/uploads\/Wasserfloete1-113x150.jpg 113w, http:\/\/www.hund-hersbruck.de\/web_neu\/wp-content\/uploads\/Wasserfloete1-225x300.jpg 225w, http:\/\/www.hund-hersbruck.de\/web_neu\/wp-content\/uploads\/Wasserfloete1.jpg 315w\" sizes=\"auto, (max-width: 113px) 100vw, 113px\" \/><img loading=\"lazy\" decoding=\"async\" class=\"alignleft size-full wp-image-15249\" src=\"http:\/\/www.hund-hersbruck.de\/web_neu\/wp-content\/uploads\/Wasserfloete2.jpg\" alt=\"\" width=\"148\" height=\"111\" \/>\u00a0 \u00a0 Endlich mal wieder was aus dem Bereich &#8222;Akustik&#8220;! Fl\u00f6te aus Kunststoff in verschiedenen Farben, 20 cm lang. Verschluss am Ende der Fl\u00f6te \u00f6ffnen und Wasser einf\u00fcllen. Je nach F\u00fcllmenge entsteht ein anderer Ton beim Benutzen der Fl\u00f6te. Mehr Fl\u00f6ten f\u00fcr mehr Spa\u00df. Nicht f\u00fcr Kinder unter drei Jahren geeignet wegen verschluckbarer Kleinteile!<\/span><\/p>\n<p class=\"empty-paragraph\" style=\"text-align: justify;\"><span style=\"color: transparent;\"><span style=\"font-family: Arial; font-size: small;\">.<\/span><\/span><\/p>\n<p class=\"empty-paragraph\" style=\"text-align: justify;\">\u00a0<span style=\"font-size: 1px; color: transparent;\">.<\/span><\/p>\n<p class=\"empty-paragraph\" style=\"text-align: justify;\">\u00a0<span style=\"font-size: 1px; color: transparent;\">.<\/span><\/p>\n<p class=\"empty-paragraph\">\u00a0<span style=\"font-size: 1px; color: transparent;\">.<\/span><\/p>\n<p class=\"empty-paragraph\" style=\"text-align: justify;\">\u00a0<span style=\"font-family: arial,helvetica,sans-serif; font-size: 12pt;\"><strong><span style=\"color: #993300;\">Heulschlauch (neues Modell)<\/span>\u00a0\u00a0\u00a0 5,00 \u20ac<\/strong><br \/>\n<span style=\"font-size: 10pt;\"><a href=\"http:\/\/www.hund-hersbruck.de\/web_neu\/wp-content\/uploads\/Heulschlauch1.jpg\"><img loading=\"lazy\" decoding=\"async\" class=\"alignleft size-medium wp-image-11127\" src=\"http:\/\/www.hund-hersbruck.de\/web_neu\/wp-content\/uploads\/Heulschlauch1-300x225.jpg\" alt=\"Heulschlauch1\" width=\"300\" height=\"225\" srcset=\"http:\/\/www.hund-hersbruck.de\/web_neu\/wp-content\/uploads\/Heulschlauch1-300x225.jpg 300w, http:\/\/www.hund-hersbruck.de\/web_neu\/wp-content\/uploads\/Heulschlauch1-150x112.jpg 150w, http:\/\/www.hund-hersbruck.de\/web_neu\/wp-content\/uploads\/Heulschlauch1.jpg 420w\" sizes=\"auto, (max-width: 300px) 100vw, 300px\" \/><\/a>\u00a0\u00a0 DAVON haben wir vorl\u00e4ufig mal nur ganz wenige, so dass sie hier eigentlich gar nicht angepriesen werden sollten \ud83d\ude09\u00a0! Funktioniert \u00e4hnlich \/ genauso \/ vergleichbar wie die Urmutter dieser akustischen Instrumente: Die Heul<span style=\"text-decoration: underline;\">R\u00d6HRE<\/span> (haben wir auch im Programm &#8230; 3,50 \u20ac). Aaaaber: Diese neue Modell hier ist k\u00fcrzer (70 cm), hat einen Weichgummigriff zur fantastischen Handhabung und vorne einen Weichgummi&#8220;kopf&#8220;. Heult wunderbar &#8230; Akustik pur, ohne LED, ohne Batterie, ohne Internetanschluss, ohne Magnet, ohne Elektronnnnnick &#8230; (was heutige Kinder und Jugendliche kaum verstehen) Aber nicht geeignet f\u00fcr Kinder unter drei Jahren!\u00a0\u00a0 <span style=\"color: #ff0000;\"><strong><span style=\"font-family: Arial;\">Mengenrabatt m\u00f6glich ab 5 St\u00fcck! Fragen Sie uns!<\/span><\/strong><\/span><\/span><\/span><\/p>\n<p class=\"empty-paragraph\">\u00a0<span style=\"font-size: 1px; color: transparent;\">.<\/span><\/p>\n<p class=\"empty-paragraph\">\u00a0<span style=\"font-size: 1px; color: transparent;\">.<\/span><\/p>\n<p class=\"empty-paragraph\">\u00a0<span style=\"font-size: 1px; color: transparent;\">.<\/span><\/p>\n<p style=\"text-align: justify;\"><strong><span style=\"font-family: Arial;\"><span style=\"font-size: 12pt;\"><span style=\"color: #993300;\">DONNERROHR\u00a0\u00a0\u00a0\u00a0\u00a0<\/span> nur 10.- \u20ac<\/span><br \/>\n<\/span><\/strong><a href=\"http:\/\/www.hund-hersbruck.de\/web_neu\/wp-content\/uploads\/ThunderTube-robet..png\"><strong><span style=\"font-family: Arial;\"><img loading=\"lazy\" decoding=\"async\" class=\"alignleft size-medium wp-image-9375\" src=\"http:\/\/www.hund-hersbruck.de\/web_neu\/wp-content\/uploads\/ThunderTube-robet.-300x300.png\" alt=\"ThunderTube robet.\" width=\"300\" height=\"300\" srcset=\"http:\/\/www.hund-hersbruck.de\/web_neu\/wp-content\/uploads\/ThunderTube-robet.-300x300.png 300w, http:\/\/www.hund-hersbruck.de\/web_neu\/wp-content\/uploads\/ThunderTube-robet.-150x150.png 150w, http:\/\/www.hund-hersbruck.de\/web_neu\/wp-content\/uploads\/ThunderTube-robet..png 440w\" sizes=\"auto, (max-width: 300px) 100vw, 300px\" \/><\/span><\/strong><\/a><span style=\"font-family: Arial;\">\u00a0<span style=\"font-size: 10pt;\">\u00a0 <span style=\"font-family: arial,helvetica,sans-serif;\">18 cm lang, 6cm Durchmesser, Spirale 43 cm lang; wenn man dieses raffinierte, aber einfach konstruierte Ger\u00e4t in der Hand h\u00e4lt, die Metallspirale senkrecht nach unten gerichtet und dann aus dem Handgelenk heraus langsam sch\u00fcttelt, ert\u00f6nt ein t\u00e4uschend echtes Donnergrollen! Muss man erlebt haben! Dabei ist das alles \u00fcbersichtlich: R\u00f6hre, oben offen, unten Membran mit daran befestigter Spirale. Akustik pur!\u00a0\u00a0\u00a0\u00a0<\/span>\u00a0\u00a0 Nicht geeignet f\u00fcr Kinder unter drei Jahren wegen verschluckbarer Kleinteile!<\/span><br \/>\n<\/span><\/p>\n<p><span style=\"font-family: arial,helvetica,sans-serif; font-size: 12pt;\">\u00a0<\/span><\/p>\n<p class=\"empty-paragraph\">\u00a0<span style=\"font-size: 1px; color: transparent;\">.<\/span><\/p>\n<p class=\"empty-paragraph\">\u00a0<span style=\"font-size: 1px; color: transparent;\">.<\/span><\/p>\n<p class=\"empty-paragraph\">\u00a0<span style=\"font-size: 1px; color: transparent;\">.<\/span><\/p>\n<p class=\"empty-paragraph\">\u00a0<span style=\"font-size: 1px; color: transparent;\">.<\/span><\/p>\n<p class=\"empty-paragraph\">\u00a0<span style=\"font-size: 1px; color: transparent;\">.<\/span><\/p>\n<p>&nbsp;<\/p>\n<p style=\"text-align: justify;\"><span style=\"font-family: arial,helvetica,sans-serif; font-size: 14px;\">\u00a0<span style=\"font-size: 12pt;\"><strong><span style=\"color: #993300;\">VOGELWASSERPFEIFE<\/span> De Luxe TURBO\u00a0\u00a0\u00a0\u00a0\u00a0\u00a0\u00a0\u00a0\u00a0\u00a0\u00a0\u00a0\u00a0\u00a0\u00a0\u00a0 2,50 \u20ac<\/strong><\/span><\/span><\/p>\n<p style=\"text-align: justify;\"><span style=\"font-family: arial,helvetica,sans-serif; font-size: 14px;\"><img loading=\"lazy\" decoding=\"async\" title=\"Vogelwasserpfeife\" src=\"http:\/\/www.hund-hersbruck.de\/web_neu\/wp-content\/uploads\/Vogelwasserpfeife-150x150.jpg\" alt=\"\" width=\"150\" height=\"150\" \/><span style=\"font-size: 12pt;\"><span style=\"font-size: 10pt;\">Das bekannte klassische Spielzeug, das es in verschiedenen Ausf\u00fchrungen gibt. Diese hier ist zum einen lustig und sch\u00f6n gestaltet, zum anderen kann man nach dem F\u00fcllen des Vogels mit Wasser das Mundst\u00fcck herausziehen. Dies ist &#8222;sicherer&#8220; im Hinblick auf Nassspritzen und ergibt einen sch\u00f6neren Ton. 7,5 cm lang, 4 cm hoch, verschiedene Farben. (Akustik)<\/span>\u00a0\u00a0<span style=\"font-family: Arial; font-size: medium;\">\u00a0<\/span><span style=\"color: #ff0000; font-size: 10pt;\"><span style=\"font-family: Arial;\">ACHTUNG: Diesen Artikel haben wir bislang direkt importiert. Aufgrund der enormen Preissteigerungen, die wir weder auffangen noch an unsere Kunden weitergeben k\u00f6nnen, gibt es dieses Produkt nur noch, solange unser Vorrat reicht! Aaaaaalllssoooo &#8230; !\u00a0\u00a0<\/span><\/span><\/span><\/span><span style=\"font-family: arial,helvetica,sans-serif; font-size: 10px;\">ACHTUNG: Nicht geeignet f\u00fcr Kinder unter 3 Jahren wegen Erstickungsgefahr durch Kleinteile!<\/span><\/p>\n<p class=\"empty-paragraph\">\u00a0<span style=\"font-size: 1px; color: transparent;\">.<\/span><\/p>\n<p style=\"text-align: justify;\"><span style=\"font-family: arial,helvetica,sans-serif; font-size: 14px;\">\u00a0<\/span><\/p>\n<p style=\"text-align: justify;\"><span style=\"font-family: arial,helvetica,sans-serif; font-size: 14px;\">\u00a0<span style=\"font-size: 12pt;\"><strong><span style=\"color: #993300;\">VOGELWASSERPFEIFE<\/span> aus TON\u00a0\u00a0\u00a0\u00a0\u00a0\u00a0\u00a0\u00a0\u00a0\u00a0\u00a0\u00a0\u00a0\u00a0\u00a0 \u00a0nur 2,00 \u20ac\u00a0 \u00a0 <span style=\"color: #ff0000;\">WIEDER eingetroffen!<\/span><\/strong><\/span><\/span><\/p>\n<p style=\"text-align: justify;\"><span style=\"font-family: arial,helvetica,sans-serif; font-size: 14px;\"><img loading=\"lazy\" decoding=\"async\" title=\"VogelwasserpfeifeTon\" src=\"http:\/\/www.hund-hersbruck.de\/web_neu\/wp-content\/uploads\/VogelwasserpfeifeTon-150x112.jpg\" alt=\"\" width=\"150\" height=\"112\" \/><img loading=\"lazy\" decoding=\"async\" title=\"VogelwasserpfeifenTon Hahn\" src=\"http:\/\/www.hund-hersbruck.de\/web_neu\/wp-content\/uploads\/VogelwasserpfeifenTon-Hahn-150x112.jpg\" alt=\"\" width=\"150\" height=\"112\" \/><span style=\"font-size: 10pt;\">Wie oben, nur hier aus einem St\u00fcck und aus dem Material Ton; 7,5 cm x 5,5 cm Je nach F\u00fcllh\u00f6he des Wassers \u00e4ndert sich der Ton. ACHTUNG: Nicht geeignet f\u00fcr Kinder unter 3 Jahren! Beim Zerbrechen des Produkts k\u00f6nnen scharfkantige und verschluckbare Kleinteile entstehen.\u00a0 \u00a0 \u00a0 \u00a0 \u00a0 \u00a0<\/span><\/span><\/p>\n<p class=\"empty-paragraph\">\u00a0<span style=\"font-size: 1px; color: transparent;\">.<\/span><\/p>\n<p style=\"text-align: justify;\"><span style=\"font-family: arial,helvetica,sans-serif; font-size: 14px;\">\u00a0<\/span><\/p>\n<p style=\"text-align: justify;\"><span style=\"font-family: arial,helvetica,sans-serif; font-size: 14px;\">\u00a0<span style=\"font-size: 12pt;\"><strong><span style=\"color: #993300;\">VOGELWASSERPFEIFE<\/span> Plastik\u00a0\u00a0\u00a0\u00a0\u00a0\u00a0\u00a0\u00a0 0,50 \u20ac<\/strong><\/span><\/span><\/p>\n<p style=\"text-align: justify;\"><span style=\"font-family: arial,helvetica,sans-serif; font-size: 14px;\"><img loading=\"lazy\" decoding=\"async\" title=\"Wasservogelpfeifen\" src=\"http:\/\/www.hund-hersbruck.de\/web_neu\/wp-content\/uploads\/Wasservogelpfeifen-150x112.jpg\" alt=\"\" width=\"150\" height=\"112\" \/>\u00a0\u00a0\u00a0 <span style=\"font-size: 10pt;\"><strong>DIE<\/strong> hatte wohl jeder mal als Kind! Die bekannten Pfeifen in Vogelform, die man halb mit Wasser f\u00fcllt und die beim Reinblasen &#8222;zwitschern&#8220;. Ein Klassiker aus Plastik &#8230; (Akustik) ACHTUNG: Nicht geeignet f\u00fcr Kinder unter 3 Jahren wegen Erstickungsgefahr durch Kleinteile, wenn die Pfeife zerbricht!\u00a0\u00a0\u00a0\u00a0\u00a0 <\/span><\/span><span style=\"font-family: arial,helvetica,sans-serif; font-size: 10pt;\">\u00a0\u00a0\u00a0\u00a0\u00a0<strong><span style=\"color: #ff0000;\">10 St\u00fcck 4,50 \u20ac\u00a0\u00a0<\/span><\/strong><\/span><\/p>\n<p class=\"empty-paragraph\">\u00a0<span style=\"font-size: 1px; color: transparent;\">.<\/span><\/p>\n<p style=\"text-align: justify;\"><span style=\"font-family: arial,helvetica,sans-serif; font-size: 14px;\">\u00a0<\/span>\u00a0<span style=\"font-size: 1px; color: transparent;\">.<\/span><\/p>\n<p>\u00a0<span style=\"font-family: arial,helvetica,sans-serif; font-size: 12pt;\"><strong><span style=\"color: #993300;\">SINGENDE MAGNETE\u00a0 extra stark\u00a0\u00a0\u00a0\u00a0\u00a0\u00a0\u00a0\u00a0\u00a0\u00a0\u00a0\u00a0\u00a0\u00a0\u00a0\u00a0\u00a0\u00a0\u00a0\u00a0\u00a0<\/span> 4,00 \u20ac<\/strong><\/span><\/p>\n<p style=\"text-align: justify;\"><span style=\"font-family: arial,helvetica,sans-serif; font-size: 14px;\"><span style=\"font-family: arial,helvetica,sans-serif; font-size: 14px;\"><strong><img loading=\"lazy\" decoding=\"async\" class=\"alignleft\" title=\"SingendeMagnete\" src=\"http:\/\/www.hund-hersbruck.de\/web_neu\/wp-content\/uploads\/SingendeMagnete-112x150.jpg\" alt=\"\" width=\"112\" height=\"150\" \/><\/strong><\/span><span style=\"font-size: 12pt;\"><span style=\"font-size: 10pt;\">&#8222;Schupfnudelmagnete&#8220; aus H\u00e4matit; sie erzeugen &#8222;merkw\u00fcrdige&#8220; Ger\u00e4usche, wenn Sie zusammen hochgeworfen werden und dann in der Luft zusammensto\u00dfen. Kann man eigentlich nicht beschreiben &#8230; (im Esoterikhandel zahlen Sie doppelt so viel, mindestens, weil sie dort als &#8222;Heilmagnete&#8220; angeboten werden). (Magnetismus)<\/span>\u00a0\u00a0 <\/span><\/span><span style=\"font-family: arial,helvetica,sans-serif; font-size: 10px;\">ACHTUNG: Nicht geeignet f\u00fcr Kinder unter 3 Jahren wegen Erstickungsgefahr\u00a0und wegen verschluckbarer Magnete, die erhebliche Gesundheitsgef\u00e4hrdungen verusrachen k\u00f6nnen!<\/span><\/p>\n<p style=\"text-align: justify;\"><span style=\"font-family: arial,helvetica,sans-serif; font-size: 14px;\"><strong>\u00a0<\/strong><\/span><\/p>\n<p class=\"empty-paragraph\">\u00a0<span style=\"font-size: 1px; color: transparent;\">.<\/span><\/p>\n<p style=\"text-align: justify;\"><span style=\"font-family: arial,helvetica,sans-serif; font-size: 14px;\">\u00a0<\/span>\u00a0<span style=\"font-size: 1px; color: transparent;\">.<\/span><\/p>\n<p style=\"text-align: justify;\">\u00a0<span style=\"font-family: arial,helvetica,sans-serif; font-size: 12pt;\"><strong><span style=\"color: #993300;\">SINGENDE MAGNETE\u00a0 \u00a06 cm (!)\u00a0 \u00a0 \u00a0 Sonderpreis 4,00 \u20ac<br \/>\n<\/span><\/strong><span style=\"color: #993300;\"><span style=\"font-size: 10pt; color: #000000;\">Wie oben, nur gr\u00f6\u00f6\u00f6\u00f6\u00dfer, solange unser (schnell schmelzender) Vorrat reicht! Wenn wir im Gesch\u00e4ft darauf aufmerksam machen und die Magnete &#8222;sing<\/span><\/span><\/span><img loading=\"lazy\" decoding=\"async\" class=\"size-thumbnail wp-image-16095 alignleft\" style=\"color: #000000; font-family: arial, helvetica, sans-serif; font-size: 13.3333px;\" src=\"http:\/\/www.hund-hersbruck.de\/web_neu\/wp-content\/uploads\/magnetsteineOo-150x150.png\" alt=\"\" width=\"150\" height=\"150\" srcset=\"http:\/\/www.hund-hersbruck.de\/web_neu\/wp-content\/uploads\/magnetsteineOo-150x150.png 150w, http:\/\/www.hund-hersbruck.de\/web_neu\/wp-content\/uploads\/magnetsteineOo-300x300.png 300w, http:\/\/www.hund-hersbruck.de\/web_neu\/wp-content\/uploads\/magnetsteineOo.png 700w\" sizes=\"auto, (max-width: 150px) 100vw, 150px\" \/><span style=\"color: #000000; font-size: 10pt; font-family: arial, helvetica, sans-serif;\">en&#8220; lassen, ist so gut wie immer eine Packung mit zwei St\u00fcck<\/span><span style=\"color: #000000; font-size: 10pt; font-family: arial, helvetica, sans-serif;\">\u00a0verkauft &#8230;\u00a0 \u00a0 \u00a0 <\/span><span style=\"font-family: arial,helvetica,sans-serif; font-size: 10px;\">ACHTUNG: Nicht geeignet f\u00fcr Kinder unter 3 Jahren wegen Erstickungsgefahr\u00a0und wegen verschluckbarer Magnete, die erhebliche Gesundheitsgef\u00e4hrdungen verusrachen k\u00f6nnen!<\/span><\/p>\n<p class=\"empty-paragraph\">\u00a0<span style=\"font-size: 1px; color: transparent;\">.<\/span><\/p>\n<p class=\"empty-paragraph\">\u00a0<span style=\"font-size: 1px; color: transparent;\">.<\/span><\/p>\n<p class=\"empty-paragraph\">\u00a0<span style=\"font-size: 1px; color: transparent;\">.<\/span><\/p>\n<p class=\"empty-paragraph\">\u00a0<span style=\"font-size: 1px; color: transparent;\">.<\/span><\/p>\n<p style=\"text-align: justify;\"><span style=\"font-family: arial,helvetica,sans-serif; font-size: 14px;\">\u00a0<\/span><span style=\"font-family: arial,helvetica,sans-serif; font-size: 12pt;\"><strong><span style=\"color: #993300;\">VOGL &#8211; PFEIFERL\u00a0\u00a0\u00a0\u00a0\u00a0\u00a0\u00a0\u00a0\u00a0\u00a0\u00a0\u00a0\u00a0\u00a0<\/span> 1,10 \u20ac<\/strong><\/span><\/p>\n<p style=\"text-align: justify;\"><span style=\"font-family: arial,helvetica,sans-serif; font-size: 14px;\"><img loading=\"lazy\" decoding=\"async\" title=\"Vogelpfeiferl1\" src=\"http:\/\/www.hund-hersbruck.de\/web_neu\/wp-content\/uploads\/Vogelpfeiferl1-150x103.jpg\" alt=\"\" width=\"150\" height=\"103\" \/><img loading=\"lazy\" decoding=\"async\" title=\"Vogelpfeiferl2\" src=\"http:\/\/www.hund-hersbruck.de\/web_neu\/wp-content\/uploads\/Vogelpfeiferl2-150x122.jpg\" alt=\"\" width=\"150\" height=\"122\" \/><span style=\"font-size: 12pt;\"><span style=\"font-size: 10pt;\">Jetzt mit Kurzanleitung! Mit dem kleinen Pl\u00e4ttchen zwischen Zunge und Gaumen zwitschert man nach einiger \u00dcbung wie ein Vogel. Bekannt seit vielen Jahren vom Jahrmarkt .<\/span>..\u00a0\u00a0<\/span> <\/span><span style=\"font-family: arial,helvetica,sans-serif; font-size: 10px;\">ACHTUNG: Nicht geeignet f\u00fcr Kinder unter 3 Jahren wegen Erstickungsgefahr durch Kleinteile!<\/span><\/p>\n<p class=\"empty-paragraph\">\u00a0<span style=\"font-size: 1px; color: transparent;\">.<\/span><\/p>\n<p style=\"text-align: justify;\"><span style=\"font-family: arial,helvetica,sans-serif; font-size: 14px;\">\u00a0<\/span> <span style=\"font-family: arial, helvetica, sans-serif; font-size: 14px;\">\u00a0<\/span><\/p>\n<p style=\"text-align: justify;\"><span style=\"font-family: arial,helvetica,sans-serif; font-size: 12pt;\"><strong>Kolbenfl\u00f6te \/ Kolbenpfeife <\/strong>\u00a0 \u00a0 \u00a0 \u00a0 \u00a0 \u00a04<strong>,00 \u20ac<\/strong>!<\/span><\/p>\n<p style=\"text-align: justify;\"><span style=\"font-family: arial,helvetica,sans-serif; font-size: 14px;\"><img loading=\"lazy\" decoding=\"async\" title=\"WoodenSlideWhistle\" src=\"http:\/\/www.hund-hersbruck.de\/web_neu\/wp-content\/uploads\/WoodenSlideWhistle-150x150.jpg\" alt=\"\" width=\"150\" height=\"150\" \/><span style=\"font-size: 10pt;\">Mit dieser Nostalgie &#8211; Pfeife \/ Fl\u00f6te\u00a0aus einem dicken St\u00fcck naturbelassenem Holz k\u00f6nnen hohe und laute T\u00f6ne durch Hin- und Herschieben erzeugt werden. Ein klassisches Spielzeug im physikalischen Bereich der Akustik.<\/span> <\/span><span style=\"font-family: arial,helvetica,sans-serif; font-size: 10px;\">ACHTUNG: Nicht geeignet f\u00fcr Kinder unter 3 Jahren wegen Erstickungsgefahr durch Kleinteile!<\/span><\/p>\n<p style=\"text-align: justify;\"><span style=\"font-family: arial,helvetica,sans-serif; font-size: 14px;\">\u00a0<\/span><span style=\"font-family: arial,helvetica,sans-serif; font-size: 14px;\">\u00a0<\/span><\/p>\n<p class=\"empty-paragraph\">\u00a0<span style=\"font-size: 1px; color: transparent;\">.<\/span><\/p>\n<p style=\"text-align: justify;\"><span style=\"font-family: arial,helvetica,sans-serif; font-size: 12pt;\"><span style=\"color: #993300;\"><strong>Lotuspfeife\u00a0\u00a0\u00a0\u00a0\u00a0\u00a0\u00a0\u00a0\u00a0\u00a0\u00a0\u00a0\u00a0<\/strong><\/span> <strong>3,00 \u20ac<\/strong><\/span><\/p>\n<p style=\"text-align: justify;\"><span style=\"font-family: arial,helvetica,sans-serif; font-size: 14px;\"><img loading=\"lazy\" decoding=\"async\" title=\"TRAVELER DIGITAL CAMERA\" src=\"http:\/\/www.hund-hersbruck.de\/web_neu\/wp-content\/uploads\/Lotuspfeife-150x108.jpg\" alt=\"\" width=\"150\" height=\"108\" \/><span style=\"font-size: 10pt;\">Pfeifenk\u00f6rper 12,50 cm lang, Stempel herausgezogen 24,5 cm; ergibt einen durchdringenden (!), lauten (!) Ton, der in der Tonh\u00f6he wechselt. (Akustik, Lufts\u00e4ule, Tonh\u00f6he &#8230;)\u00a0 <\/span><\/span><span style=\"font-family: arial,helvetica,sans-serif; font-size: 10px;\">ACHTUNG: Nicht geeignet f\u00fcr Kinder unter 3 Jahren wegen Erstickungsgefahr durch Kleinteile!<\/span><\/p>\n<p style=\"text-align: justify;\"><span style=\"font-family: arial,helvetica,sans-serif; font-size: 14px;\">\u00a0<\/span><span style=\"font-family: arial,helvetica,sans-serif; font-size: 14px;\">\u00a0<\/span>\u00a0<span style=\"font-size: 1px; color: transparent;\">.<\/span><\/p>\n<p class=\"empty-paragraph\">\u00a0<span style=\"font-size: 1px; color: transparent;\">.<\/span><span style=\"font-family: arial,helvetica,sans-serif; font-size: 14px;\">\u00a0<\/span><span style=\"font-family: arial,helvetica,sans-serif; font-size: 14px;\"><span style=\"color: #ff0000;\"><strong><span style=\"font-size: 16px;\">Sie waren eben auf unserer Physik &#8211; Unterseite &#8222;Akustik 1&#8220;.\u00a0Also kommt jetzt &#8230;<\/span><\/strong><\/span><\/span><span style=\"color: #ff0000;\"><strong><span style=\"font-family: arial,helvetica,sans-serif; font-size: 16px;\">\u00a0<\/span><\/strong><\/span><\/p>\n<table border=\"0\" align=\"center\">\n<tbody>\n<tr>\n<td><span style=\"font-family: arial,helvetica,sans-serif; font-size: 14px;\">Seiten<\/span><\/td>\n<td><span style=\"font-family: arial,helvetica,sans-serif; font-size: 14px;\"><a title=\"Akustik\" href=\"http:\/\/www.hund-hersbruck.de\/web_neu\/?page_id=6468\">1<\/a><\/span><\/td>\n<td><span style=\"font-family: arial,helvetica,sans-serif; font-size: 14px;\"><a title=\"Akustik 2\" href=\"http:\/\/www.hund-hersbruck.de\/web_neu\/?page_id=6473\">2<\/a><\/span><\/td>\n<\/tr>\n<\/tbody>\n<\/table>\n<p style=\"text-align: justify;\"><span style=\"font-family: arial,helvetica,sans-serif; font-size: 14px;\">\u00a0<\/span><\/p>\n<p style=\"text-align: justify;\"><span style=\"font-family: arial,helvetica,sans-serif; font-size: 14px;\">\u00a0<\/span><\/p>\n","protected":false},"excerpt":{"rendered":"<p>Akustik Wasserfl\u00f6te &#8211; Donnerrohr &#8211; Vogelwasserpfeifen &#8211; Singende Magnete &#8211; Vogl-Pfeiferl &#8211; Singender Kreisel &#8211; Holzpfeife &#8211; Lotuspfeife &#8211; Kolbenpfeife Preis\u00e4nderungen vorbehalten! Mindestbestellsumme 15.- Euro.\u00a0 Laden\u00f6ffnungszeiten: Mo &#8211; Fr. 15.00 &#8211; 18.00 Uhr, Sa 10.00 &#8211; 13.00 Uhr\u00a0\u00a0\u00a0\u00a0\u00a0\u00a0\u00a0So k\u00f6nnen sie bestellen:\u00a0\u00a0\u00a0\u00a0Tel. 09151\/4716\u00a0\u00a0oder gabys-zauberland@t-online.de\u00a0\u00a0\u00a0\u00a0\u00a0 oder auf dem Kontaktformular oben UND, nur mal so nebenbei erw\u00e4hnt: DIESES [&hellip;]<\/p>\n","protected":false},"author":1,"featured_media":0,"parent":0,"menu_order":0,"comment_status":"closed","ping_status":"closed","template":"","meta":{"footnotes":""},"class_list":["post-6468","page","type-page","status-publish","hentry"],"_links":{"self":[{"href":"http:\/\/www.hund-hersbruck.de\/web_neu\/wp-json\/wp\/v2\/pages\/6468","targetHints":{"allow":["GET"]}}],"collection":[{"href":"http:\/\/www.hund-hersbruck.de\/web_neu\/wp-json\/wp\/v2\/pages"}],"about":[{"href":"http:\/\/www.hund-hersbruck.de\/web_neu\/wp-json\/wp\/v2\/types\/page"}],"author":[{"embeddable":true,"href":"http:\/\/www.hund-hersbruck.de\/web_neu\/wp-json\/wp\/v2\/users\/1"}],"replies":[{"embeddable":true,"href":"http:\/\/www.hund-hersbruck.de\/web_neu\/wp-json\/wp\/v2\/comments?post=6468"}],"version-history":[{"count":51,"href":"http:\/\/www.hund-hersbruck.de\/web_neu\/wp-json\/wp\/v2\/pages\/6468\/revisions"}],"predecessor-version":[{"id":17717,"href":"http:\/\/www.hund-hersbruck.de\/web_neu\/wp-json\/wp\/v2\/pages\/6468\/revisions\/17717"}],"wp:attachment":[{"href":"http:\/\/www.hund-hersbruck.de\/web_neu\/wp-json\/wp\/v2\/media?parent=6468"}],"curies":[{"name":"wp","href":"https:\/\/api.w.org\/{rel}","templated":true}]}}