{"id":5801,"date":"2013-01-08T08:26:11","date_gmt":"2013-01-08T08:26:11","guid":{"rendered":"http:\/\/www.hund-hersbruck.de\/web_neu\/?page_id=5801"},"modified":"2026-03-17T08:57:56","modified_gmt":"2026-03-17T08:57:56","slug":"flussigkeiten_seite4","status":"publish","type":"page","link":"http:\/\/www.hund-hersbruck.de\/web_neu\/flussigkeiten_seite4\/","title":{"rendered":"Fl\u00fcssigkeiten_Seite4"},"content":{"rendered":"<table border=\"0\" align=\"center\">\n<tbody>\n<tr>\n<td><span style=\"font-size: 18px;\">Seiten<\/span><\/td>\n<td><span style=\"font-size: 18px;\"><a title=\"Fl\u00fcssigkeiten\" href=\"http:\/\/www.hund-hersbruck.de\/web_neu\/?page_id=115\">1<\/a><\/span><\/td>\n<td><span style=\"font-size: 18px;\"><a title=\"Fl\u00fcssigkeiten_Seite2\" href=\"http:\/\/www.hund-hersbruck.de\/web_neu\/?page_id=5797\">2<\/a><\/span><\/td>\n<td><span style=\"font-size: 18px;\"><a title=\"Fl\u00fcssigkeiten_Seite3\" href=\"http:\/\/www.hund-hersbruck.de\/web_neu\/?page_id=5799\">3<\/a><\/span><\/td>\n<td><span style=\"font-size: 18px;\"><a title=\"Fl\u00fcssigkeiten_Seite4\" href=\"http:\/\/www.hund-hersbruck.de\/web_neu\/?page_id=5801\">4<\/a><\/span><\/td>\n<\/tr>\n<\/tbody>\n<\/table>\n<p style=\"text-align: center;\"><span style=\"font-size: 16px;\"> <span style=\"font-size: 18px;\"><strong>Seite 4<\/strong><\/span><\/span><\/p>\n<p>&nbsp;<\/p>\n<p style=\"text-align: center;\"><span style=\"text-decoration: underline;\"><span style=\"color: #0000ff; font-family: arial,helvetica,sans-serif; font-size: 14pt;\"><strong>Fl\u00fcssigkeiten<\/strong><\/span><\/span><\/p>\n<p style=\"text-align: center;\"><span style=\"color: #0000ff; font-size: 18px;\"><strong>Physikalische Ph\u00e4nomene und &#8222;Ph\u00e4nomene&#8220; rund um Fl\u00fcssigkeiten, vor allem um Wasser &#8230;<\/strong><\/span><\/p>\n<p style=\"text-align: center;\"><span style=\"font-size: 14pt;\"><span style=\"font-family: arial,helvetica,sans-serif;\"><span style=\"font-size: 10pt;\">Galileo-Thermometer &#8211; Knatterboote &#8211; Badewannenschwimmer &#8211; Wasser-Uhr &#8211;<\/span> <\/span><\/span><\/p>\n<p style=\"text-align: center;\"><span style=\"font-size: 12pt;\"><span style=\"font-family: arial,helvetica,sans-serif;\"><strong>Sie m\u00f6chten bestellen?\u00a0\u00a0 <\/strong><\/span><span style=\"font-family: arial,helvetica,sans-serif;\"><strong>Tel. 09151\/4716\u00a0 oder\u00a0 <a href=\"mailto:gabys-zauberland@t-online.de\">gabys-zauberland@t-online.de<\/a><\/strong>\u00a0oder \u00fcber das <strong>Kontaktformular<\/strong> oben\u00a0<span style=\"color: transparent;\">. ode<\/span><\/span><\/span><\/p>\n<p style=\"text-align: center;\"><span style=\"font-family: arial,helvetica,sans-serif; font-size: 14px;\">Preis\u00e4nderungen vorbehalten.\u00a0 <strong><span style=\"text-decoration: underline;\">Mindestbestellsumme<\/span> <\/strong>15.- \u20ac + Porto\u00a0\u00a0<strong> \u00a0<\/strong>Laden\u00f6ffnungszeiten: Mo &#8211; Fr 15.00 &#8211; 18.00 Uhr Sa 10.00 &#8211; 13.00 Uhr<\/span><\/p>\n<p><span style=\"text-decoration: underline;\">Achtung<\/span>: Diese <span style=\"text-decoration: underline;\">Unterseiten<\/span> werden nicht so h\u00e4ufig \u00fcberarbeitet wie die Hauptseiten! Wenn Sie im Zweifel sind, informieren Sie sich bitte dort oder nehmen Sie mit uns direkt Kontakt auf!<\/p>\n<p style=\"text-align: justify;\"><strong><span style=\"font-family: arial, helvetica, sans-serif; font-size: 12pt;\"><span style=\"color: #993300;\">Galileo &#8211; Thermometer\u00a0<\/span> \u00a0 28,00 \u20ac<\/span><\/strong><br \/>\n<span style=\"font-family: arial, helvetica, sans-serif; font-size: 10pt;\"> <img loading=\"lazy\" decoding=\"async\" class=\"alignleft\" src=\"https:\/\/api.app4sales.net\/robetoy\/api\/v2\/images\/item\/E3EEFA9073687144CB956B2BAC68BF6BF8C7006B\" width=\"183\" height=\"183\" \/> <img loading=\"lazy\" decoding=\"async\" class=\"alignleft\" src=\"https:\/\/api.app4sales.net\/robetoy\/api\/v2\/images\/item\/3C647C0599EDBF62FA1BD13218C8DE83A41151A2\" width=\"183\" height=\"183\" \/>\u00a0Ohne gro\u00dfe Anpreisung, weil wir nur sehr wenige Exemplare haben: 14 cm gro\u00df, funktioniert echt ohne Akku, ohne USB- Anschluss, ohne WLAN! \ud83d\ude42\u00a0 \u00a0\ud83d\ude42\u00a0 \u00a0Ein sch\u00f6nes, rein physikalisches Dekorationsobjekt, das noch dazu eine Funktion hat! Kein Kinderspielzeug!<\/span><\/p>\n<p class=\"empty-paragraph\">\u00a0<span style=\"font-size: 1px; color: transparent;\">.<\/span><\/p>\n<p class=\"empty-paragraph\">\u00a0<span style=\"font-size: 1px; color: transparent;\">.<\/span><\/p>\n<p class=\"empty-paragraph\">\u00a0<span style=\"font-size: 1px; color: transparent;\">.<\/span><\/p>\n<p class=\"empty-paragraph\">\u00a0<span style=\"font-size: 1px; color: transparent;\">.<\/span><\/p>\n<p style=\"text-align: justify;\"><span style=\"font-family: arial,helvetica,sans-serif; font-size: 10pt;\"><strong><span style=\"color: #993300;\">BADEWANNEN &#8211; SCHWIMMER<\/span> <\/strong>(Zippy Bather)<strong>\u00a0 \u00a0 \u00a0 \u00a0 \u00a0 \u00a0 \u00a0 \u00a0 \u00a0 \u00a0 4,50 \u20ac<br \/>\n<\/strong><img loading=\"lazy\" decoding=\"async\" class=\"alignleft size-full wp-image-2528\" title=\"ZippyBatherSchwimmer\" src=\"http:\/\/www.hund-hersbruck.de\/web_neu\/wp-content\/uploads\/ZippyBatherSchwimmer.gif\" alt=\"\" width=\"100\" height=\"100\" \/>So was \u00c4hnliches hatten Sie bestimmt in Ihrer Kindheit auch: Einen Schwimmer (oder ein lustiges Tier), den man mit einem Knopf an der Seite aufziehen konnte. Dann paddelte er eine Zeitlang in der Badewanne rum. Dieses Modell hier ist aber im Vergleich dazu &#8222;HighTech&#8220;, denn man kann einstellen, ob er Butterfly- oder Kraulstil schwimmen soll. Und die Beine bewegen sich auch &#8222;stilgem\u00e4\u00df&#8220;! 8 cm lang. ACHTUNG: Nicht geeignet f\u00fcr Kinder unter 3 Jahren wegen Erstickungsgefahr durch Kleinteile!<\/span><\/p>\n<p>&nbsp;<\/p>\n<p class=\"empty-paragraph\">\u00a0<span style=\"font-size: 1px; color: transparent;\">.<\/span><\/p>\n<p style=\"text-align: justify;\"><span style=\"font-family: arial,helvetica,sans-serif; font-size: 12pt;\"><span style=\"color: #993300;\"><strong>Spritz &#8211; Scherz &#8211; Lach &#8211; Toilette<\/strong> (<\/span>mit physikalischem Hintergrund \u2026!)\u00a0\u00a0<strong> 4,50 \u20ac<\/strong><\/span><br \/>\n<span style=\"font-family: arial,helvetica,sans-serif; font-size: 10pt;\"><img loading=\"lazy\" decoding=\"async\" class=\"alignleft wp-image-13915\" src=\"http:\/\/www.hund-hersbruck.de\/web_neu\/wp-content\/uploads\/Toilette-2-300x225.jpg\" alt=\"\" width=\"197\" height=\"148\" srcset=\"http:\/\/www.hund-hersbruck.de\/web_neu\/wp-content\/uploads\/Toilette-2-300x225.jpg 300w, http:\/\/www.hund-hersbruck.de\/web_neu\/wp-content\/uploads\/Toilette-2-150x113.jpg 150w, http:\/\/www.hund-hersbruck.de\/web_neu\/wp-content\/uploads\/Toilette-2-768x576.jpg 768w, http:\/\/www.hund-hersbruck.de\/web_neu\/wp-content\/uploads\/Toilette-2.jpg 1000w\" sizes=\"auto, (max-width: 197px) 100vw, 197px\" \/><img loading=\"lazy\" decoding=\"async\" class=\"alignleft size-thumbnail wp-image-13916\" src=\"http:\/\/www.hund-hersbruck.de\/web_neu\/wp-content\/uploads\/Toilette-1-150x113.jpg\" alt=\"\" width=\"150\" height=\"113\" srcset=\"http:\/\/www.hund-hersbruck.de\/web_neu\/wp-content\/uploads\/Toilette-1-150x113.jpg 150w, http:\/\/www.hund-hersbruck.de\/web_neu\/wp-content\/uploads\/Toilette-1-300x225.jpg 300w, http:\/\/www.hund-hersbruck.de\/web_neu\/wp-content\/uploads\/Toilette-1-768x576.jpg 768w, http:\/\/www.hund-hersbruck.de\/web_neu\/wp-content\/uploads\/Toilette-1.jpg 1000w\" sizes=\"auto, (max-width: 150px) 100vw, 150px\" \/>\u00a0 Jetzt w\u00fcrde uns schon interessieren, ob Sie so physikalisch-sensibel sind, dass Sie den naturwissenschaftlichen Hintergrund dieses &#8222;ausgefallenen Ger\u00e4tes&#8220; erahnen! Man k\u00f6nnte diese Toilette gleich auf mehren unserer Seiten hier anbieten (machen wir glatt auch!), weil eben mehr Technik dahinter steckt, als man so im Spa\u00dfrausch mitbekommt! Man muss selbstverst\u00e4ndlich nicht alles &#8222;verschulen&#8220;, aber der Hinweis auf die intensive gedankliche Ingenieurleistung und die raffinierte Konstruktion sollte schon ab und zu lobend erw\u00e4hnt werden. Sowas macht man ja nicht von heute auf morgen einfach so \u2026\u00a0 Nicht f\u00fcr Kinder unter drei Jahren geeignet werden abbrechbarer und verschluckbarer Kleinteile! Speziell f\u00fcr Lehrer: Man kann mit drei Schr\u00e4ubchen \u00f6ffnen und sieht dann die technischen &#8222;Innereien&#8220; wunderbar! \ud83d\ude42\u00a0 \ud83d\ude42 8,5 cm lang, 6 cm breit, 9,5 cm hoch\u00a0 \u00a0<span style=\"color: #ff0000;\">Nur solange unser Vorrat reicht, dann nicht mehr!<\/span><\/span><\/p>\n<p class=\"empty-paragraph\">\u00a0<span style=\"font-size: 1px; color: transparent;\">.<\/span><\/p>\n<p><span style=\"color: #ff0000; font-family: arial,helvetica,sans-serif; font-size: 10pt;\"><span style=\"color: #000000; font-size: 12pt;\"><em><strong>KNATTERBOOTE oder Putt-Putt &#8211; Boote oder Puff-Paff &#8211; Boote oder Pop Pop &#8211; Boote <\/strong><\/em><\/span>(ok ok &#8211; physikdidaktisch etwas fragw\u00fcrdig hier eingeordnet, aber die Dinger fahren mit Fl\u00fcssigkeit auf einer Fl\u00fcssigkeit \ud83d\ude09\u00a0\u00a0\u00a0 )<\/span><\/p>\n<p style=\"text-align: justify;\"><span style=\"font-family: arial,helvetica,sans-serif; font-size: 14px;\"><em>Klassische Nachbauten der historischen Spielzeuge, wegen der teilweise scharfen Kanten (Blech) aber nicht f\u00fcr Kinder geeignet. Wunderbare Demonstrationsobjekte f\u00fcr physikalische Ph\u00e4nomene. Betrieb mit Wachsresten und Dochten oder den lieferbaren Kerzen (s.u.). Die Boote fahren mit dem f\u00fcr sie typischen Tuk Tuk Tuk nach dem Prinzip des Stirling &#8211; Motors, mit R\u00fccksto\u00dfantrieb &#8230; oder wie oder was? Physikalisch halt &#8230; mit Wasserimpulsantrieb (Dampfjetantrieb, Pulsarmotor) &#8230; ein Motor ohne bewegliche Teile &#8230; positive Impulsbilanz, die das Boot vorw\u00e4rts treibt. Das charakteristische Ger\u00e4usch entsteht durch die spezielle Konstruktion des Verdampfers (wie ein Knackfrosch, der bei den schnellen Druckwechseln hin- und herspringt).<\/em><\/span><\/p>\n<p><span style=\"color: #993300; font-family: arial,helvetica,sans-serif; font-size: 18px;\"><strong>KERZEN \u2013 \/ Knatter &#8211; DAMPFBOOT 1\u00a0\u00a0\u00a0\u00a0\u00a0\u00a0\u00a0\u00a0\u00a0\u00a0\u00a0\u00a0\u00a0\u00a0\u00a0<span style=\"color: #ff0000;\">Sonderpreis<\/span><\/strong><span style=\"color: #ff0000;\"> <strong>6,50 \u20ac<\/strong><\/span><\/span><\/p>\n<p><span style=\"font-family: arial,helvetica,sans-serif; font-size: 14px;\">\u00a0<a href=\"http:\/\/www.hund-hersbruck.de\/web_neu\/wp-content\/uploads\/KnatterbootRecycelt1.jpg\"><img loading=\"lazy\" decoding=\"async\" class=\"alignleft size-full wp-image-6705\" src=\"http:\/\/www.hund-hersbruck.de\/web_neu\/wp-content\/uploads\/KnatterbootRecycelt1.jpg\" alt=\"KnatterbootRecycelt\" width=\"256\" height=\"192\" srcset=\"http:\/\/www.hund-hersbruck.de\/web_neu\/wp-content\/uploads\/KnatterbootRecycelt1.jpg 256w, http:\/\/www.hund-hersbruck.de\/web_neu\/wp-content\/uploads\/KnatterbootRecycelt1-150x112.jpg 150w\" sizes=\"auto, (max-width: 256px) 100vw, 256px\" \/><\/a>\u00a0 Ein historischer Nachbau (ca. 1920) <span style=\"text-decoration: underline;\">aus recyceltem Blech<\/span>, mit dem man das Prinzip der Dampfkraft demonstrieren kann, 14 cm lang. Funktioniert auch mit Kerzenresten, 15 cm lang. (Stichworte: Sterling &#8211; Motor, Spa\u00df, Freude am Ausprobieren &#8230;) <span style=\"font-size: 10px;\">Kein Kinderspielzeug!<\/span><\/span><\/p>\n<p>&nbsp;<\/p>\n<p>&nbsp;<\/p>\n<p>&nbsp;<\/p>\n<p>&nbsp;<\/p>\n<p>&nbsp;<\/p>\n<p><span style=\"color: #993300; font-family: arial,helvetica,sans-serif; font-size: 18px;\"><strong>KERZEN \u2013 \/ Knatter &#8211; DAMPFBOOT 2<\/strong>\u00a0\u00a0\u00a0\u00a0\u00a0\u00a0\u00a0\u00a0\u00a0\u00a0\u00a0\u00a0\u00a0\u00a0\u00a0\u00a0\u00a0 Sonderpreis <strong>6,50 \u20ac<\/strong><\/span><\/p>\n<p><span style=\"font-family: arial,helvetica,sans-serif; font-size: 14px;\">\u00a0wie oben, aber als Boot &#8222;bemalt&#8220;; 14 cm lang.\u00a0\u00a0<span style=\"font-size: 10px;\">Kein Kinderspielzeug!<span style=\"font-family: arial,helvetica,sans-serif; font-size: 14px;\"><img loading=\"lazy\" decoding=\"async\" class=\"alignleft\" title=\"KnatterbootRegularLitho\" src=\"http:\/\/www.hund-hersbruck.de\/web_neu\/wp-content\/uploads\/KnatterbootRegularLitho-150x83.jpg\" alt=\"\" width=\"150\" height=\"83\" \/><\/span><\/span><\/span><\/p>\n<p>&nbsp;<\/p>\n<p>&nbsp;<\/p>\n<p>&nbsp;<\/p>\n<p><span style=\"font-family: arial,helvetica,sans-serif; font-size: 14px;\"><strong><br \/>\n<span style=\"font-size: 18px;\"><span style=\"color: #993300;\">Kleiner Schlepper\u00a0\u00a0\u00a0\u00a0\u00a0<\/span> <del>7,20 \u20ac<\/del>\u00a0\u00a0\u00a0\u00a0 nur noch 6,50 \u20ac!<\/span><br \/>\n<span style=\"font-family: arial,helvetica,sans-serif; font-size: 14px;\"><strong><a href=\"http:\/\/www.hund-hersbruck.de\/web_neu\/phys-spielzeug_seite-2-2\/knatterboothut\/\" rel=\"attachment wp-att-5046\"><img loading=\"lazy\" decoding=\"async\" title=\"KnatterbootHut\" src=\"http:\/\/www.hund-hersbruck.de\/web_neu\/wp-content\/uploads\/KnatterbootHut-150x112.jpg\" alt=\"\" width=\"150\" height=\"112\" \/><\/a><\/strong><\/span><\/strong>\u00a0\u00a0\u00a0\u00a0 einfarbig, 14 cm lang, 6 cm hoch, <span style=\"font-size: 10px;\">kein Kinderspielzeug<\/span><\/span><\/p>\n<p><span style=\"font-family: arial,helvetica,sans-serif; font-size: 14px;\">\u00a0<\/span><\/p>\n<p class=\"empty-paragraph\">\u00a0<span style=\"font-size: 1px; color: transparent;\">.<\/span>\u00a0<span style=\"font-size: 1px; color: transparent;\">.<\/span><\/p>\n<p style=\"text-align: justify;\"><span style=\"font-family: arial,helvetica,sans-serif; font-size: 14px;\"><span style=\"font-size: 18px;\"><strong><span style=\"color: #993300;\">Kerzen &#8211; Knatterboot &#8222;TITANIC<\/span>&#8222;<\/strong>\u00a0\u00a0\u00a0\u00a0\u00a0\u00a0\u00a0\u00a0\u00a0\u00a0\u00a0\u00a0\u00a0\u00a0\u00a0 <strong>35,00 \u20ac<\/strong><\/span><\/span><\/p>\n<p style=\"text-align: justify;\"><span style=\"font-family: arial,helvetica,sans-serif; font-size: 14px;\"><img loading=\"lazy\" decoding=\"async\" class=\"alignleft\" title=\"Titanic\" src=\"http:\/\/www.hund-hersbruck.de\/web_neu\/wp-content\/uploads\/Titanic-145x150.jpg\" alt=\"\" width=\"145\" height=\"150\" \/>Das wohl gr\u00f6\u00dfte serienm\u00e4\u00dfig hergestellte &#8222;Boot&#8220; mit &#8222;Knatterantrieb&#8220;! 35 cm lang, vier Schornsteine!\u00a0 <\/span><span style=\"font-family: arial,helvetica,sans-serif; font-size: 14px;\">Das Ruder sorgt f\u00fcr kontrollierbare Fahrtrichtungen auch auf gr\u00f6\u00dferen Teichen. Dabei ist die Kerzenflamme so gut im Rumpf des Dampfers verborgen, dass auch Windst\u00f6\u00dfe die Flamme nicht so leicht ausl\u00f6schen k\u00f6nnen. Aufw\u00e4ndige lithographische Gestaltung und stabile Verpackung. Ein wunderbares Sammlerst\u00fcck und begeisterndes physikalisches &#8222;Ph\u00e4nomen&#8220; f\u00fcr Jung und Reif. F\u00e4hrt mit Kerzenresten. L\u00f6ffel und Wasserspritze enthalten. Aber kein Kinderspielzeug, wie alle unsere Knatterboote! <\/span><\/p>\n<p>&nbsp;<\/p>\n<p><span style=\"font-size: 18px;\"><span style=\"color: #993300;\"><br \/>\nERSATZKERZEN<\/span> 3er<\/span> &#8211; Packung in Kronkorken\u00a0\u00a0\u00a0\u00a0 <strong>0,75 \u20ac<\/strong><strong><img loading=\"lazy\" decoding=\"async\" class=\"alignleft\" title=\"Ersatzkerzen3er\" src=\"http:\/\/www.hund-hersbruck.de\/web_neu\/wp-content\/uploads\/Ersatzkerzen3er-150x132.jpg\" alt=\"\" width=\"150\" height=\"132\" \/><\/strong><\/p>\n<p><span style=\"font-family: arial,helvetica,sans-serif; font-size: 14px;\">\u00a0<\/span><\/p>\n<p><span style=\"font-family: arial,helvetica,sans-serif; font-size: 14px;\">\u00a0<\/span><\/p>\n<p><span style=\"font-family: arial,helvetica,sans-serif; font-size: 14px;\">\u00a0<\/span><\/p>\n<p><span style=\"font-family: arial,helvetica,sans-serif; font-size: 14px;\">\u00a0.<\/span><\/p>\n<p>&nbsp;<\/p>\n<p>&nbsp;<\/p>\n<p style=\"text-align: justify;\"><span style=\"font-family: arial,helvetica,sans-serif; font-size: 14pt;\"><span style=\"color: #993300;\"><span style=\"color: #0000ff;\"><strong><span style=\"color: #000000;\"><span style=\"font-size: 12pt;\"><span style=\"color: #993300;\">&#8222;Sand&#8220;uhr Bubbles (Seifenblasen)\u00a0<\/span>\u00a0\u00a0\u00a0\u00a0 9,00 \u20ac<\/span><br \/>\n<\/span><\/strong><span style=\"color: #000000; font-size: 12pt;\"><a href=\"http:\/\/www.hund-hersbruck.de\/web_neu\/wp-content\/uploads\/TimerBubblesRobet.png\"><img loading=\"lazy\" decoding=\"async\" class=\"alignleft size-medium wp-image-10794\" src=\"http:\/\/www.hund-hersbruck.de\/web_neu\/wp-content\/uploads\/TimerBubblesRobet-300x300.png\" alt=\"TimerBubblesRobet\" width=\"300\" height=\"300\" srcset=\"http:\/\/www.hund-hersbruck.de\/web_neu\/wp-content\/uploads\/TimerBubblesRobet-300x300.png 300w, http:\/\/www.hund-hersbruck.de\/web_neu\/wp-content\/uploads\/TimerBubblesRobet-150x150.png 150w, http:\/\/www.hund-hersbruck.de\/web_neu\/wp-content\/uploads\/TimerBubblesRobet.png 440w\" sizes=\"auto, (max-width: 300px) 100vw, 300px\" \/><\/a>\u00a0\u00a0<span style=\"font-size: 10pt;\"> Als wir diese &#8222;Sand&#8220;uhr auf der Spielwarenmesse sahen, war unsere erste Reaktion: <strong><em>&#8222;WOW!&#8220;<\/em><\/strong> In der\u00a0Tat mal was anderes! Der &#8222;Sand&#8220;, der in dieser Uhr mit klassischem Design runterl\u00e4uft, ist gef\u00e4rbte Seifenblasenlauge, die bewirkt, dass sich oben und unten wundersch\u00f6n anzusehende (neudeutsch) Bubbles (altdeutsch: Seifenblasen) bilden. Wenn man den Umkehrvorgang mehrmals durchf\u00fchrt, werden es immer mehr, die dann auch ein ansehnliche Zeit \u00fcber erhalten bleiben. Nat\u00fcrlich nicht f\u00fcr Kinder unter drei Jahren geeignet (wegen des sehr d\u00fcnnen Glases auch f\u00fcr \u00e4ltere nicht)!\u00a0 H\u00f6he 15 cm, Durchmesser 7 cm<\/span><\/span><\/span><\/span><\/span><\/p>\n<p class=\"empty-paragraph\" style=\"text-align: justify;\"><span style=\"font-size: 10pt;\">\u00a0<span style=\"color: transparent;\">.<\/span><\/span><\/p>\n<p class=\"empty-paragraph\" style=\"text-align: justify;\"><span style=\"font-size: 10pt;\">\u00a0<span style=\"color: transparent;\">.<\/span><\/span><\/p>\n<table border=\"0\" align=\"center\">\n<tbody>\n<tr>\n<td><span style=\"font-size: 18px;\">Seiten<\/span><\/td>\n<td><span style=\"font-size: 18px;\"><a title=\"Fl\u00fcssigkeiten\" href=\"http:\/\/www.hund-hersbruck.de\/web_neu\/?page_id=115\">1<\/a><\/span><\/td>\n<td><span style=\"font-size: 18px;\"><a title=\"Fl\u00fcssigkeiten_Seite2\" href=\"http:\/\/www.hund-hersbruck.de\/web_neu\/?page_id=5797\">2<\/a><\/span><\/td>\n<td><span style=\"font-size: 18px;\"><a title=\"Fl\u00fcssigkeiten_Seite3\" href=\"http:\/\/www.hund-hersbruck.de\/web_neu\/?page_id=5799\">3<\/a><\/span><\/td>\n<td><span style=\"font-size: 18px;\"><a title=\"Fl\u00fcssigkeiten_Seite4\" href=\"http:\/\/www.hund-hersbruck.de\/web_neu\/?page_id=5801\">4<\/a><\/span><\/td>\n<\/tr>\n<\/tbody>\n<\/table>\n","protected":false},"excerpt":{"rendered":"<p>Seiten 1 2 3 4 Seite 4 &nbsp; Fl\u00fcssigkeiten Physikalische Ph\u00e4nomene und &#8222;Ph\u00e4nomene&#8220; rund um Fl\u00fcssigkeiten, vor allem um Wasser &#8230; Galileo-Thermometer &#8211; Knatterboote &#8211; Badewannenschwimmer &#8211; Wasser-Uhr &#8211; Sie m\u00f6chten bestellen?\u00a0\u00a0 Tel. 09151\/4716\u00a0 oder\u00a0 gabys-zauberland@t-online.de\u00a0oder \u00fcber das Kontaktformular oben\u00a0. ode Preis\u00e4nderungen vorbehalten.\u00a0 Mindestbestellsumme 15.- \u20ac + Porto\u00a0\u00a0 \u00a0Laden\u00f6ffnungszeiten: Mo &#8211; Fr 15.00 &#8211; 18.00 [&hellip;]<\/p>\n","protected":false},"author":1,"featured_media":0,"parent":0,"menu_order":0,"comment_status":"closed","ping_status":"closed","template":"","meta":{"footnotes":""},"class_list":["post-5801","page","type-page","status-publish","hentry"],"_links":{"self":[{"href":"http:\/\/www.hund-hersbruck.de\/web_neu\/wp-json\/wp\/v2\/pages\/5801","targetHints":{"allow":["GET"]}}],"collection":[{"href":"http:\/\/www.hund-hersbruck.de\/web_neu\/wp-json\/wp\/v2\/pages"}],"about":[{"href":"http:\/\/www.hund-hersbruck.de\/web_neu\/wp-json\/wp\/v2\/types\/page"}],"author":[{"embeddable":true,"href":"http:\/\/www.hund-hersbruck.de\/web_neu\/wp-json\/wp\/v2\/users\/1"}],"replies":[{"embeddable":true,"href":"http:\/\/www.hund-hersbruck.de\/web_neu\/wp-json\/wp\/v2\/comments?post=5801"}],"version-history":[{"count":27,"href":"http:\/\/www.hund-hersbruck.de\/web_neu\/wp-json\/wp\/v2\/pages\/5801\/revisions"}],"predecessor-version":[{"id":17846,"href":"http:\/\/www.hund-hersbruck.de\/web_neu\/wp-json\/wp\/v2\/pages\/5801\/revisions\/17846"}],"wp:attachment":[{"href":"http:\/\/www.hund-hersbruck.de\/web_neu\/wp-json\/wp\/v2\/media?parent=5801"}],"curies":[{"name":"wp","href":"https:\/\/api.w.org\/{rel}","templated":true}]}}