{"id":5799,"date":"2013-01-08T08:25:49","date_gmt":"2013-01-08T08:25:49","guid":{"rendered":"http:\/\/www.hund-hersbruck.de\/web_neu\/?page_id=5799"},"modified":"2025-08-02T19:11:40","modified_gmt":"2025-08-02T19:11:40","slug":"flussigkeiten_seite3","status":"publish","type":"page","link":"http:\/\/www.hund-hersbruck.de\/web_neu\/flussigkeiten_seite3\/","title":{"rendered":"Fl\u00fcssigkeiten_Seite3"},"content":{"rendered":"<p>&nbsp;<\/p>\n<p style=\"text-align: center;\"><span style=\"color: #0000ff; font-family: arial,helvetica,sans-serif; font-size: 14pt;\"><strong>Fl\u00fcssigkeiten<\/strong><\/span><\/p>\n<p style=\"text-align: center;\"><span style=\"color: #0000ff; font-family: arial,helvetica,sans-serif; font-size: 14pt;\"><strong>Physikalische Ph\u00e4nomene und &#8222;Ph\u00e4nomene&#8220; rund um Fl\u00fcssigkeiten, vor allem um Wasser \u2026<\/strong><\/span><\/p>\n<p style=\"text-align: center;\"><span style=\"font-family: arial,helvetica,sans-serif; font-size: 12pt;\"><span style=\"font-size: 10pt;\">Seifenblasen zum Anfassen &#8211; Magischer Milchkrug &#8211;<\/span> <\/span><\/p>\n<table border=\"0\" align=\"center\">\n<tbody>\n<tr>\n<td><span style=\"font-size: 18px;\">Seiten<\/span><\/td>\n<td><span style=\"font-size: 18px;\"><a title=\"Fl\u00fcssigkeiten\" href=\"http:\/\/www.hund-hersbruck.de\/web_neu\/?page_id=115\">1<\/a><\/span><\/td>\n<td><span style=\"font-size: 18px;\"><a title=\"Fl\u00fcssigkeiten_Seite2\" href=\"http:\/\/www.hund-hersbruck.de\/web_neu\/?page_id=5797\">2<\/a><\/span><\/td>\n<td><span style=\"font-size: 18px;\"><a title=\"Fl\u00fcssigkeiten_Seite3\" href=\"http:\/\/www.hund-hersbruck.de\/web_neu\/?page_id=5799\">3<\/a><\/span><\/td>\n<td><span style=\"font-size: 18px;\"><a title=\"Fl\u00fcssigkeiten_Seite4\" href=\"http:\/\/www.hund-hersbruck.de\/web_neu\/?page_id=5801\">4<\/a><\/span><\/td>\n<\/tr>\n<\/tbody>\n<\/table>\n<p style=\"text-align: center;\"><span style=\"font-family: arial,helvetica,sans-serif; font-size: 12pt;\"> <strong>Seite 3<\/strong><\/span><\/p>\n<p style=\"text-align: center;\"><span style=\"font-family: arial,helvetica,sans-serif; font-size: 12pt;\">\u00a0<strong>Sie m\u00f6chten <span style=\"color: #0000ff; text-decoration: underline;\">bestellen<\/span>?\u00a0\u00a0 <\/strong><\/span><span style=\"font-family: arial,helvetica,sans-serif; font-size: 12pt;\"><strong>Tel. 09151\/4716\u00a0\u00a0\u00a0 oder\u00a0 \u00a0<a href=\"mailto:gabys-zauberland@t-online.de\">gabys-zauberland@t-online.de<\/a><\/strong>\u00a0\u00a0\u00a0\u00a0\u00a0\u00a0 oder \u00fcber das <strong>Kontaktformular oben<br \/>\n<\/strong><\/span><span style=\"font-family: arial,helvetica,sans-serif; font-size: 10pt;\">Preis\u00e4nderungen \u2013 leider! \u2013 vorbehalten. Auch wir sind abh\u00e4ngig von unseren Lieferanten. <span style=\"text-decoration: underline;\"><strong>Mindestbestellsumme<\/strong> <\/span>15.- \u20ac + Porto Laden\u00f6ffnungszeiten: Mo &#8211; Fr 15.00 &#8211; 18.00 Uhr Sa 10.00 &#8211; 13.00 Uhr\u00a0\u00a0\u00a0\u00a0\u00a0\u00a0\u00a0\u00a0\u00a0 <span style=\"font-size: 10pt;\">Wir versenden mit DHL<\/span><\/span><\/p>\n<p class=\"empty-paragraph\">\u00a0<span style=\"font-size: 1px; color: transparent;\">.<\/span><\/p>\n<p><span style=\"font-size: 1px; color: transparent;\">.<\/span><span style=\"font-family: arial,helvetica,sans-serif; font-size: 12pt;\"> <strong><span style=\"color: #993300;\">Wasser h\u00e4ngt in der Luft: Trapezoid Water Vase<\/span>\u00a0\u00a0\u00a0\u00a0\u00a0\u00a0\u00a0\u00a0\u00a0 4,00 \u20ac<\/strong><\/span><\/p>\n<p style=\"text-align: justify;\"><img loading=\"lazy\" decoding=\"async\" class=\"alignleft\" title=\"trapwatvase\" src=\"http:\/\/www.hund-hersbruck.de\/web_neu\/wp-content\/uploads\/trapwatvase1-150x131.jpg\" alt=\"\" width=\"150\" height=\"131\" \/><span style=\"font-family: arial,helvetica,sans-serif; font-size: 10pt;\">Eine kleine Vase wird mit Wasser gef\u00fcllt, die \u00d6ffnung mit einer Spielkarte bedeckt und umgedreht. Das Wasser flie\u00dft nicht aus, die Karte bleibt h\u00e4ngen. DAS ist Physik! Jetzt wird aber die Karte weggezogen \u2013 und das Wasser bleibt immer noch \u201eh\u00e4ngen\u201c! DAS ist Zauberei!<br \/>\nUnsere einfachste Ausf\u00fchrung des Effekts &#8222;Wasser h\u00e4ngt in der Luft&#8220; &#8211; trotzdem gut funktionierend!<\/span><\/p>\n<p style=\"text-align: justify;\"><span style=\"font-family: arial,helvetica,sans-serif; font-size: 10px;\">\u00a0\u00a0\u00a0\u00a0\u00a0\u00a0\u00a0\u00a0 ACHTUNG: Nicht geeignet f\u00fcr Kinder unter 3 Jahren<\/span><\/p>\n<p class=\"empty-paragraph\"><span style=\"font-family: arial,helvetica,sans-serif;\">\u00a0<span style=\"color: transparent; font-size: 1px;\">.<\/span><\/span><\/p>\n<p class=\"empty-paragraph\">\u00a0<span style=\"font-size: 1px; color: transparent;\">.<\/span>\u00a0<span style=\"font-size: 1px; color: transparent;\">.<\/span><\/p>\n<p class=\"empty-paragraph\">\u00a0<span style=\"font-size: 12pt;\"><span style=\"color: transparent;\">.<\/span><span style=\"font-family: arial,helvetica,sans-serif;\"><strong><span style=\"color: #993300;\">Eine lustige <\/span><\/strong><\/span><span style=\"font-family: arial,helvetica,sans-serif;\"><strong><span style=\"color: #993300;\">Verwandlung &#8222;Pea Can \u2013 Aluminium Deluxe&#8220;<\/span><\/strong><strong>\u00a0\u00a0\u00a0 8,50 \u20ac<\/strong><\/span><\/span><\/p>\n<p style=\"text-align: justify;\"><span style=\"font-family: arial,helvetica,sans-serif;\"><span style=\"font-size: 14px;\">\u00a0\u00a0\u00a0<span style=\"font-size: 10pt;\"><a href=\"http:\/\/www.hund-hersbruck.de\/web_neu\/wp-content\/uploads\/DalalPeaCan.jpg\"><img loading=\"lazy\" decoding=\"async\" class=\"alignleft size-full wp-image-1908\" src=\"http:\/\/www.hund-hersbruck.de\/web_neu\/wp-content\/uploads\/DalalPeaCan.jpg\" alt=\"DalalPeaCan\" width=\"288\" height=\"216\" srcset=\"http:\/\/www.hund-hersbruck.de\/web_neu\/wp-content\/uploads\/DalalPeaCan.jpg 288w, http:\/\/www.hund-hersbruck.de\/web_neu\/wp-content\/uploads\/DalalPeaCan-150x112.jpg 150w\" sizes=\"auto, (max-width: 288px) 100vw, 288px\" \/><\/a> Irgendwas Festes verwandelt sich in eine Fl\u00fcssigkeit, die in die Hand eines Zuschauers gegossen wird! So k\u00f6nnte man in K\u00fcrze den Effekt dieses in aller Welt beliebten Klassikers der Tischzauberei beschreiben. <\/span><\/span><span style=\"font-size: 12pt;\"><span style=\"font-size: 10pt;\">Das kleine Bild eines Schiffes (vom Zuschauer gezeichnet und zu einem Papierkn\u00e4uel geformt) wird zum Meer (zumindest zu einem Teil davon &#8230;). Zwei Zauber &#8211; Erbsen (engl. pea, gesprochen Pie) nehmen das nach einem doppelt gesprochenen Zauberspruch (\u201ePie Pie\u201c) w\u00f6rtlich &#8230; (!), Zauberkonfetti wird zu kleinen Zuckerbonbons, ein Geldschein verrinnt zu Wasser usw. usw. usw.; wenig Aufwand, wenig Gep\u00e4ck, ein sch\u00f6nes Requisit aus Goldmetall mit silbernem Schmuckband (4cm hoch), wenig Tricktechnik, viel &#8222;Drumherum&#8220; &#8211; aber ein wunderbarer Effekt, der im Ged\u00e4chtnis der Zuschauer haften bleibt! Ein P\u00e4ckchen mit (fremdl\u00e4ndischen, indischen) Erbsen und Bohnen wird mitgeliefert als Sonderservice!<\/span> <em><span style=\"font-size: 10pt;\"><span style=\"color: #ff0000;\">Zugegeben: Der PHYSIKALISCHE \/ CHEMISCHE &#8222;Gehalt&#8220; ist (NOCH!) nicht automatisch mitgegeben! Den augenzwinkernden Bezug\u00a0m\u00fcssen <span style=\"text-decoration: underline;\">SIE<\/span> schon\u00a0schaffen! Das gelingt IHNEN aber garantiert gut, denn sonst w\u00e4ren Sie\u00a0ja nicht HIER auf diesen Seiten gelandet und h\u00e4tten vor allem nicht bis HIERHER gelesen &#8230; \ud83d\ude09\u00a0<\/span>\u00a0\u00a0<\/span><\/em>\u00a0\u00a0 \u00a0<\/span><span style=\"font-size: 10px;\">ACHTUNG: Nicht geeignet f\u00fcr Kinder unter 3 Jahren wegen Erstickungsgefahr durch Kleinteile!<\/span><\/span><\/p>\n<p class=\"empty-paragraph\">\u00a0<span style=\"font-size: 1px; color: transparent;\">.<\/span>\u00a0<span style=\"font-size: 1px; color: transparent;\">.<\/span><\/p>\n<p class=\"empty-paragraph\">\u00a0<span style=\"font-size: 1px; color: transparent;\">.<\/span><\/p>\n<p class=\"empty-paragraph\" style=\"text-align: justify;\"><strong><span style=\"font-family: arial,helvetica,sans-serif; font-size: 14pt;\"><span style=\"color: #993300;\"><span style=\"font-size: 12pt;\">Eine magische Fl\u00fcssigkeit<\/span> <span style=\"font-size: 10pt;\">(Liquid Suspension)<\/span>\u00a0<\/span>\u00a0<span style=\"font-size: 12pt;\"> <del>statt 27.-\u00a0\u20ac<\/del>\u00a0\u00a0 <span style=\"color: #ff0000;\">Sonderpreis nur 20.- \u20ac <\/span><\/span><\/span><\/strong> <span style=\"font-family: arial,helvetica,sans-serif; font-size: 12pt;\"><span style=\"color: #000000;\"><span style=\"font-size: 12pt;\"><a href=\"http:\/\/www.hund-hersbruck.de\/web_neu\/wp-content\/uploads\/liquidsuspension.jpg\"><img loading=\"lazy\" decoding=\"async\" class=\"alignleft size-full wp-image-8552\" src=\"http:\/\/www.hund-hersbruck.de\/web_neu\/wp-content\/uploads\/liquidsuspension.jpg\" alt=\"liquidsuspension\" width=\"300\" height=\"193\" srcset=\"http:\/\/www.hund-hersbruck.de\/web_neu\/wp-content\/uploads\/liquidsuspension.jpg 300w, http:\/\/www.hund-hersbruck.de\/web_neu\/wp-content\/uploads\/liquidsuspension-150x96.jpg 150w\" sizes=\"auto, (max-width: 300px) 100vw, 300px\" \/><\/a>\u00a0\u00a0<\/span><br \/>\n<span style=\"font-size: 10pt;\"><em>Na ja &#8211; zugegebenerma\u00dfen hat dieses Kunstst\u00fcck rein physikalisch gesehen wenig Bezug zur &#8222;Physik der Fl\u00fcssigkeiten&#8220;! Bei einem &#8222;Tag der offenen Schult\u00fcre&#8220;, bei einem Schulfest im Physiksaal vorgef\u00fchrt mit einem entsprechenden\u00a0physikalischen Nonsens&#8220;vortrag&#8220; wird der Applaus Orkanst\u00e4rke haben! Dass dahinter raffiniert gefertigte Apparate und ein ausgefeilter Ablauf stecken, muss ja nicht enth\u00fcllt werden! <\/em> Auf dem Tisch stehen folgende Gegenst\u00e4nde, die auch einwandfrei vorgezeigt werden: Ein leerer Metallzylinder (pulverlackiert), ein leeres Glas und ein Glas, das mit einer Fl\u00fcssigkeit gef\u00fcllt ist. Diese wird ganz normal von oben in die R\u00f6hre gesch\u00fcttet \u2013 und bleibt anscheinend darin h\u00e4ngen! Jedenfalls kommt unten nichts raus! <\/span><\/span><span style=\"color: #000000; font-size: 10pt;\">Ein Tuch wird durch den Zylinder gezogen um zu beweisen, dass er leer ist. Schlie\u00dflich wird das leere Glas in die R\u00f6hre gegeben \u2013 und erscheint wieder voll mit der Fl\u00fcssigkeit, die man sofort einem Zuschauer zu trinken geben kann. Die Metallr\u00f6hre ist wieder v\u00f6llig leer und kann untersucht werden! Der Zylinder ist 15 cm hoch mit 9 cm Durchmesser, das gro\u00dfe Glas\u00a013 cm hoch, 8 cm Durchmesser. \u00a0Kein Kinderspielzeug!<\/span><\/span><\/p>\n<p class=\"empty-paragraph\">\u00a0<span style=\"font-size: 1px; color: transparent;\">.<\/span><\/p>\n<p class=\"empty-paragraph\">\u00a0<span style=\"font-size: 1px; color: transparent;\">.<\/span><\/p>\n<p><span style=\"font-family: arial,helvetica,sans-serif; font-size: 12pt;\"><strong><span style=\"color: #993300;\">Der Magische Milchkrug\u00a0\u00a0 \u00a0&#8222;Milk Mug&#8220;<\/span>\u00a0\u00a0\u00a0\u00a0\u00a0\u00a0\u00a0\u00a0\u00a0\u00a0\u00a0\u00a0\u00a0\u00a0\u00a0\u00a0\u00a0\u00a0\u00a0\u00a0\u00a0\u00a0\u00a0\u00a0\u00a0\u00a0\u00a0\u00a0\u00a0\u00a0\u00a0\u00a0\u00a0\u00a0\u00a0\u00a0 12,00 \u20ac<\/strong><\/span><\/p>\n<p style=\"text-align: justify;\"><img loading=\"lazy\" decoding=\"async\" class=\"alignleft\" title=\"Dalalmilkmug\" src=\"http:\/\/www.hund-hersbruck.de\/web_neu\/wp-content\/uploads\/Dalalmilkmug.gif\" alt=\"\" width=\"240\" height=\"202\" \/><span style=\"font-family: arial,helvetica,sans-serif; font-size: 10pt;\">Der Magische Milchkrug ist in seinen verschiedenen Ausf\u00fchrungen eines der beliebtesten Requisiten f\u00fcr Fl\u00fcssigkeiten. Man kann damit z.B. Milch in voller Sicht der Zuschauer in eine Papiert\u00fcte gie\u00dfen, die danach blitzschnell verschwindet, wenn die T\u00fcte gegen die Zuschauer gesch\u00fcttet wird! Diese sehr preiswerte Ausf\u00fchrung funktioniert zuverl\u00e4ssig, kann leicht ges\u00e4ubert werden (der Einsatz ist einfach herauszunehmen) und ist einfach zu handhaben. Das Ger\u00e4t erinnert an einen (nicht bayerischen!!) Bierkrug oder einen gro\u00dfen Kaffeebecher (13 cm hoch, 7,5 cm Durchmesser). Auch mit anderen undurchsichtigen Fl\u00fcssigkeiten zu f\u00fcllen (Kaffee, dunkles Bier, Kakao &#8230;).\u00a0 <span style=\"font-size: 8pt;\">ACHTUNG: Nicht geeignet f\u00fcr Kinder unter 3 Jahren<\/span><\/span><\/p>\n<p class=\"empty-paragraph\"><span style=\"font-family: arial,helvetica,sans-serif; font-size: 10pt;\">\u00a0<span style=\"color: transparent;\">.<\/span><\/span><\/p>\n<p>&nbsp;<\/p>\n<p class=\"empty-paragraph\">\u00a0<span style=\"font-size: 1px; color: transparent;\">.<\/span><\/p>\n<p class=\"empty-paragraph\"><span style=\"font-family: arial,helvetica,sans-serif; font-size: 12pt;\"><strong><span style=\"color: #993300;\">SEIFENBLASEN ZUM ANFASSEN<\/span>\u00a0\u00a0\u00a0\u00a0 <del>2,80 \u20ac<\/del>\u00a0\u00a0\u00a0 2,50 \u20ac<\/strong><\/span><\/p>\n<p style=\"text-align: justify;\"><img loading=\"lazy\" decoding=\"async\" class=\"alignleft size-thumbnail wp-image-2320\" title=\"Seifenblasen zum Anfassen\" src=\"http:\/\/www.hund-hersbruck.de\/web_neu\/wp-content\/uploads\/Seifenblasen-zum-Anfassen-150x130.jpg\" alt=\"\" width=\"150\" height=\"130\" srcset=\"http:\/\/www.hund-hersbruck.de\/web_neu\/wp-content\/uploads\/Seifenblasen-zum-Anfassen-150x130.jpg 150w, http:\/\/www.hund-hersbruck.de\/web_neu\/wp-content\/uploads\/Seifenblasen-zum-Anfassen-300x260.jpg 300w, http:\/\/www.hund-hersbruck.de\/web_neu\/wp-content\/uploads\/Seifenblasen-zum-Anfassen.jpg 360w\" sizes=\"auto, (max-width: 150px) 100vw, 150px\" \/><span style=\"font-family: arial,helvetica,sans-serif; font-size: 10pt;\">Ein immer wieder faszinierendes &#8222;Ph\u00e4nomen&#8220;: Diese Seifenblasen werden nach oben geblasen, man wartet ein paar Sekunden (bis sie ihre Farbe \u00e4ndern) &#8211; und dann kann man eine auf den Finger nehmen und damit andere Seifenblasen einfangen. Ein bezaubernder Spa\u00df f\u00fcr wenig Geld &#8230; (und nebenbei: irgendwas muss anders sein, als bei den normalen Seifenblasen &#8230;!) ca.\u00a022 ml<\/span><\/p>\n<p style=\"text-align: justify;\"><span style=\"font-family: arial,helvetica,sans-serif; font-size: 10px;\">ACHTUNG: Nicht geeignet f\u00fcr Kinder unter 3 Jahren wegen Erstickungsgefahr durch Kleinteile!<\/span><\/p>\n<p class=\"empty-paragraph\">\u00a0<span style=\"font-size: 1px; color: transparent;\">.<\/span><\/p>\n<p class=\"empty-paragraph\">\u00a0<span style=\"font-size: 1px; color: transparent;\">.<\/span><span style=\"color: #ffffff;\">i<\/span><\/p>\n<p class=\"empty-paragraph\"><strong><span style=\"font-family: arial,helvetica,sans-serif; font-size: 14pt;\">\u00a0<span style=\"font-size: 12pt;\"><span style=\"color: #993300;\">Seifenblasen zum Anfassen\u00a0\u00a0\u00a0\u00a0<\/span> 1,60 \u20ac<\/span><\/span><\/strong> <span style=\"font-family: arial,helvetica,sans-serif; font-size: 12pt;\"><a href=\"http:\/\/www.hund-hersbruck.de\/web_neu\/wp-content\/uploads\/Seifenblasen-klein.jpg\"><img loading=\"lazy\" decoding=\"async\" class=\"alignleft size-full wp-image-8851\" src=\"http:\/\/www.hund-hersbruck.de\/web_neu\/wp-content\/uploads\/Seifenblasen-klein.jpg\" alt=\"Seifenblasen klein\" width=\"200\" height=\"150\" srcset=\"http:\/\/www.hund-hersbruck.de\/web_neu\/wp-content\/uploads\/Seifenblasen-klein.jpg 200w, http:\/\/www.hund-hersbruck.de\/web_neu\/wp-content\/uploads\/Seifenblasen-klein-150x112.jpg 150w\" sizes=\"auto, (max-width: 200px) 100vw, 200px\" \/><\/a>\u00a0\u00a0\u00a0 <span style=\"font-size: 10pt;\">&#8222;Catchabubble&#8220; auf Neudeutsch! ca. <strong>10 ml<\/strong>, 6 verschiedene Farben; wie oben<\/span><\/span><\/p>\n<p class=\"empty-paragraph\">\u00a0<span style=\"font-size: 1px; color: transparent;\">.<\/span><\/p>\n<p class=\"empty-paragraph\">\u00a0<span style=\"font-size: 1px; color: transparent;\">.<\/span><\/p>\n<p class=\"empty-paragraph\">\u00a0<span style=\"font-size: 1px; color: transparent;\">.<\/span><\/p>\n<p class=\"empty-paragraph\">\u00a0<span style=\"font-size: 1px; color: transparent;\">.<\/span><\/p>\n<p class=\"empty-paragraph\">\u00a0<span style=\"font-size: 1px; color: transparent;\">.<\/span><\/p>\n<p class=\"empty-paragraph\" style=\"text-align: center;\"><span style=\"color: #0000ff; font-family: arial,helvetica,sans-serif; font-size: 14pt;\">Sie waren eben auf der Unterseite &#8222;Fl\u00fcssigkeiten 3&#8220;. Jetzt k\u00f6nnen sie also zum Beispiel auf &#8230;<\/span><\/p>\n<table border=\"0\" align=\"center\">\n<tbody>\n<tr>\n<td><span style=\"font-size: 18px;\">Seiten<\/span><\/td>\n<td><span style=\"font-size: 18px;\"><a title=\"Fl\u00fcssigkeiten\" href=\"http:\/\/www.hund-hersbruck.de\/web_neu\/?page_id=115\">1<\/a><\/span><\/td>\n<td><span style=\"font-size: 18px;\"><a title=\"Fl\u00fcssigkeiten_Seite2\" href=\"http:\/\/www.hund-hersbruck.de\/web_neu\/?page_id=5797\">2<\/a><\/span><\/td>\n<td><span style=\"font-size: 18px;\"><a title=\"Fl\u00fcssigkeiten_Seite3\" href=\"http:\/\/www.hund-hersbruck.de\/web_neu\/?page_id=5799\">3<\/a><\/span><\/td>\n<td><span style=\"font-size: 18px;\"><a title=\"Fl\u00fcssigkeiten_Seite4\" href=\"http:\/\/www.hund-hersbruck.de\/web_neu\/?page_id=5801\">4<\/a><\/span><\/td>\n<\/tr>\n<\/tbody>\n<\/table>\n","protected":false},"excerpt":{"rendered":"<p>&nbsp; Fl\u00fcssigkeiten Physikalische Ph\u00e4nomene und &#8222;Ph\u00e4nomene&#8220; rund um Fl\u00fcssigkeiten, vor allem um Wasser \u2026 Seifenblasen zum Anfassen &#8211; Magischer Milchkrug &#8211; Seiten 1 2 3 4 Seite 3 \u00a0Sie m\u00f6chten bestellen?\u00a0\u00a0 Tel. 09151\/4716\u00a0\u00a0\u00a0 oder\u00a0 \u00a0gabys-zauberland@t-online.de\u00a0\u00a0\u00a0\u00a0\u00a0\u00a0 oder \u00fcber das Kontaktformular oben Preis\u00e4nderungen \u2013 leider! \u2013 vorbehalten. Auch wir sind abh\u00e4ngig von unseren Lieferanten. Mindestbestellsumme 15.- \u20ac [&hellip;]<\/p>\n","protected":false},"author":1,"featured_media":0,"parent":0,"menu_order":0,"comment_status":"closed","ping_status":"closed","template":"","meta":{"footnotes":""},"class_list":["post-5799","page","type-page","status-publish","hentry"],"_links":{"self":[{"href":"http:\/\/www.hund-hersbruck.de\/web_neu\/wp-json\/wp\/v2\/pages\/5799","targetHints":{"allow":["GET"]}}],"collection":[{"href":"http:\/\/www.hund-hersbruck.de\/web_neu\/wp-json\/wp\/v2\/pages"}],"about":[{"href":"http:\/\/www.hund-hersbruck.de\/web_neu\/wp-json\/wp\/v2\/types\/page"}],"author":[{"embeddable":true,"href":"http:\/\/www.hund-hersbruck.de\/web_neu\/wp-json\/wp\/v2\/users\/1"}],"replies":[{"embeddable":true,"href":"http:\/\/www.hund-hersbruck.de\/web_neu\/wp-json\/wp\/v2\/comments?post=5799"}],"version-history":[{"count":30,"href":"http:\/\/www.hund-hersbruck.de\/web_neu\/wp-json\/wp\/v2\/pages\/5799\/revisions"}],"predecessor-version":[{"id":17563,"href":"http:\/\/www.hund-hersbruck.de\/web_neu\/wp-json\/wp\/v2\/pages\/5799\/revisions\/17563"}],"wp:attachment":[{"href":"http:\/\/www.hund-hersbruck.de\/web_neu\/wp-json\/wp\/v2\/media?parent=5799"}],"curies":[{"name":"wp","href":"https:\/\/api.w.org\/{rel}","templated":true}]}}