{"id":5784,"date":"2013-01-08T07:58:53","date_gmt":"2013-01-08T07:58:53","guid":{"rendered":"http:\/\/www.hund-hersbruck.de\/web_neu\/?page_id=5784"},"modified":"2025-11-19T10:00:51","modified_gmt":"2025-11-19T10:00:51","slug":"optik_seite3","status":"publish","type":"page","link":"http:\/\/www.hund-hersbruck.de\/web_neu\/optik\/optik_seite3\/","title":{"rendered":"Optik_Seite3"},"content":{"rendered":"<p style=\"text-align: center;\">\u00a0<span style=\"color: #0000ff; font-family: arial,helvetica,sans-serif; font-size: 20px;\"><strong>Optische Ph\u00e4nomene und &#8222;Ph\u00e4nomene&#8220;<\/strong><\/span><\/p>\n<table border=\"0\" align=\"center\">\n<tbody>\n<tr>\n<td><span style=\"font-size: 18px;\">Seiten<\/span><\/td>\n<td><span style=\"font-size: 18px;\"><a title=\"Optik\" href=\"http:\/\/www.hund-hersbruck.de\/web_neu\/?page_id=124\">1<\/a><\/span><\/td>\n<td><span style=\"font-size: 18px;\"><a title=\"Optik_Seite2\" href=\"http:\/\/www.hund-hersbruck.de\/web_neu\/?page_id=5782\">2<\/a><\/span><\/td>\n<td><span style=\"font-size: 18px;\"><a title=\"Optik_Seite3\" href=\"http:\/\/www.hund-hersbruck.de\/web_neu\/?page_id=5784\">3<\/a><\/span><\/td>\n<td><span style=\"font-size: 18px;\"><a title=\"Optik_Seite4\" href=\"http:\/\/www.hund-hersbruck.de\/web_neu\/?page_id=5786\">4<\/a><\/span><\/td>\n<td><span style=\"font-size: 18px;\"><a title=\"Optik_Seite5\" href=\"http:\/\/www.hund-hersbruck.de\/web_neu\/optik\/optik_seite5\/\">5<\/a><\/span><\/td>\n<td><span style=\"font-size: 18px;\"><a title=\"Optik_Seite6\" href=\"http:\/\/www.hund-hersbruck.de\/web_neu\/optik\/optik_seite6\/\">6<\/a><\/span><\/td>\n<\/tr>\n<\/tbody>\n<\/table>\n<p style=\"text-align: center;\"><span style=\"font-size: 16px;\"> <span style=\"font-size: 18px;\"><strong>Seite 3<\/strong><\/span><\/span><\/p>\n<p style=\"text-align: center;\">\u00a0<span style=\"font-size: 10pt;\"><span style=\"font-family: arial, helvetica, sans-serif;\">Magische Bewegtbilder &#8211; Fliegendes Ufo &#8211; <\/span><\/span><\/p>\n<p style=\"text-align: center;\"><span style=\"font-family: arial, helvetica, sans-serif;\"><span style=\"font-size: 16px;\"><strong>Sie m\u00f6chten n\u00e4here Informationen oder bestellen?\u00a0 \u00a0<\/strong><\/span><span style=\"font-size: 16px;\"><strong>Tel. 09151\/4716\u00a0 <a href=\"mailto:gabys-zauberland@t-online.de\">gabys-zauberland@t-online.de<\/a><\/strong><\/span><\/span><\/p>\n<p style=\"text-align: center;\"><span style=\"font-size: 10pt; font-family: arial, helvetica, sans-serif;\">Preis\u00e4nderungen \u2013 leider! \u2013 vorbehalten. Auch wir sind abh\u00e4ngig von unseren Lieferanten. Mindestbestellsumme 15.- \u20ac + Porto Laden\u00f6ffnungszeiten: Mo &#8211; Fr. 15.00 &#8211; 18.00 Uhr, Sa 10.00 &#8211; 13.000 Uhr<\/span><\/p>\n<p>&nbsp;<\/p>\n<p style=\"text-align: justify;\"><span style=\"font-family: arial,helvetica,sans-serif; font-size: 18px;\"><strong><span style=\"color: #993300;\">Bewegte Bildkarten\u00a0\u00a0\u00a0\u00a0<\/span> 1,00 \u20ac<\/strong>\u00a0\u00a0<\/span><br \/>\n<span style=\"font-family: arial,helvetica,sans-serif; font-size: 14px;\"> <a href=\"http:\/\/www.hund-hersbruck.de\/web_neu\/wp-content\/uploads\/Magic-Moving-Pictures3.jpg\"><img loading=\"lazy\" decoding=\"async\" class=\"alignleft\" src=\"http:\/\/www.hund-hersbruck.de\/web_neu\/wp-content\/uploads\/Magic-Moving-Pictures3-300x300.jpg\" alt=\"Magic Moving Pictures3\" width=\"300\" height=\"300\" \/><\/a><a href=\"http:\/\/www.hund-hersbruck.de\/web_neu\/wp-content\/uploads\/Magic-Moving-Pictures2.jpg\"><img loading=\"lazy\" decoding=\"async\" src=\"http:\/\/www.hund-hersbruck.de\/web_neu\/wp-content\/uploads\/Magic-Moving-Pictures2-150x150.jpg\" alt=\"Magic Moving Pictures2\" width=\"150\" height=\"150\" \/><\/a><a href=\"http:\/\/www.hund-hersbruck.de\/web_neu\/wp-content\/uploads\/Magic-Moving-Pictures1.jpg\"><img loading=\"lazy\" decoding=\"async\" class=\"alignleft\" src=\"http:\/\/www.hund-hersbruck.de\/web_neu\/wp-content\/uploads\/Magic-Moving-Pictures1-150x150.jpg\" alt=\"Magic Moving Pictures1\" width=\"150\" height=\"150\" \/><\/a><a href=\"http:\/\/www.hund-hersbruck.de\/web_neu\/wp-content\/uploads\/Magic-Moving-Pictures4.jpg\"><img loading=\"lazy\" decoding=\"async\" class=\"alignnone\" src=\"http:\/\/www.hund-hersbruck.de\/web_neu\/wp-content\/uploads\/Magic-Moving-Pictures4-150x150.jpg\" alt=\"Magic Moving Pictures4\" width=\"150\" height=\"150\" \/><\/a><a href=\"http:\/\/www.hund-hersbruck.de\/web_neu\/wp-content\/uploads\/Magic-Moving-Pictures5.jpg\"><img loading=\"lazy\" decoding=\"async\" class=\"alignleft\" src=\"http:\/\/www.hund-hersbruck.de\/web_neu\/wp-content\/uploads\/Magic-Moving-Pictures5-150x150.jpg\" alt=\"Magic Moving Pictures5\" width=\"150\" height=\"150\" \/><\/a>Den Effekt dieser &#8222;Zauberkarten&#8220; kann man nur schwer beschreiben, weil man ihn selbst sehen m\u00fcsste! \u00dc\u00fc\u00fc\u00fc\u00fcberhaupt nicht zu vergleichen mit den \u00fcblichen &#8222;Wackelbildern&#8220;, die sich halt ein bisschen bewegen. Hier schiebt man eine Folie (mit senkrechten Strichen, die man aber nicht wahrnimmt) \u00fcber dem Bild hin und her &#8211; und der Papagei (z.B.) schl\u00e4gt wirklich mit den Fl\u00fcgeln. 16 verschiedene Motive, jeweils 11,5 cm x 8,5 cm gro\u00df, bunt. Eine optische Illusion, die nicht so bekannt ist (noch nicht &#8230;). Hier nur f\u00fcnf Motive als Beispiel. Nicht geeignet f\u00fcr Kinder unter drei Jahren!<\/span><\/p>\n<p class=\"empty-paragraph\">\u00a0<span style=\"font-size: 1px; color: transparent;\">.<\/span><\/p>\n<p>&nbsp;<\/p>\n<p><span style=\"font-family: arial,helvetica,sans-serif; font-size: 18px;\"><strong><span style=\"color: #993300;\">Fliegendes Ufo\u00a0\u00a0\u00a0\u00a0\u00a0\u00a0\u00a0\u00a0\u00a0\u00a0\u00a0\u00a0\u00a0\u00a0\u00a0\u00a0\u00a0\u00a0\u00a0\u00a0\u00a0\u00a0\u00a0\u00a0\u00a0\u00a0\u00a0\u00a0\u00a0\u00a0\u00a0\u00a0\u00a0\u00a0\u00a0\u00a0 <\/span>\u00a0<span style=\"color: #ff0000;\">Sonderpreis 12,00 \u20ac<\/span><\/strong><\/span><\/p>\n<p style=\"text-align: justify;\"><span style=\"font-family: arial,helvetica,sans-serif; font-size: 18px;\"><a href=\"http:\/\/www.hund-hersbruck.de\/web_neu\/mystery-ufo1\/\" rel=\"attachment wp-att-2155\"><img loading=\"lazy\" decoding=\"async\" title=\"Mystery Ufo1\" src=\"http:\/\/www.hund-hersbruck.de\/web_neu\/wp-content\/uploads\/Mystery-Ufo1-150x150.jpg\" alt=\"\" width=\"150\" height=\"150\" \/><\/a><a href=\"http:\/\/www.hund-hersbruck.de\/web_neu\/mysteryufo2\/\" rel=\"attachment wp-att-2156\"><img loading=\"lazy\" decoding=\"async\" title=\"MysteryUfo2\" src=\"http:\/\/www.hund-hersbruck.de\/web_neu\/wp-content\/uploads\/MysteryUfo2-87x150.jpg\" alt=\"\" width=\"87\" height=\"150\" \/><\/a><a href=\"http:\/\/www.hund-hersbruck.de\/web_neu\/mysteryufo6\/\" rel=\"attachment wp-att-2158\"><img loading=\"lazy\" decoding=\"async\" title=\"MysteryUfo6\" src=\"http:\/\/www.hund-hersbruck.de\/web_neu\/wp-content\/uploads\/MysteryUfo6-150x150.jpg\" alt=\"\" width=\"150\" height=\"150\" \/><\/a><a href=\"http:\/\/www.hund-hersbruck.de\/web_neu\/mysteryufo7\/\" rel=\"attachment wp-att-2159\"><img loading=\"lazy\" decoding=\"async\" title=\"MysteryUfo7\" src=\"http:\/\/www.hund-hersbruck.de\/web_neu\/wp-content\/uploads\/MysteryUfo7.bmp\" alt=\"\" width=\"113\" height=\"68\" \/><\/a>\u00a0\u00a0 <span style=\"font-size: 10pt;\">\u00a0<\/span><span style=\"font-size: 14px;\"><span style=\"font-size: 10pt;\">Einige Videos auf YouTube zeigen Ihnen, was man damit machen kann (&#8222;Mystery Ufo&#8220; eingeben). Allerdings wird dann auch schnell klar, dass man das \u00dcBEN muss, was aber Kindern ab 9 Jahren viel Spa\u00df macht. Und wenn man es dann erst kann &#8230;! Das Ufo dreht sich rasend schnell und fliegt dabei anscheinend (!! sonst w\u00e4re es ja echt Zauberei!!) zwischen den H\u00e4nden, v\u00f6llig losgel\u00f6st, dreht sich um den K\u00f6rper &#8230; (klicken Sie gleich mal weiter zu www.YouTube weiter &#8230;).\u00a0Am Ende der Vorf\u00fchrung kann man das Ufo wie eine\u00a0Disc in die Zuschauer werfen &#8211; nichts Verd\u00e4chtiges mehr zu sehen! \u00a0Mit deutscher Kurzanleitung f\u00fcr die Grundbedienung, Bildern und Tipps aus der Praxis.\u00a0Es handelt sich hier um ein hochwertiges Zauberger\u00e4t, das noch vor wenigen Jahren in dieser Qualit\u00e4t undenkbar war und\u00a0lange ausschlie\u00dflich\u00a0Zauberprofis zug\u00e4nglich war. F\u00fcr Physiklehrer ist es\u00a0in mehrerer Hinsicht interessant, erfordert aber etwas \u00dcbung (s.o.). &#8222;Auspacken und vorf\u00fchren&#8220; ist nicht drin &#8230;\u00a0 Was das mit OPTIK zu tun hat? Das wird hier nicht verraten &#8230; \ud83d\ude09\u00a0<\/span>\u00a0 <span style=\"color: #000000; font-size: 14px;\"><span style=\"font-size: 10pt;\"><span style=\"font-family: Arial;\"><span style=\"color: #ff0000;\">Nur noch, solange unser Vorrat reicht! Dann nicht mehr!<\/span><\/span><\/span><\/span>\u00a0\u00a0 \u00a0<span style=\"font-size: 10px;\">ACHTUNG: Nicht geeignet f\u00fcr Kinder unter 3 Jahren wegen Erstickungsgefahr durch Kleinteile!<\/span><\/span><\/span><\/p>\n<p><span style=\"font-size: 10px;\">\u00a0<\/span><\/p>\n<p style=\"text-align: center;\">\u00a0<span style=\"color: #ff0000;\"><strong><span style=\"font-family: arial,helvetica,sans-serif; font-size: 16px;\">Sie waren eben auf unserer Physik &#8211; Unterseite &#8222;Optik 3&#8220;. Sie k\u00f6nnen jetzt &#8230;<\/span><\/strong><\/span><\/p>\n<p>&nbsp;<\/p>\n<table border=\"0\" align=\"center\">\n<tbody>\n<tr>\n<td><span style=\"font-size: 18px;\">Seiten<\/span><\/td>\n<td><span style=\"font-size: 18px;\"><a title=\"Optik\" href=\"http:\/\/www.hund-hersbruck.de\/web_neu\/?page_id=124\">1<\/a><\/span><\/td>\n<td><span style=\"font-size: 18px;\"><a title=\"Optik_Seite2\" href=\"http:\/\/www.hund-hersbruck.de\/web_neu\/?page_id=5782\">2<\/a><\/span><\/td>\n<td><span style=\"font-size: 18px;\"><a title=\"Optik_Seite3\" href=\"http:\/\/www.hund-hersbruck.de\/web_neu\/?page_id=5784\">3<\/a><\/span><\/td>\n<td><span style=\"font-size: 18px;\"><a title=\"Optik_Seite4\" href=\"http:\/\/www.hund-hersbruck.de\/web_neu\/?page_id=5786\">4<\/a><\/span><\/td>\n<td><span style=\"font-size: 18px;\"><a title=\"Optik_Seite5\" href=\"http:\/\/www.hund-hersbruck.de\/web_neu\/optik\/optik_seite5\/\">5<\/a><\/span><\/td>\n<td><span style=\"font-size: 18px;\"><a title=\"Optik_Seite6\" href=\"http:\/\/www.hund-hersbruck.de\/web_neu\/optik\/optik_seite6\/\">6<\/a><\/span><\/td>\n<\/tr>\n<\/tbody>\n<\/table>\n","protected":false},"excerpt":{"rendered":"<p>\u00a0Optische Ph\u00e4nomene und &#8222;Ph\u00e4nomene&#8220; Seiten 1 2 3 4 5 6 Seite 3 \u00a0Magische Bewegtbilder &#8211; Fliegendes Ufo &#8211; Sie m\u00f6chten n\u00e4here Informationen oder bestellen?\u00a0 \u00a0Tel. 09151\/4716\u00a0 gabys-zauberland@t-online.de Preis\u00e4nderungen \u2013 leider! \u2013 vorbehalten. Auch wir sind abh\u00e4ngig von unseren Lieferanten. Mindestbestellsumme 15.- \u20ac + Porto Laden\u00f6ffnungszeiten: Mo &#8211; Fr. 15.00 &#8211; 18.00 Uhr, Sa 10.00 [&hellip;]<\/p>\n","protected":false},"author":1,"featured_media":0,"parent":124,"menu_order":0,"comment_status":"closed","ping_status":"closed","template":"","meta":{"footnotes":""},"class_list":["post-5784","page","type-page","status-publish","hentry"],"_links":{"self":[{"href":"http:\/\/www.hund-hersbruck.de\/web_neu\/wp-json\/wp\/v2\/pages\/5784","targetHints":{"allow":["GET"]}}],"collection":[{"href":"http:\/\/www.hund-hersbruck.de\/web_neu\/wp-json\/wp\/v2\/pages"}],"about":[{"href":"http:\/\/www.hund-hersbruck.de\/web_neu\/wp-json\/wp\/v2\/types\/page"}],"author":[{"embeddable":true,"href":"http:\/\/www.hund-hersbruck.de\/web_neu\/wp-json\/wp\/v2\/users\/1"}],"replies":[{"embeddable":true,"href":"http:\/\/www.hund-hersbruck.de\/web_neu\/wp-json\/wp\/v2\/comments?post=5784"}],"version-history":[{"count":17,"href":"http:\/\/www.hund-hersbruck.de\/web_neu\/wp-json\/wp\/v2\/pages\/5784\/revisions"}],"predecessor-version":[{"id":17673,"href":"http:\/\/www.hund-hersbruck.de\/web_neu\/wp-json\/wp\/v2\/pages\/5784\/revisions\/17673"}],"up":[{"embeddable":true,"href":"http:\/\/www.hund-hersbruck.de\/web_neu\/wp-json\/wp\/v2\/pages\/124"}],"wp:attachment":[{"href":"http:\/\/www.hund-hersbruck.de\/web_neu\/wp-json\/wp\/v2\/media?parent=5784"}],"curies":[{"name":"wp","href":"https:\/\/api.w.org\/{rel}","templated":true}]}}