{"id":5782,"date":"2013-01-08T07:58:30","date_gmt":"2013-01-08T07:58:30","guid":{"rendered":"http:\/\/www.hund-hersbruck.de\/web_neu\/?page_id=5782"},"modified":"2025-12-26T16:18:19","modified_gmt":"2025-12-26T16:18:19","slug":"optik_seite2","status":"publish","type":"page","link":"http:\/\/www.hund-hersbruck.de\/web_neu\/optik\/optik_seite2\/","title":{"rendered":"Optik_Seite2"},"content":{"rendered":"<p style=\"text-align: center;\">\u00a0<span style=\"color: #0000ff;\"><strong><span style=\"font-size: 18px;\">Optische Ph\u00e4nomene und &#8222;Ph\u00e4nomene&#8220;<\/span><\/strong><\/span><\/p>\n<p style=\"text-align: center;\"><span style=\"font-family: arial,helvetica,sans-serif;\"><span style=\"font-size: 16px;\"><span style=\"font-size: 10pt;\">Optisches Illusionspuzzle &#8211; Pin Art &#8211;\u00a0 <\/span><\/span><span style=\"font-size: 16px;\"><span style=\"font-size: 10pt;\">Drehkarten &#8211; Prisma (Insektenauge) &#8211; Illusionskreisel &#8211; Optische Illusionen &#8211;<\/span><\/span> <\/span><\/p>\n<table border=\"0\" align=\"center\">\n<tbody>\n<tr>\n<td><span style=\"font-size: 18px;\">Seiten<\/span><\/td>\n<td><span style=\"font-size: 18px;\"><a title=\"Optik\" href=\"http:\/\/www.hund-hersbruck.de\/web_neu\/?page_id=124\">1<\/a><\/span><\/td>\n<td><span style=\"font-size: 18px;\"><a title=\"Optik_Seite2\" href=\"http:\/\/www.hund-hersbruck.de\/web_neu\/?page_id=5782\">2<\/a><\/span><\/td>\n<td><span style=\"font-size: 18px;\"><a title=\"Optik_Seite3\" href=\"http:\/\/www.hund-hersbruck.de\/web_neu\/?page_id=5784\">3<\/a><\/span><\/td>\n<td><span style=\"font-size: 18px;\"><a title=\"Optik_Seite4\" href=\"http:\/\/www.hund-hersbruck.de\/web_neu\/?page_id=5786\">4<\/a><\/span><\/td>\n<td><span style=\"font-size: 18px;\"><a title=\"Optik_Seite5\" href=\"http:\/\/www.hund-hersbruck.de\/web_neu\/optik\/optik_seite5\/\">5<\/a><\/span><\/td>\n<td><span style=\"font-size: 18px;\"><a title=\"Optik_Seite6\" href=\"http:\/\/www.hund-hersbruck.de\/web_neu\/optik\/optik_seite6\/\">6<\/a><\/span><\/td>\n<\/tr>\n<\/tbody>\n<\/table>\n<p style=\"text-align: center;\"><span style=\"font-size: 16px;\"> <span style=\"font-size: 18px;\"><strong>Seite 2<\/strong><\/span><\/span><\/p>\n<p style=\"text-align: center;\"><span style=\"font-family: arial,helvetica,sans-serif;\">\u00a0<span style=\"font-size: 16px;\"><strong>Sie m\u00f6chten\u00a0<span style=\"color: #0000ff; text-decoration: underline;\">bestellen<\/span>?\u00a0 <\/strong><\/span><\/span><span style=\"font-family: arial,helvetica,sans-serif; font-size: 16px;\"><strong>Tel. 09151\/4716\u00a0\u00a0\u00a0\u00a0oder\u00a0\u00a0 <a href=\"mailto:gabys-zauberland@t-online.de\">gabys-zauberland@t-online.de<\/a>\u00a0\u00a0 <\/strong>oder \u00fcber das <span style=\"text-decoration: underline;\"><strong>Kontaktformular<\/strong> <\/span>oben<\/span><\/p>\n<p style=\"text-align: center;\"><span style=\"font-family: arial,helvetica,sans-serif; font-size: 14px;\">Preis\u00e4nderungen vorbehalten. . <span style=\"text-decoration: underline;\"><strong>Mindestbestellsumme<\/strong> <\/span>15.- \u20ac + Porto\u00a0\u00a0\u00a0\u00a0\u00a0\u00a0\u00a0\u00a0 Laden\u00f6ffnungszeiten: Mo &#8211; Fr. 15.00 &#8211; 18.00 Uhr, Sa 10.00 &#8211; 13.000 Uhr<\/span><\/p>\n<p>&nbsp;<\/p>\n<p><strong><span style=\"font-family: arial, helvetica, sans-serif; font-size: 12pt;\"><span style=\"color: #993300;\">Optisches Illusions-Puzzle<\/span>\u00a0 \u00a0 \u00a08,00 \u20ac<\/span><\/strong><br \/>\n<span style=\"font-family: arial, helvetica, sans-serif; font-size: 10pt;\"><img loading=\"lazy\" decoding=\"async\" class=\"wp-image-15661 alignleft\" src=\"http:\/\/www.hund-hersbruck.de\/web_neu\/wp-content\/uploads\/optIllusionPuzzle1-279x300.jpg\" alt=\"\" width=\"170\" height=\"183\" srcset=\"http:\/\/www.hund-hersbruck.de\/web_neu\/wp-content\/uploads\/optIllusionPuzzle1-279x300.jpg 279w, http:\/\/www.hund-hersbruck.de\/web_neu\/wp-content\/uploads\/optIllusionPuzzle1-954x1024.jpg 954w, http:\/\/www.hund-hersbruck.de\/web_neu\/wp-content\/uploads\/optIllusionPuzzle1-140x150.jpg 140w, http:\/\/www.hund-hersbruck.de\/web_neu\/wp-content\/uploads\/optIllusionPuzzle1-768x825.jpg 768w, http:\/\/www.hund-hersbruck.de\/web_neu\/wp-content\/uploads\/optIllusionPuzzle1-1430x1536.jpg 1430w, http:\/\/www.hund-hersbruck.de\/web_neu\/wp-content\/uploads\/optIllusionPuzzle1-1907x2048.jpg 1907w\" sizes=\"auto, (max-width: 170px) 100vw, 170px\" \/><img loading=\"lazy\" decoding=\"async\" class=\"wp-image-15662 alignleft\" src=\"http:\/\/www.hund-hersbruck.de\/web_neu\/wp-content\/uploads\/optIllusionspuzzle2-300x169.jpg\" alt=\"\" width=\"176\" height=\"99\" srcset=\"http:\/\/www.hund-hersbruck.de\/web_neu\/wp-content\/uploads\/optIllusionspuzzle2-300x169.jpg 300w, http:\/\/www.hund-hersbruck.de\/web_neu\/wp-content\/uploads\/optIllusionspuzzle2-1024x575.jpg 1024w, http:\/\/www.hund-hersbruck.de\/web_neu\/wp-content\/uploads\/optIllusionspuzzle2-150x84.jpg 150w, http:\/\/www.hund-hersbruck.de\/web_neu\/wp-content\/uploads\/optIllusionspuzzle2-768x431.jpg 768w, http:\/\/www.hund-hersbruck.de\/web_neu\/wp-content\/uploads\/optIllusionspuzzle2-1536x863.jpg 1536w, http:\/\/www.hund-hersbruck.de\/web_neu\/wp-content\/uploads\/optIllusionspuzzle2-2048x1150.jpg 2048w\" sizes=\"auto, (max-width: 176px) 100vw, 176px\" \/>\u00a0 \u00a0Ein kniffliges, t\u00fcfteliges optisches Illusionspuzzle f\u00fcr ausdauernde, fortgeschrittene Puzzlefans mit Frustrationstoleranz! 156 relativ kleine (ca. 3 cm x 2 cm), abstrakte Teile, die insgesamt ein &#8230; schwarz-wei\u00dfes Bild ergeben. Wegen verschluckbarer Kleinteile nicht f\u00fcr Kinder unter drei Jahren geeignet! (auch f\u00fcr viele \u00e4ltere nicht \ud83d\ude09\u00a0 \u00a0)\u00a0 \u00a0 Nur noch das Wellen-Modell vorhanden! In schmucker, dreieckiger Blechdose (14 cm hoch, 7 cm Schenkel). Also auch ein Geschenk f\u00fcr entsprechend geeignete Leute &#8230; \ud83d\ude09\u00a0 <span style=\"color: #000000; font-size: 14px;\"><span style=\"font-size: 10pt;\"><span style=\"font-family: Arial;\"><span style=\"color: #ff0000;\">Nur noch, solange unser Vorrat reicht! Dann nicht mehr!<\/span><\/span><\/span><\/span><\/span><\/p>\n<p class=\"empty-paragraph\">\u00a0<span style=\"font-size: 1px; color: transparent;\">.<\/span><\/p>\n<p class=\"empty-paragraph\">\u00a0<span style=\"font-size: 1px; color: transparent;\">.<\/span><\/p>\n<p class=\"empty-paragraph\">\u00a0<span style=\"font-size: 1px; color: transparent;\">.<\/span><\/p>\n<p class=\"empty-paragraph\">\u00a0<span style=\"font-size: 1px; color: transparent;\">.<\/span><\/p>\n<p style=\"text-align: justify;\"><span style=\"font-family: arial,helvetica,sans-serif;\"><strong><span style=\"color: #993300;\">Pin Art\u00a0\u00a0\u00a0\u00a0\u00a0\u00a0\u00a0\u00a0\u00a0\u00a0\u00a0<\/span> Sonderpreis\u00a0\u00a0 10.- \u20ac<\/strong><\/span><br \/>\n<img loading=\"lazy\" decoding=\"async\" class=\"alignleft size-medium wp-image-12677\" src=\"http:\/\/www.hund-hersbruck.de\/web_neu\/wp-content\/uploads\/PinArt-Stern-300x300.png\" alt=\"\" width=\"300\" height=\"300\" srcset=\"http:\/\/www.hund-hersbruck.de\/web_neu\/wp-content\/uploads\/PinArt-Stern-300x300.png 300w, http:\/\/www.hund-hersbruck.de\/web_neu\/wp-content\/uploads\/PinArt-Stern-150x150.png 150w, http:\/\/www.hund-hersbruck.de\/web_neu\/wp-content\/uploads\/PinArt-Stern.png 700w\" sizes=\"auto, (max-width: 300px) 100vw, 300px\" \/>\u00a0\u00a0\u00a0\u00a0\u00a0 <span style=\"font-family: arial,helvetica,sans-serif; font-size: 10pt;\">Wir haben einen Restposten dieser faszinierenden &#8222;Nagel-Kunst-Bilder&#8220; ergattern k\u00f6nnen und geben die Sonderpreise weiter an besonders nette Kunden (wie Sie z.B.)! Wie viele &#8222;Pixel&#8220; diese enthalten? Wir haben nach einiger Zeit aufgegeben, sie zu z\u00e4hlen! Jedenfalls sind genug Kunststoffstifte enthalten, um wunderbare dreidimensionale Abbilder von Quietscheenten, Fingern, Plastikdinos \u2026 anzufertigen und zu verstehen, wie in der Optik \u2026 (man muss diese Effekt aber nicht &#8222;verschulen&#8220;, wie begeisterte Kunden aller Altersstufen in unserem Gesch\u00e4ft immer wieder beweisen, wenn sie ausprobieren, ob sie ihr Gesicht \u2026). Nat\u00fcrlich nicht f\u00fcr Kinder unter drei Jahren geeignet!\u00a0 STERN\u00a0 \u00a0 \u00a0 \u00a0<span style=\"color: #000000; font-size: 14px;\"><span style=\"font-size: 10pt;\"><span style=\"font-family: Arial;\"><span style=\"color: #ff0000;\">Nur noch, solange unser Vorrat reicht! Dann nicht mehr!<\/span><\/span><\/span><\/span><\/span><\/p>\n<p class=\"empty-paragraph\">\u00a0<span style=\"font-size: 1px; color: transparent;\">.<\/span><\/p>\n<p class=\"empty-paragraph\">\u00a0<span style=\"font-size: 1px; color: transparent;\">.<\/span>\u00a0<span style=\"font-size: 1px; color: transparent;\">.<\/span><\/p>\n<p class=\"empty-paragraph\">\u00a0<span style=\"font-size: 1px; color: transparent;\">.<\/span>\u00a0<span style=\"font-size: 1px; color: transparent;\">.<\/span><strong><span style=\"font-family: arial,helvetica,sans-serif; font-size: 18px;\"><span style=\"color: #993300;\">Prisma (&#8222;Insektenauge&#8220;)\u00a0\u00a0\u00a0\u00a0<\/span> 2,00 \u20ac<\/span><\/strong><br \/>\n<span style=\"font-family: arial,helvetica,sans-serif; font-size: 14px;\">\u00a0<a href=\"http:\/\/www.hund-hersbruck.de\/web_neu\/optik\/optik_seite2\/prisma-hase\/\" rel=\"attachment wp-att-6386\"><img loading=\"lazy\" decoding=\"async\" class=\"alignleft size-medium wp-image-6386\" title=\"Prisma Hase\" src=\"http:\/\/www.hund-hersbruck.de\/web_neu\/wp-content\/uploads\/Prisma-Hase-300x225.jpg\" alt=\"\" width=\"300\" height=\"225\" srcset=\"http:\/\/www.hund-hersbruck.de\/web_neu\/wp-content\/uploads\/Prisma-Hase-300x225.jpg 300w, http:\/\/www.hund-hersbruck.de\/web_neu\/wp-content\/uploads\/Prisma-Hase-150x112.jpg 150w, http:\/\/www.hund-hersbruck.de\/web_neu\/wp-content\/uploads\/Prisma-Hase.jpg 360w\" sizes=\"auto, (max-width: 300px) 100vw, 300px\" \/><\/a>\u00a0\u00a0 <span style=\"text-decoration: underline;\"><strong>DAS<\/strong> <\/span>hat wohl jeder in seiner Kindheit immer wieder vor das Auge gehalten, gedreht und &#8230; gestaunt! Ein &#8222;Insektenauge&#8220; mit 5 cm Durchmesser, eingelassen in einen lustigen Holzhasen von 13 cm L\u00e4nge. Beschreiben l\u00e4sst sich der Effekt schlecht, wenn man ihn nicht kennt \u2026 <span style=\"color: #000000; font-size: 14px;\"><span style=\"font-size: 10pt;\"><span style=\"font-family: Arial;\"><span style=\"color: #ff0000;\">Nur noch, solange unser Vorrat reicht! Dann nicht mehr!<\/span><\/span><\/span><\/span> \u00a0\u00a0<span style=\"font-size: 10px;\">Nicht geeignet f\u00fcr Kinder unter drei Jahren!<\/span><\/span><\/p>\n<p class=\"empty-paragraph\">\u00a0<span style=\"font-size: 1px; color: transparent;\">.<\/span><\/p>\n<p class=\"empty-paragraph\">\u00a0<span style=\"font-size: 1px; color: transparent;\">.<\/span><\/p>\n<p class=\"empty-paragraph\">\u00a0<span style=\"font-size: 1px; color: transparent;\">.<\/span><\/p>\n<p class=\"empty-paragraph\">\u00a0<span style=\"font-size: 1px; color: transparent;\">.<\/span><\/p>\n<p class=\"empty-paragraph\">\u00a0<span style=\"font-size: 1px; color: transparent;\">.<\/span><\/p>\n<p><span style=\"font-family: arial,helvetica,sans-serif; font-size: 18px;\"><strong><span style=\"color: #993300;\">Illusions &#8211; Kreisel\u00a0\u00a0\u00a0\u00a0\u00a0\u00a0<\/span> 5,00 \u20ac<\/strong>\u00a0<\/span><br \/>\n<span style=\"font-family: arial,helvetica,sans-serif; font-size: 14px;\">\u00a0\u00a0<a href=\"http:\/\/www.hund-hersbruck.de\/web_neu\/wp-content\/uploads\/Illusionskreisel1.jpg\"><img loading=\"lazy\" decoding=\"async\" class=\"alignleft\" src=\"http:\/\/www.hund-hersbruck.de\/web_neu\/wp-content\/uploads\/Illusionskreisel1-215x300.jpg\" alt=\"Illusionskreisel1\" width=\"215\" height=\"300\" \/><\/a> Wow! DER hat uns auf Anhieb begeistert und wir haben gleich nachgeordert! Allzuoft haben wir schon erlebt, dass gerade im Bereich des physikalischen Spielzeugs wunderbare Produkte auf einmal, ohne Vorwarnung, wieder verschwunden sind &#8230;! Mit diesem sehr leichtg\u00e4ngigen, extrem lange drehenden Kreisel (10 cm Durchmesser!) k\u00f6nnen wunderbare optische Illusionen erzeugt werden. Der Vertreiber schreibt: &#8222;T\u00e4usche deine Augen und dein Gehirn mit diesem fantastischen Illusions &#8211; Kreisel! Schau wie deine Hand w\u00e4chst und wieder schrumpft, beobachte wie K\u00e4fer unter deiner Haut krabbeln und Farben auf magische Weise aus einem schwarz-wei\u00dfen Muster entstehen.&#8220; Vier Pappscheiben (eine davon beidseitig bedruckt) k\u00f6nnen gewechselt werden und zeigen verbl\u00fcffende Effekte! Im Beiheft dazu werden die wahrnehmungsphysiologischen und -psychologischen Hintergr\u00fcnde kurz und verst\u00e4ndlich dargestellt.\u00a0<span style=\"color: #ff0000;\"> <strong>\u00a0\u00a0<span style=\"color: #000000; font-size: 14px;\"><span style=\"font-size: 10pt;\"><span style=\"font-family: Arial;\">Nur noch, solange unser Vorrat reicht! Dann nicht mehr!\u00a0\u00a0<\/span><\/span><\/span><\/strong><\/span><\/span><span style=\"font-family: arial,helvetica,sans-serif; font-size: 10px;\">ACHTUNG: Erstickungsgefahr! Verschluckbare Kleinteile, nicht geeignet f\u00fcr Kinder unter 3 Jahren.<\/span><\/p>\n<p style=\"text-align: justify;\"><span style=\"font-family: arial,helvetica,sans-serif; font-size: 14px;\">\u00a0<\/span><\/p>\n<p style=\"text-align: justify;\"><span style=\"font-family: arial,helvetica,sans-serif; font-size: 14px;\">\u00a0<\/span><\/p>\n<p style=\"text-align: justify;\"><span style=\"font-family: arial,helvetica,sans-serif; font-size: 18px;\"><strong><span style=\"color: #993300;\">Drehkarten &#8211; Optische Effekte\u00a0\u00a0\u00a0\u00a0<\/span> je 2,60 \u20ac<br \/>\n<\/strong><span style=\"font-family: arial,helvetica,sans-serif; font-size: 10pt;\">Diese Karten sorgen in unserem Gesch\u00e4ft immer wieder f\u00fcr begeisterte Ausrufe von Kunden, die den wunderbaren optischen Effekt entdeckt haben! Der obere Teil der Karten besteht aus bedruckter Folie und l\u00e4sst sich gegen die darunter montierte Karte verdrehen. Dadurch entstehen gro\u00dfartige dynamische Farbmuster mit psychedelischen Verlaufbildern. \u00c4hnlich der Op &#8211; Art &#8211; Muster der 1960er &#8211; Jahre. Optische Schmankerl mit wenig Aufwand! &#8222;Wunder-bar&#8220; eben &#8230;\u00a0 <span style=\"color: #ff0000;\">Bestellnummern k\u00f6nnen wir leider keine mehr angeben, denn:\u00a0 Nur, solange der jeweilige Vorrat noch reicht! Und der schrumpft ziemlich ungleichm\u00e4\u00dfig \u2026 \ud83d\ude41<\/span> \u00a0\u00a0\u00a0 Im Oktober 2020 haben wir noch einmal eine neue Sendung bekommen, mit anderen Motiven, \u00e4hnlich nat\u00fcrlich. Vertrauen Sie uns einfach bei der Zusammenstellung &#8211; oder kommen Sie selbst vorbei !!! \ud83d\ude42<\/span><\/span><\/p>\n<p>\u00a0\u00a0\u00a0<span style=\"font-size: 1px; color: transparent;\">.<\/span><img loading=\"lazy\" decoding=\"async\" class=\"alignleft size-full wp-image-12766\" src=\"http:\/\/www.hund-hersbruck.de\/web_neu\/wp-content\/uploads\/Drehkarte1609.jpg\" alt=\"\" width=\"125\" height=\"89\" \/> <img loading=\"lazy\" decoding=\"async\" class=\"alignleft size-medium wp-image-12767\" src=\"http:\/\/www.hund-hersbruck.de\/web_neu\/wp-content\/uploads\/Drehkarte1659.jpg\" alt=\"\" width=\"125\" height=\"90\" \/> <img loading=\"lazy\" decoding=\"async\" class=\"alignleft size-medium wp-image-12768\" src=\"http:\/\/www.hund-hersbruck.de\/web_neu\/wp-content\/uploads\/Drehkarte16167.jpg\" alt=\"\" width=\"125\" height=\"90\" \/> <img loading=\"lazy\" decoding=\"async\" class=\"alignleft size-medium wp-image-12769\" src=\"http:\/\/www.hund-hersbruck.de\/web_neu\/wp-content\/uploads\/Drehkarte16169.jpg\" alt=\"\" width=\"125\" height=\"90\" \/> <img loading=\"lazy\" decoding=\"async\" class=\"alignleft size-medium wp-image-12770\" src=\"http:\/\/www.hund-hersbruck.de\/web_neu\/wp-content\/uploads\/Drehkarte16170.jpg\" alt=\"\" width=\"125\" height=\"89\" \/> <img loading=\"lazy\" decoding=\"async\" class=\"alignleft size-medium wp-image-12771\" src=\"http:\/\/www.hund-hersbruck.de\/web_neu\/wp-content\/uploads\/Drehkarte16258.jpg\" alt=\"\" width=\"125\" height=\"90\" \/> <img loading=\"lazy\" decoding=\"async\" class=\"alignleft size-medium wp-image-12772\" src=\"http:\/\/www.hund-hersbruck.de\/web_neu\/wp-content\/uploads\/Drehkarte16259.jpg\" alt=\"\" width=\"125\" height=\"90\" \/> <img loading=\"lazy\" decoding=\"async\" class=\"alignleft size-medium wp-image-12773\" src=\"http:\/\/www.hund-hersbruck.de\/web_neu\/wp-content\/uploads\/Drehkarte16308.jpg\" alt=\"\" width=\"125\" height=\"89\" \/> <img loading=\"lazy\" decoding=\"async\" class=\"alignleft size-medium wp-image-12774\" src=\"http:\/\/www.hund-hersbruck.de\/web_neu\/wp-content\/uploads\/Drehkartebunt1635.jpg\" alt=\"\" width=\"125\" height=\"89\" \/> <img loading=\"lazy\" decoding=\"async\" class=\"alignleft size-medium wp-image-12775\" src=\"http:\/\/www.hund-hersbruck.de\/web_neu\/wp-content\/uploads\/Drehkartebunt16120.jpg\" alt=\"\" width=\"125\" height=\"90\" \/> <img loading=\"lazy\" decoding=\"async\" class=\"alignleft size-medium wp-image-12776\" src=\"http:\/\/www.hund-hersbruck.de\/web_neu\/wp-content\/uploads\/Drehkartebunt16123.jpg\" alt=\"\" width=\"125\" height=\"90\" \/> <img loading=\"lazy\" decoding=\"async\" class=\"alignleft size-medium wp-image-12777\" src=\"http:\/\/www.hund-hersbruck.de\/web_neu\/wp-content\/uploads\/Drehkartebunt16124.jpg\" alt=\"\" width=\"125\" height=\"90\" \/> <img loading=\"lazy\" decoding=\"async\" class=\"alignleft size-medium wp-image-12778\" src=\"http:\/\/www.hund-hersbruck.de\/web_neu\/wp-content\/uploads\/Drehkartebunt16210.jpg\" alt=\"\" width=\"125\" height=\"90\" \/> <img loading=\"lazy\" decoding=\"async\" class=\"alignleft size-medium wp-image-12779\" src=\"http:\/\/www.hund-hersbruck.de\/web_neu\/wp-content\/uploads\/Drehkartebunt16233.jpg\" alt=\"\" width=\"125\" height=\"90\" \/> <img loading=\"lazy\" decoding=\"async\" class=\"alignleft size-medium wp-image-12780\" src=\"http:\/\/www.hund-hersbruck.de\/web_neu\/wp-content\/uploads\/Drehkartebunt16314.jpg\" alt=\"\" width=\"125\" height=\"89\" \/><\/p>\n<p><img loading=\"lazy\" decoding=\"async\" class=\"size-medium wp-image-12781\" src=\"http:\/\/www.hund-hersbruck.de\/web_neu\/wp-content\/uploads\/Drehkartebunt16315.jpg\" alt=\"\" width=\"125\" height=\"89\" \/><\/p>\n<p class=\"empty-paragraph\">\u00a0<span style=\"font-size: 1px; color: transparent;\">.<\/span><\/p>\n<p class=\"empty-paragraph\">\u00a0<span style=\"font-size: 1px; color: transparent;\">.<\/span><\/p>\n<p class=\"empty-paragraph\">\u00a0<span style=\"font-size: 1px; color: transparent;\">.<\/span><span style=\"font-family: arial,helvetica,sans-serif;\"><strong>Klappkarten Geburtstag<\/strong>, mit braunem Umschlag aus Recyclingpapier, <strong>3,50 \u20ac<\/strong><\/span><\/p>\n<div id=\"attachment_12784\" style=\"width: 101px\" class=\"wp-caption alignleft\"><img loading=\"lazy\" decoding=\"async\" aria-describedby=\"caption-attachment-12784\" class=\"size-full wp-image-12784\" src=\"http:\/\/www.hund-hersbruck.de\/web_neu\/wp-content\/uploads\/DrehkarteKlapp1791.jpg\" alt=\"\" width=\"91\" height=\"140\" \/><p id=\"caption-attachment-12784\" class=\"wp-caption-text\"><span style=\"font-family: arial,helvetica,sans-serif;\">1791<\/span><\/p><\/div>\n<div id=\"attachment_12785\" style=\"width: 101px\" class=\"wp-caption alignleft\"><img loading=\"lazy\" decoding=\"async\" aria-describedby=\"caption-attachment-12785\" class=\"size-medium wp-image-12785\" src=\"http:\/\/www.hund-hersbruck.de\/web_neu\/wp-content\/uploads\/DrehkarteKlapp1795.jpg\" alt=\"\" width=\"91\" height=\"140\" \/><p id=\"caption-attachment-12785\" class=\"wp-caption-text\"><span style=\"font-family: arial,helvetica,sans-serif;\">1795<\/span><\/p><\/div>\n<p class=\"empty-paragraph\">\u00a0<span style=\"font-size: 1px; color: transparent;\">.<\/span><\/p>\n<p class=\"empty-paragraph\">\u00a0<span style=\"font-size: 1px; color: transparent;\">.<\/span><\/p>\n<p class=\"empty-paragraph\">\u00a0<span style=\"font-size: 1px; color: transparent;\">.<\/span><\/p>\n<p class=\"empty-paragraph\">\u00a0<span style=\"font-size: 1px; color: transparent;\">.<\/span><\/p>\n<p class=\"empty-paragraph\">\u00a0<span style=\"font-size: 1px; color: transparent;\">.<\/span><\/p>\n<p class=\"empty-paragraph\">\u00a0<span style=\"font-size: 1px; color: transparent;\">.<\/span><\/p>\n<p class=\"empty-paragraph\">\u00a0<span style=\"font-size: 1px; color: transparent;\">.<\/span><\/p>\n<p class=\"empty-paragraph\"><span style=\"font-size: 1px; color: transparent;\">.S<\/span><strong><span style=\"font-family: arial,helvetica,sans-serif; font-size: 16px;\">Sie waren eben auf der Physik &#8211; Unterseite &#8222;Optik 2&#8220;, also kommt jetzt &#8230;<\/span><\/strong><\/p>\n<table border=\"0\" align=\"center\">\n<tbody>\n<tr>\n<td><span style=\"font-size: 18px;\">Seiten<\/span><\/td>\n<td><span style=\"font-size: 18px;\"><a title=\"Optik\" href=\"http:\/\/www.hund-hersbruck.de\/web_neu\/?page_id=124\">1<\/a><\/span><\/td>\n<td><span style=\"font-size: 18px;\"><a title=\"Optik_Seite2\" href=\"http:\/\/www.hund-hersbruck.de\/web_neu\/?page_id=5782\">2<\/a><\/span><\/td>\n<td><span style=\"font-size: 18px;\"><a title=\"Optik_Seite3\" href=\"http:\/\/www.hund-hersbruck.de\/web_neu\/?page_id=5784\">3<\/a><\/span><\/td>\n<td><span style=\"font-size: 18px;\"><a title=\"Optik_Seite4\" href=\"http:\/\/www.hund-hersbruck.de\/web_neu\/?page_id=5786\">4<\/a><\/span><\/td>\n<td><span style=\"font-size: 18px;\"><a title=\"Optik_Seite5\" href=\"http:\/\/www.hund-hersbruck.de\/web_neu\/optik\/optik_seite5\/\">5<\/a><\/span><\/td>\n<td><span style=\"font-size: 18px;\"><a title=\"Optik_Seite6\" href=\"http:\/\/www.hund-hersbruck.de\/web_neu\/optik\/optik_seite6\/\">6<\/a><\/span><\/td>\n<\/tr>\n<\/tbody>\n<\/table>\n","protected":false},"excerpt":{"rendered":"<p>\u00a0Optische Ph\u00e4nomene und &#8222;Ph\u00e4nomene&#8220; Optisches Illusionspuzzle &#8211; Pin Art &#8211;\u00a0 Drehkarten &#8211; Prisma (Insektenauge) &#8211; Illusionskreisel &#8211; Optische Illusionen &#8211; Seiten 1 2 3 4 5 6 Seite 2 \u00a0Sie m\u00f6chten\u00a0bestellen?\u00a0 Tel. 09151\/4716\u00a0\u00a0\u00a0\u00a0oder\u00a0\u00a0 gabys-zauberland@t-online.de\u00a0\u00a0 oder \u00fcber das Kontaktformular oben Preis\u00e4nderungen vorbehalten. . Mindestbestellsumme 15.- \u20ac + Porto\u00a0\u00a0\u00a0\u00a0\u00a0\u00a0\u00a0\u00a0 Laden\u00f6ffnungszeiten: Mo &#8211; Fr. 15.00 &#8211; 18.00 Uhr, [&hellip;]<\/p>\n","protected":false},"author":1,"featured_media":0,"parent":124,"menu_order":0,"comment_status":"closed","ping_status":"closed","template":"","meta":{"footnotes":""},"class_list":["post-5782","page","type-page","status-publish","hentry"],"_links":{"self":[{"href":"http:\/\/www.hund-hersbruck.de\/web_neu\/wp-json\/wp\/v2\/pages\/5782","targetHints":{"allow":["GET"]}}],"collection":[{"href":"http:\/\/www.hund-hersbruck.de\/web_neu\/wp-json\/wp\/v2\/pages"}],"about":[{"href":"http:\/\/www.hund-hersbruck.de\/web_neu\/wp-json\/wp\/v2\/types\/page"}],"author":[{"embeddable":true,"href":"http:\/\/www.hund-hersbruck.de\/web_neu\/wp-json\/wp\/v2\/users\/1"}],"replies":[{"embeddable":true,"href":"http:\/\/www.hund-hersbruck.de\/web_neu\/wp-json\/wp\/v2\/comments?post=5782"}],"version-history":[{"count":44,"href":"http:\/\/www.hund-hersbruck.de\/web_neu\/wp-json\/wp\/v2\/pages\/5782\/revisions"}],"predecessor-version":[{"id":17782,"href":"http:\/\/www.hund-hersbruck.de\/web_neu\/wp-json\/wp\/v2\/pages\/5782\/revisions\/17782"}],"up":[{"embeddable":true,"href":"http:\/\/www.hund-hersbruck.de\/web_neu\/wp-json\/wp\/v2\/pages\/124"}],"wp:attachment":[{"href":"http:\/\/www.hund-hersbruck.de\/web_neu\/wp-json\/wp\/v2\/media?parent=5782"}],"curies":[{"name":"wp","href":"https:\/\/api.w.org\/{rel}","templated":true}]}}