{"id":5768,"date":"2013-01-08T07:33:16","date_gmt":"2013-01-08T07:33:16","guid":{"rendered":"http:\/\/www.hund-hersbruck.de\/web_neu\/?page_id=5768"},"modified":"2025-08-02T19:21:22","modified_gmt":"2025-08-02T19:21:22","slug":"luft_seite4","status":"publish","type":"page","link":"http:\/\/www.hund-hersbruck.de\/web_neu\/luft_seite4\/","title":{"rendered":"Luft_Seite4"},"content":{"rendered":"<p>&nbsp;<\/p>\n<table border=\"0\" align=\"center\">\n<tbody>\n<tr>\n<td><span style=\"font-size: 18px;\">Seiten<\/span><\/td>\n<td><span style=\"font-size: 18px;\"><a title=\"Luft\" href=\"http:\/\/www.hund-hersbruck.de\/web_neu\/?page_id=117\">1<\/a><\/span><\/td>\n<td><span style=\"font-size: 18px;\"><a title=\"Luft_Seite2\" href=\"http:\/\/www.hund-hersbruck.de\/web_neu\/?page_id=5764\">2<\/a><\/span><\/td>\n<td><span style=\"font-size: 18px;\"><a title=\"Luft_Seite3\" href=\"http:\/\/www.hund-hersbruck.de\/web_neu\/?page_id=5766\">3<\/a><\/span><\/td>\n<td><span style=\"font-size: 18px;\"><a title=\"Luft_Seite4\" href=\"http:\/\/www.hund-hersbruck.de\/web_neu\/?page_id=5768\">4<\/a><\/span><\/td>\n<\/tr>\n<\/tbody>\n<\/table>\n<p style=\"text-align: center;\"><span style=\"font-size: 16px;\"> <span style=\"font-size: 18px;\"><strong>Seite 4\u00a0\u00a0\u00a0\u00a0\u00a0 <\/strong><\/span><\/span><span style=\"color: #0000ff;\"><strong><span style=\"font-size: 18px;\">Ph\u00e4nomene und &#8222;Ph\u00e4nomene&#8220; rund um das Thema &#8222;Luft&#8220;<\/span><\/strong><\/span><\/p>\n<p style=\"text-align: center;\"><span style=\"font-size: 12pt;\"><span style=\"font-family: arial,helvetica,sans-serif;\"><strong>Sie m\u00f6chten n\u00e4here Informationen oder bestellen?\u00a0\u00a0 <\/strong><\/span><span style=\"font-family: arial,helvetica,sans-serif;\"><strong>Tel. 09151\/4716\u00a0\u00a0\u00a0\u00a0\u00a0\u00a0\u00a0<a href=\"mailto:gabys-zauberland@t-online.de\">gabys-zauberland@t-online.de<\/a>\u00a0\u00a0\u00a0 oder \u00fcber das Kontaktformular oben.\u00a0\u00a0\u00a0\u00a0 Wir liefern mit DHL<\/strong><\/span><\/span><\/p>\n<p style=\"text-align: center;\"><span style=\"font-family: arial,helvetica,sans-serif;\">\u00a0<span style=\"font-size: 14px;\"><strong>Preis\u00e4nderungen\u00a0 <\/strong>vorbehalten.\u00a0 <strong>Mindestbestellsumme<\/strong> 15.- \u20ac + Porto\u00a0\u00a0\u00a0\u00a0 <\/span><\/span><span style=\"font-family: arial,helvetica,sans-serif; font-size: 14px;\">\u00d6ffnungszeiten des Gesch\u00e4fts: Mo &#8211; Fr. 15.00 &#8211; 18.00 Uhr, Sa 10.00 &#8211; 13.00 Uhr<\/span><\/p>\n<p style=\"text-align: center;\"><strong><span style=\"font-family: arial,helvetica,sans-serif; font-size: 12pt;\">Fingerwirbler &#8211; Bumerang &#8211; Fliegender Propeller &#8211;\u00a0<\/span><\/strong><\/p>\n<p>&nbsp;<\/p>\n<p style=\"text-align: justify;\"><span style=\"font-family: arial,helvetica,sans-serif; font-size: 12pt;\"><strong><span style=\"color: #993300;\">Finger &#8211; Wirbler<\/span> (Finger Dragonfly) 10 St\u00fcck\u00a0\u00a0\u00a0\u00a0 2,50 \u20ac<\/strong><\/span><br \/>\n<span style=\"font-family: arial,helvetica,sans-serif; font-size: 10pt;\"><img loading=\"lazy\" decoding=\"async\" class=\"alignleft size-thumbnail wp-image-13062\" src=\"http:\/\/www.hund-hersbruck.de\/web_neu\/wp-content\/uploads\/Finger-Dragonfly-97x150.jpg\" alt=\"\" width=\"97\" height=\"150\" srcset=\"http:\/\/www.hund-hersbruck.de\/web_neu\/wp-content\/uploads\/Finger-Dragonfly-97x150.jpg 97w, http:\/\/www.hund-hersbruck.de\/web_neu\/wp-content\/uploads\/Finger-Dragonfly-195x300.jpg 195w, http:\/\/www.hund-hersbruck.de\/web_neu\/wp-content\/uploads\/Finger-Dragonfly.jpg 419w\" sizes=\"auto, (max-width: 97px) 100vw, 97px\" \/> \u00a0<span style=\"text-decoration: underline;\"><span style=\"color: #0000ff; text-decoration: underline;\">Wir haben wieder eine neue Lieferung bekommen!<\/span> <\/span>\u00a0Ja, wie eine Libelle (engl. dragonfly) sieht das Ding schon ein bisschen aus. Wie die klassischen &#8222;Pf\u00fctzenh\u00fcpfer&#8220; oder &#8222;Handpropeller&#8220; halt, nur so klein, dass es mit den Fingern (Daumen und Zeigefinger) gestartet werden kann. Geht aber nicht automatisch, sondern muss etwas ge\u00fcbt werden. Wenn man nicht physikalisch denkt, st\u00fcrzt die Drachenfliege ab \u2026 \ud83d\ude09\u00a0 Zehn St\u00fcck sind in einer Packung drin. Der Stiel ist 4 cm lang, der Propeller 3,5 cm.<span style=\"font-size: 8pt;\"> Nat\u00fcrlich nicht f\u00fcr Kinder unter drei Jahren geeignet, weil verschluckbar!\u00a0\u00a0<\/span>\u00a0 <strong>DAS bekommt nicht jeder hin, weil man den &#8222;Dreh&#8220; raushaben muss! Und auch dann funktioniert es komischerweise nicht immer \u2026 \ud83d\ude09 Aber WENN, dann \u2026 \ud83d\ude42<\/strong><\/span><\/p>\n<p class=\"empty-paragraph\" style=\"text-align: justify;\"><span style=\"font-family: arial,helvetica,sans-serif; font-size: 10pt;\">\u00a0.<\/span><\/p>\n<p class=\"empty-paragraph\" style=\"text-align: justify;\"><span style=\"font-family: arial,helvetica,sans-serif; font-size: 10pt;\">\u00a0<\/span><\/p>\n<p class=\"empty-paragraph\">\u00a0<span style=\"font-size: 1px; color: transparent;\">.<\/span><\/p>\n<p class=\"empty-paragraph\" style=\"text-align: justify;\">\u00a0<span style=\"font-size: 1px; color: transparent;\">.<\/span><span style=\"font-size: 12pt;\"><strong><span style=\"font-family: arial,helvetica,sans-serif;\"><span style=\"color: #993300;\">Soft &#8211; Bumerang\u00a0\u00a0\u00a0\u00a0<\/span> 4,00 \u20ac<\/span><\/strong><\/span><br \/>\n<span style=\"font-family: arial,helvetica,sans-serif; font-size: 12pt;\">\u00a0<a href=\"http:\/\/www.hund-hersbruck.de\/web_neu\/wp-content\/uploads\/Softbumerang2.jpg\"><img loading=\"lazy\" decoding=\"async\" class=\"alignleft size-full wp-image-11132\" src=\"http:\/\/www.hund-hersbruck.de\/web_neu\/wp-content\/uploads\/Softbumerang2.jpg\" alt=\"Softbumerang2\" width=\"86\" height=\"86\" \/><\/a><a href=\"http:\/\/www.hund-hersbruck.de\/web_neu\/wp-content\/uploads\/Softbumerang1.jpg\"><img loading=\"lazy\" decoding=\"async\" class=\"alignleft size-full wp-image-11133\" src=\"http:\/\/www.hund-hersbruck.de\/web_neu\/wp-content\/uploads\/Softbumerang1.jpg\" alt=\"Softbumerang1\" width=\"130\" height=\"130\" \/><\/a>\u00a0\u00a0 <span style=\"font-size: 10pt;\">F\u00fcr drinnen und drau\u00dfen! Beste Flugeigenschaften, leichte &#8222;Bedienung&#8220; (wenn man es denn kann, denn automatisch funktioniert das nat\u00fcrlich nicht!). In der Verpackung befindet sich ein gut bebilderte Anleitung, mit der es eigentlich klappen sollte. 27 cm Fl\u00fcgelspannbreite, verschiedene Farben. Nicht f\u00fcr Kinder unter drei Jahren geeignet wegen verschluckbarer Kleinteile.\u00a0 (auf der Abbildung ist die Wurfhaltung FALSCH dargestellt, typisch &#8230; ! \ud83d\ude09\u00a0\u00a0 )<\/span><\/span><\/p>\n<p class=\"empty-paragraph\"><span style=\"font-family: arial,helvetica,sans-serif; font-size: 12pt;\">\u00a0<\/span><\/p>\n<p class=\"empty-paragraph\">\u00a0<span style=\"font-size: 1px; color: transparent;\">.<\/span><\/p>\n<p class=\"empty-paragraph\" style=\"text-align: justify;\"><span style=\"font-size: 12pt;\"><strong><span style=\"font-family: arial,helvetica,sans-serif;\"><span style=\"color: #993300;\">Fliegender Propeller\u00a0\u00a0\u00a0\u00a0\u00a0<\/span> 1,50 \u20ac<\/span><\/strong><\/span><br \/>\n<span style=\"font-family: arial,helvetica,sans-serif; font-size: 12pt;\"><a href=\"http:\/\/www.hund-hersbruck.de\/web_neu\/wp-content\/uploads\/FliegendeUntertPostl.jpg\"><img loading=\"lazy\" decoding=\"async\" class=\"alignleft size-medium wp-image-11047\" src=\"http:\/\/www.hund-hersbruck.de\/web_neu\/wp-content\/uploads\/FliegendeUntertPostl-300x225.jpg\" alt=\"FliegendeUntertPostl\" width=\"300\" height=\"225\" srcset=\"http:\/\/www.hund-hersbruck.de\/web_neu\/wp-content\/uploads\/FliegendeUntertPostl-300x225.jpg 300w, http:\/\/www.hund-hersbruck.de\/web_neu\/wp-content\/uploads\/FliegendeUntertPostl-150x112.jpg 150w, http:\/\/www.hund-hersbruck.de\/web_neu\/wp-content\/uploads\/FliegendeUntertPostl.jpg 360w\" sizes=\"auto, (max-width: 300px) 100vw, 300px\" \/><\/a>\u00a0\u00a0 <span style=\"font-size: 10pt;\">Immer wieder wurden wir nach preiswerten Propellern gefragt, die mit Hilfe einer &#8222;Zahnstange&#8220; gestartet werden. Jetzt haben wir ein entsprechendes Modell mit zwei Propellern, einer hat 11 cm Durchmesser, der andere 14 cm.\u00a0<\/span><em><span style=\"font-size: 10pt;\"> (Ein (fast peinliches) Gest\u00e4ndnis: Als ich (W. Hund) dieses Ding zum ersten Mal im Hof ausprobierte, war ich nahe daran, alle Exemplare\u00a0in die M\u00fclltonne zu treten! Es funktionierte einfach nicht, weil sich der Propeller zwar drehte, aber sofort abst\u00fcrzte! Nicht HOCH flog, wie er sollte! Bis &#8230; das physikalische Denken auf Hochtouren lief &#8230; und ich einen kleinen Pfeil am Handgriff entdeckte, der genau auf das aerodynamische Detail hinwies, ohne das es nun mal nicht geht! Und los \/ hoch ging es &#8230; \ud83d\ude42\u00a0\u00a0 \ud83d\ude42\u00a0\u00a0 ). Nicht f\u00fcr Kinder unter drei Jahren geeignet &#8230; und f\u00fcr \u00e4ltere Leute, die diese Beschreibung nicht lesen k\u00f6nnen &#8230; \ud83d\ude09 bzw. den kleinen Aufkleber nicht beachten, den wir jetzt freundlicherweise auf die Verpackung gemacht haben &#8230; \ud83d\ude09<\/span><\/em><\/span><\/p>\n<p class=\"empty-paragraph\">\u00a0<span style=\"font-size: 1px; color: transparent;\">.<\/span><\/p>\n<table border=\"0\" align=\"center\">\n<tbody>\n<tr>\n<td><span style=\"font-size: 18px;\">Seiten<\/span><\/td>\n<td><span style=\"font-size: 18px;\"><a title=\"Luft\" href=\"http:\/\/www.hund-hersbruck.de\/web_neu\/?page_id=117\">1<\/a><\/span><\/td>\n<td><span style=\"font-size: 18px;\"><a title=\"Luft_Seite2\" href=\"http:\/\/www.hund-hersbruck.de\/web_neu\/?page_id=5764\">2<\/a><\/span><\/td>\n<td><span style=\"font-size: 18px;\"><a title=\"Luft_Seite3\" href=\"http:\/\/www.hund-hersbruck.de\/web_neu\/?page_id=5766\">3<\/a><\/span><\/td>\n<td><span style=\"font-size: 18px;\"><a title=\"Luft_Seite4\" href=\"http:\/\/www.hund-hersbruck.de\/web_neu\/?page_id=5768\">4<\/a><\/span><\/td>\n<\/tr>\n<\/tbody>\n<\/table>\n<p>&nbsp;<\/p>\n<p>&nbsp;<\/p>\n","protected":false},"excerpt":{"rendered":"<p>&nbsp; Seiten 1 2 3 4 Seite 4\u00a0\u00a0\u00a0\u00a0\u00a0 Ph\u00e4nomene und &#8222;Ph\u00e4nomene&#8220; rund um das Thema &#8222;Luft&#8220; Sie m\u00f6chten n\u00e4here Informationen oder bestellen?\u00a0\u00a0 Tel. 09151\/4716\u00a0\u00a0\u00a0\u00a0\u00a0\u00a0\u00a0gabys-zauberland@t-online.de\u00a0\u00a0\u00a0 oder \u00fcber das Kontaktformular oben.\u00a0\u00a0\u00a0\u00a0 Wir liefern mit DHL \u00a0Preis\u00e4nderungen\u00a0 vorbehalten.\u00a0 Mindestbestellsumme 15.- \u20ac + Porto\u00a0\u00a0\u00a0\u00a0 \u00d6ffnungszeiten des Gesch\u00e4fts: Mo &#8211; Fr. 15.00 &#8211; 18.00 Uhr, Sa 10.00 &#8211; 13.00 Uhr [&hellip;]<\/p>\n","protected":false},"author":1,"featured_media":0,"parent":0,"menu_order":0,"comment_status":"closed","ping_status":"closed","template":"","meta":{"footnotes":""},"class_list":["post-5768","page","type-page","status-publish","hentry"],"_links":{"self":[{"href":"http:\/\/www.hund-hersbruck.de\/web_neu\/wp-json\/wp\/v2\/pages\/5768","targetHints":{"allow":["GET"]}}],"collection":[{"href":"http:\/\/www.hund-hersbruck.de\/web_neu\/wp-json\/wp\/v2\/pages"}],"about":[{"href":"http:\/\/www.hund-hersbruck.de\/web_neu\/wp-json\/wp\/v2\/types\/page"}],"author":[{"embeddable":true,"href":"http:\/\/www.hund-hersbruck.de\/web_neu\/wp-json\/wp\/v2\/users\/1"}],"replies":[{"embeddable":true,"href":"http:\/\/www.hund-hersbruck.de\/web_neu\/wp-json\/wp\/v2\/comments?post=5768"}],"version-history":[{"count":25,"href":"http:\/\/www.hund-hersbruck.de\/web_neu\/wp-json\/wp\/v2\/pages\/5768\/revisions"}],"predecessor-version":[{"id":17577,"href":"http:\/\/www.hund-hersbruck.de\/web_neu\/wp-json\/wp\/v2\/pages\/5768\/revisions\/17577"}],"wp:attachment":[{"href":"http:\/\/www.hund-hersbruck.de\/web_neu\/wp-json\/wp\/v2\/media?parent=5768"}],"curies":[{"name":"wp","href":"https:\/\/api.w.org\/{rel}","templated":true}]}}