{"id":5766,"date":"2013-01-08T07:33:02","date_gmt":"2013-01-08T07:33:02","guid":{"rendered":"http:\/\/www.hund-hersbruck.de\/web_neu\/?page_id=5766"},"modified":"2025-12-15T12:22:52","modified_gmt":"2025-12-15T12:22:52","slug":"luft_seite3","status":"publish","type":"page","link":"http:\/\/www.hund-hersbruck.de\/web_neu\/luft_seite3\/","title":{"rendered":"Luft_Seite3"},"content":{"rendered":"<table border=\"0\" align=\"center\">\n<tbody>\n<tr>\n<td><span style=\"font-size: 18px;\">Seiten<\/span><\/td>\n<td><span style=\"font-size: 18px;\"><a title=\"Luft\" href=\"http:\/\/www.hund-hersbruck.de\/web_neu\/?page_id=117\">1<\/a><\/span><\/td>\n<td><span style=\"font-size: 18px;\"><a title=\"Luft_Seite2\" href=\"http:\/\/www.hund-hersbruck.de\/web_neu\/?page_id=5764\">2<\/a><\/span><\/td>\n<td><span style=\"font-size: 18px;\"><a title=\"Luft_Seite3\" href=\"http:\/\/www.hund-hersbruck.de\/web_neu\/?page_id=5766\">3<\/a><\/span><\/td>\n<td><span style=\"font-size: 18px;\"><a title=\"Luft_Seite4\" href=\"http:\/\/www.hund-hersbruck.de\/web_neu\/?page_id=5768\">4<\/a><\/span><\/td>\n<\/tr>\n<\/tbody>\n<\/table>\n<p style=\"text-align: center;\"><span style=\"color: #0000ff; font-family: arial,helvetica,sans-serif; font-size: 20px;\"><strong>Ph\u00e4nomene und &#8222;Ph\u00e4nomene&#8220; rund um das Thema &#8222;Luft&#8220;<\/strong><\/span><\/p>\n<p style=\"text-align: center;\"><span style=\"font-size: 10pt;\"><span style=\"font-family: arial, helvetica, sans-serif;\">Luftdruck-Rakete &#8211; Bionik &#8211; Unfassbar &#8211; myRoodi &#8211; Wurfscheiben &#8211; Mini-Flyer &#8211; Bumerang &#8211; <\/span><\/span><\/p>\n<p style=\"text-align: center;\"><span style=\"font-family: arial,helvetica,sans-serif; font-size: 16px;\"><strong>Sie m\u00f6chten\u00a0bestellen?\u00a0\u00a0 <\/strong><\/span><span style=\"font-family: arial,helvetica,sans-serif;\"><span style=\"font-size: 16px;\"><strong>Tel. 09151\/4716\u00a0 oder\u00a0 \u00a0<a href=\"mailto:gabys-zauberland@t-online.de\">gabys-zauberland@t-online.de<\/a><\/strong><\/span>\u00a0<strong><span style=\"font-size: 16px;\">\u00a0\u00a0 <\/span><\/strong><span style=\"font-size: 16px;\">oder \u00fcber das<\/span><strong><span style=\"font-size: 16px;\"> Kontaktformular oben\u00a0 \u00a0 \u00a0<\/span><\/strong><\/span><span style=\"font-family: arial,helvetica,sans-serif; font-size: 14px;\">Preis\u00e4nderungen vorbehalten.\u00a0 \u00a0 <span style=\"text-decoration: underline;\"><strong>Mindestbestellsumme<\/strong> <\/span>15.- \u20ac + Porto\u00a0\u00a0\u00a0\u00a0\u00a0\u00a0\u00a0\u00a0\u00a0\u00a0\u00a0 <\/span><span style=\"font-family: arial,helvetica,sans-serif; font-size: 14px;\">\u00d6ffnungszeiten des Gesch\u00e4fts: Mo &#8211; Fr. 15.00 &#8211; 18.00 Uhr, Sa 10.00 &#8211; 13.00 Uhr<\/span><\/p>\n<p style=\"text-align: center;\"><span style=\"font-family: arial,helvetica,sans-serif; font-size: 14pt;\"><strong>Seite 3<\/strong><\/span><\/p>\n<p class=\"empty-paragraph\" style=\"text-align: justify;\"><span style=\"font-family: arial,helvetica,sans-serif; font-size: 10pt;\">\u00a0<span style=\"font-size: 12pt;\"><span style=\"color: #993300;\"><strong>Spritz &#8211; Scherz &#8211; Lach &#8211; Toilette<\/strong> <\/span>(mit physikalischem Hintergrund \u2026!)\u00a0\u00a0<strong> 4,50 \u20ac<\/strong><\/span><\/span><br \/>\n<span style=\"font-family: arial,helvetica,sans-serif; font-size: 10pt;\"><img loading=\"lazy\" decoding=\"async\" class=\"alignleft size-medium wp-image-13915\" src=\"http:\/\/www.hund-hersbruck.de\/web_neu\/wp-content\/uploads\/Toilette-2-300x225.jpg\" alt=\"\" width=\"300\" height=\"225\" srcset=\"http:\/\/www.hund-hersbruck.de\/web_neu\/wp-content\/uploads\/Toilette-2-300x225.jpg 300w, http:\/\/www.hund-hersbruck.de\/web_neu\/wp-content\/uploads\/Toilette-2-150x113.jpg 150w, http:\/\/www.hund-hersbruck.de\/web_neu\/wp-content\/uploads\/Toilette-2-768x576.jpg 768w, http:\/\/www.hund-hersbruck.de\/web_neu\/wp-content\/uploads\/Toilette-2.jpg 1000w\" sizes=\"auto, (max-width: 300px) 100vw, 300px\" \/><img loading=\"lazy\" decoding=\"async\" class=\"alignleft size-thumbnail wp-image-13916\" src=\"http:\/\/www.hund-hersbruck.de\/web_neu\/wp-content\/uploads\/Toilette-1-150x113.jpg\" alt=\"\" width=\"150\" height=\"113\" srcset=\"http:\/\/www.hund-hersbruck.de\/web_neu\/wp-content\/uploads\/Toilette-1-150x113.jpg 150w, http:\/\/www.hund-hersbruck.de\/web_neu\/wp-content\/uploads\/Toilette-1-300x225.jpg 300w, http:\/\/www.hund-hersbruck.de\/web_neu\/wp-content\/uploads\/Toilette-1-768x576.jpg 768w, http:\/\/www.hund-hersbruck.de\/web_neu\/wp-content\/uploads\/Toilette-1.jpg 1000w\" sizes=\"auto, (max-width: 150px) 100vw, 150px\" \/>\u00a0 Jetzt w\u00fcrde uns schon interessieren, ob Sie so physikalisch-sensibel sind, dass Sie den naturwissenschaftlichen Hintergrund dieses &#8222;ausgefallenen Ger\u00e4tes&#8220; erahnen! Man k\u00f6nnte diese Toilette gleich auf mehren unserer Seiten hier anbieten (machen wir glatt auch!), weil eben mehr Technik dahinter steckt, als man so im Spa\u00dfrausch mitbekommt! Man muss selbstverst\u00e4ndlich nicht alles &#8222;verschulen&#8220;, aber der Hinweis auf die intensive gedankliche Ingenieurleistung und die raffinierte Konstruktion sollte schon ab und zu lobend erw\u00e4hnt werden. Sowas macht man ja nicht von heute auf morgen einfach so \u2026\u00a0 Nicht f\u00fcr Kinder unter drei Jahren geeignet werden abbrechbarer und verschluckbarer Kleinteile! Speziell f\u00fcr Lehrer: Man kann mit drei Schr\u00e4ubchen \u00f6ffnen und sieht dann die technischen &#8222;Innereien&#8220; wunderbar! \ud83d\ude42\u00a0 \ud83d\ude42 8,5 cm lang, 6 cm breit, 9,5 cm hoch\u00a0 <span style=\"color: #ff0000;\">\u00a0Nur solange unser Vorrat reicht, dann nicht mehr!<\/span><\/span><\/p>\n<p class=\"empty-paragraph\"><span style=\"font-family: arial,helvetica,sans-serif;\">\u00a0<span style=\"color: #ffffff; font-size: 1px;\">.<\/span><\/span><\/p>\n<p class=\"empty-paragraph\">\u00a0<span style=\"font-size: 1px; color: transparent;\">.<\/span><\/p>\n<p class=\"empty-paragraph\" style=\"text-align: justify;\"><span style=\"font-family: arial,helvetica,sans-serif;\"><strong><span style=\"font-size: 18px;\"><span style=\"font-size: 12pt;\"><span style=\"color: #993300;\">Luftdruck &#8211; Rakete &#8222;Taschenausf\u00fchrung&#8220; mit drei Raketen\u00a0\u00a0<\/span> 5,00 \u20ac<\/span><\/span><\/strong>\u00a0<\/span> <span style=\"font-family: arial,helvetica,sans-serif; font-size: 14px;\"> <a href=\"http:\/\/www.hund-hersbruck.de\/web_neu\/phys-spielzeug_seite-6\/luftdruckrakete-klein-schwe-2\/\" rel=\"attachment wp-att-3551\"><img loading=\"lazy\" decoding=\"async\" class=\"alignleft size-medium wp-image-3551\" title=\"Luftdruckrakete klein Schwe.\" src=\"http:\/\/www.hund-hersbruck.de\/web_neu\/wp-content\/uploads\/Luftdruckrakete-klein-Schwe.1-300x300.png\" alt=\"\" width=\"300\" height=\"300\" srcset=\"http:\/\/www.hund-hersbruck.de\/web_neu\/wp-content\/uploads\/Luftdruckrakete-klein-Schwe.1-300x300.png 300w, http:\/\/www.hund-hersbruck.de\/web_neu\/wp-content\/uploads\/Luftdruckrakete-klein-Schwe.1-150x150.png 150w, http:\/\/www.hund-hersbruck.de\/web_neu\/wp-content\/uploads\/Luftdruckrakete-klein-Schwe.1.png 440w\" sizes=\"auto, (max-width: 300px) 100vw, 300px\" \/><\/a><span style=\"font-size: 10pt;\"><br \/>\n<\/span><\/span><span style=\"font-family: arial, helvetica, sans-serif; font-size: 13.3333px; text-align: justify;\">Eine einfach zu startende Rakete mit Luftdruck &#8211; Antrieb, die noch dazu auch kleineren Kindern in die H\u00e4nde gegeben werden kann<\/span><span style=\"font-size: 10pt; font-family: arial, helvetica, sans-serif;\">, Startrampe 16 cm, Raketen je 11 cm; fliegt so hoch, dass man ins Freie gehen kann.<\/span><span style=\"color: #ff0000;\">\u00a0<\/span><span style=\"font-family: arial, helvetica, sans-serif; font-size: 13.3333px; text-align: justify;\">Durch einen Schlag auf die &#8222;Ziehharmonika&#8220; der Startrampe unten fliegt die Rakete aus Schaumstoff erstaunlich weit und hoch weg! <\/span><span style=\"color: #ff0000;\"><strong><span style=\"font-size: 10pt;\">Nur noch, solange unser Vorrat reicht! Dann nicht mehr!\u00a0<\/span> \u00a0<\/strong><\/span><span style=\"font-size: 10pt; font-family: arial, helvetica, sans-serif;\">\u00a0 <\/span><span style=\"font-family: arial,helvetica,sans-serif;\"><span style=\"font-size: 10px;\">\u00a0<\/span><\/span><span style=\"font-family: arial,helvetica,sans-serif; font-size: 10pt;\">(Hervorragende Literatur dazu: Ucke C.\/ Schlichting H.J: &#8222;Spiel, Physik und Spa\u00df &#8211; Physik zum Mitdenken und Nachmachen&#8220;; Weinheim 2011; Seite 51 L<\/span><span style=\"color: #ff0000; font-family: arial, helvetica, sans-serif; font-size: 10pt;\">iteratur: PFE Bd. 1, Seite 31<\/span><\/p>\n<p class=\"empty-paragraph\" style=\"text-align: justify;\"><span style=\"font-family: arial,helvetica,sans-serif; font-size: 14px;\"><span style=\"font-size: 10px;\">Nicht geeignet f\u00fcr Kinder unter 3 Jahren.<\/span><\/span><\/p>\n<p class=\"empty-paragraph\" style=\"text-align: justify;\">\u00a0<span style=\"font-size: 1px; color: #fff;\">.<\/span><\/p>\n<p class=\"empty-paragraph\">\u00a0<span style=\"font-size: 1px; color: #fff;\">.<\/span><\/p>\n<p class=\"empty-paragraph\">\u00a0<span style=\"font-size: 1px; color: #fff;\">.<\/span><\/p>\n<p class=\"empty-paragraph\">\u00a0<span style=\"font-size: 1px; color: #fff;\">.<\/span>\u00a0<span style=\"font-size: 1px; color: #fff;\">.<\/span><\/p>\n<p>&nbsp;<\/p>\n<p class=\"empty-paragraph\" style=\"text-align: justify;\"><span style=\"font-family: arial,helvetica,sans-serif; font-size: 10pt;\"><strong><span style=\"font-size: 12pt;\"><span style=\"color: #993300;\">Fliegende Feder<\/span>\u00a0\u00a0\u00a0\u00a0\u00a0\u00a0\u00a0\u00a0\u00a0\u00a0\u00a0\u00a0\u00a0\u00a0\u00a0\u00a0\u00a0\u00a0\u00a0\u00a0\u00a0\u00a0 nur 5.- \u20ac<\/span><\/strong> <a href=\"http:\/\/www.hund-hersbruck.de\/web_neu\/wp-content\/uploads\/Flying-Feather.jpg\"><img loading=\"lazy\" decoding=\"async\" class=\"alignleft size-medium wp-image-12279\" src=\"http:\/\/www.hund-hersbruck.de\/web_neu\/wp-content\/uploads\/Flying-Feather-300x300.jpg\" alt=\"Flying Feather\" width=\"300\" height=\"300\" srcset=\"http:\/\/www.hund-hersbruck.de\/web_neu\/wp-content\/uploads\/Flying-Feather-300x300.jpg 300w, http:\/\/www.hund-hersbruck.de\/web_neu\/wp-content\/uploads\/Flying-Feather-150x150.jpg 150w, http:\/\/www.hund-hersbruck.de\/web_neu\/wp-content\/uploads\/Flying-Feather.jpg 600w\" sizes=\"auto, (max-width: 300px) 100vw, 300px\" \/><\/a>\u00a0\u00a0\u00a0 &#8222;Bionik&#8220; pur: Das ist ein wunderbares Beispiel f\u00fcr die technische Nachahmung nat\u00fcrlicher Vorbilder! Dieser \u00fcberdimensionale Ahornsamen (der englische Name &#8222;Flying Feather&#8220; ist ein Schmarren!) kann auf zweierlei Weise zum Fliegen gebracht werden: Erstens wie ein Frisbee geworfen oder zweitens mit dem mitgelieferten Gummiband in die H\u00f6he gestartet. Dann segelt er wie sein nat\u00fcrliches Vorbild zu Boden. Beides macht Spa\u00df und\u00a0 gelingt manchmal gut, manchmal halt nicht. Gr\u00f6\u00dfe: 24 cm lang, 5 cm breit! Nicht geeignet f\u00fcr Kinder unter drei Jahren!<\/span><\/p>\n<p class=\"empty-paragraph\">\u00a0<span style=\"font-size: 1px; color: transparent;\">.<\/span><\/p>\n<p class=\"empty-paragraph\">\u00a0<span style=\"font-size: 1px; color: transparent;\">.<\/span><\/p>\n<p class=\"empty-paragraph\">\u00a0<span style=\"font-size: 1px; color: transparent;\">.<\/span><\/p>\n<p class=\"empty-paragraph\">\u00a0<span style=\"font-size: 1px; color: transparent;\">.<\/span><\/p>\n<p class=\"empty-paragraph\">\u00a0<span style=\"font-size: 1px; color: transparent;\">.<\/span>\u00a0\u00a0<span style=\"font-size: 1px; color: transparent;\">.<\/span><\/p>\n<p class=\"empty-paragraph\"><span style=\"font-size: 12pt;\"><span style=\"font-family: Arial;\"><span style=\"color: #993300;\"><strong>UNFASSBAR!<\/strong><\/span> \u00a0\u00a0\u00a0\u00a0\u00a0\u00a0\u00a0\u00a0\u00a0\u00a0 <strong>5,00 \u20ac<\/strong><\/span><\/span><\/p>\n<p style=\"text-align: justify;\"><span style=\"font-family: Arial;\"><img loading=\"lazy\" decoding=\"async\" class=\"alignleft size-full wp-image-2028\" title=\"unfassbarKremerPuzzle\" src=\"http:\/\/www.hund-hersbruck.de\/web_neu\/wp-content\/uploads\/unfassbarKremerPuzzle.jpg\" alt=\"\" width=\"125\" height=\"50\" \/><\/span><span style=\"font-family: arial,helvetica,sans-serif;\"><span style=\"font-size: 14px;\">&#8222;<span style=\"font-size: 10pt;\">Un &#8211; Fassbar&#8220; im w\u00f6rtlichen Sinne! Da haben wir aufgejubelt auf der Spielwarenmesse, als wir dieses so unschuldig und einfach aussehende R\u00e4tselspiel aus farbigem Holz sahen! Der Durchmesser der schwarzen Holzdose ist 5 cm, die H\u00f6he 3 cm. Darin ist ein raketenf\u00f6rmiges rotes Teil, das man herausnehmen soll, ohne die Dose vom Tisch hochzunehmen oder ein Hilfsmittel zu verwenden. Einfach? Unm\u00f6glich! Au\u00dfer man kommt auf die nun wirklich gaaaannnz andere Idee &#8230;! Genial! Obwohl dieses T\u00fcftelspiel (mit anderen Gegenst\u00e4nden) schon ziemlich alt ist! Umwerfend, wenn man das Geheimnis erf\u00e4hrt! Garantiert! Ein Kn\u00fcller f\u00fcr Jung und Reif! Physikfans kennen den Effekt aus der fast schon historischen Literatur (mit einem Ei und zwei Eierbechern), (Stichworte &#8222;Luft \/ \u00dcberdruck&#8220; \/ Benoulli &#8211; Effekt\u00a0&#8230;)\u00a0 <span style=\"color: #ff0000;\">Hervorragende Literatur dazu: PFE Bd. 1, Seite 378 <\/span><\/span><\/span>\u00a0<span style=\"font-size: 10px;\">ACHTUNG: Nicht geeignet f\u00fcr Kinder unter 3 Jahren wegen Erstickungsgefahr durch Kleinteile!\u00a0<span style=\"color: #0000ff; font-size: 10pt;\"> ACHTUNG! DAS war haarscharf! Vor einigen Tagen erfuhren wir, dass unser Produzent die Herstellung einstellt! Schnell haben wir uns noch einen Vorrat zugelegt, der vielleicht unter Umst\u00e4nden eventuell noch einige Zeit reicht &#8230;<\/span><\/span><\/span><\/p>\n<p class=\"empty-paragraph\">\u00a0<span style=\"font-size: 1px; color: transparent;\">.<\/span><\/p>\n<p class=\"empty-paragraph\">\u00a0<span style=\"font-size: 1px; color: transparent;\">.<\/span><\/p>\n<p style=\"text-align: justify;\"><span style=\"font-size: 12pt;\"><strong><span style=\"font-family: arial,helvetica,sans-serif;\"><span style=\"color: #993300;\">myRoodi<\/span>\u00a0\u00a0\u00a0 Set mit\u00a0drei Wurfscheiben\u00a0\u00a0\u00a0 5,00 \u20ac<\/span><\/strong><\/span> <span style=\"font-family: arial,helvetica,sans-serif; font-size: 12pt;\">\u00a0<a href=\"http:\/\/www.hund-hersbruck.de\/web_neu\/wp-content\/uploads\/myRoodi.jpg\"><img loading=\"lazy\" decoding=\"async\" class=\"alignleft size-medium wp-image-9460\" src=\"http:\/\/www.hund-hersbruck.de\/web_neu\/wp-content\/uploads\/myRoodi-300x163.jpg\" alt=\"myRoodi\" width=\"300\" height=\"163\" srcset=\"http:\/\/www.hund-hersbruck.de\/web_neu\/wp-content\/uploads\/myRoodi-300x163.jpg 300w, http:\/\/www.hund-hersbruck.de\/web_neu\/wp-content\/uploads\/myRoodi-150x81.jpg 150w, http:\/\/www.hund-hersbruck.de\/web_neu\/wp-content\/uploads\/myRoodi.jpg 900w\" sizes=\"auto, (max-width: 300px) 100vw, 300px\" \/><\/a>\u00a0\u00a0\u00a0 <span style=\"font-size: 10pt;\">myRoodi ist ein Set aus drei Indoor &#8211; Wurfscheiben aus stabilem Premiumkarton. Diese sind so konstruiert, dass bereits Kinder ab vier Jahren gefahrlos im Wohnzimmer das Werfen erlernen k\u00f6nnen &#8211; schnelle Erfolgserlebnisse garantiert! Die liebevollen Illustrationen (Unterwasser, Weltraum, Safari) k\u00f6nnen zudem individuell ausgemalt werden. Inklusive Wurfanleitung, Spielideen und Hintergrundinformationen. <span style=\"color: #ff0000;\">Unser Urteil: \u00c4hnlich wie beim ersten Produkt, den MyFiBo: Sehr empfehlenswert!<\/span><\/span><\/span> <span style=\"font-family: arial,helvetica,sans-serif; font-size: 10pt;\"> Inhalt:\u00a0\u00a0<\/span><span style=\"font-size: 10pt;\"> <span style=\"font-family: arial,helvetica,sans-serif;\">&#8211; 3 Indoor-Wurfscheiben aus stabilem Premiumkarton (\u00d8 20cm),<\/span><span style=\"font-family: arial,helvetica,sans-serif;\">\u00a0kinderleicht zu lernen, keine Verletzungsgefahr, stabile Flugbahn, schweben 2 \u2013 8m,\u00a0drei<\/span><span style=\"font-family: arial,helvetica,sans-serif;\"> schicke Motive (Unterwasser \u2013 Safari \u2013 Weltraum) zum Ausmalen,\u00a0<\/span><span style=\"font-family: arial,helvetica,sans-serif;\"> &#8211; Wurfanleitung, Spielideen und Hintergru\u0308nden zum Spiel\u00a0\u00a0\u00a0\u00a0\u00a0\u00a0\u00a0\u00a0<\/span><\/span><span style=\"font-family: arial,helvetica,sans-serif; font-size: 10pt;\">\u00a0 Hergestellt in Leipzig.\u00a0Nicht geeignet f\u00fcr Kinder unter drei Jahren wegen verschluckbarer Kleinteile!\u00a0\u00a0\u00a0<\/span><span style=\"font-family: arial,helvetica,sans-serif; font-size: 10pt;\">\u00a0\u00a0Siehe dazu folgendes YouTube &#8211; Video:\u00a0\u00a0\u00a0 <\/span><span style=\"font-family: arial,helvetica,sans-serif; font-size: 10pt;\">https:\/\/www.youtube.com\/watch?v=rSAYh61pFNQ<\/span><\/p>\n<p class=\"empty-paragraph\"><span style=\"font-size: 10pt;\">\u00a0<span style=\"color: transparent;\">.<\/span><\/span><\/p>\n<p class=\"empty-paragraph\">\u00a0<span style=\"font-size: 1px; color: transparent;\">.<\/span><span style=\"font-size: 1px; color: transparent;\">.<\/span>\u00a0<span style=\"font-size: 1px; color: transparent;\">.<\/span><\/p>\n<p style=\"text-align: justify;\"><span style=\"font-family: arial, helvetica, sans-serif; font-size: 12pt;\"><strong><span style=\"color: #993300;\">Bumerang mit &#8222;Bienensound&#8220;\u00a0<\/span>\u00a0\u00a0 3,80 \u20ac<\/strong> <\/span><span style=\"font-family: arial,helvetica,sans-serif; font-size: 14px;\"><span style=\"font-size: 12pt;\">\u00a0\u00a0<\/span><strong><a href=\"http:\/\/www.hund-hersbruck.de\/web_neu\/wp-content\/uploads\/Bumerang-Sound.jpg\"><img loading=\"lazy\" decoding=\"async\" class=\"alignleft\" src=\"http:\/\/www.hund-hersbruck.de\/web_neu\/wp-content\/uploads\/Bumerang-Sound-225x300.jpg\" alt=\"Bumerang Sound\" width=\"190\" height=\"253\" \/><\/a><\/strong> <span style=\"font-size: 10pt;\">Der Bumerang aus Plastik (\u00fcbliches Format mit 40 cm Fl\u00fcgelspannbreite) fliegt beim richtigen Gebrauch mit bienenartigem Summen. Eine Kurzanleitung mit guten Bildern (und ein paar englischen Worten) ist auf der Verpackung enthalten. Besch\u00e4ftigt alle Altersgruppen stundenlang und ist ein hervorragendes Lehrmittel bez\u00fcglich des Bereichs &#8222;Aerodynamik&#8220;. Rot oder gr\u00fcn lieferbar. Nicht f\u00fcr Kinder unter drei Jahren geeignet.<\/span><\/span><span style=\"font-family: arial, helvetica, sans-serif; font-size: 10pt;\"> \u00a0<\/span><\/p>\n<p class=\"empty-paragraph\">\u00a0<span style=\"font-size: 1px; color: transparent;\">.<\/span><\/p>\n<p class=\"empty-paragraph\">\u00a0<span style=\"font-size: 1px; color: transparent;\">.<\/span><\/p>\n<p class=\"empty-paragraph\">\u00a0<span style=\"font-size: 1px; color: transparent;\">.<\/span><\/p>\n<p class=\"empty-paragraph\"><span style=\"font-size: 1px; color: transparent;\">.<\/span>\u00a0<span style=\"color: #0000ff; font-size: 12pt;\"><strong><span style=\"font-family: arial, helvetica, sans-serif;\">Sie waren eben auf unserer Physik &#8211; Unterseite &#8222;Luft 3&#8220;.\u00a0 Es kommt jetzt also &#8230;<\/span><\/strong><\/span><\/p>\n<table border=\"0\" align=\"center\">\n<tbody>\n<tr>\n<td><span style=\"font-size: 18px;\">Seiten<\/span><\/td>\n<td><span style=\"font-size: 18px;\"><a title=\"Luft\" href=\"http:\/\/www.hund-hersbruck.de\/web_neu\/?page_id=117\">1<\/a><\/span><\/td>\n<td><span style=\"font-size: 18px;\"><a title=\"Luft_Seite2\" href=\"http:\/\/www.hund-hersbruck.de\/web_neu\/?page_id=5764\">2<\/a><\/span><\/td>\n<td><span style=\"font-size: 18px;\"><a title=\"Luft_Seite3\" href=\"http:\/\/www.hund-hersbruck.de\/web_neu\/?page_id=5766\">3<\/a><\/span><\/td>\n<td><span style=\"font-size: 18px;\"><a title=\"Luft_Seite4\" href=\"http:\/\/www.hund-hersbruck.de\/web_neu\/?page_id=5768\">4<\/a><\/span><\/td>\n<\/tr>\n<\/tbody>\n<\/table>\n","protected":false},"excerpt":{"rendered":"<p>Seiten 1 2 3 4 Ph\u00e4nomene und &#8222;Ph\u00e4nomene&#8220; rund um das Thema &#8222;Luft&#8220; Luftdruck-Rakete &#8211; Bionik &#8211; Unfassbar &#8211; myRoodi &#8211; Wurfscheiben &#8211; Mini-Flyer &#8211; Bumerang &#8211; Sie m\u00f6chten\u00a0bestellen?\u00a0\u00a0 Tel. 09151\/4716\u00a0 oder\u00a0 \u00a0gabys-zauberland@t-online.de\u00a0\u00a0\u00a0 oder \u00fcber das Kontaktformular oben\u00a0 \u00a0 \u00a0Preis\u00e4nderungen vorbehalten.\u00a0 \u00a0 Mindestbestellsumme 15.- \u20ac + Porto\u00a0\u00a0\u00a0\u00a0\u00a0\u00a0\u00a0\u00a0\u00a0\u00a0\u00a0 \u00d6ffnungszeiten des Gesch\u00e4fts: Mo &#8211; Fr. 15.00 &#8211; [&hellip;]<\/p>\n","protected":false},"author":1,"featured_media":0,"parent":0,"menu_order":0,"comment_status":"closed","ping_status":"closed","template":"","meta":{"footnotes":""},"class_list":["post-5766","page","type-page","status-publish","hentry"],"_links":{"self":[{"href":"http:\/\/www.hund-hersbruck.de\/web_neu\/wp-json\/wp\/v2\/pages\/5766","targetHints":{"allow":["GET"]}}],"collection":[{"href":"http:\/\/www.hund-hersbruck.de\/web_neu\/wp-json\/wp\/v2\/pages"}],"about":[{"href":"http:\/\/www.hund-hersbruck.de\/web_neu\/wp-json\/wp\/v2\/types\/page"}],"author":[{"embeddable":true,"href":"http:\/\/www.hund-hersbruck.de\/web_neu\/wp-json\/wp\/v2\/users\/1"}],"replies":[{"embeddable":true,"href":"http:\/\/www.hund-hersbruck.de\/web_neu\/wp-json\/wp\/v2\/comments?post=5766"}],"version-history":[{"count":61,"href":"http:\/\/www.hund-hersbruck.de\/web_neu\/wp-json\/wp\/v2\/pages\/5766\/revisions"}],"predecessor-version":[{"id":17765,"href":"http:\/\/www.hund-hersbruck.de\/web_neu\/wp-json\/wp\/v2\/pages\/5766\/revisions\/17765"}],"wp:attachment":[{"href":"http:\/\/www.hund-hersbruck.de\/web_neu\/wp-json\/wp\/v2\/media?parent=5766"}],"curies":[{"name":"wp","href":"https:\/\/api.w.org\/{rel}","templated":true}]}}