{"id":5764,"date":"2013-01-08T07:32:48","date_gmt":"2013-01-08T07:32:48","guid":{"rendered":"http:\/\/www.hund-hersbruck.de\/web_neu\/?page_id=5764"},"modified":"2025-12-26T16:19:00","modified_gmt":"2025-12-26T16:19:00","slug":"luft_seite2","status":"publish","type":"page","link":"http:\/\/www.hund-hersbruck.de\/web_neu\/luft_seite2\/","title":{"rendered":"Luft_Seite2"},"content":{"rendered":"<p style=\"text-align: center;\">\u00a0physikalische <span style=\"color: #0000ff;\"><strong><span style=\"font-size: 18px;\">Ph\u00e4nomene und &#8222;Ph\u00e4nomene&#8220; rund um das Thema &#8222;Luft&#8220;<\/span><\/strong><\/span><\/p>\n<p style=\"text-align: center;\"><span style=\"font-family: arial,helvetica,sans-serif; font-size: 16px;\"><span style=\"font-size: 10pt;\">Luftkissen Antrieb -Ballonboot &#8211; Sprungball &#8211; Raketen -MIni-Papierdrachen &#8211; Fliegendes Ufo\u00a0<\/span><\/span><\/p>\n<p style=\"text-align: center;\"><span style=\"font-family: arial,helvetica,sans-serif; font-size: 16px;\"><span style=\"font-size: 18px;\"><strong>Seite 2<\/strong><\/span><\/span><\/p>\n<p style=\"text-align: center;\"><span style=\"font-family: arial,helvetica,sans-serif; font-size: 16px;\"><strong>Sie m\u00f6chten\u00a0<span style=\"color: #0000ff; text-decoration: underline;\">bestellen<\/span>? <\/strong><\/span><span style=\"font-family: arial,helvetica,sans-serif; font-size: 16px;\"><strong>Tel. 09151\/4716\u00a0\u00a0oder\u00a0 \u00a0<strong><a href=\"mailto:gabys-zauberland@t-online.de\">gabys-zauberland@t-online.de<\/a>\u00a0 bzw. \u00fcber das Kontakformular oben<\/strong><\/strong><\/span><\/p>\n<p style=\"text-align: center;\"><span style=\"font-family: arial,helvetica,sans-serif;\"><span style=\"font-size: 14px;\">Preis\u00e4nderungen vorbehalten. <span style=\"text-decoration: underline;\"><strong>Mindestbestellsumme<\/strong> <\/span>15.- \u20ac + Porto\u00a0 \u00a0 \u00a0 \u00a0 \u00a0 \u00a0 \u00a0\u00a0<\/span><\/span><span style=\"font-family: arial,helvetica,sans-serif;\"><span style=\"text-decoration: underline;\"><strong>Ladengesch\u00e4ft<\/strong><\/span>: <span style=\"font-size: 10pt;\">Amberger Str. 8\u00a0 in 91217 Hersbruck (30 km \u00f6stlich von N\u00fcrnberg); \u00d6ffnungszeiten Mo &#8211; Fr. 15.00 &#8211; 18.00 Uhr, Sa 10.00 &#8211; 13.00 Uhr (oder nach Vereinbarung!)<\/span><\/span><\/p>\n<table border=\"0\" align=\"center\">\n<tbody>\n<tr>\n<td><span style=\"font-size: 18px;\">Seiten<\/span><\/td>\n<td><span style=\"font-size: 18px;\"><a title=\"Luft\" href=\"http:\/\/www.hund-hersbruck.de\/web_neu\/?page_id=117\">1<\/a><\/span><\/td>\n<td><span style=\"font-size: 18px;\"><a title=\"Luft_Seite2\" href=\"http:\/\/www.hund-hersbruck.de\/web_neu\/?page_id=5764\">2<\/a><\/span><\/td>\n<td><span style=\"font-size: 18px;\"><a title=\"Luft_Seite3\" href=\"http:\/\/www.hund-hersbruck.de\/web_neu\/?page_id=5766\">3<\/a><\/span><\/td>\n<td><span style=\"font-size: 18px;\"><a title=\"Luft_Seite4\" href=\"http:\/\/www.hund-hersbruck.de\/web_neu\/?page_id=5768\">4<\/a><\/span><\/td>\n<\/tr>\n<\/tbody>\n<\/table>\n<p class=\"empty-paragraph\">\u00a0<span style=\"font-size: 1px; color: transparent;\">.<\/span><\/p>\n<p class=\"empty-paragraph\" style=\"text-align: justify;\"><span style=\"font-family: arial,helvetica,sans-serif; font-size: 10pt;\">\u00a0<span style=\"font-size: 12pt;\"><span style=\"color: #993300;\">D<strong>as BALLONBETRIEBENE LUFTKISSENBOOT<\/strong>\u00a0\u00a0\u00a0\u00a0\u00a0\u00a0\u00a0\u00a0\u00a0\u00a0 <\/span><span style=\"color: #ff0000;\"><strong>5,00 \u20ac\u00a0\u00a0\u00a0\u00a0 Sonderpreis<\/strong><\/span><\/span><\/span><\/p>\n<p style=\"text-align: justify;\"><span style=\"font-family: arial,helvetica,sans-serif; font-size: 10pt;\"><img loading=\"lazy\" decoding=\"async\" class=\"alignleft wp-image-1216\" title=\"Luftkissenboot\" src=\"http:\/\/www.hund-hersbruck.de\/web_neu\/wp-content\/uploads\/Luftkissenboot-150x150.jpg\" alt=\"\" width=\"150\" height=\"150\" srcset=\"http:\/\/www.hund-hersbruck.de\/web_neu\/wp-content\/uploads\/Luftkissenboot-150x150.jpg 150w, http:\/\/www.hund-hersbruck.de\/web_neu\/wp-content\/uploads\/Luftkissenboot-300x300.jpg 300w, http:\/\/www.hund-hersbruck.de\/web_neu\/wp-content\/uploads\/Luftkissenboot.jpg 400w\" sizes=\"auto, (max-width: 150px) 100vw, 150px\" \/>Bausatz z<img loading=\"lazy\" decoding=\"async\" class=\"alignleft size-thumbnail wp-image-1215\" title=\"Luftkissenboot4m2\" src=\"http:\/\/www.hund-hersbruck.de\/web_neu\/wp-content\/uploads\/Luftkissenboot4m2-150x112.jpg\" alt=\"\" width=\"150\" height=\"112\" srcset=\"http:\/\/www.hund-hersbruck.de\/web_neu\/wp-content\/uploads\/Luftkissenboot4m2-150x112.jpg 150w, http:\/\/www.hund-hersbruck.de\/web_neu\/wp-content\/uploads\/Luftkissenboot4m2-300x225.jpg 300w, http:\/\/www.hund-hersbruck.de\/web_neu\/wp-content\/uploads\/Luftkissenboot4m2.jpg 384w\" sizes=\"auto, (max-width: 150px) 100vw, 150px\" \/>um Bau eines funktionierenden Luftkissenbootes (eine Scheibe, 10 cm Durchmesser, die auf einer glatten Oberfl\u00e4che mit Ballonantrieb gleitet).\u00a0 Solange unser Vorrat reicht!\u00a0\u00a0 <span style=\"color: #ff0000;\"><strong>Mengenrabatt m\u00f6glich, ab 5 St\u00fcck. Fragen Sie uns!<\/strong><\/span><\/span><\/p>\n<p style=\"text-align: justify;\"><span style=\"font-family: arial,helvetica,sans-serif; font-size: 10pt;\">ACHTUNG: Nicht geeignet f\u00fcr Kinder unter 3 Jahren wegen Erstickungsgefahr durch Kleinteile!<\/span><\/p>\n<p class=\"empty-paragraph\" style=\"text-align: justify;\"><span style=\"font-family: arial,helvetica,sans-serif; font-size: 10pt;\">\u00a0.<\/span><\/p>\n<p class=\"empty-paragraph\">\u00a0<span style=\"font-size: 1px; color: transparent;\">.<\/span><\/p>\n<p class=\"empty-paragraph\">\u00a0<span style=\"font-size: 1px; color: transparent;\">.<\/span><\/p>\n<p style=\"text-align: justify;\"><span style=\"font-family: arial,helvetica,sans-serif; font-size: 12pt;\"><span style=\"color: #993300;\"><strong>LUFTKISSEN &#8211; JET<\/strong>\u00a0\u00a0\u00a0\u00a0\u00a0\u00a0\u00a0\u00a0\u00a0\u00a0\u00a0\u00a0\u00a0\u00a0\u00a0\u00a0\u00a0\u00a0\u00a0\u00a0\u00a0\u00a0\u00a0\u00a0\u00a0\u00a0\u00a0\u00a0\u00a0\u00a0 <\/span><span style=\"color: #ff0000;\"><strong>5,00 \u20ac\u00a0\u00a0\u00a0 Sonderpreis<\/strong><\/span><\/span><\/p>\n<p style=\"text-align: justify;\"><span style=\"font-family: arial,helvetica,sans-serif; font-size: 10pt;\"><img loading=\"lazy\" decoding=\"async\" class=\"alignleft size-full wp-image-1368\" title=\"Luftkissenjet\" src=\"http:\/\/www.hund-hersbruck.de\/web_neu\/wp-content\/uploads\/Luftkissenjet.bmp\" alt=\"\" width=\"205\" height=\"154\" \/>Ein faszinierendes wissenschaftliches Spielzeug: Mit einem einfachen, normalen Ballon wird das Luftkissenbootprinzip deutlich. Der &#8222;Jet&#8220; (siehe Abbildung) schwebt \u00fcber einer glatten Oberfl\u00e4che doch glatt davon. Ein &#8222;sinn &#8211; volles&#8220; Spielzeug. Nur noch wenige Exemplare, dann keine mehr!\u00a0 <span style=\"color: #ff0000;\"><strong>Mengenrabatt m\u00f6glich ab 5 St\u00fcck, fragen Sie uns!<\/strong><\/span><\/span><\/p>\n<p style=\"text-align: justify;\"><span style=\"font-family: arial,helvetica,sans-serif; font-size: 8pt;\">ACHTUNG: Nicht geeignet f\u00fcr Kinder unter 3 Jahren wegen Erstickungsgefahr durch Kleinteile! &#8230;<\/span><\/p>\n<p>&nbsp;<\/p>\n<p class=\"empty-paragraph\">\u00a0<span style=\"font-size: 1px; color: transparent;\">.<\/span><\/p>\n<p class=\"empty-paragraph\">\u00a0<span style=\"font-size: 1px; color: transparent;\">.<\/span><\/p>\n<p style=\"text-align: justify;\"><strong><span style=\"font-family: arial,helvetica,sans-serif; font-size: 14pt;\"><span style=\"color: #993300;\">Schmetterling mit Gummimotor\u00a0\u00a0\u00a0\u00a0\u00a0\u00a0\u00a0<\/span> 4,00 \u20ac<\/span><\/strong><br \/>\n<span style=\"font-family: arial,helvetica,sans-serif; font-size: 12pt;\"><a href=\"http:\/\/www.hund-hersbruck.de\/web_neu\/wp-content\/uploads\/Falter-mit-Gummimotor1.jpg\"><img loading=\"lazy\" decoding=\"async\" class=\"alignleft size-medium wp-image-8471\" src=\"http:\/\/www.hund-hersbruck.de\/web_neu\/wp-content\/uploads\/Falter-mit-Gummimotor1-229x300.jpg\" alt=\"Falter mit Gummimotor1\" width=\"229\" height=\"300\" srcset=\"http:\/\/www.hund-hersbruck.de\/web_neu\/wp-content\/uploads\/Falter-mit-Gummimotor1-229x300.jpg 229w, http:\/\/www.hund-hersbruck.de\/web_neu\/wp-content\/uploads\/Falter-mit-Gummimotor1-114x150.jpg 114w, http:\/\/www.hund-hersbruck.de\/web_neu\/wp-content\/uploads\/Falter-mit-Gummimotor1.jpg 268w\" sizes=\"auto, (max-width: 229px) 100vw, 229px\" \/><\/a>\u00a0\u00a0<a href=\"http:\/\/www.hund-hersbruck.de\/web_neu\/wp-content\/uploads\/Falter-mit-Gummimotor2.jpg\"><img loading=\"lazy\" decoding=\"async\" class=\"alignleft size-thumbnail wp-image-8472\" src=\"http:\/\/www.hund-hersbruck.de\/web_neu\/wp-content\/uploads\/Falter-mit-Gummimotor2-150x98.jpg\" alt=\"Falter mit Gummimotor2\" width=\"150\" height=\"98\" srcset=\"http:\/\/www.hund-hersbruck.de\/web_neu\/wp-content\/uploads\/Falter-mit-Gummimotor2-150x98.jpg 150w, http:\/\/www.hund-hersbruck.de\/web_neu\/wp-content\/uploads\/Falter-mit-Gummimotor2-300x196.jpg 300w, http:\/\/www.hund-hersbruck.de\/web_neu\/wp-content\/uploads\/Falter-mit-Gummimotor2.jpg 369w\" sizes=\"auto, (max-width: 150px) 100vw, 150px\" \/><\/a>\u00a0<span style=\"font-size: 10pt;\"> DER macht was her! Auch wenn er, vor allem wegen des Propellers vornedran, nicht so ganz naturecht aussieht! Mit einer Fl\u00fcgelspannbreite von 18 cm und einer Gesamtl\u00e4nge von 25 cm ist er auch um Einiges gr\u00f6\u00dfer als seine lebenden Vorbilder. Eine andere Flugmethode hat er auch &#8230; Bunt ist er aber schon &#8230; Wenn man den Propeller vorne gen\u00fcgend oft gedreht hat (mehr als 60 mal) und ihn schr\u00e4g starten l\u00e4sst, fliegt er wunderbar weit.\u00a0\u00a0 Nicht f\u00fcr Kinder unter drei Jahren geeignet.<\/span><\/span><\/p>\n<p class=\"empty-paragraph\">\u00a0<span style=\"font-size: 1px; color: transparent;\">.<\/span><\/p>\n<p class=\"empty-paragraph\">\u00a0<span style=\"font-size: 1px; color: transparent;\">.<\/span><\/p>\n<p class=\"empty-paragraph\">\u00a0<span style=\"font-size: 1px; color: transparent;\">.<\/span><\/p>\n<p class=\"empty-paragraph\">\u00a0<span style=\"font-size: 1px; color: transparent;\">.<\/span><\/p>\n<p class=\"empty-paragraph\">\u00a0<span style=\"font-size: 1px; color: transparent;\">.<\/span><span style=\"font-size: 1px; color: transparent;\">.<\/span><\/p>\n<p style=\"text-align: justify;\"><span style=\"font-family: arial, helvetica, sans-serif; font-size: 12pt;\"><strong><span style=\"color: #993300;\">Ballon &#8211; Rennboot\u00a0\u00a0\u00a0\u00a0<\/span> 3,50 \u20ac<\/strong><\/span><br \/>\n<span style=\"font-family: arial,helvetica,sans-serif; font-size: 14px;\">\u00a0\u00a0<strong><strong><strong><a href=\"http:\/\/www.hund-hersbruck.de\/web_neu\/wp-content\/uploads\/Ballon-Rennboot.jpg\"><img loading=\"lazy\" decoding=\"async\" class=\"alignleft\" src=\"http:\/\/www.hund-hersbruck.de\/web_neu\/wp-content\/uploads\/Ballon-Rennboot-300x225.jpg\" alt=\"Ballon Rennboot\" width=\"171\" height=\"128\" \/><\/a><\/strong><\/strong><\/strong> <span style=\"font-size: 10pt;\">Obwohl wir ja schon etliche Ballonfahrzeuge im Sortiment haben: DAS mussten wir auf der Spielwarenmesse 2014 noch bestellen: Ein 12 cm langes, 6,5 cm breites RENNboot, das mal anders gestartet wird: Ballon oben befestigen, hinten am Boot reinpusten und Ballon aufblasen, \u00d6ffnung zuhalten, zu Wasser lassen &#8230; &#8211; und ab geht es! Nicht nur f\u00fcr die Badewanne oder den Physiksaal geeignet! Nicht f\u00fcr Kinder unter drei Jahren.\u00a0 <\/span><\/span><\/p>\n<p>&nbsp;<\/p>\n<p>&nbsp;<\/p>\n<p class=\"empty-paragraph\"><span style=\"font-family: arial,helvetica,sans-serif; font-size: 14px;\"><span style=\"font-size: 18px;\"><strong><span style=\"font-size: 12pt;\"><span style=\"color: #993300;\">Super &#8211; Sprungball\u00a0\u00a0\u00a0\u00a0\u00a0\u00a0<\/span><del> 4,30 \u20ac<\/del>\u00a0\u00a0 <span style=\"color: #ff0000;\">nur noch 2,50 \u20ac!<\/span><\/span><br \/>\n<\/strong><\/span><strong>\u00a0\u00a0<\/strong><a href=\"http:\/\/www.hund-hersbruck.de\/web_neu\/wp-content\/uploads\/Sprungball.jpg\"><img loading=\"lazy\" decoding=\"async\" class=\"alignleft\" src=\"http:\/\/www.hund-hersbruck.de\/web_neu\/wp-content\/uploads\/Sprungball-150x112.jpg\" alt=\"Sprungball\" width=\"150\" height=\"112\" \/><\/a><strong>\u00a0<span style=\"font-size: 10pt;\"> Das<\/span><\/strong><span style=\"font-size: 10pt;\"> muss zu diesem Preis schon was Besonderes sein, dachten wir uns auch! In der Tat handelt es sich um einen patentierten Sprungball, der eben nicht wie \u00fcblich aus Vollmaterial, sondern aus ganz durchsichtigem, festem Plastik besteht. Und innen ist &#8230; nur Luft! Nat\u00fcrlich ist die Sprungkraft und Sprungh\u00f6he nicht vergleichbar mit den bekannten Flummies, aber die Elastizit\u00e4t der Luft (und deshalb ist der Ball ja hier!) ist doch erstaunlich. Vor allem aber sieht &#8222;man&#8220; eben, dass innen wirklich nichts ist, au\u00dfer eben &#8230;; 6 cm Durchmesser immerhin, verschiedene Farben<\/span>.<span style=\"font-size: 10px;\"> Es steht au\u00dfen auf der Verpackung zwar, dass der Ball wegen &#8222;kleiner Teile&#8220; nicht f\u00fcr Kinder unter drei Jahren geeignet sei, aber klar ist uns dies nicht &#8230;<\/span><\/span><\/p>\n<p>&nbsp;<\/p>\n<p class=\"empty-paragraph\">\u00a0<span style=\"font-size: 1px; color: transparent;\">.<\/span><\/p>\n<p style=\"text-align: justify;\"><span style=\"font-size: 12pt;\"><strong><span style=\"font-family: arial,helvetica,sans-serif;\"><span style=\"color: #993300;\">Mini &#8211; Papierdrachen\u00a0\u00a0\u00a0\u00a0\u00a0\u00a0\u00a0<\/span> 5,00 \u20ac<\/span><\/strong><\/span><br \/>\n<span style=\"font-family: arial,helvetica,sans-serif; font-size: 14px;\"><a href=\"http:\/\/www.hund-hersbruck.de\/web_neu\/wp-content\/uploads\/Mini-Papierdrachen.jpg\"><img loading=\"lazy\" decoding=\"async\" class=\"alignleft wp-image-6771\" src=\"http:\/\/www.hund-hersbruck.de\/web_neu\/wp-content\/uploads\/Mini-Papierdrachen-215x300.jpg\" alt=\"Mini Papierdrachen\" width=\"137\" height=\"191\" srcset=\"http:\/\/www.hund-hersbruck.de\/web_neu\/wp-content\/uploads\/Mini-Papierdrachen-215x300.jpg 215w, http:\/\/www.hund-hersbruck.de\/web_neu\/wp-content\/uploads\/Mini-Papierdrachen-107x150.jpg 107w, http:\/\/www.hund-hersbruck.de\/web_neu\/wp-content\/uploads\/Mini-Papierdrachen.jpg 287w\" sizes=\"auto, (max-width: 137px) 100vw, 137px\" \/><\/a>\u00a0\u00a0 <span style=\"font-size: 10pt;\">Warum bleibt ein Drachen in der Luft? Bei diesem Minipapierdrachen (11 cm lang, 8 cm breit, dazu langer Schwanz und Schnur) aus der amerikanischen Reihe Kidz Labs 4m (bei der es um wissenschaftliche Hintergr\u00fcnde geht) kann man anschaulich und \u00fcbersichtlich testen, wie hoch er fliegt, wie die Umst\u00e4nde beschaffen sein m\u00fcssen, welche Faktoren insgesamt einwirken usw.; auf der R\u00fcckseite der Verpackung ist dies (auf deutsch)\u00a0interessant beschrieben. Eigentlich f\u00fcr drau\u00dfen gedacht, aber vielleicht funktioniert es auch im Zimmer, wenn man ..<\/span>.?\u00a0 <span style=\"font-size: 10px;\">Wegen verschluckbarer Kleinteile nicht f\u00fcr Kinder unter drei Jahren geeignet!<\/span><\/span><\/p>\n<p class=\"empty-paragraph\">\u00a0<span style=\"font-size: 1px; color: transparent;\">.<\/span><\/p>\n<p class=\"empty-paragraph\">\u00a0<span style=\"font-size: 1px; color: transparent;\">.<\/span><\/p>\n<p class=\"empty-paragraph\">\u00a0<span style=\"font-size: 1px; color: transparent;\">.<\/span><\/p>\n<p class=\"empty-paragraph\">\u00a0<span style=\"font-size: 1px; color: transparent;\">.<\/span><span style=\"font-family: arial,helvetica,sans-serif; font-size: 14px;\"><span style=\"font-size: 18px;\"><strong><span style=\"font-size: 12pt;\"><span style=\"color: #993300;\">Ballon &#8211; Power 3 in 1 (Helicopter + Auto + Boot)\u00a0\u00a0\u00a0<\/span> 6,50 \u20ac<\/span><br \/>\n<\/strong><\/span>\u00a0<a href=\"http:\/\/www.hund-hersbruck.de\/web_neu\/phys-spielzeug_seite-10\/ballonpower2\/\" rel=\"attachment wp-att-6066\"><img loading=\"lazy\" decoding=\"async\" class=\"alignleft\" title=\"Ballonpower2\" src=\"http:\/\/www.hund-hersbruck.de\/web_neu\/wp-content\/uploads\/Ballonpower2.jpg\" alt=\"\" width=\"360\" height=\"302\" \/><\/a>\u00a0\u00a0\u00a0<span style=\"font-size: 10pt;\"> Bausatz &#8222;3 in 1&#8220; <strong>Ballon-Antrieb<\/strong>: Entdecken Sie die Kraft, die in einem aufgeblasenen Ballon steckt &#8211; Spielend wissenschaftliche Themen lernen &#8211; Das Set beinhaltet: <strong>Rennwagen<\/strong> (10 cm) \/ <strong>Rennboot<\/strong> (10 cm) \/ <strong>Helikopter<\/strong> &#8211; inkl. Anleitung zum Bau einer Ballonrakete \/ Ballonluftkissenboot &#8211; Hochwertige Verarbeitung &#8211; ECO-Friendly \/ nachhaltig &#8211; Die Materialien dieses Sets sind ungiftig und umweltfreundlich &#8211; CE gepr\u00fcft &#8211; sehr gute deutsche Gebrauchsanleitung<\/span><\/span><\/p>\n<p style=\"text-align: justify;\"><span style=\"font-family: arial,helvetica,sans-serif; font-size: 10px;\">Nicht geeignet f\u00fcr Kinder unter 3 Jahren!<\/span><\/p>\n<p>&nbsp;<\/p>\n<p class=\"empty-paragraph\">\u00a0<span style=\"font-size: 1px; color: transparent;\">.<\/span><span style=\"font-size: 1px; color: transparent;\">.<\/span><\/p>\n<p class=\"empty-paragraph\">\u00a0<span style=\"font-size: 1px; color: transparent;\">.<\/span><\/p>\n<p class=\"empty-paragraph\">\u00a0<span style=\"font-size: 1px; color: transparent;\">.<\/span><span style=\"font-family: arial,helvetica,sans-serif; font-size: 18px;\"><strong><span style=\"color: #993300;\">Fliegendes Ufo\u00a0\u00a0\u00a0\u00a0\u00a0\u00a0\u00a0\u00a0\u00a0\u00a0\u00a0\u00a0\u00a0\u00a0\u00a0\u00a0\u00a0\u00a0\u00a0\u00a0\u00a0\u00a0\u00a0\u00a0\u00a0\u00a0\u00a0\u00a0\u00a0\u00a0\u00a0\u00a0\u00a0\u00a0\u00a0\u00a0\u00a0 <\/span><span style=\"color: #ff0000;\">Sonderpreis 12,00 \u20ac<\/span><\/strong><\/span><\/p>\n<p style=\"text-align: justify;\"><span style=\"font-family: arial,helvetica,sans-serif; font-size: 14px;\"><a href=\"http:\/\/www.hund-hersbruck.de\/web_neu\/mystery-ufo1\/\" rel=\"attachment wp-att-2155\"><img loading=\"lazy\" decoding=\"async\" title=\"Mystery Ufo1\" src=\"http:\/\/www.hund-hersbruck.de\/web_neu\/wp-content\/uploads\/Mystery-Ufo1-150x150.jpg\" alt=\"\" width=\"150\" height=\"150\" \/><\/a><a href=\"http:\/\/www.hund-hersbruck.de\/web_neu\/mysteryufo2\/\" rel=\"attachment wp-att-2156\"><img loading=\"lazy\" decoding=\"async\" title=\"MysteryUfo2\" src=\"http:\/\/www.hund-hersbruck.de\/web_neu\/wp-content\/uploads\/MysteryUfo2-87x150.jpg\" alt=\"\" width=\"87\" height=\"150\" \/><\/a><a href=\"http:\/\/www.hund-hersbruck.de\/web_neu\/mysteryufo6\/\" rel=\"attachment wp-att-2158\"><img loading=\"lazy\" decoding=\"async\" title=\"MysteryUfo6\" src=\"http:\/\/www.hund-hersbruck.de\/web_neu\/wp-content\/uploads\/MysteryUfo6-150x150.jpg\" alt=\"\" width=\"150\" height=\"150\" \/><\/a><a href=\"http:\/\/www.hund-hersbruck.de\/web_neu\/mysteryufo7\/\" rel=\"attachment wp-att-2159\"><img loading=\"lazy\" decoding=\"async\" title=\"MysteryUfo7\" src=\"http:\/\/www.hund-hersbruck.de\/web_neu\/wp-content\/uploads\/MysteryUfo7.bmp\" alt=\"\" width=\"113\" height=\"68\" \/><\/a>\u00a0\u00a0 \u00a0Einige Videos auf YouTube zeigen Ihnen, was man damit machen kann (&#8222;Mystery Ufo&#8220; eingeben). Allerdings wird dann auch schnell klar, dass man das \u00dcBEN muss, was aber Kindern ab 9 Jahren viel Spa\u00df macht. Und wenn man es dann erst kann &#8230;! Das Ufo dreht sich rasend schnell und fliegt dabei anscheinend (!! sonst w\u00e4re es ja echt Zauberei!!) zwischen den H\u00e4nden, v\u00f6llig losgel\u00f6st, dreht sich um den K\u00f6rper &#8230; (klicken Sie gleich mal weiter zu www.YouTube weiter &#8230;).\u00a0Am Ende der Vorf\u00fchrung kann man das Ufo wie eine\u00a0Disc in die Zuschauer werfen &#8211; nichts Verd\u00e4chtiges mehr zu sehen! \u00a0Mit deutscher Kurzanleitung f\u00fcr die Grundbedienung, Bildern und Tipps aus der Praxis.\u00a0Es handelt sich hier um ein hochwertiges Zauberger\u00e4t, das noch vor wenigen Jahren in dieser Qualit\u00e4t undenkbar war und\u00a0lange ausschlie\u00dflich\u00a0Zauberprofis zug\u00e4nglich war. F\u00fcr Physiklehrer ist es\u00a0in mehrerer Hinsicht interessant, erfordert aber etwas \u00dcbung (s.o.). &#8222;Auspacken und vorf\u00fchren&#8220; ist nicht drin &#8230; <span style=\"font-size: 10px;\">\u00a0ACHTUNG: Nicht geeignet f\u00fcr Kinder unter 3 Jahren wegen Erstickungsgefahr durch Kleinteile!<\/span><\/span><\/p>\n<p class=\"empty-paragraph\">\u00a0<span style=\"font-size: 1px; color: transparent;\">.<\/span><\/p>\n<p style=\"text-align: center;\"><span style=\"color: #ff0000;\"><strong><span style=\"font-family: arial,helvetica,sans-serif; font-size: 16px;\">Sie waren eben auf unserer Physik &#8211; Sonderseite &#8222;Luft 2&#8220;; also kommt jetzt &#8230; oder &#8230; \u00a0<\/span><\/strong><\/span><\/p>\n<table border=\"0\" align=\"center\">\n<tbody>\n<tr>\n<td><span style=\"font-size: 18px;\">Seiten<\/span><\/td>\n<td><span style=\"font-size: 18px;\"><a title=\"Luft\" href=\"http:\/\/www.hund-hersbruck.de\/web_neu\/?page_id=117\">1<\/a><\/span><\/td>\n<td><span style=\"font-size: 18px;\"><a title=\"Luft_Seite2\" href=\"http:\/\/www.hund-hersbruck.de\/web_neu\/?page_id=5764\">2<\/a><\/span><\/td>\n<td><span style=\"font-size: 18px;\"><a title=\"Luft_Seite3\" href=\"http:\/\/www.hund-hersbruck.de\/web_neu\/?page_id=5766\">3<\/a><\/span><\/td>\n<td><span style=\"font-size: 18px;\"><a title=\"Luft_Seite4\" href=\"http:\/\/www.hund-hersbruck.de\/web_neu\/?page_id=5768\">4<\/a><\/span><\/td>\n<\/tr>\n<\/tbody>\n<\/table>\n","protected":false},"excerpt":{"rendered":"<p>\u00a0physikalische Ph\u00e4nomene und &#8222;Ph\u00e4nomene&#8220; rund um das Thema &#8222;Luft&#8220; Luftkissen Antrieb -Ballonboot &#8211; Sprungball &#8211; Raketen -MIni-Papierdrachen &#8211; Fliegendes Ufo\u00a0 Seite 2 Sie m\u00f6chten\u00a0bestellen? Tel. 09151\/4716\u00a0\u00a0oder\u00a0 \u00a0gabys-zauberland@t-online.de\u00a0 bzw. \u00fcber das Kontakformular oben Preis\u00e4nderungen vorbehalten. Mindestbestellsumme 15.- \u20ac + Porto\u00a0 \u00a0 \u00a0 \u00a0 \u00a0 \u00a0 \u00a0\u00a0Ladengesch\u00e4ft: Amberger Str. 8\u00a0 in 91217 Hersbruck (30 km \u00f6stlich von [&hellip;]<\/p>\n","protected":false},"author":1,"featured_media":0,"parent":0,"menu_order":0,"comment_status":"closed","ping_status":"closed","template":"","meta":{"footnotes":""},"class_list":["post-5764","page","type-page","status-publish","hentry"],"_links":{"self":[{"href":"http:\/\/www.hund-hersbruck.de\/web_neu\/wp-json\/wp\/v2\/pages\/5764","targetHints":{"allow":["GET"]}}],"collection":[{"href":"http:\/\/www.hund-hersbruck.de\/web_neu\/wp-json\/wp\/v2\/pages"}],"about":[{"href":"http:\/\/www.hund-hersbruck.de\/web_neu\/wp-json\/wp\/v2\/types\/page"}],"author":[{"embeddable":true,"href":"http:\/\/www.hund-hersbruck.de\/web_neu\/wp-json\/wp\/v2\/users\/1"}],"replies":[{"embeddable":true,"href":"http:\/\/www.hund-hersbruck.de\/web_neu\/wp-json\/wp\/v2\/comments?post=5764"}],"version-history":[{"count":58,"href":"http:\/\/www.hund-hersbruck.de\/web_neu\/wp-json\/wp\/v2\/pages\/5764\/revisions"}],"predecessor-version":[{"id":17783,"href":"http:\/\/www.hund-hersbruck.de\/web_neu\/wp-json\/wp\/v2\/pages\/5764\/revisions\/17783"}],"wp:attachment":[{"href":"http:\/\/www.hund-hersbruck.de\/web_neu\/wp-json\/wp\/v2\/media?parent=5764"}],"curies":[{"name":"wp","href":"https:\/\/api.w.org\/{rel}","templated":true}]}}