{"id":5378,"date":"2012-11-16T09:18:24","date_gmt":"2012-11-16T09:18:24","guid":{"rendered":"http:\/\/www.hund-hersbruck.de\/web_neu\/?page_id=5378"},"modified":"2024-06-07T12:50:31","modified_gmt":"2024-06-07T12:50:31","slug":"elektrizitat_seite_2","status":"publish","type":"page","link":"http:\/\/www.hund-hersbruck.de\/web_neu\/elektrizitat_seite_2\/","title":{"rendered":"Elektrizit\u00e4t_Seite_2"},"content":{"rendered":"<p style=\"text-align: center;\"><span style=\"color: #993300; font-size: 18px;\"><strong>Elektrizit\u00e4t<\/strong><\/span><\/p>\n<p style=\"text-align: center;\"><span style=\"color: #0000ff; font-family: arial,helvetica,sans-serif; font-size: 14pt;\"><strong>Physikalisches &#8222;Spielzeug&#8220;, das mehr oder weniger offensichtlich mit &#8222;Elektrizit\u00e4t&#8220; zu tun hat &#8230;<\/strong><\/span><\/p>\n<p><span style=\"font-family: arial,helvetica,sans-serif; font-size: 10pt;\">Leuchtkreisel &#8211;\u00a0 Gyroskopkreisel &#8211; <\/span><\/p>\n<p style=\"text-align: center;\"><span style=\"font-family: arial,helvetica,sans-serif;\"><strong><span style=\"font-size: 16px;\">-Seite 2-<\/span><\/strong><\/span><\/p>\n<p style=\"text-align: center;\"><span style=\"font-family: arial,helvetica,sans-serif; font-size: 12pt;\"><strong>Sie m\u00f6chten\u00a0<span style=\"color: #0000ff; text-decoration: underline;\">bestellen<\/span>?\u00a0 <\/strong><strong>Tel. 09151\/4716\u00a0\u00a0\u00a0oder\u00a0\u00a0<\/strong><\/span><span style=\"font-family: arial,helvetica,sans-serif; font-size: 12pt;\"><strong><a href=\"mailto:gabys-zauberland@t-online.de\">gabys-zauberland@t-online.de<\/a>\u00a0 oder \u00fcber das <span style=\"text-decoration: underline;\">Kontaktformular<\/span> oben<\/strong><\/span><\/p>\n<p style=\"text-align: center;\"><span style=\"font-family: arial,helvetica,sans-serif; font-size: 10pt;\">Preis\u00e4nderungen\u00a0vorbehalten.\u00a0 <span style=\"text-decoration: underline;\"><strong>Mindestbestellsumme<\/strong> <\/span>15.- \u20ac + Porto\u00a0\u00a0\u00a0 <span style=\"text-decoration: underline;\"><strong>Ladengesch\u00e4ft<\/strong><\/span>: Amberger Str. 8\u00a0 in 91217 Hersbruck (30 km \u00f6stlich von N\u00fcrnberg); \u00d6ffnungszeiten Mo &#8211; Fr. 15.00 &#8211; 18.00 Uhr, Sa 10.00 &#8211; 13.00 Uhr<\/span><\/p>\n<table border=\"0\" align=\"center\">\n<tbody>\n<tr>\n<td><span style=\"font-size: 18px;\">Seiten<\/span><\/td>\n<td><span style=\"font-size: 18px;\"><a title=\"Elektrizit\u00e4t\" href=\"http:\/\/www.hund-hersbruck.de\/web_neu\/?page_id=119\">1<\/a><\/span><\/td>\n<td><span style=\"font-size: 18px;\"><a title=\"Elektrizit\u00e4t_Seite_2\" href=\"http:\/\/www.hund-hersbruck.de\/web_neu\/?page_id=5378\">2<\/a><\/span><\/td>\n<td><span style=\"font-size: 18px;\"><a title=\"Elektrizit\u00e4t_Seite_3\" href=\"http:\/\/www.hund-hersbruck.de\/web_neu\/?page_id=5380\">3<\/a><\/span><\/td>\n<\/tr>\n<\/tbody>\n<\/table>\n<p>&nbsp;<\/p>\n<p class=\"empty-paragraph\" style=\"text-align: justify;\"><span style=\"font-family: arial,helvetica,sans-serif; font-size: 12pt;\"><strong><span style=\"color: #993300;\"><span style=\"text-decoration: underline;\">LED<\/span> &#8211; Kreisel mit Gyroskopfunktion\u00a0\u00a0\u00a0<\/span> 10,00 \u20ac<\/strong><\/span><br \/>\n<span style=\"font-family: arial,helvetica,sans-serif; font-size: 10pt;\"><img loading=\"lazy\" decoding=\"async\" class=\"alignleft size-full wp-image-12995\" src=\"http:\/\/www.hund-hersbruck.de\/web_neu\/wp-content\/uploads\/Gyroskopkreisel-LED-ootb.png\" alt=\"\" width=\"213\" height=\"160\" srcset=\"http:\/\/www.hund-hersbruck.de\/web_neu\/wp-content\/uploads\/Gyroskopkreisel-LED-ootb.png 213w, http:\/\/www.hund-hersbruck.de\/web_neu\/wp-content\/uploads\/Gyroskopkreisel-LED-ootb-150x113.png 150w\" sizes=\"auto, (max-width: 213px) 100vw, 213px\" \/>\u00a0\u00a0 Nur damit sie mal sehen, dass es wirklich schwer ist, inmitten des riesigen Spielwarenangebots die &#8222;physikalischen Perlen&#8220; zu finden, hier die kurze Originalbeschreibung aus einem dicken dicken Katalog des Anbieters: &#8222;Selbstdrehender Kunststoff-Kreisel, Magic, mit Gyroskop-Funktion &amp; 3 farbwechselnden LED (inkl. Batterien) ca. 8,5 cm, 4-farbig sortiert, in Blisterpackung zum Aufh\u00e4ngen&#8220;. DAS war es, zusammen mit einem Minibildchen! Und was haben wir bekommen: Einen sagenhaften KNALLER, der uns aus dem Stand heraus begeisterte und mehr als eine Stunde (!) lang immer wieder ausriefen lie\u00df: &#8222;Der dreht sich immer noch!&#8220; Und zwar mit einem richtigen<span style=\"text-decoration: underline;\"><strong> LED-Feuerwerk an unterschiedlichen Leuchtprogrammen<\/strong><\/span>! Warum und wie das funktioniert, wissen wir momentan noch nicht. Dazu m\u00fcssten wir einen aufmachen &#8211; und wir haben bis jetzt nur gaaaannnz wenige Exemplare. Nat\u00fcrlich versuchen wir, mehr zu bekommen \u2026\u00a0 Ein lange laufendes Gyroskop, das wie ein Kreisel angeworfen wird. Nach einer Stunde Drehen haben wir aufgegeben und gestoppt \u2026 \ud83d\ude09\u00a0\u00a0 Nicht f\u00fcr Kinder unter drei Jahren geeignet. Die beiden Knopfzellen kann man wechseln.<\/span><\/p>\n<p class=\"empty-paragraph\">\u00a0<span style=\"font-size: 1px; color: transparent;\">.<\/span><\/p>\n<p class=\"empty-paragraph\">\u00a0<span style=\"font-size: 1px; color: transparent;\">.<\/span><\/p>\n<p style=\"text-align: center;\"><span style=\"color: #ff0000; font-size: 16px;\">\u00a0Sie waren eben auf unserer Unterseite &#8222;Elektrizit\u00e4t 2&#8220;. Es kommt also &#8230;<\/span><\/p>\n<p>&nbsp;<\/p>\n<table border=\"0\" align=\"center\">\n<tbody>\n<tr>\n<td><span style=\"font-size: 18px;\">Seiten<\/span><\/td>\n<td><span style=\"font-size: 18px;\"><a title=\"Elektrizit\u00e4t\" href=\"http:\/\/www.hund-hersbruck.de\/web_neu\/?page_id=119\">1<\/a><\/span><\/td>\n<td><span style=\"font-size: 18px;\"><a title=\"Elektrizit\u00e4t_Seite_2\" href=\"http:\/\/www.hund-hersbruck.de\/web_neu\/?page_id=5378\">2<\/a><\/span><\/td>\n<td><span style=\"font-size: 18px;\"><a title=\"Elektrizit\u00e4t_Seite_3\" href=\"http:\/\/www.hund-hersbruck.de\/web_neu\/?page_id=5380\">3<\/a><\/span><\/td>\n<\/tr>\n<\/tbody>\n<\/table>\n","protected":false},"excerpt":{"rendered":"<p>Elektrizit\u00e4t Physikalisches &#8222;Spielzeug&#8220;, das mehr oder weniger offensichtlich mit &#8222;Elektrizit\u00e4t&#8220; zu tun hat &#8230; Leuchtkreisel &#8211;\u00a0 Gyroskopkreisel &#8211; -Seite 2- Sie m\u00f6chten\u00a0bestellen?\u00a0 Tel. 09151\/4716\u00a0\u00a0\u00a0oder\u00a0\u00a0gabys-zauberland@t-online.de\u00a0 oder \u00fcber das Kontaktformular oben Preis\u00e4nderungen\u00a0vorbehalten.\u00a0 Mindestbestellsumme 15.- \u20ac + Porto\u00a0\u00a0\u00a0 Ladengesch\u00e4ft: Amberger Str. 8\u00a0 in 91217 Hersbruck (30 km \u00f6stlich von N\u00fcrnberg); \u00d6ffnungszeiten Mo &#8211; Fr. 15.00 &#8211; 18.00 Uhr, [&hellip;]<\/p>\n","protected":false},"author":1,"featured_media":0,"parent":0,"menu_order":0,"comment_status":"closed","ping_status":"closed","template":"","meta":{"footnotes":""},"class_list":["post-5378","page","type-page","status-publish","hentry"],"_links":{"self":[{"href":"http:\/\/www.hund-hersbruck.de\/web_neu\/wp-json\/wp\/v2\/pages\/5378","targetHints":{"allow":["GET"]}}],"collection":[{"href":"http:\/\/www.hund-hersbruck.de\/web_neu\/wp-json\/wp\/v2\/pages"}],"about":[{"href":"http:\/\/www.hund-hersbruck.de\/web_neu\/wp-json\/wp\/v2\/types\/page"}],"author":[{"embeddable":true,"href":"http:\/\/www.hund-hersbruck.de\/web_neu\/wp-json\/wp\/v2\/users\/1"}],"replies":[{"embeddable":true,"href":"http:\/\/www.hund-hersbruck.de\/web_neu\/wp-json\/wp\/v2\/comments?post=5378"}],"version-history":[{"count":46,"href":"http:\/\/www.hund-hersbruck.de\/web_neu\/wp-json\/wp\/v2\/pages\/5378\/revisions"}],"predecessor-version":[{"id":17080,"href":"http:\/\/www.hund-hersbruck.de\/web_neu\/wp-json\/wp\/v2\/pages\/5378\/revisions\/17080"}],"wp:attachment":[{"href":"http:\/\/www.hund-hersbruck.de\/web_neu\/wp-json\/wp\/v2\/media?parent=5378"}],"curies":[{"name":"wp","href":"https:\/\/api.w.org\/{rel}","templated":true}]}}