{"id":4283,"date":"2012-04-03T13:04:28","date_gmt":"2012-04-03T13:04:28","guid":{"rendered":"http:\/\/www.hund-hersbruck.de\/web_neu\/?page_id=4283"},"modified":"2026-01-23T10:02:18","modified_gmt":"2026-01-23T10:02:18","slug":"geschenkartikel_seite-3","status":"publish","type":"page","link":"http:\/\/www.hund-hersbruck.de\/web_neu\/geschenkartikel\/geschenkartikel_seite-3\/","title":{"rendered":"Geschenkartikel_Seite 3"},"content":{"rendered":"<p>&nbsp;<\/p>\n<p style=\"text-align: center;\"><span style=\"color: #0000ff; font-family: arial,helvetica,sans-serif; font-size: 14pt;\"><strong>Au\u00dfergew\u00f6hnliche Geschenkartikel, die Sie ganz bestimmt nicht \u00fcberall finden! Manchmal in ganz Deutschland nicht, einige sogar in ganz Europa nicht &#8230;!<\/strong><\/span><\/p>\n<p style=\"text-align: center;\"><span style=\"font-size: 14px;\">&#8211; Seite 3 &#8211;<\/span><\/p>\n<p class=\"empty-paragraph\" style=\"text-align: center;\"><span style=\"font-family: arial,helvetica,sans-serif; font-size: 12pt;\"><strong>Sie m\u00f6chten n\u00e4here Informationen?\u00a0\u00a0 <span style=\"font-family: arial,helvetica,sans-serif; font-size: 12pt;\"><strong>Tel. 09151\/4716\u00a0\u00a0oder\u00a0 \u00a0<\/strong><strong><a href=\"mailto:gabys-zauberland@t-online.de\">gabys-zauberland@t-online.de<\/a>\u00a0\u00a0 <\/strong><\/span><\/strong><span style=\"font-family: arial,helvetica,sans-serif; font-size: 12pt;\"><span style=\"font-family: arial,helvetica,sans-serif; font-size: 12pt;\">oder \u00fcber das <span style=\"text-decoration: underline;\"><strong>Kontaktformular<\/strong> <\/span>oben <\/span><\/span><\/span><\/p>\n<p style=\"text-align: center;\"><span style=\"font-family: arial,helvetica,sans-serif; font-size: 10pt;\">Preis\u00e4nderungen \u2013 leider! \u2013 vorbehalten. Auch wir sind abh\u00e4ngig von unseren Lieferanten. <strong><span style=\"text-decoration: underline;\">Mindestbestellsumme<\/span> <\/strong>15.- \u20ac + Porto\u00a0 \u00a0 \u00a0<\/span><span style=\"font-family: arial,helvetica,sans-serif;\"><span style=\"text-decoration: underline;\"><strong>Ladengesch\u00e4ft<\/strong><\/span>: Amberger Str. 8\u00a0 in 91217 Hersbruck (30 km \u00f6stlich von N\u00fcrnberg); \u00d6ffnungszeiten Mo &#8211; Fr. 15.00 &#8211; 18.00 Uhr, Sa 10.00 &#8211; 13.00 Uhr (oder nach Vereinbarung!)<\/span><\/p>\n<table border=\"0\" align=\"center\">\n<tbody>\n<tr>\n<td><span style=\"font-size: 18px;\">Seiten<\/span><\/td>\n<td><span style=\"font-size: 18px;\"><a title=\"Geschenkartikel\" href=\"http:\/\/www.hund-hersbruck.de\/web_neu\/?page_id=202\">1<\/a><\/span><\/td>\n<td><span style=\"font-size: 18px;\"><a title=\"Geschenkartikel_Seite 2\" href=\"http:\/\/www.hund-hersbruck.de\/web_neu\/?page_id=4278\">2<\/a><\/span><\/td>\n<td><span style=\"font-size: 18px;\"><a title=\"Geschenkartikel_Seite 3\" href=\"http:\/\/www.hund-hersbruck.de\/web_neu\/?page_id=4283\">3<\/a><\/span><\/td>\n<td><span style=\"font-size: 18px;\"><a title=\"Geschenkartikel_Seite 4\" href=\"http:\/\/www.hund-hersbruck.de\/web_neu\/geschenkartikel_seite-4\/\">4<\/a><\/span><\/td>\n<td><span style=\"font-size: 18px;\"><a title=\"Geschenkartikel_Seite 5\" href=\"http:\/\/www.hund-hersbruck.de\/web_neu\/geschenkartikel_seite-5\/\">5<\/a><\/span><\/td>\n<\/tr>\n<\/tbody>\n<\/table>\n<p><strong><span style=\"font-family: arial, helvetica, sans-serif; font-size: 12pt;\"><span style=\"color: #993300;\">&#8222;Zauberw\u00fcrfel&#8220;\u00a0 \u00a05 x 5\u00a0 \u00a0<\/span> \u00a027,00 \u20ac<\/span><\/strong><br \/>\n<span style=\"font-family: arial, helvetica, sans-serif; font-size: 10pt;\"><img loading=\"lazy\" decoding=\"async\" class=\" wp-image-16685 alignleft\" src=\"http:\/\/www.hund-hersbruck.de\/web_neu\/wp-content\/uploads\/Zauberwuerfel-5x5-1.jpg\" alt=\"\" width=\"154\" height=\"154\" srcset=\"http:\/\/www.hund-hersbruck.de\/web_neu\/wp-content\/uploads\/Zauberwuerfel-5x5-1.jpg 200w, http:\/\/www.hund-hersbruck.de\/web_neu\/wp-content\/uploads\/Zauberwuerfel-5x5-1-150x150.jpg 150w\" sizes=\"auto, (max-width: 154px) 100vw, 154px\" \/>\u00a0 \u00a0Jetzt aber! In unserem Gesch\u00e4ft schaukeln sie sich gegenseitig hoch! Jugendliche aus dem benachbarten Gymnasium haben wirklich unglaubliches Geschick im L\u00f6sen der Rubik&#8217;sW\u00fcrfel &#8230;\u00a0 und verlangten nach &#8230; : (Katalogtext) &#8222;Intelligentes, extra-kniffliges Geschicklichkeits-Geduld-Konz<em>entrations-Spiel mit Spa\u00dfgarantie f\u00fcr schlaue T\u00fcftler ab 7 Jahren. Der W\u00fcrfel ist in H\u00f6he, Breite und Tiefe in f\u00fcnf Ebenen unterteilt. Diese lassen sich drehen. Dadurch k\u00f6nnen Position und Lage der verschiedenen Steine fast beliebig ge\u00e4ndert werden. In der Grundstellung hat jede Seite des W\u00fcrfels eine einheitliche, aber von Seite zu Seite unterschiedliche Farbe. Ziel ist es, den W\u00fcrfel wieder in seine Grundstellung zu bringen, nachdem zuvor die Seiten in eine zuf\u00e4llige Stellung gedreht wurden.\u00a0 <\/em><\/span><span style=\"font-family: arial, helvetica, sans-serif; font-size: 10pt;\"><em>Achtung! Nicht geeignet f\u00fcr Kinder unter 36 Monaten.&#8220;\u00a0 \u00a0\ud83d\ude42\u00a0 \ud83d\ude42<\/em><\/span><br \/>\n<span style=\"font-size: 10pt; color: transparent; font-family: arial, helvetica, sans-serif;\"> &#8222;.<\/span><\/p>\n<p class=\"empty-paragraph\">\u00a0<span style=\"font-size: 1px; color: transparent;\">.<\/span><\/p>\n<p><span style=\"font-size: 12pt;\"><strong><span style=\"font-family: arial,helvetica,sans-serif;\"><span style=\"color: #993300;\">Kartentricks\u00a0 MAGIC MIX Nr. 1<\/span> \u00a0\u00a0\u00a0\u00a0 14,00 \u20ac\u00a0 <span style=\"color: #ff0000;\">\u00a0Noch einmal &#8211; zum letzten Mal eine Lieferung!<\/span><\/span><\/strong><\/span><br \/>\n<span style=\"font-family: arial,helvetica,sans-serif; font-size: 10pt;\"> <span style=\"color: #000000; font-family: arial,helvetica,sans-serif;\"><strong><a href=\"http:\/\/www.hund-hersbruck.de\/web_neu\/wp-content\/uploads\/Kartentricks1NSV1.jpg\"><img loading=\"lazy\" decoding=\"async\" class=\"alignleft size-thumbnail wp-image-7057\" src=\"http:\/\/www.hund-hersbruck.de\/web_neu\/wp-content\/uploads\/Kartentricks1NSV1-150x146.jpg\" alt=\"Kartentricks1NSV\" width=\"150\" height=\"146\" srcset=\"http:\/\/www.hund-hersbruck.de\/web_neu\/wp-content\/uploads\/Kartentricks1NSV1-150x146.jpg 150w, http:\/\/www.hund-hersbruck.de\/web_neu\/wp-content\/uploads\/Kartentricks1NSV1-300x292.jpg 300w, http:\/\/www.hund-hersbruck.de\/web_neu\/wp-content\/uploads\/Kartentricks1NSV1.jpg 450w\" sizes=\"auto, (max-width: 150px) 100vw, 150px\" \/><\/a><\/strong><\/span>Wir haben dieses Kartentrickset des N\u00fcrnberger Spielkartenverlags doch wieder in unser Programm aufgenommen, weil es sowohl f\u00fcr Einsteiger, wie f\u00fcr Fortgeschrittene gut geeignet ist! Sowohl die Kartenspiele selbst, als auch die Anleitungen sind gelungen. &#8222;Kleiner Aufwand, gro\u00dfe Wirkung!&#8220; hei\u00dft es auf der Verpackung. Stimmt! Vor allem auch als Geschenk f\u00fcr zauberbegeisterte Kinder ab 10 Jahren, Jugendliche und Erwachsene ein Treffer! F\u00fcr Kinder unter drei Jahren nicht geeignet! (warum denn auch &#8230;)\u00a0 \u00a0 \u00a0 <span style=\"color: #ff0000;\">Gibt&#8217;s nur noch, solange unser Vorrat reicht!<\/span> \u00a0<\/span><\/p>\n<p class=\"empty-paragraph\"><span style=\"font-size: 10pt;\">\u00a0<span style=\"color: transparent;\">.<\/span><\/span><\/p>\n<p class=\"empty-paragraph\"><span style=\"font-size: 10pt;\">\u00a0<span style=\"color: transparent;\">.<\/span><\/span><\/p>\n<p style=\"text-align: justify;\"><span style=\"color: #0000ff; font-size: 10pt;\"><em><strong><span style=\"text-decoration: underline;\">DAS<\/span> <\/strong>kennen viele unserer Kundinnen noch von &#8222;fr\u00fcher&#8220;: Ganz analog, nix digital, keine Batterien, kein WLAN &#8230; n\u00f6tig &#8211; aber stundenlanger Spielspa\u00df (fast) garantiert:<\/em><\/span><br \/>\n<strong><span style=\"font-family: arial, helvetica, sans-serif; font-size: 12pt;\"><span style=\"color: #993300;\">Anziehpuppe aus Papier\u00a0<\/span> \u00a0 5,50 \u20ac<\/span><\/strong><br \/>\n<span style=\"font-family: arial, helvetica, sans-serif; font-size: 10pt;\"><img loading=\"lazy\" decoding=\"async\" class=\"size-medium wp-image-16065 alignleft\" src=\"http:\/\/www.hund-hersbruck.de\/web_neu\/wp-content\/uploads\/AnziehpuppeGok1-300x300.jpg\" alt=\"\" width=\"300\" height=\"300\" srcset=\"http:\/\/www.hund-hersbruck.de\/web_neu\/wp-content\/uploads\/AnziehpuppeGok1-300x300.jpg 300w, http:\/\/www.hund-hersbruck.de\/web_neu\/wp-content\/uploads\/AnziehpuppeGok1-150x150.jpg 150w, http:\/\/www.hund-hersbruck.de\/web_neu\/wp-content\/uploads\/AnziehpuppeGok1.jpg 500w\" sizes=\"auto, (max-width: 300px) 100vw, 300px\" \/><img loading=\"lazy\" decoding=\"async\" class=\"size-thumbnail wp-image-16066 alignleft\" src=\"http:\/\/www.hund-hersbruck.de\/web_neu\/wp-content\/uploads\/AnziehpuppeGok2-150x150.jpg\" alt=\"\" width=\"150\" height=\"150\" srcset=\"http:\/\/www.hund-hersbruck.de\/web_neu\/wp-content\/uploads\/AnziehpuppeGok2-150x150.jpg 150w, http:\/\/www.hund-hersbruck.de\/web_neu\/wp-content\/uploads\/AnziehpuppeGok2-300x300.jpg 300w, http:\/\/www.hund-hersbruck.de\/web_neu\/wp-content\/uploads\/AnziehpuppeGok2.jpg 500w\" sizes=\"auto, (max-width: 150px) 100vw, 150px\" \/>\u00a0 \u00a0\u00dcber 30 M\u00f6glichkeiten, die junge Modedesignerinnen immer wieder neu zusammenstellen k\u00f6nnen. &#8222;Viele Outfits f\u00fcr alle Gelegenheiten &#8211; mit diesem Spielzeugklassiker aus Papier stimmt die Garderobe immer! Die Figuren und Kleidungsst\u00fccke lassen sich ganz einfach herausdr\u00fccken.&#8220;\u00a0 \u00a0Nicht f\u00fcr Kinder unter drei Jahren geeignet.<\/span><\/p>\n<p>&nbsp;<\/p>\n<p class=\"empty-paragraph\">\u00a0<span style=\"font-size: 1px; color: transparent;\">.<\/span><\/p>\n<p class=\"empty-paragraph\">\u00a0<span style=\"font-size: 1px; color: transparent;\">.<\/span><\/p>\n<p class=\"empty-paragraph\">\u00a0<span style=\"font-size: 1px; color: transparent;\">.<\/span><\/p>\n<p class=\"empty-paragraph\">\u00a0<span style=\"font-size: 1px; color: transparent;\">.<\/span><\/p>\n<p class=\"empty-paragraph\">\u00a0<span style=\"font-size: 1px; color: transparent;\">.<\/span><\/p>\n<p style=\"text-align: justify;\"><span style=\"font-size: 14px;\"><span style=\"font-family: Arial;\"><span style=\"font-size: 12pt;\"><strong><span style=\"color: #800000;\">HOODOO LOOP<\/span>\u00a0\u00a0\u00a0\u00a0\u00a0\u00a0\u00a0 <\/strong><\/span><strong><span style=\"font-size: 18px;\"><span style=\"font-size: 12pt;\">20,00 \u20ac<\/span> \u00a0\u00a0 \u00a0SONDERPREIS!<\/span><\/strong><\/span><\/span><\/p>\n<p style=\"text-align: justify;\"><a href=\"http:\/\/www.hund-hersbruck.de\/web_neu\/denkspiele\/hoodoo-loop\/\" rel=\"attachment wp-att-4571\"><img loading=\"lazy\" decoding=\"async\" class=\"alignleft size-full wp-image-4571\" title=\"Hoodoo Loop\" src=\"http:\/\/www.hund-hersbruck.de\/web_neu\/wp-content\/uploads\/Hoodoo-Loop.jpg\" alt=\"\" width=\"150\" height=\"200\" srcset=\"http:\/\/www.hund-hersbruck.de\/web_neu\/wp-content\/uploads\/Hoodoo-Loop.jpg 150w, http:\/\/www.hund-hersbruck.de\/web_neu\/wp-content\/uploads\/Hoodoo-Loop-112x150.jpg 112w\" sizes=\"auto, (max-width: 150px) 100vw, 150px\" \/><\/a><span style=\"font-family: arial,helvetica,sans-serif; font-size: 10pt;\">Aus den 14 Teilen muss ein ununterbrochener Weg rund um eine Wildwest &#8211; Landschaft mit Kakteen und die \u201eHoodoo\u201c \u2013 Felsen gebaut werden. Dabei sind keine Sackgassen erlaubt. <em>(<strong>\u201eHoodoo\u201c \u2013 Felsen<\/strong> sind fantastisch geformte Steine, die man \u00fcberall auf der Welt in trockenen Gebieten, in W\u00fcsten findet. Wind und Wasser haben die verschieden harten Gesteinsschichten abgetragen, so dass erstaunliche Gebilde entstanden. Manche \u00e4hneln von weitem Burgen, riesigen Personen, Kircht\u00fcrmen und sogar Dinosauriern. Oft ist oben ein Kappe aus hartem Gestein erhalten geblieben.)<\/em><em> Es gibt mehrere L\u00f6sungen, so dass man wieder von vorne beginnen kann, wenn man wieder bei Kr\u00e4ften ist von der W\u00fcstentour &#8230;<\/em><\/span><em><span style=\"font-family: arial,helvetica,sans-serif; font-size: 10pt;\"> Ein anspruchsvolles Denkpuzzle. Wenn Sie stecken bleiben, hilft Ihnen das bebilderte Handbuch weiter. Inhalt: 1 HooDoo Loop Spielrahmen, 14 Puzzle-Teile, Anleitung mit L\u00f6sungen\u00a0\u00a0<\/span><span style=\"color: #ff0000;\"><strong><span style=\"font-family: Arial; font-size: medium;\"><span style=\"font-family: arial,helvetica,sans-serif; font-size: 10pt;\">Das Spiel gibt es nicht mehr vom Hersteller. Wir haben noch wenige Exemplare!\u00a0 Und im Gesch\u00e4ft ist es immer umlagert, wenn wir es aufgebaut haben \u2026 Aaaalllssooo .<\/span>.. <span style=\"font-size: 10pt;\"><span style=\"text-decoration: underline;\">Unser Tipp:<\/span> Wenn Sie Besuch bekommen, stellen Sie das Spiel einfach irgendwo hin! Dann wird es nicht lange dauern &#8230; \ud83d\ude09 \ud83d\ude09 <\/span>\u00a0<\/span><\/strong><\/span> \u00a0<span style=\"font-size: 10px;\"><span style=\"color: #008080; font-family: Arial;\">ACHTUNG: Nicht geeignet f\u00fcr Kinder unter 3 Jahren wegen Erstickungsgefahr durch Kleinteile!<\/span> <\/span><\/em><\/p>\n<p class=\"empty-paragraph\">\u00a0<span style=\"font-size: 1px; color: transparent;\">.<\/span><\/p>\n<p class=\"empty-paragraph\"><span style=\"font-size: 1px; color: transparent;\">.<\/span><\/p>\n<p><strong><span style=\"font-family: arial, helvetica, sans-serif; font-size: 12pt;\"><span style=\"color: #993300;\">Optisches Illusions-Puzzle<\/span>\u00a0 \u00a0 \u00a08,00 \u20ac<\/span><\/strong><br \/>\n<span style=\"font-family: arial, helvetica, sans-serif; font-size: 10pt;\"><img loading=\"lazy\" decoding=\"async\" class=\"alignnone size-medium wp-image-15661\" src=\"http:\/\/www.hund-hersbruck.de\/web_neu\/wp-content\/uploads\/optIllusionPuzzle1-279x300.jpg\" alt=\"\" width=\"279\" height=\"300\" srcset=\"http:\/\/www.hund-hersbruck.de\/web_neu\/wp-content\/uploads\/optIllusionPuzzle1-279x300.jpg 279w, http:\/\/www.hund-hersbruck.de\/web_neu\/wp-content\/uploads\/optIllusionPuzzle1-954x1024.jpg 954w, http:\/\/www.hund-hersbruck.de\/web_neu\/wp-content\/uploads\/optIllusionPuzzle1-140x150.jpg 140w, http:\/\/www.hund-hersbruck.de\/web_neu\/wp-content\/uploads\/optIllusionPuzzle1-768x825.jpg 768w, http:\/\/www.hund-hersbruck.de\/web_neu\/wp-content\/uploads\/optIllusionPuzzle1-1430x1536.jpg 1430w, http:\/\/www.hund-hersbruck.de\/web_neu\/wp-content\/uploads\/optIllusionPuzzle1-1907x2048.jpg 1907w\" sizes=\"auto, (max-width: 279px) 100vw, 279px\" \/><img loading=\"lazy\" decoding=\"async\" class=\"alignnone size-medium wp-image-15662\" src=\"http:\/\/www.hund-hersbruck.de\/web_neu\/wp-content\/uploads\/optIllusionspuzzle2-300x169.jpg\" alt=\"\" width=\"300\" height=\"169\" srcset=\"http:\/\/www.hund-hersbruck.de\/web_neu\/wp-content\/uploads\/optIllusionspuzzle2-300x169.jpg 300w, http:\/\/www.hund-hersbruck.de\/web_neu\/wp-content\/uploads\/optIllusionspuzzle2-1024x575.jpg 1024w, http:\/\/www.hund-hersbruck.de\/web_neu\/wp-content\/uploads\/optIllusionspuzzle2-150x84.jpg 150w, http:\/\/www.hund-hersbruck.de\/web_neu\/wp-content\/uploads\/optIllusionspuzzle2-768x431.jpg 768w, http:\/\/www.hund-hersbruck.de\/web_neu\/wp-content\/uploads\/optIllusionspuzzle2-1536x863.jpg 1536w, http:\/\/www.hund-hersbruck.de\/web_neu\/wp-content\/uploads\/optIllusionspuzzle2-2048x1150.jpg 2048w\" sizes=\"auto, (max-width: 300px) 100vw, 300px\" \/>\u00a0 \u00a0Ein kniffliges, t\u00fcfteliges optisches Illusionspuzzle f\u00fcr ausdauernde, fortgeschrittene Puzzlefans mit Frustrationstoleranz! 156 relativ kleine (ca. 3 cm x 2 cm), abstrakte Teile, die insgesamt ein &#8230; schwarz-wei\u00dfes Bild ergeben. Wegen verschluckbarer Kleinteile nicht f\u00fcr Kinder unter drei Jahren geeignet! (auch f\u00fcr viele \u00e4ltere nicht \ud83d\ude09\u00a0 \u00a0)\u00a0 \u00a0 <del>Drei Modelle<\/del>, Nur noch eines: Die Wellen &#8230; In schmucker, dreieckiger Blechdose (14 cm hoch, 7 cm Schenkel). Also auch ein Geschenk f\u00fcr entsprechend geeignete Leute &#8230; \ud83d\ude09\u00a0 Nat\u00fcrlich auf keinen Fall f\u00fcr Kinder unter drei Jahren, weil &#8230;!<\/span><\/p>\n<p class=\"empty-paragraph\">\u00a0<span style=\"font-size: 1px; color: transparent;\">.<\/span><\/p>\n<table border=\"0\" align=\"center\">\n<tbody>\n<tr>\n<td><span style=\"font-size: 18px;\">Seiten<\/span><\/td>\n<td><span style=\"font-size: 18px;\"><a title=\"Geschenkartikel\" href=\"http:\/\/www.hund-hersbruck.de\/web_neu\/?page_id=202\">1<\/a><\/span><\/td>\n<td><span style=\"font-size: 18px;\"><a title=\"Geschenkartikel_Seite 2\" href=\"http:\/\/www.hund-hersbruck.de\/web_neu\/?page_id=4278\">2<\/a><\/span><\/td>\n<td><span style=\"font-size: 18px;\"><a title=\"Geschenkartikel_Seite 3\" href=\"http:\/\/www.hund-hersbruck.de\/web_neu\/?page_id=4283\">3<\/a><\/span><\/td>\n<td><span style=\"font-size: 18px;\"><a title=\"Geschenkartikel_Seite 4\" href=\"http:\/\/www.hund-hersbruck.de\/web_neu\/geschenkartikel_seite-4\/\">4<\/a><\/span><\/td>\n<td><span style=\"font-size: 18px;\"><a title=\"Geschenkartikel_Seite 5\" href=\"http:\/\/www.hund-hersbruck.de\/web_neu\/geschenkartikel_seite-5\/\">5<\/a><\/span><\/td>\n<\/tr>\n<\/tbody>\n<\/table>\n","protected":false},"excerpt":{"rendered":"<p>&nbsp; Au\u00dfergew\u00f6hnliche Geschenkartikel, die Sie ganz bestimmt nicht \u00fcberall finden! Manchmal in ganz Deutschland nicht, einige sogar in ganz Europa nicht &#8230;! &#8211; Seite 3 &#8211; Sie m\u00f6chten n\u00e4here Informationen?\u00a0\u00a0 Tel. 09151\/4716\u00a0\u00a0oder\u00a0 \u00a0gabys-zauberland@t-online.de\u00a0\u00a0 oder \u00fcber das Kontaktformular oben Preis\u00e4nderungen \u2013 leider! \u2013 vorbehalten. Auch wir sind abh\u00e4ngig von unseren Lieferanten. Mindestbestellsumme 15.- \u20ac + Porto\u00a0 [&hellip;]<\/p>\n","protected":false},"author":2,"featured_media":0,"parent":202,"menu_order":0,"comment_status":"closed","ping_status":"closed","template":"","meta":{"footnotes":""},"class_list":["post-4283","page","type-page","status-publish","hentry"],"_links":{"self":[{"href":"http:\/\/www.hund-hersbruck.de\/web_neu\/wp-json\/wp\/v2\/pages\/4283","targetHints":{"allow":["GET"]}}],"collection":[{"href":"http:\/\/www.hund-hersbruck.de\/web_neu\/wp-json\/wp\/v2\/pages"}],"about":[{"href":"http:\/\/www.hund-hersbruck.de\/web_neu\/wp-json\/wp\/v2\/types\/page"}],"author":[{"embeddable":true,"href":"http:\/\/www.hund-hersbruck.de\/web_neu\/wp-json\/wp\/v2\/users\/2"}],"replies":[{"embeddable":true,"href":"http:\/\/www.hund-hersbruck.de\/web_neu\/wp-json\/wp\/v2\/comments?post=4283"}],"version-history":[{"count":40,"href":"http:\/\/www.hund-hersbruck.de\/web_neu\/wp-json\/wp\/v2\/pages\/4283\/revisions"}],"predecessor-version":[{"id":17804,"href":"http:\/\/www.hund-hersbruck.de\/web_neu\/wp-json\/wp\/v2\/pages\/4283\/revisions\/17804"}],"up":[{"embeddable":true,"href":"http:\/\/www.hund-hersbruck.de\/web_neu\/wp-json\/wp\/v2\/pages\/202"}],"wp:attachment":[{"href":"http:\/\/www.hund-hersbruck.de\/web_neu\/wp-json\/wp\/v2\/media?parent=4283"}],"curies":[{"name":"wp","href":"https:\/\/api.w.org\/{rel}","templated":true}]}}