{"id":4176,"date":"2012-04-03T10:16:00","date_gmt":"2012-04-03T10:16:00","guid":{"rendered":"http:\/\/www.hund-hersbruck.de\/web_neu\/?page_id=4176"},"modified":"2026-04-14T08:48:38","modified_gmt":"2026-04-14T08:48:38","slug":"seite-6","status":"publish","type":"page","link":"http:\/\/www.hund-hersbruck.de\/web_neu\/denkspiele\/seite-6\/","title":{"rendered":"Denkspiele_Seite 6"},"content":{"rendered":"<p style=\"text-align: center;\"><span style=\"color: #0000ff; font-family: arial,helvetica,sans-serif; font-size: 20px;\"><strong><span style=\"font-size: 18pt;\">Denkspiele &#8211; Strategiespiele &#8211; T\u00fcftelspiele<\/span> <\/strong><\/span><\/p>\n<p style=\"text-align: center;\"><span style=\"font-family: arial,helvetica,sans-serif; font-size: 10pt;\">Fauna Logic &#8211; Ivanhoe &#8211; Logicus Puzzler &#8211; Eierlauf\u00a0<\/span><\/p>\n<p style=\"text-align: center;\"><strong><span style=\"font-size: 16px;\">&#8211; Seite 6 &#8211;<\/span><\/strong><\/p>\n<p style=\"text-align: center;\"><span style=\"font-family: arial,helvetica,sans-serif; font-size: 10pt;\">F\u00fcr alle Altersstufen! F\u00fcr Anf\u00e4nger und Fortgeschrittene! Allein oder &#8230; (= diese Spiele kann man fast nicht allein spielen, weil sofort jemand kommt, der auch mitmachen m\u00f6chte &#8230;)\u00a0 Fast alle Spiele k\u00f6nnen Sie bei uns im Gesch\u00e4ft vor dem Kauf ausprobieren!\u00a0\u00a0\u00a0\u00a0\u00a0\u00a0\u00a0 <\/span><span style=\"font-family: arial,helvetica,sans-serif; font-size: 10pt;\">Preis\u00e4nderungen leider vorbehalten! <span style=\"text-decoration: underline;\"><strong>Mindestbestellsumme<\/strong> <\/span>15.- Euro.\u00a0 Laden\u00f6ffnungszeiten: Mo &#8211; Fr. 15.00 &#8211; 18.00 Uhr, Sa 10.00 &#8211; 13.00 Uhr\u00a0 \u00a0 \u00a0 \u00a0 <span style=\"color: #000000;\">\u00a0<\/span><\/span><span style=\"font-family: arial,helvetica,sans-serif; font-size: 12pt;\"><strong>So k\u00f6nnen sie <span style=\"color: #0000ff; text-decoration: underline;\">bestellen<\/span>:\u00a0\u00a0\u00a0\u00a0\u00a0 <\/strong><strong>Tel. 09151\/4716\u00a0\u00a0\u00a0oder\u00a0\u00a0 <strong><a href=\"mailto:gabys-zauberland@t-online.de\">gabys-zauberland@t-online.de<\/a>\u00a0\u00a0<\/strong><\/strong><span style=\"font-size: 10pt;\"> oder \u00fcber das<\/span><strong><strong> Kontaktformular oben<\/strong><\/strong><\/span><\/p>\n<p class=\"empty-paragraph\">\u00a0<span style=\"color: transparent; font-size: 1px;\">.<span style=\"color: #000080; font-size: 10pt;\"><strong><span style=\"text-decoration: underline;\">UND, nur mal so nebenbei erw\u00e4hnt<\/span><\/strong>: DIESES Gesch\u00e4ft wird es nicht mehr geben (k\u00f6nnen), wenn die in der Person von Wolfgang Hund sich im Lauf der vielen Jahren zuf\u00e4llig vereinten Kenntnisse und Gesch\u00e4ftsverbindungen (nach USA, Indien &#8230;) nicht mehr vorhanden sind. Wir alle wissen, wie schnell sich Verh\u00e4ltnisse \u00e4ndern k\u00f6nnen. Momentan (Januar 2018) denken wir nur sehr selten an ein Aufh\u00f6ren, aber nat\u00fcrlich ist es mit 77 Jahren irgendwie schon am Horizont &#8230; Bedenken Sie dies bitte im Hinterkopf, wenn Sie unser Sortiment durchst\u00f6bern!<\/span><\/span><\/p>\n<table border=\"0\" align=\"center\">\n<tbody>\n<tr>\n<td><span style=\"font-size: 18px;\">Seiten<\/span><\/td>\n<td><span style=\"font-size: 18px;\"><a title=\"Denkspiele\" href=\"http:\/\/www.hund-hersbruck.de\/web_neu\/?page_id=106\">1<\/a><\/span><\/td>\n<td><span style=\"font-size: 18px;\"><a title=\"Seite 2\" href=\"http:\/\/www.hund-hersbruck.de\/web_neu\/?page_id=4167\">2<\/a><\/span><\/td>\n<td><span style=\"font-size: 18px;\"><a title=\"Seite 3\" href=\"http:\/\/www.hund-hersbruck.de\/web_neu\/?page_id=4170\">3<\/a><\/span><\/td>\n<td><span style=\"font-size: 18px;\"><a title=\"Seite 4\" href=\"http:\/\/www.hund-hersbruck.de\/web_neu\/?page_id=4172\">4<\/a><\/span><\/td>\n<td><span style=\"font-size: 18px;\"><a title=\"Seite 5\" href=\"http:\/\/www.hund-hersbruck.de\/web_neu\/?page_id=4691\">5<\/a><\/span><\/td>\n<td><span style=\"font-size: 18px;\"><a title=\"Seite 6\" href=\"http:\/\/www.hund-hersbruck.de\/web_neu\/?page_id=4176\">6<\/a><\/span><\/td>\n<td><span style=\"font-size: 18px;\"><a title=\"Seite 7\" href=\"http:\/\/www.hund-hersbruck.de\/web_neu\/?page_id=4178\">7<\/a><\/span><\/td>\n<td><span style=\"font-size: 18px;\"><a title=\"Denkspiele_Seite 8\" href=\"http:\/\/www.hund-hersbruck.de\/web_neu\/denkspiele\/denkspiele_seite-8\/\">8<\/a><\/span><\/td>\n<td><span style=\"font-size: 18px;\"><a title=\"Denkspiele_Seite 9\" href=\"http:\/\/www.hund-hersbruck.de\/web_neu\/denkspiele\/denkspiele_seite-9\/\">9<\/a><\/span><\/td>\n<\/tr>\n<\/tbody>\n<\/table>\n<p><span style=\"color: transparent; font-size: 1px;\">.<\/span>\u00a0<span style=\"color: transparent; font-size: 1px;\">.<\/span><span style=\"color: transparent; font-size: 1px;\">.<\/span>\u00a0<span style=\"color: transparent; font-size: 1px;\">.<\/span>\u00a0<span style=\"color: transparent; font-size: 1px;\">.<\/span><\/p>\n<p class=\"empty-paragraph\" style=\"text-align: justify;\"><span style=\"font-size: 12pt;\"><span style=\"color: #800000; font-family: Arial;\"><strong>FAUNA logic\u00a0<\/strong><\/span><span style=\"font-family: Arial;\"><strong> \u00a0\u00a0\u00a0\u00a0\u00a0\u00a0\u00a0\u00a0\u00a0\u00a0 20,00 \u20ac\u00a0\u00a0 \u00a0SONDERPREIS!<\/strong><\/span><span style=\"font-family: Arial;\"><br \/>\n<a href=\"http:\/\/www.hund-hersbruck.de\/web_neu\/denkspiele\/seite-6\/faunalogic\/\" rel=\"attachment wp-att-4614\"><img loading=\"lazy\" decoding=\"async\" class=\"alignleft size-medium wp-image-4614\" title=\"Faunalogic\" src=\"http:\/\/www.hund-hersbruck.de\/web_neu\/wp-content\/uploads\/Faunalogic-300x243.png\" alt=\"\" width=\"300\" height=\"243\" srcset=\"http:\/\/www.hund-hersbruck.de\/web_neu\/wp-content\/uploads\/Faunalogic-300x243.png 300w, http:\/\/www.hund-hersbruck.de\/web_neu\/wp-content\/uploads\/Faunalogic-150x121.png 150w, http:\/\/www.hund-hersbruck.de\/web_neu\/wp-content\/uploads\/Faunalogic.png 907w\" sizes=\"auto, (max-width: 300px) 100vw, 300px\" \/><\/a>Das Logikspiel f\u00fcr alle Tier- und Knobelfreunde. Ist eine der 40 Aufgaben auf die Spielbox platziert, kann der Logikspa\u00df starten: Die Spielsteine m\u00fcssen so auf die Aufgabenkarte gelegt werden, dass die 5 Informationen zu einem Tier sichtbar bleiben und miteinander verbunden sind. Nur wer die richtige Anordnung der teilweise transparenten Spielsteine durchschaut, kann die gesuchte L\u00f6sung finden.\u00a0 Logikspiel f\u00fcr einen Spieler; 40 Aufgaben f\u00f6rdern die Kombinationsgabe; Vermittlung von spannendem Tierwissen. 8 &#8211;\u00a0\u00a0108 Jahre\u00a0\u00a0 <span style=\"color: #ff0000; font-size: 10pt;\"><strong>Nur noch, solange unser Vorrat reicht! Dann nicht mehr!<\/strong>\u00a0 <\/span><span style=\"color: #008080; font-family: Arial;\"><span style=\"color: #ff0000; font-size: 10pt;\">ACHTUNG: Nicht geeignet f\u00fcr Kinder unter 3 Jahren wegen Erstickungsgefahr durch\u00a0 Kleinteile!\u00a0<\/span>\u00a0\u00a0 <\/span><\/span><\/span><\/p>\n<p class=\"empty-paragraph\">\u00a0<span style=\"color: transparent; font-size: 1px;\">.<\/span><\/p>\n<p class=\"empty-paragraph\">\u00a0<span style=\"color: transparent; font-size: 1px;\">.<\/span><\/p>\n<p class=\"empty-paragraph\">\u00a0<span style=\"color: transparent; font-size: 1px;\">.<\/span><\/p>\n<p class=\"empty-paragraph\">\u00a0<span style=\"color: transparent; font-size: 1px;\">.<\/span><\/p>\n<p class=\"empty-paragraph\">\u00a0<span style=\"color: transparent; font-size: 1px;\">.<\/span><span style=\"font-size: 14px;\"><span style=\"font-size: 12pt;\"><span style=\"color: #800000; font-family: Arial;\"><strong>IVANHOE<\/strong><\/span><span style=\"font-family: Arial;\">\u00a0\u00a0\u00a0\u00a0\u00a0\u00a0\u00a0\u00a0\u00a0\u00a0\u00a0\u00a0\u00a0<\/span><span style=\"font-family: Arial;\"><strong>22,00 \u20ac\u00a0\u00a0\u00a0 \u00a0SONDERPREIS!<\/strong><\/span><\/span><span style=\"font-family: Arial;\"><br \/>\n<a href=\"http:\/\/www.hund-hersbruck.de\/web_neu\/denkspiele\/seite-6\/ivanhoe\/\" rel=\"attachment wp-att-4617\"><img loading=\"lazy\" decoding=\"async\" class=\"alignleft size-medium wp-image-4617\" title=\"Ivanhoe\" src=\"http:\/\/www.hund-hersbruck.de\/web_neu\/wp-content\/uploads\/Ivanhoe-300x243.png\" alt=\"\" width=\"300\" height=\"243\" srcset=\"http:\/\/www.hund-hersbruck.de\/web_neu\/wp-content\/uploads\/Ivanhoe-300x243.png 300w, http:\/\/www.hund-hersbruck.de\/web_neu\/wp-content\/uploads\/Ivanhoe-150x121.png 150w, http:\/\/www.hund-hersbruck.de\/web_neu\/wp-content\/uploads\/Ivanhoe.png 907w\" sizes=\"auto, (max-width: 300px) 100vw, 300px\" \/><\/a>Der verliebte Ritter will\u00a0die Gunst der Prinzessin erringen. Doch hierzu muss er sich im\u00a0 Schwertkampf, Bogenschie\u00dfen und im Lanzenstechen beweisen. Gelingt die\u00a0Verbindung der f\u00fcnf Stationen des Ritterturniers, winkt dem erfolgreichen\u00a0Teilnehmer der Kuss der Prinzessin. Die 40 spannenden Aufgaben garantieren\u00a0einen fordernden Logikspa\u00df.\u00a0 Logikspiel f\u00fcr einen Spieler; mit\u00a0praktischer Transportbox; 40 Aufgaben f\u00f6rdern die Kombinationsgabe. 7 &#8211;\u00a0107 Jahre.\u00a0<span style=\"color: #008080; font-family: Arial; font-size: 10px;\"> ACHTUNG: Nicht\u00a0geeignet f\u00fcr Kinder unter 3 Jahren wegen Erstickungsgefahr durch\u00a0Kleinteile!<\/span><\/span> \u00a0\u00a0<span style=\"color: #ff0000;\"> Nur noch, solange unser Vorrat reicht!<\/span><\/span><\/p>\n<p class=\"empty-paragraph\"><span style=\"color: #ff0000;\">\u00a0<span style=\"font-size: 1px;\">.<\/span><\/span><\/p>\n<p class=\"empty-paragraph\">\u00a0<span style=\"color: transparent; font-size: 1px;\">.<\/span><\/p>\n<p class=\"empty-paragraph\">\u00a0<span style=\"color: transparent; font-size: 1px;\">.<\/span><\/p>\n<p class=\"empty-paragraph\">\u00a0<span style=\"font-size: 1px; color: transparent;\">.<\/span><\/p>\n<p class=\"empty-paragraph\">\u00a0<strong style=\"font-size: 18px; text-align: justify;\"><span style=\"color: #800000; font-family: Arial;\">EIERLAUF\u00a0 <\/span><\/strong><span style=\"font-family: Arial;\"><strong>(von der\u00a0Firma SmartGames)\u00a0\u00a0\u00a0\u00a0\u00a0\u00a0\u00a0 17,00 \u20ac<\/strong> \u00a0 <strong>\u00a0SONDERPREIS!<\/strong><\/span><\/p>\n<p style=\"text-align: justify;\"><span style=\"font-size: 14px;\"><span style=\"font-family: Arial;\"><a href=\"http:\/\/www.hund-hersbruck.de\/web_neu\/denkspiele\/seite-6\/eierlaufsmart\/\" rel=\"attachment wp-att-4626\"><img loading=\"lazy\" decoding=\"async\" class=\"alignleft size-medium wp-image-4626\" title=\"EierlaufSmart\" src=\"http:\/\/www.hund-hersbruck.de\/web_neu\/wp-content\/uploads\/EierlaufSmart-263x300.jpg\" alt=\"\" width=\"263\" height=\"300\" srcset=\"http:\/\/www.hund-hersbruck.de\/web_neu\/wp-content\/uploads\/EierlaufSmart-263x300.jpg 263w, http:\/\/www.hund-hersbruck.de\/web_neu\/wp-content\/uploads\/EierlaufSmart-131x150.jpg 131w, http:\/\/www.hund-hersbruck.de\/web_neu\/wp-content\/uploads\/EierlaufSmart.jpg 300w\" sizes=\"auto, (max-width: 263px) 100vw, 263px\" \/><\/a>Ein Schiebepuzzle mit einer neuen Idee und einer wunderbaren Aufmachung. Da\u00a0kann nichts herunterfallen, so dass man es auch gut auf der Reise spielen kann. Nicht leicht &#8230; &#8211; auch f\u00fcr Erwachsene nicht! Die Spielidee hat man\u00a0sofort verstanden, weil sie einfach klar ist: Auf jedem Ei muss ein\u00a0br\u00fctendes Huhn sitzen! Mit 48 Aufgaben, die in der Schwierigkeit steigen. Ab 6 Jahren empfohlen (auch wenn das unserer Ansicht nach schon etwas\u00a0niedrig ist und eine au\u00dfergew\u00f6hnliche Frustrationstoleranz von Seiten\u00a0des Kindes erfordern w\u00fcrde &#8230;). In kurzer Zeit ein <strong><span style=\"text-decoration: underline;\">Bestseller<\/span><\/strong> in unserem Gesch\u00e4ft, das viele sofort nach dem Ausprobieren kauften. <strong>Nur <span style=\"color: #ff0000;\">noch, solange unser Vorrat reicht! Dann nicht mehr!<\/span><\/strong><span style=\"color: #ff0000;\">\u00a0<\/span> <span style=\"color: #008080; font-family: Arial; font-size: 10px;\">ACHTUNG:\u00a0Nicht geeignet f\u00fcr Kinder unter 3 Jahren wegen Erstickungsgefahr durch\u00a0Kleinteile<\/span><\/span><span style=\"color: #008080; font-family: Arial; font-size: 10px;\">, die\u00a0herausgebrochen werden k\u00f6nnten<span style=\"font-family: Arial;\">!Nur noch, solange unser Vorrat reicht!\u00a0\u00a0 <\/span><\/span><\/span><\/p>\n<p class=\"empty-paragraph\" style=\"text-align: justify;\">\u00a0<span style=\"color: transparent; font-size: 1px;\">.<\/span><span style=\"color: transparent; font-size: 1px;\">.<\/span>\u00a0<span style=\"color: transparent; font-size: 1px;\">.<\/span><\/p>\n<p style=\"text-align: center;\"><span style=\"color: #ff0000; font-size: 18px;\"><strong>Sie waren eben auf der Denkspielseite 6. Es folgt also &#8230;<\/strong><\/span><\/p>\n<table border=\"0\" align=\"center\">\n<tbody>\n<tr>\n<td><span style=\"font-size: 18px;\">Seiten<\/span><\/td>\n<td><span style=\"font-size: 18px;\"><a title=\"Denkspiele\" href=\"http:\/\/www.hund-hersbruck.de\/web_neu\/?page_id=106\">1<\/a><\/span><\/td>\n<td><span style=\"font-size: 18px;\"><a title=\"Seite 2\" href=\"http:\/\/www.hund-hersbruck.de\/web_neu\/?page_id=4167\">2<\/a><\/span><\/td>\n<td><span style=\"font-size: 18px;\"><a title=\"Seite 3\" href=\"http:\/\/www.hund-hersbruck.de\/web_neu\/?page_id=4170\">3<\/a><\/span><\/td>\n<td><span style=\"font-size: 18px;\"><a title=\"Seite 4\" href=\"http:\/\/www.hund-hersbruck.de\/web_neu\/?page_id=4172\">4<\/a><\/span><\/td>\n<td><span style=\"font-size: 18px;\"><a title=\"Seite 5\" href=\"http:\/\/www.hund-hersbruck.de\/web_neu\/?page_id=4691\">5<\/a><\/span><\/td>\n<td><span style=\"font-size: 18px;\"><a title=\"Seite 6\" href=\"http:\/\/www.hund-hersbruck.de\/web_neu\/?page_id=4176\">6<\/a><\/span><\/td>\n<td><span style=\"font-size: 18px;\"><a title=\"Seite 7\" href=\"http:\/\/www.hund-hersbruck.de\/web_neu\/?page_id=4178\">7<\/a><\/span><\/td>\n<td><span style=\"font-size: 18px;\"><a title=\"Denkspiele_Seite 8\" href=\"http:\/\/www.hund-hersbruck.de\/web_neu\/denkspiele\/denkspiele_seite-8\/\">8<\/a><\/span><\/td>\n<td><span style=\"font-size: 18px;\"><a title=\"Denkspiele_Seite 9\" href=\"http:\/\/www.hund-hersbruck.de\/web_neu\/denkspiele\/denkspiele_seite-9\/\">9<\/a><\/span><\/td>\n<\/tr>\n<\/tbody>\n<\/table>\n","protected":false},"excerpt":{"rendered":"<p>Denkspiele &#8211; Strategiespiele &#8211; T\u00fcftelspiele Fauna Logic &#8211; Ivanhoe &#8211; Logicus Puzzler &#8211; Eierlauf\u00a0 &#8211; Seite 6 &#8211; F\u00fcr alle Altersstufen! F\u00fcr Anf\u00e4nger und Fortgeschrittene! Allein oder &#8230; (= diese Spiele kann man fast nicht allein spielen, weil sofort jemand kommt, der auch mitmachen m\u00f6chte &#8230;)\u00a0 Fast alle Spiele k\u00f6nnen Sie bei uns im Gesch\u00e4ft [&hellip;]<\/p>\n","protected":false},"author":2,"featured_media":0,"parent":106,"menu_order":0,"comment_status":"closed","ping_status":"closed","template":"","meta":{"footnotes":""},"class_list":["post-4176","page","type-page","status-publish","hentry"],"_links":{"self":[{"href":"http:\/\/www.hund-hersbruck.de\/web_neu\/wp-json\/wp\/v2\/pages\/4176","targetHints":{"allow":["GET"]}}],"collection":[{"href":"http:\/\/www.hund-hersbruck.de\/web_neu\/wp-json\/wp\/v2\/pages"}],"about":[{"href":"http:\/\/www.hund-hersbruck.de\/web_neu\/wp-json\/wp\/v2\/types\/page"}],"author":[{"embeddable":true,"href":"http:\/\/www.hund-hersbruck.de\/web_neu\/wp-json\/wp\/v2\/users\/2"}],"replies":[{"embeddable":true,"href":"http:\/\/www.hund-hersbruck.de\/web_neu\/wp-json\/wp\/v2\/comments?post=4176"}],"version-history":[{"count":61,"href":"http:\/\/www.hund-hersbruck.de\/web_neu\/wp-json\/wp\/v2\/pages\/4176\/revisions"}],"predecessor-version":[{"id":17866,"href":"http:\/\/www.hund-hersbruck.de\/web_neu\/wp-json\/wp\/v2\/pages\/4176\/revisions\/17866"}],"up":[{"embeddable":true,"href":"http:\/\/www.hund-hersbruck.de\/web_neu\/wp-json\/wp\/v2\/pages\/106"}],"wp:attachment":[{"href":"http:\/\/www.hund-hersbruck.de\/web_neu\/wp-json\/wp\/v2\/media?parent=4176"}],"curies":[{"name":"wp","href":"https:\/\/api.w.org\/{rel}","templated":true}]}}