{"id":4172,"date":"2012-04-03T10:15:28","date_gmt":"2012-04-03T10:15:28","guid":{"rendered":"http:\/\/www.hund-hersbruck.de\/web_neu\/?page_id=4172"},"modified":"2025-08-02T19:04:02","modified_gmt":"2025-08-02T19:04:02","slug":"seite-4","status":"publish","type":"page","link":"http:\/\/www.hund-hersbruck.de\/web_neu\/denkspiele\/seite-4\/","title":{"rendered":"Denkspiele_Seite 4"},"content":{"rendered":"<p style=\"text-align: center;\"><span style=\"color: #0000ff; font-family: arial,helvetica,sans-serif; font-size: 18pt;\"><strong>Denkspiele &#8211; Strategiespiele &#8211; T\u00fcftelspiele<\/strong><\/span><\/p>\n<p style=\"text-align: center;\"><span style=\"font-family: arial,helvetica,sans-serif; font-size: 18px;\"><span style=\"color: #ff0000; font-size: 12pt; text-decoration: underline;\"><strong>Vor allem Spiele der Firmen ThinkFun und Smart Games, aber nur noch, solange unsere Vorr\u00e4te reichen!\u00a0<\/strong><\/span><strong><span style=\"font-size: 14pt;\"><span style=\"font-size: 12pt;\">\u00a0 Treasure Quest (Schatzsuche) &#8211;\u00a0 Pete&#8217;s Pike &#8211;\u00a0 Hot Spot &#8211; Animalogic &#8211;\u00a0<\/span><\/span><span style=\"color: #ff0000; font-size: 10pt;\">Achtung: Die wunderbaren Spiele dieser beiden Firmen verkaufen wir ab &#8211; gezwungenerma\u00dfen \u2026 (die Gr\u00fcnde daf\u00fcr m\u00fcssten wir Ihnen pers\u00f6nlich sagen \u2026 \ud83d\ude41\u00a0\u00a0 )<\/span><span style=\"font-size: 14pt;\"><br \/>\n<\/span><\/strong><\/span><\/p>\n<p style=\"text-align: center;\"><strong><span style=\"font-size: 16px;\">&#8211; Seite 4 &#8211;<\/span><\/strong><\/p>\n<p style=\"text-align: center;\"><span style=\"color: #993300; font-size: 18px;\"><strong>Ausgesuchte Denk- und Strategiespiele der besonderen Art!<\/strong><\/span><\/p>\n<p style=\"text-align: center;\"><span style=\"font-size: 16px;\">F\u00fcr alle Altersstufen! F\u00fcr Anf\u00e4nger und Fortgeschrittene! Allein oder &#8230; (= diese Spiele kann man fast nicht allein spielen, weil sofort jemand kommt, der auch mitmachen m\u00f6chte &#8230;)\u00a0 Fast alle Spiele k\u00f6nnen Sie bei uns im Gesch\u00e4ft vor dem Kauf ausprobieren!<\/span><\/p>\n<p style=\"text-align: center;\"><span style=\"font-size: 16px;\">Preis\u00e4nderungen leider vorbehalten! <span style=\"text-decoration: underline;\"><strong>Mindestbestellsumme<\/strong> <\/span>15.- Euro.\u00a0\u00a0\u00a0\u00a0 <\/span><span style=\"font-family: arial,helvetica,sans-serif;\"><span style=\"text-decoration: underline;\"><strong>Ladengesch\u00e4ft<\/strong><\/span>: Amberger Str. 8\u00a0 in 91217 Hersbruck (30 km \u00f6stlich von N\u00fcrnberg); \u00d6ffnungszeiten Mo &#8211; Fr. 15.00 &#8211; 18.00 Uhr, Sa 10.00 &#8211; 13.00 Uhr (oder nach Vereinbarung!)<\/span><\/p>\n<p style=\"text-align: center;\"><span style=\"font-size: 16px;\"><span style=\"text-decoration: underline;\"><strong>So k\u00f6nnen sie bestellen:\u00a0\u00a0\u00a0\u00a0\u00a0 <\/strong><\/span><strong>Tel. 09151\/4716\u00a0\u00a0\u00a0\u00a0\u00a0\u00a0\u00a0\u00a0\u00a0<strong><a href=\"mailto:gabys-zauberland@t-online.de\">gabys-zauberland@t-online.de<\/a>\u00a0\u00a0 oder \u00fcber das Kontaktformular oben<\/strong><\/strong><\/span><\/p>\n<table border=\"0\" align=\"center\">\n<tbody>\n<tr>\n<td><span style=\"font-size: 18px;\">Seiten<\/span><\/td>\n<td><span style=\"font-size: 18px;\"><a title=\"Denkspiele\" href=\"http:\/\/www.hund-hersbruck.de\/web_neu\/?page_id=106\">1<\/a><\/span><\/td>\n<td><span style=\"font-size: 18px;\"><a title=\"Seite 2\" href=\"http:\/\/www.hund-hersbruck.de\/web_neu\/?page_id=4167\">2<\/a><\/span><\/td>\n<td><span style=\"font-size: 18px;\"><a title=\"Seite 3\" href=\"http:\/\/www.hund-hersbruck.de\/web_neu\/?page_id=4170\">3<\/a><\/span><\/td>\n<td><span style=\"font-size: 18px;\"><a title=\"Seite 4\" href=\"http:\/\/www.hund-hersbruck.de\/web_neu\/?page_id=4172\">4<\/a><\/span><\/td>\n<td><span style=\"font-size: 18px;\"><a title=\"Seite 5\" href=\"http:\/\/www.hund-hersbruck.de\/web_neu\/?page_id=4691\">5<\/a><\/span><\/td>\n<td><span style=\"font-size: 18px;\"><a title=\"Seite 6\" href=\"http:\/\/www.hund-hersbruck.de\/web_neu\/?page_id=4176\">6<\/a><\/span><\/td>\n<td><span style=\"font-size: 18px;\"><a title=\"Seite 7\" href=\"http:\/\/www.hund-hersbruck.de\/web_neu\/?page_id=4178\">7<\/a><\/span><\/td>\n<td><span style=\"font-size: 18px;\"><a title=\"Denkspiele_Seite 8\" href=\"http:\/\/www.hund-hersbruck.de\/web_neu\/denkspiele\/denkspiele_seite-8\/\">8<\/a><\/span><\/td>\n<td><span style=\"font-size: 18px;\"><a title=\"Denkspiele_Seite 9\" href=\"http:\/\/www.hund-hersbruck.de\/web_neu\/denkspiele\/denkspiele_seite-9\/\">9<\/a><\/span><\/td>\n<\/tr>\n<\/tbody>\n<\/table>\n<p class=\"empty-paragraph\">\u00a0<span style=\"font-size: 1px; color: transparent;\">.<\/span><\/p>\n<p class=\"empty-paragraph\">\u00a0<span style=\"font-size: 1px; color: transparent;\">.T<\/span><span style=\"font-size: 14px;\"><strong><span style=\"font-size: 18px;\"><span style=\"color: #800000; font-family: Arial;\">TREASURE QUEST &#8211;\u00a0SCHATZSUCHE<\/span> \u00a0 (ThinkFun)\u00a0\u00a0\u00a0\u00a0\u00a0\u00a0\u00a0\u00a0\u00a0\u00a0\u00a0\u00a0\u00a0 23,00 \u20ac\u00a0 \u00a0SONDERPREIS! \u00a0<\/span><\/strong>\u00a0\u00a0\u00a0\u00a0\u00a0\u00a0\u00a0<\/span><br \/>\n<span style=\"font-size: 14px;\"><a href=\"http:\/\/www.hund-hersbruck.de\/web_neu\/denkspiele\/seite-4\/treasurequest-2\/\" rel=\"attachment wp-att-4504\"><img loading=\"lazy\" decoding=\"async\" class=\"alignleft size-full wp-image-4504\" title=\"TreasureQuest\" src=\"http:\/\/www.hund-hersbruck.de\/web_neu\/wp-content\/uploads\/TreasureQuest1.jpg\" alt=\"\" width=\"200\" height=\"200\" srcset=\"http:\/\/www.hund-hersbruck.de\/web_neu\/wp-content\/uploads\/TreasureQuest1.jpg 200w, http:\/\/www.hund-hersbruck.de\/web_neu\/wp-content\/uploads\/TreasureQuest1-150x150.jpg 150w\" sizes=\"auto, (max-width: 200px) 100vw, 200px\" \/><\/a>Entkommen Sie mit dem Gold ! <span style=\"font-family: Arial;\">Helfen Sie dem Schatzsucher, mit dem Gold zu entkommen. Suchen Sie sich dabei Ihren Weg auf dem Spielbrett, indem Sie bewegliche Hindernisse zur Seite r\u00e4umen und blockierende umgehen. Sto\u00dfen Sie schlie\u00dflich die Goldmaske vom Spielfeld, um zu gewinnen. Mit 40 verschiedenen Aufgabenkarten mit steigendem Schwierigkeitsgrad.<\/span><span style=\"font-family: Arial;\"> Das Thema des Spiels erinnert stark an\u00a0 Indiana Jones &#8230;\u00a0<span style=\"color: #ff0000;\"><strong><span style=\"font-family: Arial; font-size: medium;\"><span style=\"font-size: 10pt;\">Das Spiel gibt es nicht mehr vom Hersteller. Wir haben noch wenige Exemplare!\u00a0 Aaaalllssooo .<\/span>..<\/span><\/strong><\/span>\u00a0 \u00a0<span style=\"font-size: 10px;\"> <span style=\"color: #008080; font-family: Arial;\">ACHTUNG:\u00a0\u00a0Nicht geeignet f\u00fcr Kinder unter 3 Jahren wegen Erstickungsgefahr durch\u00a0Kleinteile!<\/span>\u00a0\u00a0<\/span><\/span><\/span><\/p>\n<p class=\"empty-paragraph\">\u00a0<span style=\"font-size: 1px; color: transparent;\">.<\/span><\/p>\n<p class=\"empty-paragraph\">\u00a0<span style=\"font-size: 1px; color: transparent;\">.<\/span><\/p>\n<p class=\"empty-paragraph\">\u00a0<span style=\"font-size: 1px; color: transparent;\">.<\/span><\/p>\n<p class=\"empty-paragraph\">\u00a0<span style=\"font-size: 1px; color: transparent;\">.<\/span><\/p>\n<p class=\"empty-paragraph\">\u00a0<span style=\"font-size: 1px; color: transparent;\">.<\/span>\u00a0<span style=\"font-size: 1px; color: transparent;\">.<\/span><span style=\"font-size: 14px;\"><span style=\"font-family: Arial;\"><span style=\"font-size: 10px;\">\u00a0 <\/span><\/span><\/span><\/p>\n<p style=\"text-align: justify;\"><span style=\"font-size: 14px;\"><span style=\"font-size: 12pt;\"><span style=\"color: #800000; font-family: Arial;\"><strong>PETE&#8217;S PIKE\u00a0\u00a0\u00a0\u00a0(ThinkFun)\u00a0\u00a0\u00a0\u00a0\u00a0\u00a0\u00a0\u00a0\u00a0\u00a0\u00a0 <\/strong><\/span><span style=\"font-family: Arial;\"><strong>17,00 \u20ac<\/strong><span style=\"font-family: Georgia;\"> <strong>\u00a0SONDERPREIS!<\/strong> <\/span><\/span><\/span><br \/>\n<span style=\"font-family: Arial;\"><span style=\"font-size: 12pt;\"><a href=\"http:\/\/www.hund-hersbruck.de\/web_neu\/denkspiele\/seite-4\/petespikethinkfun\/\" rel=\"attachment wp-att-4507\"><img loading=\"lazy\" decoding=\"async\" class=\"alignleft size-full wp-image-4507\" title=\"PetespikeThinkfun\" src=\"http:\/\/www.hund-hersbruck.de\/web_neu\/wp-content\/uploads\/PetespikeThinkfun.jpg\" alt=\"\" width=\"300\" height=\"342\" srcset=\"http:\/\/www.hund-hersbruck.de\/web_neu\/wp-content\/uploads\/PetespikeThinkfun.jpg 300w, http:\/\/www.hund-hersbruck.de\/web_neu\/wp-content\/uploads\/PetespikeThinkfun-131x150.jpg 131w, http:\/\/www.hund-hersbruck.de\/web_neu\/wp-content\/uploads\/PetespikeThinkfun-263x300.jpg 263w\" sizes=\"auto, (max-width: 300px) 100vw, 300px\" \/><\/a><span style=\"font-family: arial,helvetica,sans-serif; font-size: 10pt;\">Man muss Pete, dem Bergsteiger, helfen, den Berg sicher zu bezwingen bis zum Gipfel (roter Kreis in der Mitte des Spielfeldes). Die Gei\u00dfb\u00f6cke helfen Pete dabei, damit er nicht den Berg hinabst\u00fcrzt, indem sie den Abgrund blockieren. 40\u00a0Aufgabenkarten mit steigendem Schwierigkeitsgrad (Anf\u00e4nger bis Profi). Alles kann im Spiel selbst aufbewahrt werden.\u00a0 <\/span><\/span><span style=\"font-size: 10pt;\"><span style=\"color: #ff0000;\"><strong><span style=\"font-family: Arial;\">Das Spiel gibt es nicht mehr vom Hersteller. Wir haben noch wenige Exemplare!\u00a0 Aaaalllssooo &#8230;<\/span><\/strong><\/span>\u00a0<\/span><span style=\"color: #008080; font-family: Arial; font-size: 10px;\">ACHTUNG:Nicht geeignet f\u00fcr Kinder unter 3 Jahren wegen Erstickungsgefahr durch\u00a0Kleinteile!<\/span><\/span><\/span><\/p>\n<p class=\"empty-paragraph\">\u00a0<span style=\"font-size: 1px; color: transparent;\">.<\/span><\/p>\n<p class=\"empty-paragraph\">\u00a0<span style=\"font-size: 1px; color: transparent;\">.<\/span><\/p>\n<p class=\"empty-paragraph\">\u00a0<span style=\"font-size: 1px; color: transparent;\">.<\/span><\/p>\n<p class=\"empty-paragraph\">\u00a0<span style=\"font-size: 1px; color: transparent;\">.<\/span><\/p>\n<p class=\"empty-paragraph\">\u00a0<span style=\"font-size: 1px; color: transparent;\">.<\/span><\/p>\n<p class=\"empty-paragraph\">\u00a0<span style=\"font-size: 1px; color: transparent;\">.<\/span><\/p>\n<p class=\"empty-paragraph\">\u00a0<span style=\"font-size: 1px; color: transparent;\">.<\/span><\/p>\n<p class=\"empty-paragraph\" style=\"text-align: justify;\">\u00a0<span style=\"font-size: 1px; color: transparent;\">.<\/span><span style=\"font-size: 14px;\"><span style=\"font-family: Arial;\"><span style=\"font-size: 12pt;\"><strong><span style=\"color: #800000;\">HOT SPOT<\/span> \u00a0 \u00a0\u00a0\u00a0(ThinkFun)\u00a0\u00a0\u00a0\u00a0\u00a0\u00a0\u00a0\u00a0\u00a0\u00a0\u00a0\u00a0\u00a0\u00a0 17,00 \u20ac\u00a0\u00a0 \u00a0SONDERPREIS!<\/strong><\/span><br \/>\n<a href=\"http:\/\/www.hund-hersbruck.de\/web_neu\/denkspiele\/seite-4\/hotspotthinkfun\/\" rel=\"attachment wp-att-4510\"><img loading=\"lazy\" decoding=\"async\" class=\"alignleft size-full wp-image-4510\" title=\"HotspotThinkfun\" src=\"http:\/\/www.hund-hersbruck.de\/web_neu\/wp-content\/uploads\/HotspotThinkfun.jpg\" alt=\"\" width=\"300\" height=\"342\" srcset=\"http:\/\/www.hund-hersbruck.de\/web_neu\/wp-content\/uploads\/HotspotThinkfun.jpg 300w, http:\/\/www.hund-hersbruck.de\/web_neu\/wp-content\/uploads\/HotspotThinkfun-131x150.jpg 131w, http:\/\/www.hund-hersbruck.de\/web_neu\/wp-content\/uploads\/HotspotThinkfun-263x300.jpg 263w\" sizes=\"auto, (max-width: 300px) 100vw, 300px\" \/><\/a><span style=\"font-size: 10pt;\"><span style=\"font-family: arial,helvetica,sans-serif;\">Mit dem roten Roboter m\u00fcssen &#8211; je nach Aufgabenkarte verschieden &#8211; die anderen Spielfiguren so \u00fcbersprungen werden, dass man das Ziel, den &#8222;Hot Spot&#8220;,\u00a0erreicht. 40 Spielkarten mit steigendem Schwierigkeitsgrad. Urspr\u00fcnglich als Online &#8211; Spiel entwickelt. Alles Material kann im Spiel verstaut werden.\u00a0<\/span> <span style=\"color: #ff0000;\"><strong><span style=\"font-family: Arial;\">Das Spiel gibt es nicht mehr vom Hersteller. Wir haben noch wenige Exemplare!\u00a0 Aaaalllssooo &#8230;<\/span><\/strong><\/span>\u00a0\u00a0<span style=\"color: #008080; font-family: Arial;\">ACHTUNG:\u00a0\u00a0Nicht geeignet f\u00fcr Kinder unter 3 Jahren wegen Erstickungsgefahr durch Kleinteile!<\/span><\/span><\/span><\/span><\/p>\n<p class=\"empty-paragraph\" style=\"text-align: justify;\"><span style=\"font-size: 10pt;\">\u00a0<span style=\"color: transparent;\">.<\/span><\/span><\/p>\n<p class=\"empty-paragraph\">\u00a0<span style=\"font-size: 1px; color: transparent;\">.<\/span><\/p>\n<p class=\"empty-paragraph\">\u00a0<span style=\"font-size: 1px; color: transparent;\">.<\/span><\/p>\n<p class=\"empty-paragraph\">\u00a0<span style=\"font-size: 1px; color: transparent;\">.<\/span><\/p>\n<p class=\"empty-paragraph\">\u00a0<span style=\"font-size: 1px; color: transparent;\">.<\/span><\/p>\n<p class=\"empty-paragraph\">\u00a0<span style=\"font-size: 1px; color: transparent;\">.<\/span><\/p>\n<p class=\"empty-paragraph\">\u00a0<span style=\"font-size: 1px; color: transparent;\">.<\/span><\/p>\n<p class=\"empty-paragraph\">\u00a0<span style=\"font-size: 1px; color: transparent;\">.<\/span>\u00a0<span style=\"font-size: 1px; color: transparent;\">.<\/span><\/p>\n<p style=\"text-align: justify;\" align=\"left\"><span style=\"font-size: 14px;\"><span style=\"font-size: 12pt;\"><strong><span style=\"color: #800000; font-family: Arial;\">ANIMALOGIC<\/span><span style=\"font-family: Arial;\"> \u00a0\u00a0\u00a0\u00a0\u00a0 (von der Firma Huch &amp; Friends)\u00a0<\/span><span style=\"font-family: Arial;\"> \u00a0\u00a0\u00a0\u00a0\u00a0 22,00 \u20ac\u00a0\u00a0\u00a0 \u00a0SONDERPREIS!<\/span><\/strong><\/span><span style=\"font-family: Arial;\"><br \/>\n<a href=\"http:\/\/www.hund-hersbruck.de\/web_neu\/denkspiele\/seite-4\/animalogic\/\" rel=\"attachment wp-att-4513\"><img loading=\"lazy\" decoding=\"async\" class=\"alignleft size-full wp-image-4513\" title=\"Animalogic\" src=\"http:\/\/www.hund-hersbruck.de\/web_neu\/wp-content\/uploads\/Animalogic.gif\" alt=\"\" width=\"255\" height=\"249\" srcset=\"http:\/\/www.hund-hersbruck.de\/web_neu\/wp-content\/uploads\/Animalogic.gif 255w, http:\/\/www.hund-hersbruck.de\/web_neu\/wp-content\/uploads\/Animalogic-150x146.gif 150w\" sizes=\"auto, (max-width: 255px) 100vw, 255px\" \/><\/a><span style=\"font-size: 10pt;\">Es stehen 16 Tiere auf dem Spielfeld. Alles sollen \u00fcber den vor ihnen liegenden Fluss gezogen werden. Dabei darf man aber nur die Tiere in der vordersten Reihe bewegen. Das danach gezogene Tier muss entweder die gleiche Farbe wie sein\u00a0 Vorg\u00e4nger haben oder zur gleichen Tierart geh\u00f6ren. Wer schafft es, dass\u00a0am Schluss alle Tiere in der richtigen Reihenfolge auf dem Tisch stehen?\u00a0Mit 60 Aufgaben und L\u00f6sungen in verschiedenen Schwierigkeitsgraden und 16 Spielfiguren aus Holz. F\u00f6rdert die Vorausplanung, die \u00dcbersicht und logisches Denken bei allen Altersstufen<\/span>! <span style=\"color: #ff0000; text-decoration: underline;\"><strong><span style=\"font-size: 10pt;\">Nur noch, solange unser Vorrat reicht! Dann nicht mehr!\u00a0<\/span><\/strong><\/span> <span style=\"color: #008080; font-family: Arial; font-size: 10px;\">ACHTUNG: Nicht geeignet f\u00fcr Kinder unter 3 Jahren wegen Erstickungsgefahr durch Kleinteile!\u00a0\u00a0 Nur noch, solange unser Vorrat reicht!<\/span><\/span><\/span><\/p>\n<p class=\"empty-paragraph\">\u00a0<span style=\"font-size: 1px; color: transparent;\">.<\/span><\/p>\n<p class=\"empty-paragraph\">\u00a0<span style=\"font-size: 1px; color: transparent;\">.<\/span><\/p>\n<p class=\"empty-paragraph\">\u00a0<span style=\"font-size: 1px; color: transparent;\">.<\/span><\/p>\n<p class=\"empty-paragraph\">\u00a0<span style=\"font-size: 1px; color: transparent;\">.<\/span><\/p>\n<p>&nbsp;<\/p>\n<p style=\"text-align: center;\"><strong><span style=\"font-size: 16px;\">Sie waren eben auf Seite 4 unserer Denkspiele. Also kommt jetzt &#8230;<\/span><\/strong><\/p>\n<table border=\"0\" align=\"center\">\n<tbody>\n<tr>\n<td><span style=\"font-size: 18px;\">Seiten<\/span><\/td>\n<td><span style=\"font-size: 18px;\"><a title=\"Denkspiele\" href=\"http:\/\/www.hund-hersbruck.de\/web_neu\/?page_id=106\">1<\/a><\/span><\/td>\n<td><span style=\"font-size: 18px;\"><a title=\"Seite 2\" href=\"http:\/\/www.hund-hersbruck.de\/web_neu\/?page_id=4167\">2<\/a><\/span><\/td>\n<td><span style=\"font-size: 18px;\"><a title=\"Seite 3\" href=\"http:\/\/www.hund-hersbruck.de\/web_neu\/?page_id=4170\">3<\/a><\/span><\/td>\n<td><span style=\"font-size: 18px;\"><a title=\"Seite 4\" href=\"http:\/\/www.hund-hersbruck.de\/web_neu\/?page_id=4172\">4<\/a><\/span><\/td>\n<td><span style=\"font-size: 18px;\"><a title=\"Seite 5\" href=\"http:\/\/www.hund-hersbruck.de\/web_neu\/?page_id=4691\">5<\/a><\/span><\/td>\n<td><span style=\"font-size: 18px;\"><a title=\"Seite 6\" href=\"http:\/\/www.hund-hersbruck.de\/web_neu\/?page_id=4176\">6<\/a><\/span><\/td>\n<td><span style=\"font-size: 18px;\"><a title=\"Seite 7\" href=\"http:\/\/www.hund-hersbruck.de\/web_neu\/?page_id=4178\">7<\/a><\/span><\/td>\n<td><span style=\"font-size: 18px;\"><a title=\"Denkspiele_Seite 8\" href=\"http:\/\/www.hund-hersbruck.de\/web_neu\/denkspiele\/denkspiele_seite-8\/\">8<\/a><\/span><\/td>\n<td><span style=\"font-size: 18px;\"><a title=\"Denkspiele_Seite 9\" href=\"http:\/\/www.hund-hersbruck.de\/web_neu\/denkspiele\/denkspiele_seite-9\/\">9<\/a><\/span><\/td>\n<\/tr>\n<\/tbody>\n<\/table>\n","protected":false},"excerpt":{"rendered":"<p>Denkspiele &#8211; Strategiespiele &#8211; T\u00fcftelspiele Vor allem Spiele der Firmen ThinkFun und Smart Games, aber nur noch, solange unsere Vorr\u00e4te reichen!\u00a0\u00a0 Treasure Quest (Schatzsuche) &#8211;\u00a0 Pete&#8217;s Pike &#8211;\u00a0 Hot Spot &#8211; Animalogic &#8211;\u00a0Achtung: Die wunderbaren Spiele dieser beiden Firmen verkaufen wir ab &#8211; gezwungenerma\u00dfen \u2026 (die Gr\u00fcnde daf\u00fcr m\u00fcssten wir Ihnen pers\u00f6nlich sagen \u2026 \ud83d\ude41\u00a0\u00a0 [&hellip;]<\/p>\n","protected":false},"author":2,"featured_media":0,"parent":106,"menu_order":0,"comment_status":"closed","ping_status":"closed","template":"","meta":{"footnotes":""},"class_list":["post-4172","page","type-page","status-publish","hentry"],"_links":{"self":[{"href":"http:\/\/www.hund-hersbruck.de\/web_neu\/wp-json\/wp\/v2\/pages\/4172","targetHints":{"allow":["GET"]}}],"collection":[{"href":"http:\/\/www.hund-hersbruck.de\/web_neu\/wp-json\/wp\/v2\/pages"}],"about":[{"href":"http:\/\/www.hund-hersbruck.de\/web_neu\/wp-json\/wp\/v2\/types\/page"}],"author":[{"embeddable":true,"href":"http:\/\/www.hund-hersbruck.de\/web_neu\/wp-json\/wp\/v2\/users\/2"}],"replies":[{"embeddable":true,"href":"http:\/\/www.hund-hersbruck.de\/web_neu\/wp-json\/wp\/v2\/comments?post=4172"}],"version-history":[{"count":40,"href":"http:\/\/www.hund-hersbruck.de\/web_neu\/wp-json\/wp\/v2\/pages\/4172\/revisions"}],"predecessor-version":[{"id":17553,"href":"http:\/\/www.hund-hersbruck.de\/web_neu\/wp-json\/wp\/v2\/pages\/4172\/revisions\/17553"}],"up":[{"embeddable":true,"href":"http:\/\/www.hund-hersbruck.de\/web_neu\/wp-json\/wp\/v2\/pages\/106"}],"wp:attachment":[{"href":"http:\/\/www.hund-hersbruck.de\/web_neu\/wp-json\/wp\/v2\/media?parent=4172"}],"curies":[{"name":"wp","href":"https:\/\/api.w.org\/{rel}","templated":true}]}}