{"id":4170,"date":"2012-04-03T10:15:11","date_gmt":"2012-04-03T10:15:11","guid":{"rendered":"http:\/\/www.hund-hersbruck.de\/web_neu\/?page_id=4170"},"modified":"2025-08-02T19:03:18","modified_gmt":"2025-08-02T19:03:18","slug":"seite-3","status":"publish","type":"page","link":"http:\/\/www.hund-hersbruck.de\/web_neu\/denkspiele\/seite-3\/","title":{"rendered":"Denkspiele_Seite 3"},"content":{"rendered":"<p style=\"text-align: center;\"><span style=\"color: #0000ff; font-size: 18pt;\"><span style=\"font-family: arial,helvetica,sans-serif;\"><strong>Denkspiele &#8211; Strategiespiele &#8211; T<\/strong><\/span><span style=\"font-family: arial,helvetica,sans-serif;\"><strong>\u00fcftelspiele<\/strong><\/span><\/span><\/p>\n<p style=\"text-align: center;\"><span style=\"font-family: arial,helvetica,sans-serif; font-size: 10pt;\"><strong><span style=\"color: #ff0000; font-size: 12pt;\">Spiele der Firmen ThinkFun\u00a0 und Smart Games, aber nur noch, solange unsere Vorr\u00e4te reichen<\/span>! <\/strong>&#8211; Happy Cubes &#8211; Hide and Seek Safari (Suche und Finde Safari) &#8211; Gogetter &#8211;\u00a0 Spin Out &#8211; Flip Side\u00a0<\/span><\/p>\n<p style=\"text-align: center;\"><span style=\"font-family: arial,helvetica,sans-serif; font-size: 12pt;\"><strong>&#8211; Seite 3 &#8211;<\/strong><\/span><\/p>\n<p style=\"text-align: center;\"><span style=\"font-family: arial,helvetica,sans-serif; font-size: 10pt;\">Preis\u00e4nderungen vorbehalten! <span style=\"text-decoration: underline;\"><strong>Mindestbestellsumme<\/strong> <\/span>15.- Euro.\u00a0\u00a0\u00a0 <\/span><span style=\"font-family: arial,helvetica,sans-serif; font-size: 10pt;\"><span style=\"text-decoration: underline;\"><strong>Ladengesch\u00e4ft<\/strong><\/span>: Amberger Str. 8\u00a0 in 91217 Hersbruck (30 km \u00f6stlich von N\u00fcrnberg); \u00d6ffnungszeiten Mo &#8211; Fr. 15.00 &#8211; 18.00 Uhr, Sa 10.00 &#8211; 13.00 Uhr (oder nach Vereinbarung!)\u00a0 <span style=\"color: #000000;\">\u00a0<\/span><\/span><span style=\"font-family: arial,helvetica,sans-serif; font-size: 12pt;\"><strong>So k\u00f6nnen sie <span style=\"color: #0000ff; text-decoration: underline;\">bestellen<\/span>:\u00a0\u00a0\u00a0\u00a0\u00a0 <\/strong><strong>Tel. 09151\/4716\u00a0\u00a0\u00a0\u00a0\u00a0\u00a0oder\u00a0\u00a0 <strong><a href=\"mailto:gabys-zauberland@t-online.de\">gabys-zauberland@t-online.de<\/a>\u00a0\u00a0\u00a0 oder \u00fcber das Kontaktformular oben<\/strong><\/strong><\/span><\/p>\n<table border=\"0\" align=\"center\">\n<tbody>\n<tr>\n<td><span style=\"font-size: 18px;\">Seiten<\/span><\/td>\n<td><span style=\"font-size: 18px;\"><a title=\"Denkspiele\" href=\"http:\/\/www.hund-hersbruck.de\/web_neu\/?page_id=106\">1<\/a><\/span><\/td>\n<td><span style=\"font-size: 18px;\"><a title=\"Seite 2\" href=\"http:\/\/www.hund-hersbruck.de\/web_neu\/?page_id=4167\">2<\/a><\/span><\/td>\n<td><span style=\"font-size: 18px;\"><a title=\"Seite 3\" href=\"http:\/\/www.hund-hersbruck.de\/web_neu\/?page_id=4170\">3<\/a><\/span><\/td>\n<td><span style=\"font-size: 18px;\"><a title=\"Seite 4\" href=\"http:\/\/www.hund-hersbruck.de\/web_neu\/?page_id=4172\">4<\/a><\/span><\/td>\n<td><span style=\"font-size: 18px;\"><a title=\"Seite 5\" href=\"http:\/\/www.hund-hersbruck.de\/web_neu\/?page_id=4691\">5<\/a><\/span><\/td>\n<td><span style=\"font-size: 18px;\"><a title=\"Seite 6\" href=\"http:\/\/www.hund-hersbruck.de\/web_neu\/?page_id=4176\">6<\/a><\/span><\/td>\n<td><span style=\"font-size: 18px;\"><a title=\"Seite 7\" href=\"http:\/\/www.hund-hersbruck.de\/web_neu\/?page_id=4178\">7<\/a><\/span><\/td>\n<td><span style=\"font-size: 18px;\"><a title=\"Denkspiele_Seite 8\" href=\"http:\/\/www.hund-hersbruck.de\/web_neu\/denkspiele\/denkspiele_seite-8\/\">8<\/a><\/span><\/td>\n<td><span style=\"font-size: 18px;\"><a title=\"Denkspiele_Seite 9\" href=\"http:\/\/www.hund-hersbruck.de\/web_neu\/denkspiele\/denkspiele_seite-9\/\">9<\/a><\/span><\/td>\n<\/tr>\n<\/tbody>\n<\/table>\n<p style=\"text-align: center;\"><span style=\"color: #0000ff; font-family: arial,helvetica,sans-serif; font-size: 10pt;\"><span style=\"text-decoration: underline;\">ACHTUNG<\/span>: Wenn Sie von <span style=\"text-decoration: underline;\">ausw\u00e4rts <\/span>anreisen, dann bitten wir Sie, unbedingt vorher anzurufen! Auch wir sind nicht gegen Krankheiten gefeit und in Urlaub m\u00f6chten wir auch mal &#8230; \ud83d\ude09<\/span><\/p>\n<p>&nbsp;<\/p>\n<p style=\"text-align: justify;\"><strong><span style=\"font-family: arial,helvetica,sans-serif; font-size: 12pt;\"><span style=\"color: #993300;\">Legespiel &#8222;Finde den Weg&#8220;<\/span>\u00a0\u00a0\u00a0\u00a0\u00a0\u00a0 <span style=\"color: #ff0000;\">Sonderpreis 15,00 \u20ac<\/span><\/span><\/strong><br \/>\n<span style=\"font-family: arial,helvetica,sans-serif; font-size: 10pt;\"><img loading=\"lazy\" decoding=\"async\" class=\"alignleft size-full wp-image-14250\" src=\"http:\/\/www.hund-hersbruck.de\/web_neu\/wp-content\/uploads\/Legespiel-Finde-den-Weg1-gok.jpg\" alt=\"\" width=\"215\" height=\"215\" srcset=\"http:\/\/www.hund-hersbruck.de\/web_neu\/wp-content\/uploads\/Legespiel-Finde-den-Weg1-gok.jpg 215w, http:\/\/www.hund-hersbruck.de\/web_neu\/wp-content\/uploads\/Legespiel-Finde-den-Weg1-gok-150x150.jpg 150w\" sizes=\"auto, (max-width: 215px) 100vw, 215px\" \/>\u00a0\u00a0 Wenn zwei sich treffen wollen, dann hei\u00dft es, den richtigen Weg einzuschlagen! Die 20 Aufgabenpl\u00e4ttchen geben vor, wer mit wem durch einen Weg verbunden werden soll. &#8222;Zw\u00f6lf verschiedene Tiere leben im Wald und sehen sich sehr selten, weil die Wege es oft nicht erm\u00f6glichen. Helft den Tieren, sich \u00f6fter zu besuchen und baut ihnen neue Wege durch den Wald.&#8220; Ein bis zwei Spieler, ab 4 Jahren. Immer wieder zu spielen \u2026 <\/span><\/p>\n<p class=\"empty-paragraph\">\u00a0<span style=\"font-size: 1px; color: transparent;\">.<\/span><\/p>\n<p class=\"empty-paragraph\">\u00a0<span style=\"font-size: 1px; color: transparent;\">.<\/span><\/p>\n<p class=\"empty-paragraph\">\u00a0<span style=\"font-size: 1px; color: transparent;\">.<\/span><\/p>\n<p class=\"empty-paragraph\">\u00a0<span style=\"font-size: 1px; color: transparent;\">.<\/span><\/p>\n<p class=\"empty-paragraph\">\u00a0<span style=\"font-size: 1px; color: transparent;\">.<\/span>\u00a0<span style=\"font-size: 1px; color: transparent;\">.<\/span><\/p>\n<p style=\"text-align: justify;\"><span style=\"font-family: Arial; font-size: 14px;\"><span style=\"font-size: 12pt;\"><strong><span style=\"color: #800000;\">Hide\u00a0and Seek Safari\u00a0<\/span><span style=\"color: #000000;\"> (Smart Games)\u00a0\u00a0\u00a0\u00a0\u00a0\u00a0 22,00 \u20ac\u00a0\u00a0 \u00a0SONDERPREIS!<\/span><\/strong><span style=\"color: #800000;\"><br \/>\n<\/span><\/span><span style=\"color: #000000;\"><a href=\"http:\/\/www.hund-hersbruck.de\/web_neu\/denkspiele\/seite-3\/hideandseeksafari\/\" rel=\"attachment wp-att-4452\"><img loading=\"lazy\" decoding=\"async\" class=\"alignleft size-medium wp-image-4452\" title=\"HideandSeekSafari\" src=\"http:\/\/www.hund-hersbruck.de\/web_neu\/wp-content\/uploads\/HideandSeekSafari-263x300.jpg\" alt=\"\" width=\"263\" height=\"300\" srcset=\"http:\/\/www.hund-hersbruck.de\/web_neu\/wp-content\/uploads\/HideandSeekSafari-263x300.jpg 263w, http:\/\/www.hund-hersbruck.de\/web_neu\/wp-content\/uploads\/HideandSeekSafari-131x150.jpg 131w, http:\/\/www.hund-hersbruck.de\/web_neu\/wp-content\/uploads\/HideandSeekSafari.jpg 300w\" sizes=\"auto, (max-width: 263px) 100vw, 263px\" \/><\/a><span style=\"font-size: 10pt;\">Noch ein raffiniertes Denkspiel f\u00fcr alle Altersklassen (au\u00dfer der j\u00fcngsten),\u00a0dessen Spielregeln man in einem Satz beschreiben kann: Vier Puzzleteile\u00a0m\u00fcssen so auf das Spielfeld gelegt werden, dass nur noch die Tiere sichtbar sind, die auf der jeweiligen Herausforderungskarte stehen! 48\u00a0 Karten von einfach bis extrem schwer. 4 Puzzleteile, aber 3072 m\u00f6gliche\u00a0Kombinationen &#8230; aber nur eine einzige richtige L\u00f6sung! Sehr\u00a0strapazierf\u00e4hige Ausf\u00fchrung, geeignet zum Mitnehmen \u00fcberall hin, alles\u00a0kann in der Schachtel verstaut werden. Motiv &#8222;Safaritiere&#8220;.\u00a0 <span style=\"color: #ff0000;\"> <strong>Nur noch, solange unser Vorrat reicht! Dann nicht mehr!<\/strong>\u00a0\u00a0\u00a0<\/span>\u00a0<\/span> <span style=\"color: #008080; font-family: Arial; font-size: 10px;\">ACHTUNG: Nicht geeignet f\u00fcr Kinder unter 3 Jahren wegen Erstickungsgefahr durch Kleinteile!\u00a0\u00a0\u00a0 Nur noch, solange unser Vorrat reicht!<\/span><\/span><\/span><\/p>\n<p class=\"empty-paragraph\">\u00a0<span style=\"font-size: 1px; color: transparent;\">.<\/span><\/p>\n<p class=\"empty-paragraph\">\u00a0<span style=\"font-size: 1px; color: transparent;\">.<\/span><\/p>\n<p class=\"empty-paragraph\">\u00a0<span style=\"font-size: 1px; color: transparent;\">.<\/span><\/p>\n<p class=\"empty-paragraph\">\u00a0<span style=\"font-size: 1px; color: transparent;\">.<\/span><\/p>\n<p class=\"empty-paragraph\">\u00a0<span style=\"font-size: 1px; color: transparent;\">.<\/span>\u00a0<span style=\"font-size: 1px; color: transparent;\">.<\/span><\/p>\n<p class=\"empty-paragraph\" style=\"text-align: justify;\">\u00a0<span style=\"font-size: 1px; color: transparent;\">.<\/span>\u00a0<span style=\"color: transparent; font-size: 12pt;\">.<\/span><span style=\"font-size: 14px;\"><span style=\"font-size: 12pt;\"><strong><span style=\"color: #800000; font-family: Arial;\">Safari &#8211; Erg\u00e4nzungskarten<\/span><span style=\"font-family: Arial;\">\u00a0\u00a0\u00a0(Hide &amp; Seek &#8211; Safari)\u00a0\u00a0 <\/span><\/strong><\/span><span style=\"font-family: Arial;\"><span style=\"font-size: 12pt;\"><strong>10,00 \u20ac\u00a0\u00a0 \u00a0SONDERPREIS!<\/strong><\/span><br \/>\n<a href=\"http:\/\/www.hund-hersbruck.de\/web_neu\/denkspiele\/seite-3\/safarihideseekergaenzung09-2\/\" rel=\"attachment wp-att-4524\"><img loading=\"lazy\" decoding=\"async\" class=\"alignleft size-thumbnail wp-image-4524\" title=\"SafariHideSeekErgaenzung09\" src=\"http:\/\/www.hund-hersbruck.de\/web_neu\/wp-content\/uploads\/SafariHideSeekErgaenzung091-131x150.jpg\" alt=\"\" width=\"131\" height=\"150\" srcset=\"http:\/\/www.hund-hersbruck.de\/web_neu\/wp-content\/uploads\/SafariHideSeekErgaenzung091-131x150.jpg 131w, http:\/\/www.hund-hersbruck.de\/web_neu\/wp-content\/uploads\/SafariHideSeekErgaenzung091-263x300.jpg 263w, http:\/\/www.hund-hersbruck.de\/web_neu\/wp-content\/uploads\/SafariHideSeekErgaenzung091.jpg 300w\" sizes=\"auto, (max-width: 131px) 100vw, 131px\" \/><\/a><\/span><span style=\"font-family: Arial; font-size: 10pt;\">Erg\u00e4nzungsset zum Grundspiel mit 60 neuen Aufgaben\u00a0 und einem neuen Puzzleteil, so dass man jetzt aus f\u00fcnf Puzzleteilen ausw\u00e4hlen muss, statt wie bisher aus\u00a0 vier!\u00a0\u00a0 <span style=\"color: #ff0000;\">Nur noch, solange unser Vorrat reicht!<\/span><\/span><\/span><\/p>\n<p class=\"empty-paragraph\" style=\"text-align: justify;\"><span style=\"font-size: 10pt;\">\u00a0<span style=\"color: transparent;\">.<\/span><\/span><\/p>\n<p class=\"empty-paragraph\">\u00a0<span style=\"font-size: 1px; color: transparent;\">.<\/span><\/p>\n<p class=\"empty-paragraph\">\u00a0<span style=\"font-size: 1px; color: transparent;\">.<\/span><\/p>\n<p class=\"empty-paragraph\">\u00a0<span style=\"font-size: 1px; color: transparent;\">.<\/span><span style=\"font-size: 1px; color: transparent;\">.<\/span><\/p>\n<p class=\"empty-paragraph\">\u00a0<span style=\"font-size: 1px; color: transparent;\">.<\/span>\u00a0<span style=\"font-size: 1px; color: transparent;\">.<\/span><\/p>\n<p class=\"empty-paragraph\" style=\"text-align: justify;\">\u00a0<span style=\"font-size: 1px; color: transparent;\">.<\/span><span style=\"font-family: Arial; font-size: 14px;\"><strong><span style=\"color: #800000; font-size: 18px;\">Gogetter\u00a0 &#8222;Prinz und Drachen&#8220;\u00a0<\/span><\/strong><span style=\"color: #000000;\"><strong><span style=\"font-size: 18px;\">\u00a0\u00a0\u00a0\u00a0\u00a0\u00a0\u00a0\u00a0\u00a0\u00a0\u00a0 22,00 \u20ac<\/span><\/strong> \u00a0 <strong>\u00a0SONDERPREIS!<\/strong><\/span><span style=\"color: #800000;\"><br \/>\n<\/span><span style=\"color: #000000;\"><a href=\"http:\/\/www.hund-hersbruck.de\/web_neu\/denkspiele\/seite-3\/gogetterprinzdrachen\/\" rel=\"attachment wp-att-4459\"><img loading=\"lazy\" decoding=\"async\" class=\"alignleft size-medium wp-image-4459\" title=\"GogetterPrinzDrachen\" src=\"http:\/\/www.hund-hersbruck.de\/web_neu\/wp-content\/uploads\/GogetterPrinzDrachen-263x300.jpg\" alt=\"\" width=\"263\" height=\"300\" srcset=\"http:\/\/www.hund-hersbruck.de\/web_neu\/wp-content\/uploads\/GogetterPrinzDrachen-263x300.jpg 263w, http:\/\/www.hund-hersbruck.de\/web_neu\/wp-content\/uploads\/GogetterPrinzDrachen-131x150.jpg 131w, http:\/\/www.hund-hersbruck.de\/web_neu\/wp-content\/uploads\/GogetterPrinzDrachen.jpg 300w\" sizes=\"auto, (max-width: 263px) 100vw, 263px\" \/><\/a>\u00a0<span style=\"color: #000000; font-family: Arial; font-size: medium;\">\u00a0<span style=\"font-size: 10pt;\">Auf einem Spielfeld m\u00fcssen mit Puzzlesteinen Wege gebaut werden nach einer bestimmten Vorschrift: Manche &#8222;Endpunkte&#8220;\u00a0 m\u00fcssen verbunden werden, andere d\u00fcrfen nicht erreichbar sein. 24 Aufgaben von leicht bis\u00a0sehr kniffelig, f\u00fcr alle Altersstufen ab 5 Jahren (mit\u00a0L\u00f6sungen, die bei kleineren Kindern auch nur einfach nachgebaut werden k\u00f6nnen). Stabile Spielbox mit Klarsichtdeckel, zum Verstauen der Einzelteile; deshalb auch ideal f\u00fcr unterwegs. Internationale Anerkennung\u00a0durch viele renommierte Auszeichnungen<\/span><\/span><span style=\"font-size: 10pt;\">\u00a0\u00a0<\/span> Motiv &#8222;Ritter, Prinz, Prinzessin, Drache, Burg &#8230;&#8220;\u00a0 <span style=\"color: #ff0000;\"><strong>Nur noch, solange unser Vorrat reicht! Dann nicht mehr!<\/strong>\u00a0\u00a0<\/span><span style=\"color: #008080; font-family: Arial; font-size: 10px;\"> ACHTUNG: Nicht geeignet f\u00fcr\u00a0\u00a0Kinder unter 3 Jahren.\u00a0\u00a0 Nur noch, solange unser Vorrat reicht!<\/span><\/span><\/span><\/p>\n<p class=\"empty-paragraph\">\u00a0<span style=\"font-size: 1px; color: transparent;\">.<\/span><\/p>\n<p class=\"empty-paragraph\">\u00a0<span style=\"font-size: 1px; color: transparent;\">.<\/span><\/p>\n<p class=\"empty-paragraph\">\u00a0<span style=\"font-size: 1px; color: transparent;\">.<\/span><\/p>\n<p class=\"empty-paragraph\">\u00a0<span style=\"font-size: 1px; color: transparent;\">.<\/span><strong><span style=\"font-size: 16px;\">Sie waren eben auf Seite 3 der Denkspiele. Also kommt jetzt &#8230;<\/span><\/strong><\/p>\n<p>&nbsp;<\/p>\n<table border=\"0\" align=\"center\">\n<tbody>\n<tr>\n<td><span style=\"font-size: 18px;\">Seiten<\/span><\/td>\n<td><span style=\"font-size: 18px;\"><a title=\"Denkspiele\" href=\"http:\/\/www.hund-hersbruck.de\/web_neu\/?page_id=106\">1<\/a><\/span><\/td>\n<td><span style=\"font-size: 18px;\"><a title=\"Seite 2\" href=\"http:\/\/www.hund-hersbruck.de\/web_neu\/?page_id=4167\">2<\/a><\/span><\/td>\n<td><span style=\"font-size: 18px;\"><a title=\"Seite 3\" href=\"http:\/\/www.hund-hersbruck.de\/web_neu\/?page_id=4170\">3<\/a><\/span><\/td>\n<td><span style=\"font-size: 18px;\"><a title=\"Seite 4\" href=\"http:\/\/www.hund-hersbruck.de\/web_neu\/?page_id=4172\">4<\/a><\/span><\/td>\n<td><span style=\"font-size: 18px;\"><a title=\"Seite 5\" href=\"http:\/\/www.hund-hersbruck.de\/web_neu\/?page_id=4691\">5<\/a><\/span><\/td>\n<td><span style=\"font-size: 18px;\"><a title=\"Seite 6\" href=\"http:\/\/www.hund-hersbruck.de\/web_neu\/?page_id=4176\">6<\/a><\/span><\/td>\n<td><span style=\"font-size: 18px;\"><a title=\"Seite 7\" href=\"http:\/\/www.hund-hersbruck.de\/web_neu\/?page_id=4178\">7<\/a><\/span><\/td>\n<td><span style=\"font-size: 18px;\"><a title=\"Denkspiele_Seite 8\" href=\"http:\/\/www.hund-hersbruck.de\/web_neu\/denkspiele\/denkspiele_seite-8\/\">8<\/a><\/span><\/td>\n<td><span style=\"font-size: 18px;\"><a title=\"Denkspiele_Seite 9\" href=\"http:\/\/www.hund-hersbruck.de\/web_neu\/denkspiele\/denkspiele_seite-9\/\">9<\/a><\/span><\/td>\n<\/tr>\n<\/tbody>\n<\/table>\n","protected":false},"excerpt":{"rendered":"<p>Denkspiele &#8211; Strategiespiele &#8211; T\u00fcftelspiele Spiele der Firmen ThinkFun\u00a0 und Smart Games, aber nur noch, solange unsere Vorr\u00e4te reichen! &#8211; Happy Cubes &#8211; Hide and Seek Safari (Suche und Finde Safari) &#8211; Gogetter &#8211;\u00a0 Spin Out &#8211; Flip Side\u00a0 &#8211; Seite 3 &#8211; Preis\u00e4nderungen vorbehalten! Mindestbestellsumme 15.- Euro.\u00a0\u00a0\u00a0 Ladengesch\u00e4ft: Amberger Str. 8\u00a0 in 91217 Hersbruck [&hellip;]<\/p>\n","protected":false},"author":2,"featured_media":0,"parent":106,"menu_order":0,"comment_status":"closed","ping_status":"closed","template":"","meta":{"footnotes":""},"class_list":["post-4170","page","type-page","status-publish","hentry"],"_links":{"self":[{"href":"http:\/\/www.hund-hersbruck.de\/web_neu\/wp-json\/wp\/v2\/pages\/4170","targetHints":{"allow":["GET"]}}],"collection":[{"href":"http:\/\/www.hund-hersbruck.de\/web_neu\/wp-json\/wp\/v2\/pages"}],"about":[{"href":"http:\/\/www.hund-hersbruck.de\/web_neu\/wp-json\/wp\/v2\/types\/page"}],"author":[{"embeddable":true,"href":"http:\/\/www.hund-hersbruck.de\/web_neu\/wp-json\/wp\/v2\/users\/2"}],"replies":[{"embeddable":true,"href":"http:\/\/www.hund-hersbruck.de\/web_neu\/wp-json\/wp\/v2\/comments?post=4170"}],"version-history":[{"count":44,"href":"http:\/\/www.hund-hersbruck.de\/web_neu\/wp-json\/wp\/v2\/pages\/4170\/revisions"}],"predecessor-version":[{"id":17552,"href":"http:\/\/www.hund-hersbruck.de\/web_neu\/wp-json\/wp\/v2\/pages\/4170\/revisions\/17552"}],"up":[{"embeddable":true,"href":"http:\/\/www.hund-hersbruck.de\/web_neu\/wp-json\/wp\/v2\/pages\/106"}],"wp:attachment":[{"href":"http:\/\/www.hund-hersbruck.de\/web_neu\/wp-json\/wp\/v2\/media?parent=4170"}],"curies":[{"name":"wp","href":"https:\/\/api.w.org\/{rel}","templated":true}]}}