{"id":4167,"date":"2012-04-03T10:13:33","date_gmt":"2012-04-03T10:13:33","guid":{"rendered":"http:\/\/www.hund-hersbruck.de\/web_neu\/?page_id=4167"},"modified":"2025-09-10T08:17:42","modified_gmt":"2025-09-10T08:17:42","slug":"4167-2","status":"publish","type":"page","link":"http:\/\/www.hund-hersbruck.de\/web_neu\/denkspiele\/4167-2\/","title":{"rendered":"Denkspiele_Seite 2"},"content":{"rendered":"<p style=\"text-align: center;\"><span style=\"color: #0000ff; font-family: arial,helvetica,sans-serif; font-size: 18pt;\"><strong>Denkspiele &#8211; Strategiespiele &#8211; T\u00fcftelspiele<\/strong><\/span><\/p>\n<p style=\"text-align: center;\"><span style=\"color: #000000; font-family: arial,helvetica,sans-serif; font-size: 18px;\"><strong><span style=\"color: #ff0000; font-size: 12pt; text-decoration: underline;\">Vor allem Spiele der Firmen <span style=\"text-decoration: underline;\">ThinkFun\u00a0<\/span>und <span style=\"text-decoration: underline;\">Smart Games, aber nur noch, solange unsere Vorr\u00e4te reichen! Dann keine mehr! <\/span>:<\/span>\u00a0 <\/strong><span style=\"font-size: 10pt;\">Reisespiele &#8211; Die gro\u00dfe Krabbelei &#8211; Unterwasserwelt &#8211; Der magische Wald &#8211;\u00a0City Puzzle &#8211; Brick by Brick &#8211; Toot and Otto \u00a0<\/span><\/span><\/p>\n<p style=\"text-align: center;\"><span style=\"font-family: arial,helvetica,sans-serif; font-size: 18px;\"><span style=\"font-size: 16px;\"><span style=\"font-size: 10pt;\">F\u00fcr alle Altersstufen! F\u00fcr Anf\u00e4nger und Fortgeschrittene! Allein oder &#8230; <\/span><span style=\"font-size: 14px;\"><span style=\"font-size: 10pt;\">(= diese Spiele kann man fast nicht allein spielen, weil sofort jemand kommt, der auch mitmachen m\u00f6chte &#8230;)\u00a0 <\/span><span style=\"text-decoration: underline;\"><span style=\"font-size: 10pt;\">Fast alle Spiele k\u00f6nnen Sie bei uns im Gesch\u00e4ft vor dem Kauf ausprobieren!<\/span> <\/span><\/span><\/span><\/span><\/p>\n<p style=\"text-align: center;\"><span style=\"font-family: arial,helvetica,sans-serif; font-size: 18px;\"><span style=\"font-size: 16px;\"><span style=\"font-size: 14px;\">Preis\u00e4nderungen leider vorbehalten! <span style=\"text-decoration: underline;\"><strong>Mindestbestellsumme<\/strong> <\/span>15.- Euro.\u00a0<span style=\"font-size: 10pt;\">Wir liefern mit DHL.\u00a0\u00a0<\/span><\/span><\/span><\/span><span style=\"font-family: arial,helvetica,sans-serif; font-size: 10pt;\"><span style=\"text-decoration: underline;\"><strong>Ladengesch\u00e4ft<\/strong><\/span>: Amberger Str. 8\u00a0 in 91217 Hersbruck (30 km \u00f6stlich von N\u00fcrnberg); \u00d6ffnungszeiten Mo &#8211; Fr. 15.00 &#8211; 18.00 Uhr, Sa 10.00 &#8211; 13.00 Uhr (oder nach Vereinbarung!)<\/span><\/p>\n<p style=\"text-align: center;\"><span style=\"font-family: arial,helvetica,sans-serif;\"><strong><span style=\"font-size: 16px;\">&#8211; Seite 2 &#8211;<\/span><\/strong><\/span><\/p>\n<p style=\"text-align: center;\"><span style=\"font-family: arial,helvetica,sans-serif; font-size: 12pt;\"><strong>So k\u00f6nnen sie bestellen:\u00a0\u00a0\u00a0\u00a0<\/strong><strong>Tel. 09151\/4716\u00a0\u00a0\u00a0\u00a0 oder\u00a0\u00a0 <strong><a href=\"mailto:gabys-zauberland@t-online.de\">gabys-zauberland@t-online.de<\/a>\u00a0\u00a0 <\/strong><\/strong><span style=\"font-size: 10pt;\">oder \u00fcber das<\/span><strong><strong> Kontaktformular oben\u00a0\u00a0\u00a0\u00a0<\/strong><\/strong><\/span><\/p>\n<table border=\"0\" align=\"center\">\n<tbody>\n<tr>\n<td><span style=\"font-size: 18px;\">Seiten<\/span><\/td>\n<td><span style=\"font-size: 18px;\"><a title=\"Denkspiele\" href=\"http:\/\/www.hund-hersbruck.de\/web_neu\/?page_id=106\">1<\/a><\/span><\/td>\n<td><span style=\"font-size: 18px;\"><a title=\"Seite 2\" href=\"http:\/\/www.hund-hersbruck.de\/web_neu\/?page_id=4167\">2<\/a><\/span><\/td>\n<td><span style=\"font-size: 18px;\"><a title=\"Seite 3\" href=\"http:\/\/www.hund-hersbruck.de\/web_neu\/?page_id=4170\">3<\/a><\/span><\/td>\n<td><span style=\"font-size: 18px;\"><a title=\"Seite 4\" href=\"http:\/\/www.hund-hersbruck.de\/web_neu\/?page_id=4172\">4<\/a><\/span><\/td>\n<td><span style=\"font-size: 18px;\"><a title=\"Seite 5\" href=\"http:\/\/www.hund-hersbruck.de\/web_neu\/?page_id=4691\">5<\/a><\/span><\/td>\n<td><span style=\"font-size: 18px;\"><a title=\"Seite 6\" href=\"http:\/\/www.hund-hersbruck.de\/web_neu\/?page_id=4176\">6<\/a><\/span><\/td>\n<td><span style=\"font-size: 18px;\"><a title=\"Seite 7\" href=\"http:\/\/www.hund-hersbruck.de\/web_neu\/?page_id=4178\">7<\/a><\/span><\/td>\n<td><span style=\"font-size: 18px;\"><a title=\"Denkspiele_Seite 8\" href=\"http:\/\/www.hund-hersbruck.de\/web_neu\/denkspiele\/denkspiele_seite-8\/\">8<\/a><\/span><\/td>\n<td><span style=\"font-size: 18px;\"><a title=\"Denkspiele_Seite 9\" href=\"http:\/\/www.hund-hersbruck.de\/web_neu\/denkspiele\/denkspiele_seite-9\/\">9<\/a><\/span><\/td>\n<\/tr>\n<\/tbody>\n<\/table>\n<p class=\"empty-paragraph\"><span style=\"font-size: 1px; color: transparent;\">.<\/span><\/p>\n<p style=\"text-align: justify;\"><strong><span style=\"font-family: arial, helvetica, sans-serif; font-size: 12pt;\"><span style=\"color: #993300;\">STAR WARS &#8211; Das Spiel: Angriff der Klonkrieger\u00a0<\/span> \u00a0 \u00a0 <span style=\"color: #ff0000;\">Sonderpreis 25,00 \u20ac<\/span><\/span><\/strong><br \/>\n<span style=\"font-family: arial, helvetica, sans-serif; font-size: 10pt;\"> <img loading=\"lazy\" decoding=\"async\" class=\"alignnone size-thumbnail wp-image-15452\" src=\"http:\/\/www.hund-hersbruck.de\/web_neu\/wp-content\/uploads\/Star-Wars-Spiel-vorne-150x137.jpg\" alt=\"\" width=\"150\" height=\"137\" srcset=\"http:\/\/www.hund-hersbruck.de\/web_neu\/wp-content\/uploads\/Star-Wars-Spiel-vorne-150x137.jpg 150w, http:\/\/www.hund-hersbruck.de\/web_neu\/wp-content\/uploads\/Star-Wars-Spiel-vorne-300x275.jpg 300w, http:\/\/www.hund-hersbruck.de\/web_neu\/wp-content\/uploads\/Star-Wars-Spiel-vorne-1024x938.jpg 1024w, http:\/\/www.hund-hersbruck.de\/web_neu\/wp-content\/uploads\/Star-Wars-Spiel-vorne-768x703.jpg 768w, http:\/\/www.hund-hersbruck.de\/web_neu\/wp-content\/uploads\/Star-Wars-Spiel-vorne-1536x1407.jpg 1536w, http:\/\/www.hund-hersbruck.de\/web_neu\/wp-content\/uploads\/Star-Wars-Spiel-vorne-2048x1875.jpg 2048w\" sizes=\"auto, (max-width: 150px) 100vw, 150px\" \/> \u00a0von KOSMOS: Wie im entsprechenden Film wird hier der Kampf von Anakin Skywalker, Padm\u00e9 Amidala und Obi-Wan Kenobi, sowie zahlreicher Jedi-Ritter mit einer Armee aus Kampfdroiden (unter der F\u00fchrung von Count Dooku nachgestellt. Die Spieler versuchen GEMEINSAM (!) so lange durchzuhalten, bis Meister Yoda mit der Klonarmee eintrifft &#8230; Spielplan, Jedi-Figuren usw.; 2-4 Spieler ab 8 Jahren, Spielzeit ca. 45 Minuten; &#8222;Alle gemeinsam gegen die Droidenarmee!&#8220;\u00a0 Schachtel 30x30x7cm, schwer!\u00a0 Nicht f\u00fcr Kinder unter 3 Jahren geeignet wegen verschluckbarer Kleinteile!<\/span><\/p>\n<p class=\"empty-paragraph\">\u00a0<span style=\"font-size: 1px; color: transparent;\">.<\/span><\/p>\n<p class=\"empty-paragraph\">\u00a0<span style=\"font-size: 1px; color: transparent;\">.<\/span><\/p>\n<p class=\"empty-paragraph\" style=\"text-align: justify;\"><strong><span style=\"font-family: arial, helvetica, sans-serif; font-size: 12pt;\"><span style=\"color: #993300;\">Legespiel &#8222;Strolche&#8220;<\/span>\u00a0 \u00a0 \u00a0 \u00a05,00 \u20ac<\/span><\/strong><br \/>\n<span style=\"font-family: arial, helvetica, sans-serif; font-size: 10pt;\"><img loading=\"lazy\" decoding=\"async\" class=\"alignnone size-medium wp-image-15467\" src=\"http:\/\/www.hund-hersbruck.de\/web_neu\/wp-content\/uploads\/Legespiel-Strolche-300x232.jpg\" alt=\"\" width=\"300\" height=\"232\" srcset=\"http:\/\/www.hund-hersbruck.de\/web_neu\/wp-content\/uploads\/Legespiel-Strolche-300x232.jpg 300w, http:\/\/www.hund-hersbruck.de\/web_neu\/wp-content\/uploads\/Legespiel-Strolche-1024x791.jpg 1024w, http:\/\/www.hund-hersbruck.de\/web_neu\/wp-content\/uploads\/Legespiel-Strolche-150x116.jpg 150w, http:\/\/www.hund-hersbruck.de\/web_neu\/wp-content\/uploads\/Legespiel-Strolche-768x593.jpg 768w, http:\/\/www.hund-hersbruck.de\/web_neu\/wp-content\/uploads\/Legespiel-Strolche-1536x1187.jpg 1536w, http:\/\/www.hund-hersbruck.de\/web_neu\/wp-content\/uploads\/Legespiel-Strolche-2048x1582.jpg 2048w\" sizes=\"auto, (max-width: 300px) 100vw, 300px\" \/>\u00a0 \u00a0Diese Art von &#8222;unendlich oft&#8220; spielbaren Legepuzzles kennen viele junge und reife Spielefans! Sieht leicht aus, hat man sofort verstanden, hat es aber in sich! Da man immer wieder mit einem anderen sechseckigen &#8222;Stein&#8220; anfangen kann, ist es jedesmal wieder neu. Die genau passenden Hund (&#8222;Strolche&#8220;) m\u00fcssen sich gegen\u00fcber sitzen. Das ist am Anfang babyleicht, aber dann &#8230; In unserer Familie waren diese Puzzles besonders bei Restaurantbesuchen \/ bei Reisen oder anderen Gelegenheiten beliebt, wo man mit wenig Gep\u00e4ck z.B. Wartezeiten spielerisch (f\u00fcr alle Altersstufen ab ca. 6 Jahren bis 106) \u00fcberbr\u00fccken musste.\u00a0 Nicht f\u00fcr Kinder unter drei Jahren geeignet wegen &#8230; (tja, warum eigentlich, stammt ja von unserem besten Holzspielzeughersteller goki \/ TOYS pure) &#8230; evtl. in den Mund steckbarer Teile (4,5 cm Durchmesser, 6eckig!); 7 Teile im Rahmen 15,5 cm<\/span><\/p>\n<p>&nbsp;<\/p>\n<p class=\"empty-paragraph\">\n<p class=\"empty-paragraph\">\u00a0<span style=\"font-size: 1px; color: transparent;\">.<\/span><\/p>\n<p style=\"text-align: justify;\"><span style=\"font-family: arial,helvetica,sans-serif; font-size: 12pt;\"><strong><span style=\"color: #993300;\">Magnetspiel &#8222;Die Schlange hat Hunger&#8220;\u00a0<\/span> \u00a0\u00a0\u00a0 15,00 \u20ac\u00a0 \u00a0nur noch zwei St\u00fcck, dann keine mehr!<\/strong><\/span><br \/>\n<span style=\"font-family: arial,helvetica,sans-serif; font-size: 10pt;\"><img loading=\"lazy\" decoding=\"async\" class=\"alignleft size-full wp-image-14976\" src=\"http:\/\/www.hund-hersbruck.de\/web_neu\/wp-content\/uploads\/Magnetschlange-Goki.jpg\" alt=\"\" width=\"215\" height=\"215\" srcset=\"http:\/\/www.hund-hersbruck.de\/web_neu\/wp-content\/uploads\/Magnetschlange-Goki.jpg 215w, http:\/\/www.hund-hersbruck.de\/web_neu\/wp-content\/uploads\/Magnetschlange-Goki-150x150.jpg 150w\" sizes=\"auto, (max-width: 215px) 100vw, 215px\" \/><img loading=\"lazy\" decoding=\"async\" class=\"alignleft size-thumbnail wp-image-14977\" src=\"http:\/\/www.hund-hersbruck.de\/web_neu\/wp-content\/uploads\/Magnetschlange-2-150x150.jpg\" alt=\"\" width=\"150\" height=\"150\" srcset=\"http:\/\/www.hund-hersbruck.de\/web_neu\/wp-content\/uploads\/Magnetschlange-2-150x150.jpg 150w, http:\/\/www.hund-hersbruck.de\/web_neu\/wp-content\/uploads\/Magnetschlange-2-300x300.jpg 300w, http:\/\/www.hund-hersbruck.de\/web_neu\/wp-content\/uploads\/Magnetschlange-2.jpg 600w\" sizes=\"auto, (max-width: 150px) 100vw, 150px\" \/> \u00a0 Ein T\u00fcftelspiel f\u00fcr Kinder ab 3 Jahren bis \u2026 ?\u00a0 Es gilt, der Schlange den Weg zu ihrem Futter zu bauen. Dazu sind 22 verschiedene Vorlagen enthalten, jeweils mit Kopf und Schwanz. Die magnetischen Einzelteile m\u00fcssen richtig angebaut werden. Immer wieder spielbar, weil man sich den Weg bestimmt nicht merken kann. Auch sehr gut f\u00fcr den Urlaub \u2026 Wegen der enthaltenen Kleinteile nicht f\u00fcr Kinder unter drei Jahren geeignet. Aber daaaaannnn \u2026!<\/span><\/p>\n<p class=\"empty-paragraph\">\u00a0<span style=\"font-size: 1px; color: transparent;\">.<\/span><\/p>\n<p class=\"empty-paragraph\">\u00a0<span style=\"font-size: 1px; color: transparent;\">.<\/span><\/p>\n<p class=\"empty-paragraph\">\u00a0<span style=\"font-size: 1px; color: transparent;\">.<\/span><\/p>\n<p class=\"empty-paragraph\">\u00a0<span style=\"font-size: 1px; color: transparent;\">.<\/span><\/p>\n<p class=\"empty-paragraph\" style=\"text-align: center;\"><span style=\"text-decoration: underline;\"><strong><span style=\"font-size: 18px;\"><span style=\"color: #993300; text-decoration: underline;\">MAGNETISCHE REISESPIELE von SmartGames:<\/span><\/span><\/strong><\/span><br \/>\n<span style=\"font-family: arial,helvetica,sans-serif; font-size: 14px;\"><span style=\"font-size: 10pt;\">Da kann nichts runterfallen, die Spielregeln sind in 30 Sekunden verstanden, steigende Schwierigkeitsgrade von leicht bis sehr schwer, f\u00fcr alle Altersstufen von 6 &#8211; 99 Jahren, motivierende Themen, stabile Ausf\u00fchrung, schnell mal zwischendrin oder auch konzentriert l\u00e4nger &#8230; &#8211; und noch dazu zu einem\u00a0&#8222;angenehmen&#8220; <strong>PREIS:\u00a0je 12,00 \u20ac<\/strong>\u00a0 (noch &#8230;!) (nat\u00fcrlich in deutscher Ausf\u00fchrung, nicht wie auf den Bildern)<\/span> <span style=\"font-size: 10px;\">Nicht f\u00fcr Kinder unter drei Jahren geeignet!<\/span><\/span><\/p>\n<p class=\"empty-paragraph\" style=\"text-align: justify;\"><span style=\"color: transparent; font-family: arial,helvetica,sans-serif; font-size: 12pt;\">.<\/span><span style=\"font-family: arial,helvetica,sans-serif;\"><span style=\"color: #993300;\"><strong><span style=\"font-size: 18px;\"><span style=\"font-size: 12pt;\">Unterwasserwelt:\u00a0\u00a0\u00a0\u00a0\u00a0\u00a0\u00a0\u00a0\u00a0\u00a0\u00a0\u00a0\u00a0\u00a0\u00a0\u00a0\u00a0\u00a0\u00a0<span style=\"color: #000000;\"> 12,00 \u20ac \u00a0SONDERPREIS! <\/span><\/span><br \/>\n<a href=\"http:\/\/www.hund-hersbruck.de\/web_neu\/denkspiele\/4167-2\/smartunterwasserwelt\/\" rel=\"attachment wp-att-5148\"><img loading=\"lazy\" decoding=\"async\" class=\"alignleft size-thumbnail wp-image-5148\" title=\"SmartUnterwasserwelt\" src=\"http:\/\/www.hund-hersbruck.de\/web_neu\/wp-content\/uploads\/SmartUnterwasserwelt-109x150.png\" alt=\"\" width=\"109\" height=\"150\" srcset=\"http:\/\/www.hund-hersbruck.de\/web_neu\/wp-content\/uploads\/SmartUnterwasserwelt-109x150.png 109w, http:\/\/www.hund-hersbruck.de\/web_neu\/wp-content\/uploads\/SmartUnterwasserwelt-218x300.png 218w, http:\/\/www.hund-hersbruck.de\/web_neu\/wp-content\/uploads\/SmartUnterwasserwelt.png 364w\" sizes=\"auto, (max-width: 109px) 100vw, 109px\" \/><\/a><span style=\"font-size: 10pt;\"> P<\/span><\/span><\/strong><\/span><span style=\"font-size: 10pt;\">latziere die vier magnetischen Puzzleteile auf dem Brett, so dass nur die Tiere, die in der Aufgabe abgebildet sind, auf dem Spielbrett sichtbar bleiben und alle anderen abgedeckt bleiben. Spielregeln und Daten wie oben \u2026\u00a0<span style=\"color: #ff0000;\"> Nur noch, solange unser Vorrat reicht!<\/span><\/span><\/span><\/p>\n<p class=\"empty-paragraph\"><span style=\"font-family: arial,helvetica,sans-serif;\">\u00a0<span style=\"color: transparent; font-size: 1px;\">.<\/span><\/span><\/p>\n<p class=\"empty-paragraph\">\u00a0<span style=\"color: transparent; font-size: 1px;\">.<\/span><\/p>\n<p class=\"empty-paragraph\">\u00a0<span style=\"color: transparent; font-size: 1px;\">.<\/span><\/p>\n<p class=\"empty-paragraph\" style=\"text-align: justify;\">\u00a0<span style=\"color: transparent; font-family: arial,helvetica,sans-serif; font-size: 1px;\">.<\/span><span style=\"font-family: arial,helvetica,sans-serif; font-size: 12pt;\"><strong><span style=\"color: #993300;\">Der magische Wald:\u00a0\u00a0\u00a0\u00a0\u00a0\u00a0\u00a0\u00a0\u00a0\u00a0\u00a0\u00a0\u00a0\u00a0 <span style=\"color: #000000;\">12,00 \u20ac \u00a0SONDERPREIS!\u00a0 <\/span><\/span><\/strong><\/span><br \/>\n<a href=\"http:\/\/www.hund-hersbruck.de\/web_neu\/denkspiele\/4167-2\/smartmagischer-wald\/\" rel=\"attachment wp-att-5150\"><img loading=\"lazy\" decoding=\"async\" class=\"alignleft size-thumbnail wp-image-5150\" title=\"SmartMagischer Wald\" src=\"http:\/\/www.hund-hersbruck.de\/web_neu\/wp-content\/uploads\/SmartMagischer-Wald-109x150.png\" alt=\"\" width=\"109\" height=\"150\" srcset=\"http:\/\/www.hund-hersbruck.de\/web_neu\/wp-content\/uploads\/SmartMagischer-Wald-109x150.png 109w, http:\/\/www.hund-hersbruck.de\/web_neu\/wp-content\/uploads\/SmartMagischer-Wald-218x300.png 218w, http:\/\/www.hund-hersbruck.de\/web_neu\/wp-content\/uploads\/SmartMagischer-Wald.png 364w\" sizes=\"auto, (max-width: 109px) 100vw, 109px\" \/><\/a>\u00a0\u00a0 <span style=\"font-family: arial,helvetica,sans-serif; font-size: 10pt;\">Finde heraus, wie die Puzzleteile auf dem magnetischen Brett angeordnet werden m\u00fcssen! Hat 48 Aufgaben von einfach bis sehr knifflig. Zum Mitnehmen und Spielen unterwegs geeignet. Spielregeln wie beim gro\u00dfen &#8222;Go Getter \/ Finde den Weg&#8220;; 16 x 16 x 2 cm, ca. 180 Gramm\u00a0\u00a0 <span style=\"color: #ff0000;\">Nur noch, solange unser Vorrat reicht!<\/span><\/span><\/p>\n<p class=\"empty-paragraph\" style=\"text-align: justify;\"><span style=\"font-family: arial,helvetica,sans-serif; font-size: 10pt;\">\u00a0<span style=\"color: transparent;\">.<\/span><\/span><\/p>\n<p class=\"empty-paragraph\">\u00a0<span style=\"color: transparent; font-size: 1px;\">.<\/span><\/p>\n<p class=\"empty-paragraph\">\u00a0<span style=\"color: transparent; font-size: 1px;\">.<\/span><\/p>\n<p class=\"empty-paragraph\"><span style=\"font-size: 10pt;\">\u00a0<\/span><span style=\"color: #000000; font-family: Arial; font-size: 14px;\"><span style=\"font-size: 10px;\"><strong>\u00a0\u00a0<\/strong><\/span><\/span><span style=\"color: #000000; font-family: Arial; font-size: 14px;\"><span style=\"font-size: 10px;\">\u00a0<\/span><\/span><\/p>\n<p style=\"text-align: justify;\">\u00a0<span style=\"color: #000000; font-size: 14px;\"><span style=\"font-size: 12pt;\"><strong><em><span style=\"font-family: Arial;\"><span style=\"color: #993300;\">Stein auf\u00a0Stein<\/span> (Brick by Brick)<\/span><\/em><\/strong><\/span><span style=\"font-family: Arial;\"><span style=\"font-family: Arial; font-size: 12pt;\">\u00a0\u00a0\u00a0\u00a0\u00a0\u00a0\u00a0\u00a0\u00a0\u00a0\u00a0\u00a0\u00a0\u00a0\u00a0\u00a0\u00a0\u00a0\u00a0 <strong>16,00 \u20ac\u00a0 \u00a0SONDERPREIS! <\/strong>\u00a0\u00a0<\/span><br \/>\n<a href=\"http:\/\/www.hund-hersbruck.de\/web_neu\/denkspiele\/4167-2\/brickbybrick2\/\" rel=\"attachment wp-att-4375\"><img loading=\"lazy\" decoding=\"async\" class=\"alignleft size-medium wp-image-4375\" title=\"BrickbyBrick2\" src=\"http:\/\/www.hund-hersbruck.de\/web_neu\/wp-content\/uploads\/BrickbyBrick2-300x300.png\" alt=\"\" width=\"300\" height=\"300\" srcset=\"http:\/\/www.hund-hersbruck.de\/web_neu\/wp-content\/uploads\/BrickbyBrick2-300x300.png 300w, http:\/\/www.hund-hersbruck.de\/web_neu\/wp-content\/uploads\/BrickbyBrick2-150x150.png 150w, http:\/\/www.hund-hersbruck.de\/web_neu\/wp-content\/uploads\/BrickbyBrick2.png 360w\" sizes=\"auto, (max-width: 300px) 100vw, 300px\" \/><\/a><span style=\"font-size: 10pt;\">Ein verflixtes Puzzle mit (nur!) f\u00fcnf &#8222;Ziegelsteinfiguren&#8220;, das von ziemlich leicht bis ganz schwer Knoten ins Gehirn machen kann! 60 Karten mit Vorlagen, die nach zu bauen sind. L\u00f6sungen auf der R\u00fcckseite. Schult vor allem das r\u00e4umliche Denken, die Konzentration, das Bildged\u00e4chtnis und das Durchhalteverm\u00f6gen. Ab 7 Jahren.\u00a0 Metall- oder Plastikausf\u00fchrung lieferbar N<span style=\"text-decoration: underline;\"><span style=\"color: #ff0000; font-family: Arial; text-decoration: underline;\">ur noch, solange unser Vorrat reicht!<\/span><\/span> \u00a0<\/span>\u00a0<span style=\"font-size: 10px;\"><span style=\"font-family: Arial;\">ACHTUNG:Nicht geeignet f\u00fcr Kinder unter 3 Jahren wegen Erstickungsgefahr durch Kleinteile!<\/span>\u00a0<\/span><\/span><\/span><\/p>\n<p class=\"empty-paragraph\">\u00a0<span style=\"color: transparent; font-size: 1px;\">.<\/span><\/p>\n<p class=\"empty-paragraph\">\u00a0<span style=\"color: transparent; font-size: 1px;\">.<\/span><\/p>\n<p class=\"empty-paragraph\">\u00a0<span style=\"color: transparent; font-size: 1px;\">.<\/span><\/p>\n<p class=\"empty-paragraph\">\u00a0<span style=\"color: transparent; font-size: 1px;\">.<\/span><\/p>\n<p class=\"empty-paragraph\">\u00a0<span style=\"color: transparent; font-size: 1px;\">.<\/span><\/p>\n<p class=\"empty-paragraph\">\u00a0\u00a0<span style=\"color: transparent; font-size: 1px;\">.<\/span><\/p>\n<p class=\"empty-paragraph\">\u00a0<span style=\"color: transparent; font-size: 1px;\">.<\/span>\u00a0<span style=\"color: transparent; font-size: 1px;\">.<\/span><\/p>\n<p class=\"empty-paragraph\">\u00a0<span style=\"color: transparent; font-size: 1px;\">.<\/span><\/p>\n<p class=\"empty-paragraph\">\u00a0<span style=\"color: transparent; font-size: 1px;\">.<\/span><\/p>\n<p class=\"empty-paragraph\" style=\"text-align: justify;\"><span style=\"color: #000000; font-size: 14px;\"><span style=\"font-family: arial,helvetica,sans-serif; font-size: 12pt;\"><strong><em><span style=\"color: #993300;\">TOOT und OTTO<\/span><\/em><span style=\"color: #993300;\">\u00a0<\/span><\/strong><\/span><span style=\"font-family: Arial;\"><span style=\"font-family: arial,helvetica,sans-serif; font-size: 12pt;\">\u00a0\u00a0\u00a0\u00a0(ThinkFun)\u00a0\u00a0\u00a0\u00a0\u00a0\u00a0<strong>nur noch\u00a0 12,00 \u20ac\u00a0\u00a0\u00a0 \u00a0SONDERPREIS!<\/strong><\/span><br \/>\n<a href=\"http:\/\/www.hund-hersbruck.de\/web_neu\/denkspiele\/4167-2\/tootundotto\/\" rel=\"attachment wp-att-4378\"><img loading=\"lazy\" decoding=\"async\" class=\"alignleft size-full wp-image-4378\" title=\"TootundOtto\" src=\"http:\/\/www.hund-hersbruck.de\/web_neu\/wp-content\/uploads\/TootundOtto.jpg\" alt=\"\" width=\"200\" height=\"238\" srcset=\"http:\/\/www.hund-hersbruck.de\/web_neu\/wp-content\/uploads\/TootundOtto.jpg 200w, http:\/\/www.hund-hersbruck.de\/web_neu\/wp-content\/uploads\/TootundOtto-126x150.jpg 126w\" sizes=\"auto, (max-width: 200px) 100vw, 200px\" \/><\/a><span style=\"font-size: 10pt;\">Dieses Strategiespiel f\u00fcr zwei Spieler ab 6 Jahren macht Spa\u00df und sorgt immer wieder f\u00fcr \u00dcberraschungen. Es erinnert vom Aussehen her an \u201eVier gewinnt\u201c und wird auch so gespielt. Ein Spieler hei\u00dft TOOT, der andere OTTO. Jeder wirft abwechselnd einen seiner Buchstaben (O oder T) oben in das Spielfeld. Wer zuerst seinen Namen waagerecht, senkrecht oder diagonal lesen kann, hat gewonnen! Mit Variationen. <span style=\"color: #ff0000;\"><strong><span style=\"font-family: Arial;\">Das Spiel gibt es nicht mehr vom Hersteller. Wir haben noch wenige Exemplare!\u00a0 Aaaalllssooo &#8230;<\/span><\/strong><\/span>\u00a0\u00a0 \u00a0<\/span>\u00a0<span style=\"font-size: 10px;\"><span style=\"font-family: Arial;\">ACHTUNG:\u00a0Nicht geeignet f\u00fcr Kinder unter 3 Jahren wegen Erstickungsgefahr durch\u00a0Kleinteile!<\/span>\u00a0\u00a0\u00a0<\/span><\/span><\/span><\/p>\n<p class=\"empty-paragraph\">\u00a0<span style=\"color: transparent; font-size: 1px;\">.<\/span><\/p>\n<p class=\"empty-paragraph\">\u00a0<span style=\"color: transparent; font-size: 1px;\">.<\/span><\/p>\n<p class=\"empty-paragraph\">\u00a0<span style=\"color: transparent; font-size: 1px;\">.<\/span><\/p>\n<p class=\"empty-paragraph\">\u00a0<span style=\"color: transparent; font-size: 1px;\">.<\/span>\u00a0<span style=\"color: transparent; font-size: 1px;\">.<\/span>\u00a0<span style=\"color: transparent; font-size: 1px;\">.<\/span><span style=\"color: transparent; font-size: 1px;\">.<\/span>\u00a0<span style=\"color: transparent; font-size: 1px;\">.<\/span><span style=\"color: transparent; font-size: 1px;\"><strong>r Inhalt dieser Seite wird gerade \u00fcberarbeitet, klicken Sie HIEm auf die urspr\u00fcngliche Seite weiter geleitet zu r<\/strong><\/span><span style=\"color: #000000; font-family: Arial; font-size: 14px;\"><span style=\"font-size: 10px;\">\u00a0\u00a0\u00a0\u00a0\u00a0\u00a0\u00a0\u00a0\u00a0\u00a0\u00a0 <\/span><\/span><\/p>\n<p style=\"text-align: center;\"><strong><span style=\"font-size: 16px;\">\u00a0Sie waren eben auf Seite 2 der Denkspiele. Es kommt also jetzt &#8230;<\/span><\/strong><\/p>\n<p>&nbsp;<\/p>\n<table border=\"0\" align=\"center\">\n<tbody>\n<tr>\n<td><span style=\"font-size: 18px;\">Seiten<\/span><\/td>\n<td><span style=\"font-size: 18px;\"><a title=\"Denkspiele\" href=\"http:\/\/www.hund-hersbruck.de\/web_neu\/?page_id=106\">1<\/a><\/span><\/td>\n<td><span style=\"font-size: 18px;\"><a title=\"Seite 2\" href=\"http:\/\/www.hund-hersbruck.de\/web_neu\/?page_id=4167\">2<\/a><\/span><\/td>\n<td><span style=\"font-size: 18px;\"><a title=\"Seite 3\" href=\"http:\/\/www.hund-hersbruck.de\/web_neu\/?page_id=4170\">3<\/a><\/span><\/td>\n<td><span style=\"font-size: 18px;\"><a title=\"Seite 4\" href=\"http:\/\/www.hund-hersbruck.de\/web_neu\/?page_id=4172\">4<\/a><\/span><\/td>\n<td><span style=\"font-size: 18px;\"><a title=\"Seite 5\" href=\"http:\/\/www.hund-hersbruck.de\/web_neu\/?page_id=4691\">5<\/a><\/span><\/td>\n<td><span style=\"font-size: 18px;\"><a title=\"Seite 6\" href=\"http:\/\/www.hund-hersbruck.de\/web_neu\/?page_id=4176\">6<\/a><\/span><\/td>\n<td><span style=\"font-size: 18px;\"><a title=\"Seite 7\" href=\"http:\/\/www.hund-hersbruck.de\/web_neu\/?page_id=4178\">7<\/a><\/span><\/td>\n<td><span style=\"font-size: 18px;\"><a title=\"Denkspiele_Seite 8\" href=\"http:\/\/www.hund-hersbruck.de\/web_neu\/denkspiele\/denkspiele_seite-8\/\">8<\/a><\/span><\/td>\n<td><span style=\"font-size: 18px;\"><a title=\"Denkspiele_Seite 9\" href=\"http:\/\/www.hund-hersbruck.de\/web_neu\/denkspiele\/denkspiele_seite-9\/\">9<\/a><\/span><\/td>\n<\/tr>\n<\/tbody>\n<\/table>\n","protected":false},"excerpt":{"rendered":"<p>Denkspiele &#8211; Strategiespiele &#8211; T\u00fcftelspiele Vor allem Spiele der Firmen ThinkFun\u00a0und Smart Games, aber nur noch, solange unsere Vorr\u00e4te reichen! Dann keine mehr! :\u00a0 Reisespiele &#8211; Die gro\u00dfe Krabbelei &#8211; Unterwasserwelt &#8211; Der magische Wald &#8211;\u00a0City Puzzle &#8211; Brick by Brick &#8211; Toot and Otto \u00a0 F\u00fcr alle Altersstufen! F\u00fcr Anf\u00e4nger und Fortgeschrittene! Allein oder [&hellip;]<\/p>\n","protected":false},"author":2,"featured_media":0,"parent":106,"menu_order":0,"comment_status":"closed","ping_status":"closed","template":"","meta":{"footnotes":""},"class_list":["post-4167","page","type-page","status-publish","hentry"],"_links":{"self":[{"href":"http:\/\/www.hund-hersbruck.de\/web_neu\/wp-json\/wp\/v2\/pages\/4167","targetHints":{"allow":["GET"]}}],"collection":[{"href":"http:\/\/www.hund-hersbruck.de\/web_neu\/wp-json\/wp\/v2\/pages"}],"about":[{"href":"http:\/\/www.hund-hersbruck.de\/web_neu\/wp-json\/wp\/v2\/types\/page"}],"author":[{"embeddable":true,"href":"http:\/\/www.hund-hersbruck.de\/web_neu\/wp-json\/wp\/v2\/users\/2"}],"replies":[{"embeddable":true,"href":"http:\/\/www.hund-hersbruck.de\/web_neu\/wp-json\/wp\/v2\/comments?post=4167"}],"version-history":[{"count":77,"href":"http:\/\/www.hund-hersbruck.de\/web_neu\/wp-json\/wp\/v2\/pages\/4167\/revisions"}],"predecessor-version":[{"id":17614,"href":"http:\/\/www.hund-hersbruck.de\/web_neu\/wp-json\/wp\/v2\/pages\/4167\/revisions\/17614"}],"up":[{"embeddable":true,"href":"http:\/\/www.hund-hersbruck.de\/web_neu\/wp-json\/wp\/v2\/pages\/106"}],"wp:attachment":[{"href":"http:\/\/www.hund-hersbruck.de\/web_neu\/wp-json\/wp\/v2\/media?parent=4167"}],"curies":[{"name":"wp","href":"https:\/\/api.w.org\/{rel}","templated":true}]}}