{"id":4,"date":"2011-10-13T06:42:15","date_gmt":"2011-10-13T06:42:15","guid":{"rendered":"http:\/\/www.hund-hersbruck.de\/web_neu\/?page_id=4"},"modified":"2019-05-02T08:11:06","modified_gmt":"2019-05-02T08:11:06","slug":"home","status":"publish","type":"page","link":"http:\/\/www.hund-hersbruck.de\/web_neu\/","title":{"rendered":"Home"},"content":{"rendered":"<p style=\"text-align: center;\"><span style=\"font-size: 18pt;\"><b style=\"color: #000000;\"><a title=\"Phys. Spielzeug_Seite 1\" href=\"http:\/\/www.hund-hersbruck.de\/web_neu\/phys_test\/\">Physikalisches Spielzeug \/ Physikalische Zaubertricks \/ Dekorationsartikel mit physikalischem Hintergrund<br \/>\n<\/a><\/b><span style=\"font-size: 12pt; font-family: arial, helvetica, sans-serif;\">(Mechanik \/ Elektrizit\u00e4t \/ Luft \/ Magnetismus \/ MatheMagie \/ Optik \/ Akustik \/ Fl\u00fcssigkeiten \/ physikalische T\u00fcfteleien)<\/span><\/span><\/p>\n<p>&nbsp;<\/p>\n<p style=\"text-align: center;\"><span style=\"font-size: 18pt;\"><b style=\"color: #000000;\"><a title=\"Zaubertricks\" href=\"http:\/\/www.hund-hersbruck.de\/web_neu\/zaubertricks\/\">Zaubern<br \/>\n<\/a><\/b><span style=\"font-size: 12pt; font-family: arial, helvetica, sans-serif;\">(f\u00fcr Kinder, Jugendliche und Erwachsene; f\u00fcr Anf\u00e4nger, Fortgeschrittene und Profis; f\u00fcr den Tisch, die kleine und gro\u00dfe B\u00fchne; besonders preiswert durch Direktimport; mit deutschen Anleitungen von Wolfgang Hund (\u201eHundini\u201c); Spezialbereiche \u201eZauberei f\u00fcr Kinder\u201c, Mentalmagie, MatheMagie und &#8222;magische Nervt\u00f6ter&#8220;; Vorf\u00fchrm\u00f6glichkeit im Gesch\u00e4ft; Zauberworkshops und Zaubershows, z.B. auch f\u00fcr Kindergeburtstage;<\/span><\/span><\/p>\n<p>&nbsp;<\/p>\n<p style=\"text-align: center;\"><span style=\"font-size: 18pt;\"><b style=\"color: #000000;\"><a title=\"Denkspiele\" href=\"http:\/\/www.hund-hersbruck.de\/web_neu\/denkspiele\/\">Denkspiele<\/a> &amp;\u00a0<a title=\"T\u00fcftelspiele\" href=\"http:\/\/www.hund-hersbruck.de\/web_neu\/tuftelspiele\/\">T\u00fcftelspiele<\/a><a title=\"Denkspiele\" href=\"http:\/\/www.hund-hersbruck.de\/web_neu\/denkspiele\/\"><br \/>\n<\/a><\/b><span style=\"font-size: 12pt; font-family: arial, helvetica, sans-serif;\">(Ausgesuchte, wenig bekannte T\u00fcfteleien und Klassiker dieses Bereichs; f\u00fcr alle Altersstufen und in vielen Schwierigkeitsgraden; in Holz, Plastik oder Metall; Denkspiele f\u00fcr eine Person mit steigender Schwierigkeit (die Sie im Gesch\u00e4ft ausprobieren k\u00f6nnen).<\/span><\/span><\/p>\n<p>&nbsp;<\/p>\n<p style=\"text-align: center;\"><strong><span style=\"font-size: 14pt;\">\u2026 und andere zauberhafte Dinge &#8230;<\/span><\/strong><\/p>\n<p style=\"text-align: center;\"><span style=\"color: #000000; text-decoration: underline; font-size: 14pt;\"><a title=\"Geschenkartikel\" href=\"http:\/\/www.hund-hersbruck.de\/web_neu\/geschenkartikel\/\">Geschenkartikel<\/a> und <a title=\"Geheimverstecke und Verpackungen f\u00fcr Geldgeschenke\" href=\"http:\/\/www.hund-hersbruck.de\/web_neu\/geheimverstecke\/\">Geheimverstecke<\/a><\/span><\/p>\n<p style=\"text-align: center;\"><span style=\"color: #000000; text-decoration: underline; font-size: 14pt;\"><a title=\"Spielwaren\" href=\"http:\/\/www.hund-hersbruck.de\/web_neu\/spielwaren\/\">Spielwaren<\/a><\/span><\/p>\n<p style=\"text-align: center;\"><span style=\"color: #000000; text-decoration: underline; font-size: 14pt;\"><a title=\"AloeVera\" href=\"http:\/\/www.hund-hersbruck.de\/web_neu\/verschiedenes\/\">Aloe Vera<\/a><\/span><\/p>\n<p style=\"text-align: center;\"><span style=\"color: #000000; text-decoration: underline; font-size: 14pt;\"><a title=\"Sammlerartikel: Asterix, Simpsons, Disney, Schl\u00fcmpfe &amp; Co\" href=\"http:\/\/www.hund-hersbruck.de\/web_neu\/sammlerartikel\/\">Sammlerartikel<\/a><\/span><\/p>\n<p style=\"text-align: center;\"><span style=\"color: #000000; text-decoration: underline; font-size: 14pt;\"><a title=\"Kindergeburtstag\" href=\"http:\/\/www.hund-hersbruck.de\/web_neu\/kindergeburtstag\/\">Kindergeburtstag<\/a><\/span><\/p>\n<p style=\"text-align: center;\"><span style=\"color: #000000; text-decoration: underline; font-size: 14pt;\"><a title=\"Fantasy-Figuren\" href=\"http:\/\/www.hund-hersbruck.de\/web_neu\/fantasy-figuren\/\">Fantasy-Figuren<\/a><\/span><\/p>\n","protected":false},"excerpt":{"rendered":"<p>Physikalisches Spielzeug \/ Physikalische Zaubertricks \/ Dekorationsartikel mit physikalischem Hintergrund (Mechanik \/ Elektrizit\u00e4t \/ Luft \/ Magnetismus \/ MatheMagie \/ Optik \/ Akustik \/ Fl\u00fcssigkeiten \/ physikalische T\u00fcfteleien) &nbsp; Zaubern (f\u00fcr Kinder, Jugendliche und Erwachsene; f\u00fcr Anf\u00e4nger, Fortgeschrittene und Profis; f\u00fcr den Tisch, die kleine und gro\u00dfe B\u00fchne; besonders preiswert durch Direktimport; mit deutschen Anleitungen [&hellip;]<\/p>\n","protected":false},"author":1,"featured_media":0,"parent":0,"menu_order":0,"comment_status":"closed","ping_status":"closed","template":"","meta":{"footnotes":""},"class_list":["post-4","page","type-page","status-publish","hentry"],"_links":{"self":[{"href":"http:\/\/www.hund-hersbruck.de\/web_neu\/wp-json\/wp\/v2\/pages\/4","targetHints":{"allow":["GET"]}}],"collection":[{"href":"http:\/\/www.hund-hersbruck.de\/web_neu\/wp-json\/wp\/v2\/pages"}],"about":[{"href":"http:\/\/www.hund-hersbruck.de\/web_neu\/wp-json\/wp\/v2\/types\/page"}],"author":[{"embeddable":true,"href":"http:\/\/www.hund-hersbruck.de\/web_neu\/wp-json\/wp\/v2\/users\/1"}],"replies":[{"embeddable":true,"href":"http:\/\/www.hund-hersbruck.de\/web_neu\/wp-json\/wp\/v2\/comments?post=4"}],"version-history":[{"count":27,"href":"http:\/\/www.hund-hersbruck.de\/web_neu\/wp-json\/wp\/v2\/pages\/4\/revisions"}],"predecessor-version":[{"id":13340,"href":"http:\/\/www.hund-hersbruck.de\/web_neu\/wp-json\/wp\/v2\/pages\/4\/revisions\/13340"}],"wp:attachment":[{"href":"http:\/\/www.hund-hersbruck.de\/web_neu\/wp-json\/wp\/v2\/media?parent=4"}],"curies":[{"name":"wp","href":"https:\/\/api.w.org\/{rel}","templated":true}]}}