{"id":215,"date":"2011-12-06T09:45:56","date_gmt":"2011-12-06T09:45:56","guid":{"rendered":"http:\/\/www.hund-hersbruck.de\/web_neu\/?page_id=215"},"modified":"2015-02-22T10:25:27","modified_gmt":"2015-02-22T10:25:27","slug":"elfen","status":"publish","type":"page","link":"http:\/\/www.hund-hersbruck.de\/web_neu\/fantasy-figuren\/elfen\/","title":{"rendered":"Elfen"},"content":{"rendered":"<p style=\"text-align: center;\"><strong><span style=\"font-family: arial,helvetica,sans-serif; font-size: 18pt;\">Elfen zum Spielen (von SCHLEICH) und als Dekorationsfiguren<\/span><\/strong><\/p>\n<p style=\"text-align: justify;\"><span style=\"font-family: arial,helvetica,sans-serif; font-size: 14pt;\">Bei den Elfen &#8211; Figuren sieht es \u00e4hnlich aus wie bei den Drachen &amp; Co:<\/span><\/p>\n<p style=\"text-align: justify;\"><span style=\"font-family: arial,helvetica,sans-serif; font-size: 14pt;\">Was aktuell vorhanden ist, k\u00f6nnen Sie nur im Gesch\u00e4ft sehen. Das gilt sowohl f\u00fcr die Elfen und Feen von <span style=\"color: #ff0000; text-decoration: underline;\"><strong>Schleich<\/strong> <\/span>(zum Spielen; wie z.B. im Februar 2015 <span style=\"color: #ff0000; text-decoration: underline;\"><strong>zum Beispiel: Arclan, Jaro, Florindel, Nugur, Turag, blumenelfe, Harfenelfe, Bilara, Surah<\/strong> <\/span>&#8230;), wie f\u00fcr die Dekorationsfiguren.<\/span><\/p>\n<p style=\"text-align: justify;\"><span style=\"font-family: arial,helvetica,sans-serif; font-size: 14pt;\">Damit Sie sich aber wenigstens einen Eindruck davon machen k\u00f6nnen, was hier auf Sie warten k\u00f6nnte, einige Bildbeispiele (die aber nicht mehr alle lieferbar sind, daf\u00fcr halt andere &#8230;):<\/span><\/p>\n<p style=\"text-align: justify;\"><a href=\"http:\/\/www.hund-hersbruck.de\/web_neu\/wp-content\/uploads\/Elfen-1.jpg\"><img loading=\"lazy\" decoding=\"async\" class=\"alignleft size-full wp-image-8224\" src=\"http:\/\/www.hund-hersbruck.de\/web_neu\/wp-content\/uploads\/Elfen-1.jpg\" alt=\"Elfen 1\" width=\"288\" height=\"290\" srcset=\"http:\/\/www.hund-hersbruck.de\/web_neu\/wp-content\/uploads\/Elfen-1.jpg 288w, http:\/\/www.hund-hersbruck.de\/web_neu\/wp-content\/uploads\/Elfen-1-148x150.jpg 148w\" sizes=\"auto, (max-width: 288px) 100vw, 288px\" \/><\/a><a href=\"http:\/\/www.hund-hersbruck.de\/web_neu\/wp-content\/uploads\/Elfen-klein-mit-Einhorn.jpg\"><img loading=\"lazy\" decoding=\"async\" class=\"alignleft size-full wp-image-8225\" src=\"http:\/\/www.hund-hersbruck.de\/web_neu\/wp-content\/uploads\/Elfen-klein-mit-Einhorn.jpg\" alt=\"Elfen klein mit Einhorn\" width=\"290\" height=\"107\" srcset=\"http:\/\/www.hund-hersbruck.de\/web_neu\/wp-content\/uploads\/Elfen-klein-mit-Einhorn.jpg 290w, http:\/\/www.hund-hersbruck.de\/web_neu\/wp-content\/uploads\/Elfen-klein-mit-Einhorn-150x55.jpg 150w\" sizes=\"auto, (max-width: 290px) 100vw, 290px\" \/><\/a><a href=\"http:\/\/www.hund-hersbruck.de\/web_neu\/wp-content\/uploads\/Elfen-klein.jpg\"><img loading=\"lazy\" decoding=\"async\" class=\"alignleft size-full wp-image-8226\" src=\"http:\/\/www.hund-hersbruck.de\/web_neu\/wp-content\/uploads\/Elfen-klein.jpg\" alt=\"Elfen klein\" width=\"290\" height=\"202\" srcset=\"http:\/\/www.hund-hersbruck.de\/web_neu\/wp-content\/uploads\/Elfen-klein.jpg 290w, http:\/\/www.hund-hersbruck.de\/web_neu\/wp-content\/uploads\/Elfen-klein-150x104.jpg 150w\" sizes=\"auto, (max-width: 290px) 100vw, 290px\" \/><\/a><a href=\"http:\/\/www.hund-hersbruck.de\/web_neu\/wp-content\/uploads\/Feen-gross.jpg\"><img loading=\"lazy\" decoding=\"async\" class=\"alignleft size-full wp-image-8227\" src=\"http:\/\/www.hund-hersbruck.de\/web_neu\/wp-content\/uploads\/Feen-gross.jpg\" alt=\"Feen gross\" width=\"290\" height=\"230\" srcset=\"http:\/\/www.hund-hersbruck.de\/web_neu\/wp-content\/uploads\/Feen-gross.jpg 290w, http:\/\/www.hund-hersbruck.de\/web_neu\/wp-content\/uploads\/Feen-gross-150x118.jpg 150w\" sizes=\"auto, (max-width: 290px) 100vw, 290px\" \/><\/a><a href=\"http:\/\/www.hund-hersbruck.de\/web_neu\/wp-content\/uploads\/Feen-mit-Einhorn.jpg\"><img loading=\"lazy\" decoding=\"async\" class=\"alignleft size-full wp-image-8228\" src=\"http:\/\/www.hund-hersbruck.de\/web_neu\/wp-content\/uploads\/Feen-mit-Einhorn.jpg\" alt=\"Feen mit Einhorn\" width=\"200\" height=\"290\" srcset=\"http:\/\/www.hund-hersbruck.de\/web_neu\/wp-content\/uploads\/Feen-mit-Einhorn.jpg 200w, http:\/\/www.hund-hersbruck.de\/web_neu\/wp-content\/uploads\/Feen-mit-Einhorn-103x150.jpg 103w\" sizes=\"auto, (max-width: 200px) 100vw, 200px\" \/><\/a><\/p>\n<p class=\"empty-paragraph\">\u00a0<span style=\"font-size: 1px; color: transparent;\">.<\/span><\/p>\n<p class=\"empty-paragraph\">\u00a0<span style=\"font-size: 1px; color: transparent;\">.<\/span><\/p>\n<p class=\"empty-paragraph\">\u00a0<span style=\"font-size: 1px; color: transparent;\">.<\/span><\/p>\n<p class=\"empty-paragraph\">\u00a0<span style=\"font-size: 1px; color: transparent;\">.<\/span><\/p>\n<p class=\"empty-paragraph\">\u00a0<span style=\"font-size: 1px; color: transparent;\">.<\/span><\/p>\n<p class=\"empty-paragraph\">\u00a0<span style=\"font-size: 1px; color: transparent;\">.<\/span><\/p>\n<p class=\"empty-paragraph\">\u00a0<span style=\"font-size: 1px; color: transparent;\">.<\/span><\/p>\n<p class=\"empty-paragraph\">\u00a0<span style=\"font-size: 1px; color: transparent;\">.<\/span><\/p>\n<p class=\"empty-paragraph\">\u00a0<span style=\"font-size: 1px; color: transparent;\">.<\/span><\/p>\n<p class=\"empty-paragraph\">\u00a0<span style=\"font-size: 1px; color: transparent;\">.<\/span><\/p>\n<p class=\"empty-paragraph\">\u00a0<span style=\"font-size: 1px; color: transparent;\">.<\/span><\/p>\n<p class=\"empty-paragraph\">\u00a0<span style=\"font-size: 1px; color: transparent;\">.<\/span><\/p>\n<p class=\"empty-paragraph\">\u00a0<span style=\"font-size: 1px; color: transparent;\">.<\/span><\/p>\n<p class=\"empty-paragraph\">\u00a0<span style=\"font-size: 1px; color: transparent;\">.<\/span><\/p>\n<p class=\"empty-paragraph\">\u00a0<span style=\"font-size: 1px; color: transparent;\">.<\/span><\/p>\n<p class=\"empty-paragraph\">\u00a0<span style=\"font-size: 1px; color: transparent;\">.<\/span><\/p>\n<p class=\"empty-paragraph\"><a href=\"http:\/\/www.hund-hersbruck.de\/web_neu\/wp-content\/uploads\/Elfe-Bilara.jpg\"><img loading=\"lazy\" decoding=\"async\" class=\"alignleft size-medium wp-image-8232\" src=\"http:\/\/www.hund-hersbruck.de\/web_neu\/wp-content\/uploads\/Elfe-Bilara-300x300.jpg\" alt=\"Elfe Bilara\" width=\"300\" height=\"300\" srcset=\"http:\/\/www.hund-hersbruck.de\/web_neu\/wp-content\/uploads\/Elfe-Bilara-300x300.jpg 300w, http:\/\/www.hund-hersbruck.de\/web_neu\/wp-content\/uploads\/Elfe-Bilara-150x150.jpg 150w, http:\/\/www.hund-hersbruck.de\/web_neu\/wp-content\/uploads\/Elfe-Bilara.jpg 450w\" sizes=\"auto, (max-width: 300px) 100vw, 300px\" \/><\/a><a href=\"http:\/\/www.hund-hersbruck.de\/web_neu\/wp-content\/uploads\/Elfe-Surah.jpg\"><img loading=\"lazy\" decoding=\"async\" class=\"alignleft size-full wp-image-8233\" src=\"http:\/\/www.hund-hersbruck.de\/web_neu\/wp-content\/uploads\/Elfe-Surah.jpg\" alt=\"Elfe Surah\" width=\"247\" height=\"300\" srcset=\"http:\/\/www.hund-hersbruck.de\/web_neu\/wp-content\/uploads\/Elfe-Surah.jpg 247w, http:\/\/www.hund-hersbruck.de\/web_neu\/wp-content\/uploads\/Elfe-Surah-123x150.jpg 123w\" sizes=\"auto, (max-width: 247px) 100vw, 247px\" \/><\/a><\/p>\n<p class=\"empty-paragraph\">\u00a0<span style=\"font-size: 1px; color: transparent;\">.<\/span><\/p>\n<p style=\"text-align: justify;\"><a href=\"http:\/\/www.hund-hersbruck.de\/web_neu\/wp-content\/uploads\/Harfenelfe.jpg\"><img loading=\"lazy\" decoding=\"async\" class=\"alignleft size-medium wp-image-8235\" src=\"http:\/\/www.hund-hersbruck.de\/web_neu\/wp-content\/uploads\/Harfenelfe-300x283.jpg\" alt=\"Harfenelfe\" width=\"300\" height=\"283\" srcset=\"http:\/\/www.hund-hersbruck.de\/web_neu\/wp-content\/uploads\/Harfenelfe-300x283.jpg 300w, http:\/\/www.hund-hersbruck.de\/web_neu\/wp-content\/uploads\/Harfenelfe-150x141.jpg 150w, http:\/\/www.hund-hersbruck.de\/web_neu\/wp-content\/uploads\/Harfenelfe.jpg 384w\" sizes=\"auto, (max-width: 300px) 100vw, 300px\" \/><\/a><a href=\"http:\/\/www.hund-hersbruck.de\/web_neu\/wp-content\/uploads\/Feen-mit-Einhorn.jpg\"><br \/>\n<\/a><\/p>\n<p>&nbsp;<\/p>\n","protected":false},"excerpt":{"rendered":"<p>Elfen zum Spielen (von SCHLEICH) und als Dekorationsfiguren Bei den Elfen &#8211; Figuren sieht es \u00e4hnlich aus wie bei den Drachen &amp; Co: Was aktuell vorhanden ist, k\u00f6nnen Sie nur im Gesch\u00e4ft sehen. Das gilt sowohl f\u00fcr die Elfen und Feen von Schleich (zum Spielen; wie z.B. im Februar 2015 zum Beispiel: Arclan, Jaro, Florindel, [&hellip;]<\/p>\n","protected":false},"author":1,"featured_media":0,"parent":214,"menu_order":0,"comment_status":"closed","ping_status":"closed","template":"","meta":{"footnotes":""},"class_list":["post-215","page","type-page","status-publish","hentry"],"_links":{"self":[{"href":"http:\/\/www.hund-hersbruck.de\/web_neu\/wp-json\/wp\/v2\/pages\/215","targetHints":{"allow":["GET"]}}],"collection":[{"href":"http:\/\/www.hund-hersbruck.de\/web_neu\/wp-json\/wp\/v2\/pages"}],"about":[{"href":"http:\/\/www.hund-hersbruck.de\/web_neu\/wp-json\/wp\/v2\/types\/page"}],"author":[{"embeddable":true,"href":"http:\/\/www.hund-hersbruck.de\/web_neu\/wp-json\/wp\/v2\/users\/1"}],"replies":[{"embeddable":true,"href":"http:\/\/www.hund-hersbruck.de\/web_neu\/wp-json\/wp\/v2\/comments?post=215"}],"version-history":[{"count":10,"href":"http:\/\/www.hund-hersbruck.de\/web_neu\/wp-json\/wp\/v2\/pages\/215\/revisions"}],"predecessor-version":[{"id":8237,"href":"http:\/\/www.hund-hersbruck.de\/web_neu\/wp-json\/wp\/v2\/pages\/215\/revisions\/8237"}],"up":[{"embeddable":true,"href":"http:\/\/www.hund-hersbruck.de\/web_neu\/wp-json\/wp\/v2\/pages\/214"}],"wp:attachment":[{"href":"http:\/\/www.hund-hersbruck.de\/web_neu\/wp-json\/wp\/v2\/media?parent=215"}],"curies":[{"name":"wp","href":"https:\/\/api.w.org\/{rel}","templated":true}]}}