{"id":214,"date":"2011-12-06T09:45:24","date_gmt":"2011-12-06T09:45:24","guid":{"rendered":"http:\/\/www.hund-hersbruck.de\/web_neu\/?page_id=214"},"modified":"2020-12-30T14:48:13","modified_gmt":"2020-12-30T14:48:13","slug":"fantasy-figuren","status":"publish","type":"page","link":"http:\/\/www.hund-hersbruck.de\/web_neu\/fantasy-figuren\/","title":{"rendered":"Fantasy-Figuren"},"content":{"rendered":"<p style=\"text-align: justify;\"><span style=\"font-family: arial,helvetica,sans-serif; font-size: 14pt;\">Wir haben viele gro\u00dfe und kleine <strong><span style=\"text-decoration: underline;\">Drachen- \/ Zauberer- \/ Hexenfiguren<\/span> <\/strong>in vielen verschiedenen Ausf\u00fchrungen! Da wir aber auf Sonderangebote achten, um diese Preisvorteile dann an die Kunden weitergeben zu k\u00f6nnen, ist es nicht m\u00f6glich, dieses Sortiment hier bildlich wieder zu geben. Da m\u00fcssen Sie schon ins Gesch\u00e4ft kommen &#8211; und wir freuen uns auf Sie!<\/span><\/p>\n<p style=\"text-align: justify;\"><span style=\"font-family: arial,helvetica,sans-serif; font-size: 14pt;\">Teilweise haben diese Figuren durchaus auch einen &#8222;<strong>Nutzwert<\/strong>&#8222;, n\u00e4mlich als elektrische Lampe (Stimmungslampe), Kerzenhalter, Spiegelhalter, mit Brief\u00f6ffner, als Trinkgef\u00e4\u00df, als kleine &#8222;Schatztruhe&#8220; usw. &#8230;<\/span><\/p>\n<p style=\"text-align: justify;\"><span style=\"font-family: arial,helvetica,sans-serif; font-size: 14pt;\">Die <strong>Preise<\/strong> bewegen sich im Rahmen von ca. 1,50 Euro bis zu ca. 80 Euro (das sind dann aber schon Drachen bis 70 cm H\u00f6he &#8230;)<\/span><\/p>\n<p style=\"text-align: justify;\"><span style=\"font-family: arial,helvetica,sans-serif; font-size: 14pt;\">Damit Sie einen Eindruck bekommen, hier mal <strong>Beispiele<\/strong> (was nicht hei\u00dft, dass diese Modelle\u00a0zu dem Zeitpunkt lieferbar sind, wenn Sie anrufen\u00a0\u2026\u00a0<\/span><\/p>\n<p><span style=\"font-family: arial,helvetica,sans-serif;\"><strong><span style=\"color: #993300;\">Drachen klein<\/span> &#8211; 12fach sortiert \/ xfache Farben \u2026.\u00a0 1,20 \u20ac\/ St\u00fcck\u00a0\u00a0\u00a0\u00a0\u00a0\u00a0\u00a0\u00a0\u00a0\u00a0\u00a0 <span style=\"color: #ff0000;\">10,00 \u20ac \/ 10 St\u00fcck<\/span><\/strong><\/span><\/p>\n<p>Im Corona-Stillstand tauchten wir in unsere Lager ab \u2026 &#8211; und entdeckten in einem Winkel diese wundersch\u00f6nen Burschen! Und zwar eine ziemliche Menge! Bis diese etwas reduziert ist, geben wir die kleinen Drachen zu einem Superturbodinosonderpreis ab! Sie sind ca. (!!) 5 cm hoch und &#8222;breit \/ lang&#8220;. Schwierig zu messen bei diesen quirligen, hyperaktiven Kerlchen, die auf dem Schreibtisch rumwirbeln. Jedenfalls sind es 12 verschiedene Formen (!) in x verschiedenen Farben mit Glitter. Bewundernswert ausdrucksvoll geformt in dynamischen Bewegungen.<br \/>\n1 St\u00fcck kostet 1,20\u00a0\u00a0\u00a0 10 St\u00fcck Supersonderpreis 10,00 \u20ac! Jetzt aber los! Aussuchen m\u00fcssen wir sie allerdings \u2026\u00a0 <span style=\"font-size: 8pt;\">Nicht f\u00fcr Kinder unter 3 Jahren geeignet, da Teilchen abbrechen und die Glitzerteilchen \u2026 k\u00f6nnen!<\/span><br \/>\n<img loading=\"lazy\" decoding=\"async\" class=\"alignleft size-medium wp-image-14730\" src=\"http:\/\/www.hund-hersbruck.de\/web_neu\/wp-content\/uploads\/Drachen-klein-2-300x169.jpg\" alt=\"\" width=\"300\" height=\"169\" srcset=\"http:\/\/www.hund-hersbruck.de\/web_neu\/wp-content\/uploads\/Drachen-klein-2-300x169.jpg 300w, http:\/\/www.hund-hersbruck.de\/web_neu\/wp-content\/uploads\/Drachen-klein-2-1024x576.jpg 1024w, http:\/\/www.hund-hersbruck.de\/web_neu\/wp-content\/uploads\/Drachen-klein-2-150x84.jpg 150w, http:\/\/www.hund-hersbruck.de\/web_neu\/wp-content\/uploads\/Drachen-klein-2-768x432.jpg 768w, http:\/\/www.hund-hersbruck.de\/web_neu\/wp-content\/uploads\/Drachen-klein-2-1536x864.jpg 1536w, http:\/\/www.hund-hersbruck.de\/web_neu\/wp-content\/uploads\/Drachen-klein-2-2048x1152.jpg 2048w\" sizes=\"auto, (max-width: 300px) 100vw, 300px\" \/><\/p>\n<p><img loading=\"lazy\" decoding=\"async\" class=\"alignleft size-medium wp-image-14731\" src=\"http:\/\/www.hund-hersbruck.de\/web_neu\/wp-content\/uploads\/Drachen-klein-1-300x169.jpg\" alt=\"\" width=\"300\" height=\"169\" srcset=\"http:\/\/www.hund-hersbruck.de\/web_neu\/wp-content\/uploads\/Drachen-klein-1-300x169.jpg 300w, http:\/\/www.hund-hersbruck.de\/web_neu\/wp-content\/uploads\/Drachen-klein-1-1024x576.jpg 1024w, http:\/\/www.hund-hersbruck.de\/web_neu\/wp-content\/uploads\/Drachen-klein-1-150x84.jpg 150w, http:\/\/www.hund-hersbruck.de\/web_neu\/wp-content\/uploads\/Drachen-klein-1-768x432.jpg 768w, http:\/\/www.hund-hersbruck.de\/web_neu\/wp-content\/uploads\/Drachen-klein-1-1536x864.jpg 1536w, http:\/\/www.hund-hersbruck.de\/web_neu\/wp-content\/uploads\/Drachen-klein-1-2048x1152.jpg 2048w\" sizes=\"auto, (max-width: 300px) 100vw, 300px\" \/><\/p>\n<p>&nbsp;<\/p>\n<p>&nbsp;<\/p>\n<p>&nbsp;<\/p>\n<p>&nbsp;<\/p>\n<p>&nbsp;<\/p>\n<p>&nbsp;<\/p>\n<p class=\"empty-paragraph\">\u00a0<span style=\"font-size: 1px; color: transparent;\">.<\/span><\/p>\n<p class=\"empty-paragraph\">\u00a0<span style=\"font-size: 1px; color: transparent;\">.<\/span><\/p>\n<p class=\"empty-paragraph\">\u00a0<span style=\"font-size: 1px; color: transparent;\">.<\/span><\/p>\n<p style=\"text-align: justify;\"><strong><span style=\"font-family: arial,helvetica,sans-serif; font-size: 14pt;\"><span style=\"color: #993300; text-decoration: underline;\">Good Morning Dragon by Amy Brown <\/span>&#8211; Sammler-Collection\u00a0\u00a0 <span style=\"color: #ff0000;\">Sonderpreis 28.- \u20ac,<\/span> 10,5 cm hoch; keine Trinktasse, wundersch\u00f6nes Design!: <a href=\"http:\/\/www.hund-hersbruck.de\/web_neu\/wp-content\/uploads\/Drachentasse-Amy-Brown.jpg\"><img loading=\"lazy\" decoding=\"async\" class=\"alignleft size-full wp-image-9815\" src=\"http:\/\/www.hund-hersbruck.de\/web_neu\/wp-content\/uploads\/Drachentasse-Amy-Brown.jpg\" alt=\"Drachentasse Amy Brown\" width=\"270\" height=\"270\" srcset=\"http:\/\/www.hund-hersbruck.de\/web_neu\/wp-content\/uploads\/Drachentasse-Amy-Brown.jpg 270w, http:\/\/www.hund-hersbruck.de\/web_neu\/wp-content\/uploads\/Drachentasse-Amy-Brown-150x150.jpg 150w\" sizes=\"auto, (max-width: 270px) 100vw, 270px\" \/><\/a><\/span><\/strong><\/p>\n<p class=\"empty-paragraph\">\u00a0<span style=\"font-size: 1px; color: transparent;\">.<\/span><\/p>\n<p class=\"empty-paragraph\">\u00a0<span style=\"font-size: 1px; color: transparent;\">.<\/span><\/p>\n<p class=\"empty-paragraph\">\u00a0<span style=\"font-size: 1px; color: transparent;\">.<\/span><\/p>\n<p class=\"empty-paragraph\">\u00a0<span style=\"font-size: 1px; color: transparent;\">.<\/span><\/p>\n<p class=\"empty-paragraph\">\u00a0<span style=\"font-size: 1px; color: transparent;\">.<\/span><\/p>\n<p class=\"empty-paragraph\">\u00a0<span style=\"font-size: 1px; color: transparent;\">.<\/span><\/p>\n<p class=\"empty-paragraph\">\u00a0<span style=\"font-size: 1px; color: transparent;\">.<\/span><\/p>\n<p class=\"empty-paragraph\">\u00a0<span style=\"font-size: 1px; color: transparent;\">.<\/span><\/p>\n<p class=\"empty-paragraph\">\u00a0<span style=\"font-size: 1px; color: transparent;\">.<\/span><\/p>\n<p style=\"text-align: justify;\"><a href=\"http:\/\/www.hund-hersbruck.de\/web_neu\/wp-content\/uploads\/Drache-Bierkrug.jpg\"><img loading=\"lazy\" decoding=\"async\" class=\"alignleft size-thumbnail wp-image-8211\" src=\"http:\/\/www.hund-hersbruck.de\/web_neu\/wp-content\/uploads\/Drache-Bierkrug-100x150.jpg\" alt=\"Drache Bierkrug\" width=\"100\" height=\"150\" srcset=\"http:\/\/www.hund-hersbruck.de\/web_neu\/wp-content\/uploads\/Drache-Bierkrug-100x150.jpg 100w, http:\/\/www.hund-hersbruck.de\/web_neu\/wp-content\/uploads\/Drache-Bierkrug.jpg 190w\" sizes=\"auto, (max-width: 100px) 100vw, 100px\" \/><\/a><a href=\"http:\/\/www.hund-hersbruck.de\/web_neu\/wp-content\/uploads\/Drache-Dose.jpg\"><img loading=\"lazy\" decoding=\"async\" class=\"alignleft size-thumbnail wp-image-8212\" src=\"http:\/\/www.hund-hersbruck.de\/web_neu\/wp-content\/uploads\/Drache-Dose-150x99.jpg\" alt=\"Drache Dose\" width=\"150\" height=\"99\" srcset=\"http:\/\/www.hund-hersbruck.de\/web_neu\/wp-content\/uploads\/Drache-Dose-150x99.jpg 150w, http:\/\/www.hund-hersbruck.de\/web_neu\/wp-content\/uploads\/Drache-Dose.jpg 285w\" sizes=\"auto, (max-width: 150px) 100vw, 150px\" \/><\/a><a href=\"http:\/\/www.hund-hersbruck.de\/web_neu\/wp-content\/uploads\/Drache-Kugel.jpg\"><img loading=\"lazy\" decoding=\"async\" class=\"alignleft size-thumbnail wp-image-8213\" src=\"http:\/\/www.hund-hersbruck.de\/web_neu\/wp-content\/uploads\/Drache-Kugel-113x150.jpg\" alt=\"Drache Kugel\" width=\"113\" height=\"150\" srcset=\"http:\/\/www.hund-hersbruck.de\/web_neu\/wp-content\/uploads\/Drache-Kugel-113x150.jpg 113w, http:\/\/www.hund-hersbruck.de\/web_neu\/wp-content\/uploads\/Drache-Kugel.jpg 215w\" sizes=\"auto, (max-width: 113px) 100vw, 113px\" \/><\/a><a href=\"http:\/\/www.hund-hersbruck.de\/web_neu\/wp-content\/uploads\/Drache-schwarz-1.jpg\"><img loading=\"lazy\" decoding=\"async\" class=\"alignleft size-thumbnail wp-image-8214\" src=\"http:\/\/www.hund-hersbruck.de\/web_neu\/wp-content\/uploads\/Drache-schwarz-1-150x133.jpg\" alt=\"Drache schwarz 1\" width=\"150\" height=\"133\" srcset=\"http:\/\/www.hund-hersbruck.de\/web_neu\/wp-content\/uploads\/Drache-schwarz-1-150x133.jpg 150w, http:\/\/www.hund-hersbruck.de\/web_neu\/wp-content\/uploads\/Drache-schwarz-1.jpg 285w\" sizes=\"auto, (max-width: 150px) 100vw, 150px\" \/><\/a><a href=\"http:\/\/www.hund-hersbruck.de\/web_neu\/wp-content\/uploads\/Drache-schwarz-mit-drei-Kerzen.jpg\"><img loading=\"lazy\" decoding=\"async\" class=\"alignleft size-thumbnail wp-image-8215\" src=\"http:\/\/www.hund-hersbruck.de\/web_neu\/wp-content\/uploads\/Drache-schwarz-mit-drei-Kerzen-123x150.jpg\" alt=\"Drache schwarz mit drei Kerzen\" width=\"123\" height=\"150\" srcset=\"http:\/\/www.hund-hersbruck.de\/web_neu\/wp-content\/uploads\/Drache-schwarz-mit-drei-Kerzen-123x150.jpg 123w, http:\/\/www.hund-hersbruck.de\/web_neu\/wp-content\/uploads\/Drache-schwarz-mit-drei-Kerzen.jpg 235w\" sizes=\"auto, (max-width: 123px) 100vw, 123px\" \/><\/a><a href=\"http:\/\/www.hund-hersbruck.de\/web_neu\/wp-content\/uploads\/Drache-schwarz-mit-Schwert.jpg\"><img loading=\"lazy\" decoding=\"async\" class=\"alignleft size-thumbnail wp-image-8216\" src=\"http:\/\/www.hund-hersbruck.de\/web_neu\/wp-content\/uploads\/Drache-schwarz-mit-Schwert-127x150.jpg\" alt=\"Drache schwarz mit Schwert\" width=\"127\" height=\"150\" srcset=\"http:\/\/www.hund-hersbruck.de\/web_neu\/wp-content\/uploads\/Drache-schwarz-mit-Schwert-127x150.jpg 127w, http:\/\/www.hund-hersbruck.de\/web_neu\/wp-content\/uploads\/Drache-schwarz-mit-Schwert.jpg 242w\" sizes=\"auto, (max-width: 127px) 100vw, 127px\" \/><\/a><a href=\"http:\/\/www.hund-hersbruck.de\/web_neu\/wp-content\/uploads\/Drachen-Dose-2.jpg\"><img loading=\"lazy\" decoding=\"async\" class=\"alignleft size-thumbnail wp-image-8217\" src=\"http:\/\/www.hund-hersbruck.de\/web_neu\/wp-content\/uploads\/Drachen-Dose-2-150x136.jpg\" alt=\"Drachen Dose 2\" width=\"150\" height=\"136\" srcset=\"http:\/\/www.hund-hersbruck.de\/web_neu\/wp-content\/uploads\/Drachen-Dose-2-150x136.jpg 150w, http:\/\/www.hund-hersbruck.de\/web_neu\/wp-content\/uploads\/Drachen-Dose-2.jpg 285w\" sizes=\"auto, (max-width: 150px) 100vw, 150px\" \/><\/a><a href=\"http:\/\/www.hund-hersbruck.de\/web_neu\/wp-content\/uploads\/Drachen-klein.jpg\"><img loading=\"lazy\" decoding=\"async\" class=\"alignleft size-full wp-image-8218\" src=\"http:\/\/www.hund-hersbruck.de\/web_neu\/wp-content\/uploads\/Drachen-klein.jpg\" alt=\"Drachen klein\" width=\"290\" height=\"93\" srcset=\"http:\/\/www.hund-hersbruck.de\/web_neu\/wp-content\/uploads\/Drachen-klein.jpg 290w, http:\/\/www.hund-hersbruck.de\/web_neu\/wp-content\/uploads\/Drachen-klein-150x48.jpg 150w\" sizes=\"auto, (max-width: 290px) 100vw, 290px\" \/><\/a><a href=\"http:\/\/www.hund-hersbruck.de\/web_neu\/wp-content\/uploads\/Drachen-mit-drei-Koepfen.jpg\"><img loading=\"lazy\" decoding=\"async\" class=\"alignleft size-full wp-image-8219\" src=\"http:\/\/www.hund-hersbruck.de\/web_neu\/wp-content\/uploads\/Drachen-mit-drei-Koepfen.jpg\" alt=\"Drachen mit drei Koepfen\" width=\"235\" height=\"290\" srcset=\"http:\/\/www.hund-hersbruck.de\/web_neu\/wp-content\/uploads\/Drachen-mit-drei-Koepfen.jpg 235w, http:\/\/www.hund-hersbruck.de\/web_neu\/wp-content\/uploads\/Drachen-mit-drei-Koepfen-121x150.jpg 121w\" sizes=\"auto, (max-width: 235px) 100vw, 235px\" \/><\/a><a href=\"http:\/\/www.hund-hersbruck.de\/web_neu\/wp-content\/uploads\/Drachen-mmit-LED.jpg\"><img loading=\"lazy\" decoding=\"async\" class=\"alignleft size-full wp-image-8220\" src=\"http:\/\/www.hund-hersbruck.de\/web_neu\/wp-content\/uploads\/Drachen-mmit-LED.jpg\" alt=\"Drachen mmit LED\" width=\"290\" height=\"200\" srcset=\"http:\/\/www.hund-hersbruck.de\/web_neu\/wp-content\/uploads\/Drachen-mmit-LED.jpg 290w, http:\/\/www.hund-hersbruck.de\/web_neu\/wp-content\/uploads\/Drachen-mmit-LED-150x103.jpg 150w\" sizes=\"auto, (max-width: 290px) 100vw, 290px\" \/><\/a><a href=\"http:\/\/www.hund-hersbruck.de\/web_neu\/wp-content\/uploads\/Drachen-stehend.jpg\"><img loading=\"lazy\" decoding=\"async\" class=\"alignleft size-full wp-image-8221\" src=\"http:\/\/www.hund-hersbruck.de\/web_neu\/wp-content\/uploads\/Drachen-stehend.jpg\" alt=\"Drachen stehend\" width=\"290\" height=\"163\" srcset=\"http:\/\/www.hund-hersbruck.de\/web_neu\/wp-content\/uploads\/Drachen-stehend.jpg 290w, http:\/\/www.hund-hersbruck.de\/web_neu\/wp-content\/uploads\/Drachen-stehend-150x84.jpg 150w\" sizes=\"auto, (max-width: 290px) 100vw, 290px\" \/><\/a><a href=\"http:\/\/www.hund-hersbruck.de\/web_neu\/wp-content\/uploads\/Drachenkopf-Kerze.jpg\"><img loading=\"lazy\" decoding=\"async\" class=\"alignleft size-full wp-image-8222\" src=\"http:\/\/www.hund-hersbruck.de\/web_neu\/wp-content\/uploads\/Drachenkopf-Kerze.jpg\" alt=\"Drachenkopf Kerze\" width=\"285\" height=\"197\" srcset=\"http:\/\/www.hund-hersbruck.de\/web_neu\/wp-content\/uploads\/Drachenkopf-Kerze.jpg 285w, http:\/\/www.hund-hersbruck.de\/web_neu\/wp-content\/uploads\/Drachenkopf-Kerze-150x103.jpg 150w\" sizes=\"auto, (max-width: 285px) 100vw, 285px\" \/><\/a><\/p>\n<p>&nbsp;<\/p>\n<p>&nbsp;<\/p>\n<p>&nbsp;<\/p>\n","protected":false},"excerpt":{"rendered":"<p>Wir haben viele gro\u00dfe und kleine Drachen- \/ Zauberer- \/ Hexenfiguren in vielen verschiedenen Ausf\u00fchrungen! Da wir aber auf Sonderangebote achten, um diese Preisvorteile dann an die Kunden weitergeben zu k\u00f6nnen, ist es nicht m\u00f6glich, dieses Sortiment hier bildlich wieder zu geben. Da m\u00fcssen Sie schon ins Gesch\u00e4ft kommen &#8211; und wir freuen uns auf [&hellip;]<\/p>\n","protected":false},"author":1,"featured_media":0,"parent":0,"menu_order":0,"comment_status":"closed","ping_status":"closed","template":"","meta":{"footnotes":""},"class_list":["post-214","page","type-page","status-publish","hentry"],"_links":{"self":[{"href":"http:\/\/www.hund-hersbruck.de\/web_neu\/wp-json\/wp\/v2\/pages\/214","targetHints":{"allow":["GET"]}}],"collection":[{"href":"http:\/\/www.hund-hersbruck.de\/web_neu\/wp-json\/wp\/v2\/pages"}],"about":[{"href":"http:\/\/www.hund-hersbruck.de\/web_neu\/wp-json\/wp\/v2\/types\/page"}],"author":[{"embeddable":true,"href":"http:\/\/www.hund-hersbruck.de\/web_neu\/wp-json\/wp\/v2\/users\/1"}],"replies":[{"embeddable":true,"href":"http:\/\/www.hund-hersbruck.de\/web_neu\/wp-json\/wp\/v2\/comments?post=214"}],"version-history":[{"count":10,"href":"http:\/\/www.hund-hersbruck.de\/web_neu\/wp-json\/wp\/v2\/pages\/214\/revisions"}],"predecessor-version":[{"id":14734,"href":"http:\/\/www.hund-hersbruck.de\/web_neu\/wp-json\/wp\/v2\/pages\/214\/revisions\/14734"}],"wp:attachment":[{"href":"http:\/\/www.hund-hersbruck.de\/web_neu\/wp-json\/wp\/v2\/media?parent=214"}],"curies":[{"name":"wp","href":"https:\/\/api.w.org\/{rel}","templated":true}]}}