{"id":203,"date":"2011-12-06T09:33:29","date_gmt":"2011-12-06T09:33:29","guid":{"rendered":"http:\/\/www.hund-hersbruck.de\/web_neu\/?page_id=203"},"modified":"2025-08-05T08:32:28","modified_gmt":"2025-08-05T08:32:28","slug":"sammlerartikel","status":"publish","type":"page","link":"http:\/\/www.hund-hersbruck.de\/web_neu\/sammlerartikel\/","title":{"rendered":"Sammlerartikel: Asterix, Simpsons, Disney, Schl\u00fcmpfe &#038; Co"},"content":{"rendered":"<p style=\"text-align: center;\"><span style=\"color: #ff0000; font-family: arial,helvetica,sans-serif; font-size: 14pt;\">gabys-zauberland@t-online.de\u00a0 oder Tel. 09151\/4716<\/span><\/p>\n<p style=\"text-align: center;\"><span style=\"font-family: arial,helvetica,sans-serif; font-size: 18px;\">Zur Zeit\u00a0sind wir z.B. mit <span style=\"color: #0000ff; text-decoration: underline;\"><strong>SIMPSONS &#8211; Figuren, Schl\u00fcmpfen, Asterixen und Disney-Figuren<\/strong>\u00a0<span style=\"color: #ff0000; text-decoration: underline;\">NOCH<\/span><\/span> gut ausgestattet! So lange halt der Vorrat wieder reicht \u2026; neue kommen nicht mehr!<\/span><\/p>\n<p>&nbsp;<\/p>\n<p><span style=\"font-family: arial,helvetica,sans-serif;\"><span style=\"font-size: 18px;\">Die <span style=\"text-decoration: underline;\"><strong><span style=\"color: #ff0000; text-decoration: underline;\">Pl\u00fcschfiguren der Asterix &#8211; Hauptdarsteller<\/span> <\/strong><\/span>(Asterix, Obelix, Idefix) laufen aus, da die produzierende Firma nicht mehr besteht. Solange unser (begrenzter) Vorrat reicht, beliefern wir Sie gerne. Fragen Sie uns!<\/span> <span style=\"font-size: 18px;\">\u00a0\u00a0\u00a0\u00a0\u00a0<\/span><\/span><\/p>\n<p style=\"text-align: center;\"><span style=\"text-decoration: underline;\"><span style=\"font-family: 'arial black', sans-serif; color: #ff0000; text-decoration: underline;\">ALLES SONDERPREISE! NUR NOCH, SOLANGE UNSER (schmelzender) VORRAT REICHT!<\/span><\/span><\/p>\n<p align=\"CENTER\"><span style=\"font-family: arial, helvetica, sans-serif; font-size: 12pt;\"><span style=\"text-decoration: underline;\"><strong><em>PL\u00dcSCHFIGUREN<\/em><\/strong> in unterschiedlichen Gr\u00f6\u00dfen!<\/span><\/span><\/p>\n<p><span style=\"font-family: arial,helvetica,sans-serif;\"><span style=\"font-size: 18px;\">\u00a0\u00a0\u00a0\u00a0\u00a0<\/span> <span style=\"font-size: x-large;\"><span style=\"text-decoration: underline; font-size: 12pt;\"><a href=\"http:\/\/www.hund-hersbruck.de\/web_neu\/wp-content\/uploads\/Idefix.jpg\"><img loading=\"lazy\" decoding=\"async\" class=\"alignleft size-full wp-image-7149\" src=\"http:\/\/www.hund-hersbruck.de\/web_neu\/wp-content\/uploads\/Idefix.jpg\" alt=\"Idefix\" width=\"160\" height=\"160\" srcset=\"http:\/\/www.hund-hersbruck.de\/web_neu\/wp-content\/uploads\/Idefix.jpg 160w, http:\/\/www.hund-hersbruck.de\/web_neu\/wp-content\/uploads\/Idefix-150x150.jpg 150w\" sizes=\"auto, (max-width: 160px) 100vw, 160px\" \/><\/a> \u00a0\u00a0 <span style=\"color: #993300; text-decoration: underline;\"><strong>Idefix\u00a0 \u00a0 \u00a018 cm\u00a0 10,00 \u20ac\u00a0 \u00a0 \u00a0\u00a0<\/strong> <\/span>25 cm <\/span><strong><span style=\"font-size: 12pt;\">\u00a0\u00a0 20,00 \u20ac\u00a0\u00a0<\/span>\u00a0 <\/strong><strong>\u00a0<\/strong><\/span><span style=\"color: #008080; font-size: xx-small;\">Achtung: \u00a0\u00a0\u00a0\u00a0\u00a0 Nicht f\u00fcr Kinder unter drei Jahren geeignet!\u00a0<\/span><\/span><\/p>\n<p class=\"empty-paragraph\"><span style=\"font-family: arial,helvetica,sans-serif;\">\u00a0<span style=\"color: transparent; font-size: 1px;\">.<\/span><\/span><\/p>\n<p class=\"empty-paragraph\"><span style=\"font-family: arial,helvetica,sans-serif;\">\u00a0<span style=\"color: transparent; font-size: 1px;\">.<\/span><\/span><\/p>\n<p class=\"empty-paragraph\"><span style=\"font-family: arial,helvetica,sans-serif;\">\u00a0<span style=\"color: transparent; font-size: 1px;\">.<\/span><\/span><\/p>\n<p><span style=\"font-family: arial,helvetica,sans-serif;\">\u00a0 <span style=\"font-size: 18px;\">\u00a0\u00a0\u00a0\u00a0\u00a0<\/span><\/span><\/p>\n<p class=\"empty-paragraph\">\u00a0<span style=\"font-size: 1px; color: transparent;\">.<\/span><\/p>\n<p class=\"empty-paragraph\"><span style=\"font-family: arial,helvetica,sans-serif;\"><span style=\"font-size: 12pt;\"><span style=\"text-decoration: underline;\"><a href=\"http:\/\/www.hund-hersbruck.de\/web_neu\/sammlerartikel\/asterixpluesch\/\" rel=\"attachment wp-att-5224\"><img loading=\"lazy\" decoding=\"async\" class=\"alignleft size-medium wp-image-5224\" title=\"Asterixpluesch\" src=\"http:\/\/www.hund-hersbruck.de\/web_neu\/wp-content\/uploads\/Asterixpluesch-300x239.jpg\" alt=\"\" width=\"300\" height=\"239\" srcset=\"http:\/\/www.hund-hersbruck.de\/web_neu\/wp-content\/uploads\/Asterixpluesch-300x239.jpg 300w, http:\/\/www.hund-hersbruck.de\/web_neu\/wp-content\/uploads\/Asterixpluesch-150x119.jpg 150w, http:\/\/www.hund-hersbruck.de\/web_neu\/wp-content\/uploads\/Asterixpluesch.jpg 550w\" sizes=\"auto, (max-width: 300px) 100vw, 300px\" \/><\/a><strong><span style=\"color: #993300; text-decoration: underline;\">Asterix \u00a0\u00a0\u00a0\u00a0\u00a0<\/span> <\/strong>18 cm <\/span><strong>\u00a010,00 \u20ac\u00a0 \u00a0 \u00a0 \u00a0\u00a0<\/strong><span style=\"text-decoration: underline;\"> 26 cm\u00a0\u00a0\u00a0\u00a0\u00a0\u00a0\u00a0 20,0<\/span><strong>0 \u20ac\u00a0 \u00a0 \u00a0 <\/strong><span style=\"text-decoration: underline;\">\u00a040 cm \u00a0\u00a0\u00a0\u00a0\u00a0 <\/span><strong> 25,00 \u20ac\u00a0<\/strong>\u00a0 \u00a0 \u00a0<\/span><strong><span style=\"font-size: x-large;\">\u00a0 \u00a0<\/span><\/strong><span style=\"color: #008080; font-size: xx-small;\">Achtung: \u00a0\u00a0\u00a0\u00a0\u00a0 Nicht f\u00fcr Kinder unter drei Jahren geeignet!<\/span><strong><span style=\"font-size: x-large;\">\u00a0\u00a0\u00a0\u00a0\u00a0\u00a0\u00a0<\/span><\/strong> <span style=\"font-size: 18px;\">\u00a0\u00a0\u00a0\u00a0\u00a0<\/span><br \/>\n<\/span><\/p>\n<p>&nbsp;<\/p>\n<p>&nbsp;<\/p>\n<p class=\"empty-paragraph\">\u00a0<span style=\"font-size: 1px; color: transparent;\">.<\/span><\/p>\n<p class=\"empty-paragraph\">\u00a0<span style=\"font-size: 1px; color: transparent;\">.<\/span><\/p>\n<p class=\"empty-paragraph\">\u00a0<span style=\"font-size: 1px; color: transparent;\">.<\/span><\/p>\n<p class=\"empty-paragraph\">\u00a0<span style=\"font-size: 1px; color: transparent;\">.<\/span><\/p>\n<p><span style=\"font-family: arial,helvetica,sans-serif;\"><span style=\"font-size: 12pt;\"><span style=\"text-decoration: underline;\"><span style=\"color: #993300; text-decoration: underline;\"><strong>Obelix<\/strong><\/span>\u00a0 \u00a0 \u00a0 \u00a0(Preise und Gr\u00f6\u00dfen (ungef\u00e4hr) wie bei Asterix oben, aber nur noch 18 cm und 26 cm erh\u00e4ltllich)\u00a0 \u00a0 \u00a0 <span style=\"font-size: 8pt;\">Nicht f\u00fcr <\/span><\/span><span style=\"font-size: 8pt;\"><span style=\"color: #008080;\">Kinder unter drei Jahren geeignet!<\/span>\u00a0\u00a0 <\/span><\/span><span style=\"font-size: 18px;\"><span style=\"font-size: 8pt;\">\u00a0\u00a0\u00a0\u00a0\u00a0<\/span><span style=\"color: #ff0000;\"><strong><span style=\"font-size: 18px;\"><a href=\"http:\/\/www.hund-hersbruck.de\/web_neu\/sammlerartikel\/obelixpluesch\/\" rel=\"attachment wp-att-5228\"><img loading=\"lazy\" decoding=\"async\" class=\"alignleft size-medium wp-image-5228\" title=\"Obelixpluesch\" src=\"http:\/\/www.hund-hersbruck.de\/web_neu\/wp-content\/uploads\/Obelixpluesch-300x239.jpg\" alt=\"\" width=\"300\" height=\"239\" srcset=\"http:\/\/www.hund-hersbruck.de\/web_neu\/wp-content\/uploads\/Obelixpluesch-300x239.jpg 300w, http:\/\/www.hund-hersbruck.de\/web_neu\/wp-content\/uploads\/Obelixpluesch-150x119.jpg 150w, http:\/\/www.hund-hersbruck.de\/web_neu\/wp-content\/uploads\/Obelixpluesch.jpg 550w\" sizes=\"auto, (max-width: 300px) 100vw, 300px\" \/><\/a><\/span><\/strong><\/span><\/span><\/span><\/p>\n<p style=\"text-align: left;\" align=\"right\"><span style=\"font-family: arial,helvetica,sans-serif; font-size: x-large;\">\u00a0<\/span><\/p>\n<p>&nbsp;<\/p>\n","protected":false},"excerpt":{"rendered":"<p>gabys-zauberland@t-online.de\u00a0 oder Tel. 09151\/4716 Zur Zeit\u00a0sind wir z.B. mit SIMPSONS &#8211; Figuren, Schl\u00fcmpfen, Asterixen und Disney-Figuren\u00a0NOCH gut ausgestattet! So lange halt der Vorrat wieder reicht \u2026; neue kommen nicht mehr! &nbsp; Die Pl\u00fcschfiguren der Asterix &#8211; Hauptdarsteller (Asterix, Obelix, Idefix) laufen aus, da die produzierende Firma nicht mehr besteht. Solange unser (begrenzter) Vorrat reicht, beliefern [&hellip;]<\/p>\n","protected":false},"author":1,"featured_media":0,"parent":0,"menu_order":0,"comment_status":"closed","ping_status":"closed","template":"","meta":{"footnotes":""},"class_list":["post-203","page","type-page","status-publish","hentry"],"_links":{"self":[{"href":"http:\/\/www.hund-hersbruck.de\/web_neu\/wp-json\/wp\/v2\/pages\/203","targetHints":{"allow":["GET"]}}],"collection":[{"href":"http:\/\/www.hund-hersbruck.de\/web_neu\/wp-json\/wp\/v2\/pages"}],"about":[{"href":"http:\/\/www.hund-hersbruck.de\/web_neu\/wp-json\/wp\/v2\/types\/page"}],"author":[{"embeddable":true,"href":"http:\/\/www.hund-hersbruck.de\/web_neu\/wp-json\/wp\/v2\/users\/1"}],"replies":[{"embeddable":true,"href":"http:\/\/www.hund-hersbruck.de\/web_neu\/wp-json\/wp\/v2\/comments?post=203"}],"version-history":[{"count":20,"href":"http:\/\/www.hund-hersbruck.de\/web_neu\/wp-json\/wp\/v2\/pages\/203\/revisions"}],"predecessor-version":[{"id":17597,"href":"http:\/\/www.hund-hersbruck.de\/web_neu\/wp-json\/wp\/v2\/pages\/203\/revisions\/17597"}],"wp:attachment":[{"href":"http:\/\/www.hund-hersbruck.de\/web_neu\/wp-json\/wp\/v2\/media?parent=203"}],"curies":[{"name":"wp","href":"https:\/\/api.w.org\/{rel}","templated":true}]}}