{"id":196,"date":"2011-12-06T09:25:51","date_gmt":"2011-12-06T09:25:51","guid":{"rendered":"http:\/\/www.hund-hersbruck.de\/web_neu\/?page_id=196"},"modified":"2017-01-25T10:28:28","modified_gmt":"2017-01-25T10:28:28","slug":"bucher-von-w-hund","status":"publish","type":"page","link":"http:\/\/www.hund-hersbruck.de\/web_neu\/lehr-lernmittel\/bucher-von-w-hund\/","title":{"rendered":"B\u00fccher von W. Hund"},"content":{"rendered":"<p style=\"text-align: center;\"><strong><span style=\"font-family: arial,helvetica,sans-serif; font-size: 24pt;\">B\u00fccher von Wolfgang Hund<\/span><\/strong><\/p>\n<p style=\"text-align: center;\"><span style=\"font-family: arial,helvetica,sans-serif; font-size: 14pt;\">Wir haben noch einige der inzwischen vergriffenen (und nat\u00fcrlich auch von den noch im Buchhandel erh\u00e4ltlichen) B\u00fccher von Wolfgang Hund auf Lager.<\/span><\/p>\n<p style=\"text-align: center;\"><span style=\"font-family: arial,helvetica,sans-serif; font-size: 14pt;\">Rufen sie an (09151\/4716) oder schreiben Sie \u00fcber das Kontaktformular oben, wenn sie etwas Bestimmtes suchen!<\/span><\/p>\n<p style=\"text-align: center;\">\n<p><span style=\"font-family: arial,helvetica,sans-serif; font-size: 14pt;\">Inzwischen gibt es von den doch einigen B\u00fcchern von Wolfgang Hund zum Thema &#8222;Okkultismus \/ Esoterik&#8220; mit p\u00e4dagogischer Zielrichtung im Handel keines mehr.<\/span><\/p>\n<p style=\"text-align: center;\"><span style=\"font-family: arial,helvetica,sans-serif; font-size: 14pt;\">WIR haben uns noch eingedeckt vom letzten, das f\u00fcr diesen Bereich wohl inzwischen zur Standardliteratur z\u00e4hlt. solange halt der Vorrat reicht &#8230;<\/span><\/p>\n<p style=\"text-align: justify;\"><span style=\"font-family: arial,helvetica,sans-serif; font-size: 14pt;\">Wolfgang Hund<\/span><\/p>\n<h5 style=\"text-align: justify;\"><span style=\"color: #0000ff; font-family: arial,helvetica,sans-serif; font-size: 18pt;\"><strong>\u201eGibt\u2019s das wirklich?\u201c<\/strong> &#8211; Okkultismus und Esoterik in Fragen und Antworten <\/span><\/h5>\n<p style=\"text-align: justify;\"><span style=\"font-family: arial,helvetica,sans-serif; font-size: 14pt;\">\u00a0<span style=\"color: #ff0000;\"><strong><em>Band 1<\/em><\/strong>: Pendeln \u2013 Gl\u00e4serr\u00fccken \u2013 Heilende H\u00e4nde \u2013 Erziehung zum kritischen Denken<\/span><\/span><\/p>\n<p style=\"text-align: justify;\"><span style=\"font-family: arial,helvetica,sans-serif; font-size: 14pt;\">\u00a0<a href=\"http:\/\/www.hund-hersbruck.de\/web_neu\/wp-content\/uploads\/Okkultismus-CareLine.jpg\"><img loading=\"lazy\" decoding=\"async\" class=\"alignleft size-medium wp-image-10451\" src=\"http:\/\/www.hund-hersbruck.de\/web_neu\/wp-content\/uploads\/Okkultismus-CareLine-225x300.jpg\" alt=\"Okkultismus CareLine\" width=\"225\" height=\"300\" srcset=\"http:\/\/www.hund-hersbruck.de\/web_neu\/wp-content\/uploads\/Okkultismus-CareLine-225x300.jpg 225w, http:\/\/www.hund-hersbruck.de\/web_neu\/wp-content\/uploads\/Okkultismus-CareLine-112x150.jpg 112w, http:\/\/www.hund-hersbruck.de\/web_neu\/wp-content\/uploads\/Okkultismus-CareLine-768x1024.jpg 768w\" sizes=\"auto, (max-width: 225px) 100vw, 225px\" \/><\/a>\u00a0\u00a0\u00a0\u00a0 Der Text des <strong>Care \u2013 Line &#8211; Verlags<\/strong> sagt alles: \u201eFast alle Jugendlichen kommen heutzutage mit okkulten Praktiken in Ber\u00fchrung \u2013 unter anderem durch sensationell aufgemachte Bericht in Jugendzeitschriften oder das gemeinsame Ausprobieren im Freundeskreis. Die daraus resultierenden Fragen und Gef\u00fchle werden dann in die Schule hineingetragen. Lehrer stehen einer notwendigen kritischen Aufarbeitung in der Regel aber unvorbereitet gegen\u00fcber. Die auf drei B\u00e4nde angelegte Reihe \u201eGibt\u2019s das wirklich?\u201c soll hier Abhilfe schaffen. Der Autor Wolfgang Hund h\u00e4lt bei Lehrerfortbildungen bundesweit Vortr\u00e4ge zum Thema \u201eOkkultismus\u201c und kennt die starke Nachfrage nach Informationen und Unterrichtsideen zu diesem Thema. Lehrern bietet er eine optimale Anleitung, wie sie aufkl\u00e4rend und pr\u00e4ventiv wirken k\u00f6nnen. Viel Wert legt er dabei auf aktives, handlungsorientiertes Lernen, da nur auf diese Weise die Mechanismen beim Umgang mit okkulten Praktiken f\u00fcr die Sch\u00fcler erfahrbar werden.\u00a0 Geeignet f\u00fcr die Sekundarstufen I und II, f\u00fcr Religion, Ethik und den f\u00e4cher\u00fcbergreifenden Unterricht; 58 Seiten, DIN A 4 (mit Kopiervorlagen)\u201c,\u00a0\u00a0\u00a0 <\/span><span style=\"font-family: arial,helvetica,sans-serif; font-size: 14pt;\"><strong>12,80 \u20ac<\/strong><\/span><\/p>\n<p style=\"text-align: justify;\">\n<p style=\"text-align: justify;\">\n","protected":false},"excerpt":{"rendered":"<p>B\u00fccher von Wolfgang Hund Wir haben noch einige der inzwischen vergriffenen (und nat\u00fcrlich auch von den noch im Buchhandel erh\u00e4ltlichen) B\u00fccher von Wolfgang Hund auf Lager. Rufen sie an (09151\/4716) oder schreiben Sie \u00fcber das Kontaktformular oben, wenn sie etwas Bestimmtes suchen! Inzwischen gibt es von den doch einigen B\u00fcchern von Wolfgang Hund zum Thema [&hellip;]<\/p>\n","protected":false},"author":1,"featured_media":0,"parent":188,"menu_order":0,"comment_status":"closed","ping_status":"closed","template":"","meta":{"footnotes":""},"class_list":["post-196","page","type-page","status-publish","hentry"],"_links":{"self":[{"href":"http:\/\/www.hund-hersbruck.de\/web_neu\/wp-json\/wp\/v2\/pages\/196","targetHints":{"allow":["GET"]}}],"collection":[{"href":"http:\/\/www.hund-hersbruck.de\/web_neu\/wp-json\/wp\/v2\/pages"}],"about":[{"href":"http:\/\/www.hund-hersbruck.de\/web_neu\/wp-json\/wp\/v2\/types\/page"}],"author":[{"embeddable":true,"href":"http:\/\/www.hund-hersbruck.de\/web_neu\/wp-json\/wp\/v2\/users\/1"}],"replies":[{"embeddable":true,"href":"http:\/\/www.hund-hersbruck.de\/web_neu\/wp-json\/wp\/v2\/comments?post=196"}],"version-history":[{"count":5,"href":"http:\/\/www.hund-hersbruck.de\/web_neu\/wp-json\/wp\/v2\/pages\/196\/revisions"}],"predecessor-version":[{"id":10454,"href":"http:\/\/www.hund-hersbruck.de\/web_neu\/wp-json\/wp\/v2\/pages\/196\/revisions\/10454"}],"up":[{"embeddable":true,"href":"http:\/\/www.hund-hersbruck.de\/web_neu\/wp-json\/wp\/v2\/pages\/188"}],"wp:attachment":[{"href":"http:\/\/www.hund-hersbruck.de\/web_neu\/wp-json\/wp\/v2\/media?parent=196"}],"curies":[{"name":"wp","href":"https:\/\/api.w.org\/{rel}","templated":true}]}}