{"id":172,"date":"2011-12-06T09:00:07","date_gmt":"2011-12-06T09:00:07","guid":{"rendered":"http:\/\/www.hund-hersbruck.de\/web_neu\/?page_id=172"},"modified":"2022-01-08T07:30:04","modified_gmt":"2022-01-08T07:30:04","slug":"asterix","status":"publish","type":"page","link":"http:\/\/www.hund-hersbruck.de\/web_neu\/spielwaren\/asterix\/","title":{"rendered":"Asterix"},"content":{"rendered":"<p style=\"text-align: center;\"><span style=\"color: #ff0000; font-size: 18px;\"><strong>Asterix &amp; Co &#8230;\u00a0<\/strong><\/span><\/p>\n<p><span style=\"font-size: 16px;\">\u00a0Wir haben viele\u00a0der originalen Figuren der Asterix &#8211; Serie bei uns im Gesch\u00e4ft &#8230;<\/span> <span style=\"font-size: 16px;\"><strong>Allerdings<\/strong>: Wenn Sie etwas Bestimmtes suchen, ist es sicherer, wenn Sie bei uns per Mail anfragen.<\/span><\/p>\n<p class=\"empty-paragraph\">\u00a0<span style=\"font-size: 1px; color: transparent;\">.<\/span>\u00a0<span style=\"font-size: 16px;\"><span style=\"text-decoration: underline;\"><span style=\"font-size: 18px;\"><span style=\"color: #993300; text-decoration: underline;\"><strong><em>PL\u00dcSCHfiguren<\/em><\/strong> <\/span>in unterschiedlichen Gr\u00f6\u00dfen!<\/span><\/span><\/span><\/p>\n<p><span style=\"text-decoration: underline; color: #ff0000;\"><strong><span style=\"font-size: 16px;\">alles SONDERPREISE!\u00a0<\/span><\/strong><\/span><\/p>\n<p class=\"empty-paragraph\">\u00a0<span style=\"font-size: 1px; color: transparent;\">.<\/span><\/p>\n<p><span style=\"font-size: 16px;\">\u00a0\u00a0\u00a0<\/span> <span style=\"color: #ff0000; font-size: 18px;\"><strong><a href=\"http:\/\/www.hund-hersbruck.de\/web_neu\/wp-content\/uploads\/Idefix.jpg\"><img loading=\"lazy\" decoding=\"async\" class=\"alignleft size-full wp-image-7149\" src=\"http:\/\/www.hund-hersbruck.de\/web_neu\/wp-content\/uploads\/Idefix.jpg\" alt=\"Idefix\" width=\"160\" height=\"160\" srcset=\"http:\/\/www.hund-hersbruck.de\/web_neu\/wp-content\/uploads\/Idefix.jpg 160w, http:\/\/www.hund-hersbruck.de\/web_neu\/wp-content\/uploads\/Idefix-150x150.jpg 150w\" sizes=\"auto, (max-width: 160px) 100vw, 160px\" \/><\/a><\/strong><\/span> <span style=\"font-family: arial,helvetica,sans-serif; font-size: 16px;\"><span style=\"color: #993300;\"><strong><span style=\"font-size: 18px;\">Idefix<\/span><\/strong><\/span>\u00a0\u00a0\u00a0\u00a0\u00a0\u00a0<span style=\"font-size: 18px;\">\u00a0 <span style=\"color: #ff0000;\">25 cm\u00a0<\/span><\/span><span style=\"color: #ff0000;\"><strong><span style=\"font-size: 18px;\"> \u00a0\u00a020,00 \u20ac<\/span>\u00a0\u00a0\u00a0\u00a0<\/strong><\/span><\/span><\/p>\n<p class=\"empty-paragraph\">\u00a0<span style=\"font-size: 1px; color: transparent;\">.<\/span><\/p>\n<p class=\"empty-paragraph\">\u00a0<span style=\"font-size: 1px; color: transparent;\">.<\/span><\/p>\n<p class=\"empty-paragraph\">\u00a0<span style=\"font-size: 1px; color: transparent;\">.<\/span><\/p>\n<p class=\"empty-paragraph\">\u00a0<span style=\"font-size: 1px; color: transparent;\">.<\/span><\/p>\n<p class=\"empty-paragraph\">\u00a0<span style=\"font-size: 1px; color: transparent;\">.<\/span><\/p>\n<p><span style=\"font-family: arial,helvetica,sans-serif; font-size: 16px;\"><strong>\u00a0\u00a0\u00a0\u00a0\u00a0\u00a0\u00a0\u00a0\u00a0\u00a0\u00a0\u00a0\u00a0\u00a0\u00a0\u00a0\u00a0\u00a0\u00a0\u00a0\u00a0\u00a0\u00a0\u00a0<\/strong><\/span> <span style=\"font-family: arial,helvetica,sans-serif;\"><span style=\"color: #993300;\"><strong><span style=\"font-size: 18px;\">Idefix<\/span><\/strong><\/span>\u00a0 \u00a0 \u00a0ca <span style=\"font-size: 18px; color: #ff0000;\">18 cm\u00a0\u00a0 10,00 \u20ac<\/span><\/span><\/p>\n<p class=\"empty-paragraph\"><span style=\"color: #ff0000;\">\u00a0<span style=\"font-size: 1px;\">.<\/span><\/span><\/p>\n<p>\u00a0 \u00a0 \u00a0 \u00a0 <span style=\"font-family: arial,helvetica,sans-serif; font-size: 16px;\"><span style=\"color: #993300;\"><span style=\"font-size: 18px;\"><a href=\"http:\/\/www.hund-hersbruck.de\/web_neu\/sammlerartikel\/asterixpluesch\/\" rel=\"attachment wp-att-5224\"><img loading=\"lazy\" decoding=\"async\" class=\"alignleft\" title=\"Asterixpluesch\" src=\"http:\/\/www.hund-hersbruck.de\/web_neu\/wp-content\/uploads\/Asterixpluesch-300x239.jpg\" alt=\"\" width=\"300\" height=\"239\" \/><\/a><strong>Asterix\u00a0<\/strong><\/span><\/span>\u00a0\u00a0\u00a0\u00a0\u00a0<span style=\"color: #ff0000;\"> 18 cm\u00a0<strong>\u00a0 10,00 \u20ac\u00a0\u00a0\u00a0\u00a0\u00a0\u00a0\u00a0 <\/strong>26 cm\u00a0 \u00a0<strong>20,00 \u20ac\u00a0\u00a0\u00a0\u00a0\u00a0\u00a0\u00a0 <\/strong> 40 cm\u00a0\u00a0<strong> 25,00 \u20ac\u00a0<\/strong><\/span><\/span><\/p>\n<p class=\"empty-paragraph\"><span style=\"color: #ff0000;\">\u00a0<span style=\"font-size: 1px;\">.<\/span><\/span><\/p>\n<p class=\"empty-paragraph\">\u00a0<span style=\"font-size: 1px; color: transparent;\">.<\/span><\/p>\n<p class=\"empty-paragraph\">\u00a0<span style=\"font-size: 1px; color: transparent;\">.<\/span><\/p>\n<p class=\"empty-paragraph\">\u00a0<span style=\"font-size: 1px; color: transparent;\">.<\/span><\/p>\n<p class=\"empty-paragraph\">\u00a0<span style=\"font-size: 1px; color: transparent;\">.<\/span><\/p>\n<p class=\"empty-paragraph\">\u00a0<span style=\"font-size: 1px; color: transparent;\">.<\/span><\/p>\n<p class=\"empty-paragraph\">\u00a0<span style=\"font-size: 1px; color: transparent;\">.<\/span><\/p>\n<p class=\"empty-paragraph\">\u00a0<span style=\"font-size: 1px; color: transparent;\">.<\/span><span style=\"font-family: arial,helvetica,sans-serif; font-size: 16px;\"><strong>\u00a0\u00a0 <\/strong>Achtung:\u00a0Nicht f\u00fcr Kinder unter drei Jahren geeignet!<strong>\u00a0\u00a0\u00a0\u00a0\u00a0\u00a0 <\/strong><\/span> <span style=\"font-family: arial,helvetica,sans-serif; font-size: 16px;\">\u00a0\u00a0\u00a0\u00a0<\/span><\/p>\n<p class=\"empty-paragraph\">\u00a0<span style=\"font-size: 1px; color: transparent;\">.<\/span><\/p>\n<p class=\"empty-paragraph\">\u00a0 <span style=\"font-family: arial,helvetica,sans-serif; font-size: 16px;\"><span style=\"color: #993300;\"><strong><span style=\"font-size: 18px;\">Obelix\u00a0<\/span><\/strong><\/span>\u00a0 \u00a0 \u00a0(PREISE wie oben bei Asterix, aber nur noch 18 cm und 256 cm erh\u00e4ltlich)<strong>\u00a0\u00a0<\/strong> Achtung: Nicht f\u00fcr Kinder unter drei Jahren geeignet!\u00a0<\/span> <span style=\"font-size: 16px;\">\u00a0\u00a0\u00a0<\/span>\u00a0 <strong><a href=\"http:\/\/www.hund-hersbruck.de\/web_neu\/sammlerartikel\/obelixpluesch\/\" rel=\"attachment wp-att-5228\"><img loading=\"lazy\" decoding=\"async\" title=\"Obelixpluesch\" src=\"http:\/\/www.hund-hersbruck.de\/web_neu\/wp-content\/uploads\/Obelixpluesch-300x239.jpg\" alt=\"\" width=\"300\" height=\"239\" \/><\/a><\/strong><\/p>\n<p align=\"right\">\n","protected":false},"excerpt":{"rendered":"<p>Asterix &amp; Co &#8230;\u00a0 \u00a0Wir haben viele\u00a0der originalen Figuren der Asterix &#8211; Serie bei uns im Gesch\u00e4ft &#8230; Allerdings: Wenn Sie etwas Bestimmtes suchen, ist es sicherer, wenn Sie bei uns per Mail anfragen. \u00a0.\u00a0PL\u00dcSCHfiguren in unterschiedlichen Gr\u00f6\u00dfen! alles SONDERPREISE!\u00a0 \u00a0. \u00a0\u00a0\u00a0 Idefix\u00a0\u00a0\u00a0\u00a0\u00a0\u00a0\u00a0 25 cm\u00a0 \u00a0\u00a020,00 \u20ac\u00a0\u00a0\u00a0\u00a0 \u00a0. \u00a0. \u00a0. \u00a0. \u00a0. \u00a0\u00a0\u00a0\u00a0\u00a0\u00a0\u00a0\u00a0\u00a0\u00a0\u00a0\u00a0\u00a0\u00a0\u00a0\u00a0\u00a0\u00a0\u00a0\u00a0\u00a0\u00a0\u00a0\u00a0 Idefix\u00a0 \u00a0 [&hellip;]<\/p>\n","protected":false},"author":1,"featured_media":0,"parent":162,"menu_order":0,"comment_status":"closed","ping_status":"closed","template":"","meta":{"footnotes":""},"class_list":["post-172","page","type-page","status-publish","hentry"],"_links":{"self":[{"href":"http:\/\/www.hund-hersbruck.de\/web_neu\/wp-json\/wp\/v2\/pages\/172","targetHints":{"allow":["GET"]}}],"collection":[{"href":"http:\/\/www.hund-hersbruck.de\/web_neu\/wp-json\/wp\/v2\/pages"}],"about":[{"href":"http:\/\/www.hund-hersbruck.de\/web_neu\/wp-json\/wp\/v2\/types\/page"}],"author":[{"embeddable":true,"href":"http:\/\/www.hund-hersbruck.de\/web_neu\/wp-json\/wp\/v2\/users\/1"}],"replies":[{"embeddable":true,"href":"http:\/\/www.hund-hersbruck.de\/web_neu\/wp-json\/wp\/v2\/comments?post=172"}],"version-history":[{"count":18,"href":"http:\/\/www.hund-hersbruck.de\/web_neu\/wp-json\/wp\/v2\/pages\/172\/revisions"}],"predecessor-version":[{"id":15497,"href":"http:\/\/www.hund-hersbruck.de\/web_neu\/wp-json\/wp\/v2\/pages\/172\/revisions\/15497"}],"up":[{"embeddable":true,"href":"http:\/\/www.hund-hersbruck.de\/web_neu\/wp-json\/wp\/v2\/pages\/162"}],"wp:attachment":[{"href":"http:\/\/www.hund-hersbruck.de\/web_neu\/wp-json\/wp\/v2\/media?parent=172"}],"curies":[{"name":"wp","href":"https:\/\/api.w.org\/{rel}","templated":true}]}}