{"id":149,"date":"2011-12-06T08:31:56","date_gmt":"2011-12-06T08:31:56","guid":{"rendered":"http:\/\/www.hund-hersbruck.de\/web_neu\/?page_id=149"},"modified":"2026-04-01T08:45:24","modified_gmt":"2026-04-01T08:45:24","slug":"sonderangebote","status":"publish","type":"page","link":"http:\/\/www.hund-hersbruck.de\/web_neu\/zaubertricks\/sonderangebote\/","title":{"rendered":"Sonderangebote"},"content":{"rendered":"<p style=\"text-align: center;\"><span style=\"text-decoration: underline;\"><span style=\"color: #0000ff; text-decoration: underline;\"><strong><span style=\"font-family: Arial; font-size: 18px;\">Zaubertricks SONDERANGEBOTE<\/span><\/strong><\/span><\/span><\/p>\n<p style=\"text-align: center;\"><span style=\"font-family: Arial; font-size: 16px;\">Von diesen Artikeln haben wir nur noch eine beschr\u00e4nkte Anzahl auf Lager. Sie werden auch wahrscheinlich nicht mehr im Programm erscheinen .<\/span><\/p>\n<p style=\"text-align: justify;\"><span style=\"color: #000080;\"><span style=\"text-decoration: underline; color: #993300;\"><strong>Wolfgang Hund: Auf ein paar pers\u00f6nliche Worte &#8230;<\/strong><\/span><br \/>\n<\/span><span style=\"color: #0000ff;\">Mehr als 20 Jahren lang bestellten wir Zauberkunstst\u00fccke aus Indien (vor allem), aus China, den USA, GB, Frankreich, Schweden &#8230; &#8211; und eigentlich immer nutzte ich die Gelegenheit, f\u00fcr mich selbst auch Einzelst\u00fccke zu kaufen, die mich interessierten und die ich eventuell unter Umst\u00e4nden vielleicht auch in meine Programme einf\u00fcgen wollte. NUN &#8211; mit mehr als 76 Jahren sitze ich inmitten dieser angesammelten, unben\u00fctzten Sch\u00e4tze, staune wieder und &#8211; bedaure! Es w\u00e4re echt schade, wenn Kunstst\u00fccke, die es weltweit kaum mehr gibt, irgendwann &#8230;<\/span><br \/>\n<span style=\"color: #0000ff;\"><strong><span style=\"text-decoration: underline;\">Kurz<\/span><\/strong>: Ich habe im Gesch\u00e4ft einige Regalbretter frei ger\u00e4umt und will nach und nach Einzelst\u00fccke mit englischer Beschreibung ohne weitere Werbung dort einstellen. Zum Selbstkostenpreis, auch wenn mir dabei &#8222;das Zaubererherz blutet&#8220;!<\/span><br \/>\n<span style=\"color: #0000ff;\">Wie Sie daran kommen? Oder erfahren, was es da z.B. auch f\u00fcr Tenyo-Kunstst\u00fccke gibt (die man halt einfach haben musste, weil sie ja oft genug genial waren)?\u00a0 \u00a0 \u00a0 <span style=\"text-decoration: underline;\">Vorbeikommen<\/span>, auf der Fahrt in den Urlaub, einfach so (aber anrufen oder schreiben vorher!!) &#8230; oder &#8230;\u00a0 Sie versuchen, im Netz zu Beschreibungen und Abbildungen zu kommen: https:\/\/funtimemagic.de (+ Namen des Kunstst\u00fcckes) oder bei Youtube &#8222;funtimemagic\/ Name des Ger\u00e4tes&#8220;\u00a0 &#8230;<br \/>\n<span style=\"font-family: arial, helvetica, sans-serif; font-size: 10pt;\">Hier mal die Kunstst\u00fccke, die HEUTE da sind \/ waren \ud83d\ude09\u00a0 \u00a0Billet Change Box 30,00 \u20ac\u00a0 \/Kenard&#8217;s Mystery Box 6,00 \u20ac \/ Houdini Water Escape 20,00 \u20ac \/ Repeat Bead Cocktail 12,00 \u20ac \/ Metal Matrimony\u00a0 (Tenyo) 15,00 \u20ac \/ Envelope Change Frame 14,00 \u20ac \/ A Celebration Gift 25,00 \u20ac \/ See Through Block Vanish 30,00 \u20ac \/ Tell O&#8217;clock 25,00 \u20ac \/ Foo Can (Mini SS) 20,00 \u20ac \/ Antigravity Rock (Tenyo) 18,00 \u20ac \/ Billet Changing Ladle 22,00 \u20ac \/ Sealed Mirror Glass 13,00 \u20ac \/ Backstage Vanishing Elephant 50,00 \u20ac \/<\/span><\/span><\/p>\n<p class=\"empty-paragraph\">\u00a0<span style=\"font-size: 1px; color: transparent;\">.<\/span><\/p>\n<p style=\"text-align: center;\"><span style=\"font-family: Arial; font-size: 16px;\">\u00a0 \u00a0 \u00a0 \u00a0<\/span><span style=\"font-family: Arial; font-size: 16px;\">Mindestbestellsumme 15.- \u20ac + Porto\u00a0\u00a0\u00a0 Tel. 09151\/4716<\/span><\/p>\n<p style=\"text-align: center;\"><span style=\"font-family: Arial; font-size: 16px;\"><a href=\"mailto:gabys-zauberland@t-online.de\">gabys-zauberland@t-online.de<\/a>\u00a0 (oder das Kontaktformular oben)<\/span><\/p>\n<p style=\"text-align: center;\"><strong><span style=\"font-family: Arial; font-size: 16px;\">&#8211; Seite 1 &#8211;<\/span><\/strong><\/p>\n<p class=\"empty-paragraph\">\u00a0<span style=\"font-size: 1px; color: transparent;\">.<\/span><\/p>\n<p><span style=\"font-family: arial,helvetica,sans-serif; font-size: 18px;\"><span style=\"color: #993300;\"><strong>Der Knopflochstab<\/strong><\/span> <span style=\"font-size: 14px;\">&#8222;Button Hole Loop Puzzle&#8220;<\/span><strong><span style=\"font-size: 14px;\">\u00a0\u00a0\u00a0\u00a0\u00a0\u00a0\u00a0\u00a0\u00a0\u00a0\u00a0\u00a0<\/span> 2,50 \u20ac<\/strong><\/span><\/p>\n<p style=\"text-align: justify;\">\u00a0<img loading=\"lazy\" decoding=\"async\" class=\"alignleft\" title=\"Buttonhole_Loop_Puzzle\" src=\"http:\/\/www.hund-hersbruck.de\/web_neu\/wp-content\/uploads\/Buttonhole_Loop_Puzzle-150x123.jpg\" alt=\"\" width=\"150\" height=\"123\" \/>\u00a0<span style=\"font-size: 14px;\"> Ein 12 cm langer Plastikstab wird mit einer Schnurschlaufe im Knopfloch eines Zuschauers befestigt. Obwohl dieser dabei zuschauen kann, ist er hinterher nicht in der Lage, den Stab wieder zu befreien. Auch andere Helfer nicht! Ein klassischer Nervt\u00f6ter, der viele Leute schon zum Verzweifeln gebracht hat &#8230;; etwas \u00dcbung bringt viel T\u00fcftelspa\u00df!<\/span><\/p>\n<p>\u00a0\u00a0 <span style=\"color: #ff0000; font-family: arial,helvetica,sans-serif; font-size: 16px;\"><strong>Staffelpreise:\u00a0 1 St\u00fcck 2,50 \u20ac\u00a0\u00a0\u00a0 10 St\u00fcck\u00a0\u00a0 22,00 \u20ac\u00a0\u00a0\u00a0\u00a0\u00a0\u00a0 20 St\u00fcck\u00a0\u00a0 40,00 \u20ac<\/strong><\/span><\/p>\n<p><span style=\"font-size: 10px;\">ACHTUNG: Nicht geeignet f\u00fcr Kinder unter 3 Jahren<\/span><\/p>\n<p>&nbsp;<\/p>\n<p class=\"empty-paragraph\">\u00a0<span style=\"font-size: 1px; color: transparent;\">.<\/span><\/p>\n<p><span style=\"font-size: 16px;\">In ganz Deutschland nur bei uns: Wir importierten direkt aus Israel den ersten <strong>Zauber\u201ckasten\u201c<\/strong> f\u00fcr Kinder ab 3 Jahren!<\/span><\/p>\n<p><span style=\"font-size: 18px;\"><strong>\u201e<span style=\"color: #993300;\">Zauberschloss<\/span>\u201c statt <del>37,50 \u20ac<\/del>\u00a0\u00a0\u00a0\u00a0\u00a0\u00a0\u00a0\u00a0 nur 26,00 \u20ac<\/strong><span style=\"font-size: 12px;\"> (bis unsere Lagerr\u00e4ume wieder ein bisschen leerer geworden sind! Wir haben den Platzbedarf v\u00f6llig untersch\u00e4tzt &#8230;!)<\/span><\/span><\/p>\n<p>&nbsp;<\/p>\n<p><img loading=\"lazy\" decoding=\"async\" title=\"JuliaSschloss2\" src=\"http:\/\/www.hund-hersbruck.de\/web_neu\/wp-content\/uploads\/JuliaSschloss2.bmp\" alt=\"\" width=\"214\" height=\"160\" \/>\u00a0\u00a0 <span style=\"font-size: 14px;\">Damit kann man mehr als zehn verbl\u00fcffende Tricks vorf\u00fchren, die beim Publikum donnernden Applaus hervorrufen! In drei Schwierigkeitsstufen: Anf\u00e4nger \u2013 Fortgeschrittene \u2013 Profis. Viele weitere M\u00f6glichkeiten k\u00f6nnen sich Kinder selbst ausdenken. Mit enthalten ist die Ausr\u00fcstung: Zylinderhut, Zauberjacke, Zauberstab und wei\u00dfe Zauberhandschuhe! Die Tricks sind in das Schloss eingebaut!\u00a0 <\/span><span style=\"font-size: 14px;\"><strong>Mit deutschsprachiger DVD<\/strong>, auf der die Tricks sehr anschaulich auch f\u00fcr kleine Kinder erkl\u00e4rt werden!\u00a0\u00a0 <span style=\"font-size: 10px;\">ACHTUNG: Nicht geeignet f\u00fcr Kinder unter 3 Jahren wegen Erstickungsgefahr durch Kleinteile!<\/span><\/span><\/p>\n<p>&nbsp;<\/p>\n<p style=\"text-align: center;\"><strong><span style=\"font-family: arial,helvetica,sans-serif; font-size: 18px;\">\u00a0<span style=\"color: #ff0000;\">und viele viele preisreduzierte Kunstst\u00fccke mehr finden Sie auf den normalen Seiten! Au\u00dferdem bei einigen Artikeln auch Staffelungsrabatte f\u00fcr gr\u00f6\u00dfere Mengen ab 10 St\u00fcck oder Einzelst\u00fccke zu Supersonderpreisen &#8230;<\/span><\/span><\/strong><\/p>\n<p>&nbsp;<\/p>\n<table style=\"width: 96px; height: 33px;\" border=\"0\" align=\"center\">\n<tbody>\n<tr>\n<td><span style=\"font-size: 18px;\">Seiten<\/span><\/td>\n<td><span style=\"font-size: 18px;\"><a title=\"Sonderangebote\" href=\"http:\/\/www.hund-hersbruck.de\/web_neu\/?page_id=149\">1<\/a><\/span><\/td>\n<td><span style=\"font-size: 18px;\"><a title=\"Sonderangebote\" href=\"http:\/\/www.hund-hersbruck.de\/web_neu\/?page_id=4230\">2<\/a><\/span><\/td>\n<\/tr>\n<\/tbody>\n<\/table>\n<p style=\"text-align: center;\"><em><span style=\"font-family: Arial; font-size: small;\">\u00a0<\/span><\/em><\/p>\n","protected":false},"excerpt":{"rendered":"<p>Zaubertricks SONDERANGEBOTE Von diesen Artikeln haben wir nur noch eine beschr\u00e4nkte Anzahl auf Lager. Sie werden auch wahrscheinlich nicht mehr im Programm erscheinen . Wolfgang Hund: Auf ein paar pers\u00f6nliche Worte &#8230; Mehr als 20 Jahren lang bestellten wir Zauberkunstst\u00fccke aus Indien (vor allem), aus China, den USA, GB, Frankreich, Schweden &#8230; &#8211; und eigentlich [&hellip;]<\/p>\n","protected":false},"author":1,"featured_media":0,"parent":89,"menu_order":0,"comment_status":"closed","ping_status":"closed","template":"","meta":{"footnotes":""},"class_list":["post-149","page","type-page","status-publish","hentry"],"_links":{"self":[{"href":"http:\/\/www.hund-hersbruck.de\/web_neu\/wp-json\/wp\/v2\/pages\/149","targetHints":{"allow":["GET"]}}],"collection":[{"href":"http:\/\/www.hund-hersbruck.de\/web_neu\/wp-json\/wp\/v2\/pages"}],"about":[{"href":"http:\/\/www.hund-hersbruck.de\/web_neu\/wp-json\/wp\/v2\/types\/page"}],"author":[{"embeddable":true,"href":"http:\/\/www.hund-hersbruck.de\/web_neu\/wp-json\/wp\/v2\/users\/1"}],"replies":[{"embeddable":true,"href":"http:\/\/www.hund-hersbruck.de\/web_neu\/wp-json\/wp\/v2\/comments?post=149"}],"version-history":[{"count":53,"href":"http:\/\/www.hund-hersbruck.de\/web_neu\/wp-json\/wp\/v2\/pages\/149\/revisions"}],"predecessor-version":[{"id":17865,"href":"http:\/\/www.hund-hersbruck.de\/web_neu\/wp-json\/wp\/v2\/pages\/149\/revisions\/17865"}],"up":[{"embeddable":true,"href":"http:\/\/www.hund-hersbruck.de\/web_neu\/wp-json\/wp\/v2\/pages\/89"}],"wp:attachment":[{"href":"http:\/\/www.hund-hersbruck.de\/web_neu\/wp-json\/wp\/v2\/media?parent=149"}],"curies":[{"name":"wp","href":"https:\/\/api.w.org\/{rel}","templated":true}]}}