{"id":136,"date":"2011-12-06T08:18:07","date_gmt":"2011-12-06T08:18:07","guid":{"rendered":"http:\/\/www.hund-hersbruck.de\/web_neu\/?page_id=136"},"modified":"2024-12-12T09:42:11","modified_gmt":"2024-12-12T09:42:11","slug":"wiederverkaufer","status":"publish","type":"page","link":"http:\/\/www.hund-hersbruck.de\/web_neu\/wiederverkaufer\/","title":{"rendered":"Anfahrt"},"content":{"rendered":"<p>&nbsp;<\/p>\n<p style=\"text-align: center;\"><strong>Gabys Zauberland<\/strong><br \/>\nAmberger Str. 8 (beim Spitaltor)<br \/>\n91217 HERSBRUCK\u00a0<span style=\"font-size: 1px; color: #fff;\">.<\/span><\/p>\n<p class=\"empty-paragraph\">\u00a0<span style=\"font-size: 1px; color: #fff;\">.<\/span><\/p>\n<p style=\"text-align: justify;\"><span style=\"text-decoration: underline;\"><strong><span style=\"font-family: arial,helvetica,sans-serif; font-size: 12pt;\">Wo finden Sie uns pers\u00f6nlich?<\/span><\/strong><\/span><br \/>\n<span style=\"font-family: arial,helvetica,sans-serif; font-size: 12pt;\"> Am besten w\u00e4re es nat\u00fcrlich, wenn Sie uns im Gesch\u00e4ft (am Kreisverkehr, beim Spitaltor) besuchen w\u00fcrden:<\/span><\/p>\n<p style=\"text-align: justify;\"><span style=\"font-family: arial,helvetica,sans-serif; font-size: 12pt;\"><strong>Mit dem Auto:<\/strong> 30 Kilometer \u00f6stlich von N\u00fcrnberg, zehn Minuten von der Autobahnausfahrt Lauf &#8211; Nord \/ Hersbruck der BAB M\u00fcnchen &#8211; Berlin; Parkm\u00f6glichkeiten am neuen KREISVERKEHR &#8222;Scharfes Eck&#8220; (der alten Bundesstra\u00dfe B 14 durch Hersbruck), auf dem gro\u00dfen Parkplatz des nebenan gelegenen CITY &#8211; PARKs (zwei Minuten bis zu uns, zeitlich begrenzt) oder auf dem Gro\u00dfparkplatz Pl\u00e4rrer (von der Umgehungsstra\u00dfe aus problemlos erreichbar; von dort sind es keine f\u00fcnf Minuten bis zum Gesch\u00e4ft beim Spitaltor).<\/span><\/p>\n<p style=\"text-align: justify;\"><span style=\"font-family: arial,helvetica,sans-serif; font-size: 12pt;\"><strong>Mit der Bahn:<\/strong> Hersbruck RECHTS der Pegnitz! Vom Bahnsteig aus Richtung Innenstadt. Vom Bahnhof aus runter zur Stra\u00dfe (Fu\u00dfg\u00e4ngerampel). Nach links immer auf dem B\u00fcrgersteig der Hauptstra\u00dfe (alte B 14) entlang, nirgends abbiegen, durch kein Stadttor gehen, bis zum Kreisverkehr (zuerst auf der N\u00fcrnberger Stra\u00dfe, dann der Grabenstra\u00dfe). Am Kreisverkehr stehen bleiben und in Richtung auf das Stadttor gucken: Was sehen Sie da? Richtig! Sie sind am Ziel!<\/span><\/p>\n<p style=\"text-align: justify;\"><span style=\"font-family: arial,helvetica,sans-serif; font-size: 12pt;\">Wir haben Kunden aus dem gesamten bayerischen \/ deutschen Raum, die den Weg nicht scheuen. Nicht nur f\u00fcr Lehrkr\u00e4fte aller Schularten, besonders aber f\u00fcr PHYSIKlehrer, Liebhaber von Fantasy &#8211; Figuren (Drachen u. \u00c4.) und au\u00dfergew\u00f6hnlichen T\u00fcftel- und Denkspielen sowie f\u00fcr gro\u00dfe und kleine Zauberer (Profis und Amateure) gibt es bei uns Spezialit\u00e4ten und Schn\u00e4ppchen, die Sie sonst nur schwer oder gar nicht bekommen! Sie k\u00f6nnen sich bei uns in aller Ruhe beraten lassen, Spiele ausprobieren oder schm\u00f6kern.<\/span><\/p>\n<p style=\"text-align: justify;\"><span style=\"font-family: arial,helvetica,sans-serif; font-size: 12pt;\"><strong>\u00d6ffnungszeiten:<\/strong><\/span><br \/>\n<span style=\"font-family: arial,helvetica,sans-serif; font-size: 12pt;\"> Montag &#8211; Freitag\u00a0\u00a0\u00a0\u00a0\u00a0\u00a0 15.00 Uhr &#8211; 18.00 Uhr<\/span><br \/>\n<span style=\"font-family: arial,helvetica,sans-serif; font-size: 12pt;\"> Samstag\u00a0\u00a0\u00a0\u00a0\u00a0\u00a0\u00a0\u00a0\u00a0\u00a0\u00a0\u00a0\u00a0\u00a0\u00a0 \u00a0\u00a0 10.00 Uhr &#8211; 13.00 Uhr<\/span><\/p>\n<p style=\"text-align: justify;\"><span style=\"font-family: arial,helvetica,sans-serif; font-size: 12pt;\">(Im Rahmen der gesetzlichen \u00d6ffnungszeiten sind wir aber flexibel, wenn Sie sich vorher mit uns in Verbindung setzen)<\/span><\/p>\n<p style=\"text-align: center;\"><span style=\"color: #0000ff; font-family: arial, helvetica, sans-serif; font-size: 12pt;\"><strong><span style=\"text-decoration: underline;\">ACHTUNG<\/span><\/strong>: Wenn Sie von <span style=\"text-decoration: underline;\"><strong>ausw\u00e4rts<\/strong> <\/span>anreisen, dann bitte wir Sie, unbedingt vorher anzurufen! Auch wir sind nicht gegen Krankheiten gefeit und in Urlaub m\u00f6chten wir auch mal &#8230; \ud83d\ude09<\/span><\/p>\n<p><strong>Wenn Sie sich Zaubertricks von Wolfgang Hund (&#8222;Hundini&#8220;) vorf\u00fchren lassen wollen oder Beratung im physikalischen Bereich w\u00fcnschen, bitten wir zur Sicherheit vorher um kurzen Anruf.<\/strong><\/p>\n","protected":false},"excerpt":{"rendered":"<p>&nbsp; Gabys Zauberland Amberger Str. 8 (beim Spitaltor) 91217 HERSBRUCK\u00a0. \u00a0. Wo finden Sie uns pers\u00f6nlich? Am besten w\u00e4re es nat\u00fcrlich, wenn Sie uns im Gesch\u00e4ft (am Kreisverkehr, beim Spitaltor) besuchen w\u00fcrden: Mit dem Auto: 30 Kilometer \u00f6stlich von N\u00fcrnberg, zehn Minuten von der Autobahnausfahrt Lauf &#8211; Nord \/ Hersbruck der BAB M\u00fcnchen &#8211; Berlin; [&hellip;]<\/p>\n","protected":false},"author":1,"featured_media":0,"parent":0,"menu_order":5,"comment_status":"closed","ping_status":"closed","template":"","meta":{"footnotes":""},"class_list":["post-136","page","type-page","status-publish","hentry"],"_links":{"self":[{"href":"http:\/\/www.hund-hersbruck.de\/web_neu\/wp-json\/wp\/v2\/pages\/136","targetHints":{"allow":["GET"]}}],"collection":[{"href":"http:\/\/www.hund-hersbruck.de\/web_neu\/wp-json\/wp\/v2\/pages"}],"about":[{"href":"http:\/\/www.hund-hersbruck.de\/web_neu\/wp-json\/wp\/v2\/types\/page"}],"author":[{"embeddable":true,"href":"http:\/\/www.hund-hersbruck.de\/web_neu\/wp-json\/wp\/v2\/users\/1"}],"replies":[{"embeddable":true,"href":"http:\/\/www.hund-hersbruck.de\/web_neu\/wp-json\/wp\/v2\/comments?post=136"}],"version-history":[{"count":10,"href":"http:\/\/www.hund-hersbruck.de\/web_neu\/wp-json\/wp\/v2\/pages\/136\/revisions"}],"predecessor-version":[{"id":17322,"href":"http:\/\/www.hund-hersbruck.de\/web_neu\/wp-json\/wp\/v2\/pages\/136\/revisions\/17322"}],"wp:attachment":[{"href":"http:\/\/www.hund-hersbruck.de\/web_neu\/wp-json\/wp\/v2\/media?parent=136"}],"curies":[{"name":"wp","href":"https:\/\/api.w.org\/{rel}","templated":true}]}}