{"id":119,"date":"2011-12-06T07:49:43","date_gmt":"2011-12-06T07:49:43","guid":{"rendered":"http:\/\/www.hund-hersbruck.de\/web_neu\/?page_id=119"},"modified":"2025-08-02T19:08:24","modified_gmt":"2025-08-02T19:08:24","slug":"elektrizitat","status":"publish","type":"page","link":"http:\/\/www.hund-hersbruck.de\/web_neu\/elektrizitat\/","title":{"rendered":"Elektrizit\u00e4t"},"content":{"rendered":"<p style=\"text-align: center;\"><span style=\"color: #993300; font-size: 18pt;\"><strong>Elektrizit\u00e4t<\/strong><\/span><\/p>\n<p style=\"text-align: center;\"><span style=\"font-family: arial,helvetica,sans-serif; font-size: 14pt;\"><span style=\"font-size: 10pt;\">Solar-Wackelfiguren &#8211; Plasma-Kugel &#8211; Tesla-Plasmalampe -Leuchttiere &#8211; Zauberlampe &#8211; Cosmic Ball &#8211; UFO-Ball &#8211; Flashing Ball &#8211;<\/span> <\/span><\/p>\n<p style=\"text-align: center;\"><span style=\"color: #993300; font-size: 18px;\"><strong><span style=\"color: #0000ff; font-family: Arial;\">Physikalisches &#8222;Spielzeug&#8220;, das mehr oder weniger offensichtlich mit &#8222;Elektrizit\u00e4t&#8220; zu tun hat &#8230;<\/span><\/strong><\/span><\/p>\n<p style=\"text-align: center;\"><span style=\"font-family: arial,helvetica,sans-serif;\"><strong><span style=\"font-size: 16px;\">-Seite 1-<\/span><\/strong><\/span><\/p>\n<table border=\"0\" align=\"center\">\n<tbody>\n<tr>\n<td><span style=\"font-size: 18px;\">Seiten<\/span><\/td>\n<td><span style=\"font-size: 18px;\"><a title=\"Elektrizit\u00e4t\" href=\"http:\/\/www.hund-hersbruck.de\/web_neu\/?page_id=119\">1<\/a><\/span><\/td>\n<td><span style=\"font-size: 18px;\"><a title=\"Elektrizit\u00e4t_Seite_2\" href=\"http:\/\/www.hund-hersbruck.de\/web_neu\/?page_id=5378\">2<\/a><\/span><\/td>\n<td><span style=\"font-size: 18px;\"><a title=\"Elektrizit\u00e4t_Seite_3\" href=\"http:\/\/www.hund-hersbruck.de\/web_neu\/?page_id=5380\">3<\/a><\/span><\/td>\n<\/tr>\n<\/tbody>\n<\/table>\n<p style=\"text-align: center;\" align=\"left\"><strong><span style=\"font-size: 16px;\">Sie m\u00f6chten\u00a0bestellen?\u00a0\u00a0 <\/span><\/strong><strong><span style=\"font-size: 16px;\">Tel. 09151\/4716\u00a0\u00a0\u00a0\u00a0oder<br \/>\n<a href=\"mailto:gabys-zauberland@t-online.de\">gabys-zauberland@t-online.de<\/a>\u00a0\u00a0 oder \u00fcber das Kontaktformular oben<\/span><\/strong><\/p>\n<p style=\"text-align: center;\"><span style=\"font-size: 14px;\">Preis\u00e4nderungen \u2013 leider! \u2013 vorbehalten. Auch wir sind abh\u00e4ngig von unseren Lieferanten. Mindestbestellsumme 15.- \u20ac + Porto\u00a0\u00a0\u00a0\u00a0\u00a0\u00a0\u00a0<\/span><span style=\"font-family: arial,helvetica,sans-serif;\"><span style=\"text-decoration: underline;\"><strong>Ladengesch\u00e4ft<\/strong><\/span>: Amberger Str. 8\u00a0 in 91217 Hersbruck (30 km \u00f6stlich von N\u00fcrnberg); \u00d6ffnungszeiten Mo &#8211; Fr. 15.00 &#8211; 18.00 Uhr, Sa 10.00 &#8211; 13.00 Uhr (oder nach Vereinbarung!)<\/span><\/p>\n<p style=\"text-align: left;\"><span style=\"color: #000080; font-size: 10pt;\"><strong><span style=\"text-decoration: underline;\">UND, nur mal so nebenbei erw\u00e4hnt<\/span><\/strong>: DIESES Gesch\u00e4ft wird es nicht mehr geben (k\u00f6nnen), wenn die in der Person von Wolfgang Hund sich im Lauf der vielen Jahren zuf\u00e4llig vereinten Kenntnisse und Gesch\u00e4ftsverbindungen (nach USA, Indien &#8230;) nicht mehr vorhanden sind. Wir alle wissen, wie schnell sich Verh\u00e4ltnisse \u00e4ndern k\u00f6nnen. Momentan (Januar 2018) denken wir nur sehr selten an ein Aufh\u00f6ren, aber nat\u00fcrlich ist es mit 77\u00a0 Jahren irgendwie schon am Horizont &#8230; Bedenken Sie dies bitte im Hinterkopf, wenn Sie unser Sortiment durchst\u00f6bern!<\/span><\/p>\n<p>&nbsp;<\/p>\n<p style=\"text-align: justify;\"><span style=\"color: #0000ff;\"><strong><span style=\"font-family: arial, helvetica, sans-serif; font-size: 12pt;\">WOW! Wir sind begeistert:<\/span><\/strong><\/span><br \/>\n<strong><span style=\"font-family: arial, helvetica, sans-serif; font-size: 12pt;\"><span style=\"color: #993300;\">Solar &#8211; Wackeltiere\u00a0 (und ein paar Blumen &#8230;)\u00a0<\/span>\u00a0 \u00a0 \u00a0 \u00a05,00 \u20ac<\/span><\/strong><br \/>\n<span style=\"font-family: arial, helvetica, sans-serif; font-size: 10pt;\">Endlich haben wir mal wieder einen &#8222;Fang&#8220; gemacht, der unsere Bereiche &#8222;Physik&#8220; und &#8222;Spielzeug \/ Dekorationsartikel&#8220;\u00a0 zugleich abdecken kann &#8211; und der preiswert &#8211; verbl\u00fcffend &#8211; sch\u00f6n &#8211; lustig- nicht h\u00e4ufig &#8211; f\u00fcr alle Altersgruppen &#8211; &#8230; geeignet ist! Alle Figuren sind so um die 10 cm hoch und m\u00f6gen am liebsten Tageslicht. Dann wackeln sie lustig drauflos, mit verschiedenen K\u00f6rperteilen: Ente &#8211; Einhorn &#8211; Flamingo &#8211; Hai &#8211; Tyrannosaurus &#8211; Blume (bitte bei Bestellung angeben). Da kleine Teile abbrechen k\u00f6nnen, sind die lustigen Viecher nicht f\u00fcr Kinder unter drei Jahren geeignet.<br \/>\n<img loading=\"lazy\" decoding=\"async\" class=\"alignnone size-full wp-image-16616\" src=\"http:\/\/www.hund-hersbruck.de\/web_neu\/wp-content\/uploads\/Solardino.jpg\" alt=\"\" width=\"140\" height=\"140\" \/><img loading=\"lazy\" decoding=\"async\" class=\"alignnone size-full wp-image-16617\" src=\"http:\/\/www.hund-hersbruck.de\/web_neu\/wp-content\/uploads\/Solareinhorn.jpg\" alt=\"\" width=\"140\" height=\"140\" \/><img loading=\"lazy\" decoding=\"async\" class=\"alignnone size-full wp-image-16618\" src=\"http:\/\/www.hund-hersbruck.de\/web_neu\/wp-content\/uploads\/Solarente.jpg\" alt=\"\" width=\"105\" height=\"140\" \/><img loading=\"lazy\" decoding=\"async\" class=\"alignnone size-full wp-image-16619\" src=\"http:\/\/www.hund-hersbruck.de\/web_neu\/wp-content\/uploads\/Solarflamingo.jpg\" alt=\"\" width=\"140\" height=\"140\" \/><img loading=\"lazy\" decoding=\"async\" class=\"alignnone size-full wp-image-16620\" src=\"http:\/\/www.hund-hersbruck.de\/web_neu\/wp-content\/uploads\/Solarhai.jpg\" alt=\"\" width=\"140\" height=\"140\" \/><img loading=\"lazy\" decoding=\"async\" class=\"alignnone wp-image-16621\" src=\"http:\/\/www.hund-hersbruck.de\/web_neu\/wp-content\/uploads\/Solarblume.jpg\" alt=\"\" width=\"178\" height=\"133\" \/><br \/>\n<\/span><\/p>\n<p>&nbsp;<\/p>\n<p class=\"empty-paragraph\">\u00a0<span style=\"font-size: 1px; color: transparent;\">.<\/span><\/p>\n<p style=\"text-align: justify;\"><strong><span style=\"font-family: arial, helvetica, sans-serif; font-size: 12pt;\"><span style=\"color: #993300;\">Solar &#8211; Wackeltiere\u00a0 \u00a0 \u00a0Katze(n)<\/span>\u00a0 \u00a0 \u00a0 7,50 \u20ac\u00a0 \u00a0<span style=\"color: #ff0000;\"> (momentan?) ausverkauft!<\/span><\/span><\/strong><br \/>\n<span style=\"font-family: arial, helvetica, sans-serif; font-size: 10pt;\">\u00a0 <img loading=\"lazy\" decoding=\"async\" class=\"size-medium wp-image-16266 alignleft\" src=\"http:\/\/www.hund-hersbruck.de\/web_neu\/wp-content\/uploads\/Wackelkatze1-300x300.png\" alt=\"\" width=\"300\" height=\"300\" srcset=\"http:\/\/www.hund-hersbruck.de\/web_neu\/wp-content\/uploads\/Wackelkatze1-300x300.png 300w, http:\/\/www.hund-hersbruck.de\/web_neu\/wp-content\/uploads\/Wackelkatze1-150x150.png 150w, http:\/\/www.hund-hersbruck.de\/web_neu\/wp-content\/uploads\/Wackelkatze1.png 400w\" sizes=\"auto, (max-width: 300px) 100vw, 300px\" \/>\u00a0 \u00a0Na ja &#8211; gut: Herumtollen tun diese Stubentiger nicht gerade, wenn Licht auf das Solarpanel f\u00e4llt! Aber immerhin, je nach Lichtst\u00e4rke, wackeln sie mit Kopf und Schwanz. Sie sind ca. 10 cm hoch und in drei Modellen erh\u00e4ltlich: Wei\u00df, schwarz und sowas wie braun (in der Familie ist das strittig). Nicht f\u00fcr Kinder unter drei Jahren geeignet werden abbrechbarer Kleinteile.<\/span><\/p>\n<p class=\"empty-paragraph\">\u00a0<span style=\"font-size: 1px; color: transparent;\">.<\/span><\/p>\n<p class=\"empty-paragraph\">\u00a0<span style=\"font-size: 1px; color: transparent;\">.<\/span><\/p>\n<p class=\"empty-paragraph\">\u00a0<span style=\"font-size: 1px; color: transparent;\">.<\/span><\/p>\n<p class=\"empty-paragraph\">\u00a0<span style=\"font-size: 1px; color: transparent;\">.<\/span><\/p>\n<p class=\"empty-paragraph\">\u00a0<span style=\"font-size: 1px; color: transparent;\">.<\/span><\/p>\n<p class=\"empty-paragraph\">\u00a0<span style=\"font-size: 1px; color: transparent;\">.<\/span><\/p>\n<p style=\"text-align: justify;\"><strong><span style=\"font-family: arial, helvetica, sans-serif; font-size: 12pt;\"><span style=\"color: #993300;\">Solar &#8211; Wackeltier Faultier\u00a0<\/span> \u00a0 7,50 \u20ac<\/span><\/strong><br \/>\n<span style=\"font-family: arial, helvetica, sans-serif; font-size: 10pt;\"><img loading=\"lazy\" decoding=\"async\" class=\"size-medium wp-image-16267 alignleft\" src=\"http:\/\/www.hund-hersbruck.de\/web_neu\/wp-content\/uploads\/Wackelfigur-Faultier1-300x300.png\" alt=\"\" width=\"300\" height=\"300\" srcset=\"http:\/\/www.hund-hersbruck.de\/web_neu\/wp-content\/uploads\/Wackelfigur-Faultier1-300x300.png 300w, http:\/\/www.hund-hersbruck.de\/web_neu\/wp-content\/uploads\/Wackelfigur-Faultier1-150x150.png 150w, http:\/\/www.hund-hersbruck.de\/web_neu\/wp-content\/uploads\/Wackelfigur-Faultier1.png 400w\" sizes=\"auto, (max-width: 300px) 100vw, 300px\" \/>\u00a0 \u00a0Alles wie oben, nur hier halt als &#8230;<\/span><\/p>\n<p class=\"empty-paragraph\">\u00a0<span style=\"font-size: 1px; color: transparent;\">.<\/span><\/p>\n<p class=\"empty-paragraph\">\u00a0<span style=\"font-size: 1px; color: transparent;\">.<\/span><\/p>\n<p class=\"empty-paragraph\">\u00a0<span style=\"font-size: 1px; color: transparent;\">.<\/span><\/p>\n<p class=\"empty-paragraph\">\u00a0<span style=\"font-size: 1px; color: transparent;\">.<\/span><\/p>\n<p class=\"empty-paragraph\">\u00a0<span style=\"font-size: 1px; color: transparent;\">.<\/span><\/p>\n<p class=\"empty-paragraph\">\u00a0<span style=\"font-size: 1px; color: transparent;\">.<\/span><\/p>\n<p class=\"empty-paragraph\">\u00a0<span style=\"font-size: 1px; color: transparent;\">.<\/span><\/p>\n<p class=\"empty-paragraph\">\u00a0<span style=\"font-size: 1px; color: transparent;\">.<\/span><\/p>\n<p class=\"empty-paragraph\" style=\"text-align: justify;\"><strong><span style=\"font-family: arial,helvetica,sans-serif; font-size: 12pt;\"><span style=\"color: #993300;\">PLASMA &#8211; Kugeln \/ Tesla-Plasma-Lampen\u00a0<\/span> 20,00 \u20ac\u00a0 (13,50 cm hoch, 8 cm Durchmesser)\u00a0 28,50 \u20ac (15 cm hoch, 10 cm Durchmesser, mit Batteriebetrieb)\u00a0\u00a0\u00a0\u00a0\u00a0\u00a0 46.50 &#8211; \u20ac\u00a0 (21 cm hoch, 12,5 cm Durchmesser, mit Netzger\u00e4t)<\/span><\/strong>\u00a0<span style=\"font-family: arial,helvetica,sans-serif; font-size: 10pt;\"> <a href=\"http:\/\/www.hund-hersbruck.de\/web_neu\/wp-content\/uploads\/Plasmakugel-Batt-robet1.png\"><img loading=\"lazy\" decoding=\"async\" class=\"alignleft size-thumbnail wp-image-12373\" src=\"http:\/\/www.hund-hersbruck.de\/web_neu\/wp-content\/uploads\/Plasmakugel-Batt-robet1-150x150.png\" alt=\"Plasmakugel Batt robet1\" width=\"150\" height=\"150\" srcset=\"http:\/\/www.hund-hersbruck.de\/web_neu\/wp-content\/uploads\/Plasmakugel-Batt-robet1-150x150.png 150w, http:\/\/www.hund-hersbruck.de\/web_neu\/wp-content\/uploads\/Plasmakugel-Batt-robet1-300x300.png 300w, http:\/\/www.hund-hersbruck.de\/web_neu\/wp-content\/uploads\/Plasmakugel-Batt-robet1.png 700w\" sizes=\"auto, (max-width: 150px) 100vw, 150px\" \/><\/a><a href=\"http:\/\/www.hund-hersbruck.de\/web_neu\/wp-content\/uploads\/Plasmakugel-Batt-robet2.png\"><img loading=\"lazy\" decoding=\"async\" class=\"alignleft size-thumbnail wp-image-12374\" src=\"http:\/\/www.hund-hersbruck.de\/web_neu\/wp-content\/uploads\/Plasmakugel-Batt-robet2-150x150.png\" alt=\"Plasmakugel Batt robet2\" width=\"150\" height=\"150\" srcset=\"http:\/\/www.hund-hersbruck.de\/web_neu\/wp-content\/uploads\/Plasmakugel-Batt-robet2-150x150.png 150w, http:\/\/www.hund-hersbruck.de\/web_neu\/wp-content\/uploads\/Plasmakugel-Batt-robet2-300x300.png 300w, http:\/\/www.hund-hersbruck.de\/web_neu\/wp-content\/uploads\/Plasmakugel-Batt-robet2.png 700w\" sizes=\"auto, (max-width: 150px) 100vw, 150px\" \/><\/a> \u00a0 Diese technische Wunderdinge anzupreisen, ist wohl unn\u00f6tig (wir haben auch nur ganz wenige)! Sie faszinieren auch ohne physikalische Kenntnisse alle Altersstufen. Wenn man allerdings wei\u00df, was hinter den Blitzen an Know-How steckt, ist man noch beeindruckter! In der Standardliteratur (Schlichting \/ Ucke: &#8222;Physikalische Spielereien&#8220;, Weinheim 2016), Seite 117 hei\u00dft das Kapitel denn auch: &#8222;Blitze zum Anfassen&#8220;. Und Wikipedia liefert unter dem Stichwort &#8222;Plasmalampe&#8220; eigentlich auch genug Motivation zum Satz: &#8222;Will ich haben!&#8220; Allerdings ist auch eine Menge billiger Schund auf dem Markt &#8230; \ud83d\ude41\u00a0 \u00a0 Keine Kinderspielzeuge!<\/span><\/p>\n<p class=\"empty-paragraph\"><span style=\"font-size: 1px; color: transparent;\">.<\/span><\/p>\n<p class=\"empty-paragraph\">\u00a0<span style=\"font-size: 1px; color: transparent;\">.<\/span><\/p>\n<p style=\"text-align: justify;\"><strong><span style=\"font-family: arial, helvetica, sans-serif; font-size: 12pt;\"><span style=\"color: #ff0000;\">Glasfaser &#8211; Lampe multicolor\u00a0 \u00a0<\/span> \u00a0 12,00 \u20ac<\/span><\/strong><br \/>\n<span style=\"font-family: arial, helvetica, sans-serif; font-size: 10pt;\"><img loading=\"lazy\" decoding=\"async\" class=\"size-thumbnail wp-image-16542 alignleft\" src=\"http:\/\/www.hund-hersbruck.de\/web_neu\/wp-content\/uploads\/Glasfaserlampe1-150x150.webp\" alt=\"\" width=\"150\" height=\"150\" srcset=\"http:\/\/www.hund-hersbruck.de\/web_neu\/wp-content\/uploads\/Glasfaserlampe1-150x150.webp 150w, http:\/\/www.hund-hersbruck.de\/web_neu\/wp-content\/uploads\/Glasfaserlampe1-300x300.webp 300w, http:\/\/www.hund-hersbruck.de\/web_neu\/wp-content\/uploads\/Glasfaserlampe1-768x768.webp 768w, http:\/\/www.hund-hersbruck.de\/web_neu\/wp-content\/uploads\/Glasfaserlampe1.webp 1000w\" sizes=\"auto, (max-width: 150px) 100vw, 150px\" \/>34 cm hoch, 4 Batterien AAA (nicht enthalten); farbige LED wechseln flie\u00dfend und stimmungsvoll an den leicht beweglichen Glasfaserenden. Kein Kinderspielzeug!\u00a0 Nur wenige Exemplare!<\/span><\/p>\n<p class=\"empty-paragraph\">\u00a0<span style=\"font-size: 1px; color: transparent;\">.<\/span><\/p>\n<p class=\"empty-paragraph\">\u00a0<span style=\"font-size: 1px; color: transparent;\">.<\/span><\/p>\n<p class=\"empty-paragraph\">\u00a0<span style=\"font-size: 1px; color: transparent;\">.<\/span><\/p>\n<p>&nbsp;<\/p>\n<p>&nbsp;<\/p>\n<p style=\"text-align: justify;\" align=\"JUSTIFY\"><span style=\"font-size: 18px;\"><span style=\"font-size: 12pt;\"><strong><span style=\"color: #800000; font-family: Arial;\">Die Zauberlampe<\/span><\/strong>\u00a0\u00a0 <\/span><span style=\"font-family: Arial;\"><span style=\"font-size: 12pt;\">(Magic\u00a0Lamp &#8211; Comedy Bulb)\u00a0\u00a0<\/span><span style=\"font-family: Georgia;\"><span style=\"font-size: 12pt;\">\u00a0\u00a0\u00a0\u00a0\u00a0\u00a0\u00a0\u00a0\u00a0\u00a0\u00a0\u00a0\u00a0\u00a0\u00a0<\/span><strong><span style=\"font-family: arial,helvetica,sans-serif; font-size: 14pt;\"><span style=\"font-size: 12pt;\">\u00a0\u00a07,00 \u20ac\u00a0\u00a0\u00a0<\/span>\u00a0\u00a0\u00a0\u00a0\u00a0\u00a0\u00a0\u00a0 <\/span><\/strong><\/span><\/span><\/span><\/p>\n<p style=\"text-align: justify;\" align=\"JUSTIFY\"><span style=\"font-size: 14px;\"><span style=\"font-family: Arial;\"><strong><a href=\"http:\/\/www.hund-hersbruck.de\/web_neu\/elektrizitat\/comedy-bulb-3\/\" rel=\"attachment wp-att-3763\"><img loading=\"lazy\" decoding=\"async\" class=\"alignleft size-full wp-image-3763\" title=\"Comedy-Bulb\" src=\"http:\/\/www.hund-hersbruck.de\/web_neu\/wp-content\/uploads\/Comedy-Bulb2.jpg\" alt=\"\" width=\"360\" height=\"153\" srcset=\"http:\/\/www.hund-hersbruck.de\/web_neu\/wp-content\/uploads\/Comedy-Bulb2.jpg 360w, http:\/\/www.hund-hersbruck.de\/web_neu\/wp-content\/uploads\/Comedy-Bulb2-150x63.jpg 150w, http:\/\/www.hund-hersbruck.de\/web_neu\/wp-content\/uploads\/Comedy-Bulb2-300x127.jpg 300w\" sizes=\"auto, (max-width: 360px) 100vw, 360px\" \/><\/a><span style=\"font-family: arial,helvetica,sans-serif; font-size: 10pt;\">Mit hellblauen LEDs und Knopfzellen!<\/span><\/strong><span style=\"font-family: arial,helvetica,sans-serif; font-size: 10pt;\"> Eine Gl\u00fchbirne\u00a0leuchtet hell auf, wenn es der Vorf\u00fchrende will, z.B. beim Einsatz als L\u00fcgendetektor,\u00a0um eine gezogene Karte wieder zu finden &#8230; <em>Die\u00a0gesamten \u201eInnereien\u201c der Lampe k\u00f6nnen gut ausgebaut und \u00fcbersichtlich\u00a0pr\u00e4sentiert werden, um z.B. im <strong><span style=\"text-decoration: underline;\">Physikunterricht<\/span><\/strong>\u00a0den Stromkreis nachvollziehbar zu machen. Viele M\u00f6glichkeiten beim\u00a0 Zaubern:<\/em><em>\u00a0<\/em>Sichtbarmachen von \u201estatischer Elektrizit\u00e4t der Zauberh\u00e4nde\u201c; &#8211;\u00a0Sichtbarmachen der \u201eKraft von Gedankenwellen\u201c; wenn ein Trick\u00a0(absichtlich, zun\u00e4chst) nicht funktioniert, kann mit der Lampe auf\u00a0\u201eFehlersuche\u201c gegangen werden; Einsatz als L\u00fcgendetektor: Immer\u00a0dann, wenn der Zuschauer auf eine Frage hin l\u00fcgt, leuchtet die Lampe auf.\u00a0Zum Beispiel, wenn er nach einer bestimmten Spielkarte gefragt wird, die\u00a0er \u201ev\u00f6llig frei\u201c gezogen hat &#8230; In der englischen Beschreibung\u00a0finden Sie eine Sammlung an \u201eGl\u00fchbirnen \u2013 Witzen\u201c, mit denen Sie\u00a0auflockern k\u00f6nnen. Ben\u00f6tigt werden drei Knopfzellen AG 10, die schnell ausgewechselt werden k\u00f6nnen nach einer langen Lebensdauer (werden mitgeliefert!)<\/span><\/span><span style=\"font-family: Arial;\"><span style=\"font-family: arial,helvetica,sans-serif; font-size: 12pt;\"><span style=\"font-size: 10pt;\">\u00a0\u00a0<\/span>\u00a0\u00a0<\/span>\u00a0\u00a0 <span style=\"color: #000000; font-family: Arial; font-size: 10px;\">ACHTUNG: Nicht geeignet f\u00fcr Kinder unter 3 Jahren wegen Erstickungsgefahr durch Kleinteile!<\/span><\/span><\/span><\/p>\n<p class=\"empty-paragraph\">\u00a0<span style=\"font-size: 1px; color: transparent;\">.<\/span><\/p>\n<p style=\"text-align: justify;\" align=\"JUSTIFY\"><span style=\"font-family: arial,helvetica,sans-serif; font-size: 12pt;\"><strong><span style=\"font-size: 14pt;\"><span style=\"color: #993300;\">Die Zauberlampe <\/span><\/span><span style=\"color: #993300; font-size: 14pt;\"><span style=\"color: #000000; text-decoration: underline;\"><em>mit &#8222;Schalter&#8220; <\/em><\/span><\/span><\/strong><\/span><span style=\"font-size: 12pt;\"><span style=\"font-family: arial,helvetica,sans-serif;\"><span style=\"color: #993300;\">(ohne\u00a0Bild, sieht aus wie oben)<\/span><\/span><\/span><span style=\"font-family: arial,helvetica,sans-serif; font-size: 12pt;\"><span style=\"font-size: 14pt;\">\u00a0<\/span><strong><span style=\"font-size: 14pt;\">\u00a0\u00a0\u00a0\u00a0\u00a0 7,50 \u20ac<\/span><\/strong><br \/>\n<span style=\"font-size: 10pt;\">Beschreibung genau wie oben, aber hier zur leichteren Handhabung mit einem Druckschalter an unverf\u00e4nglicher Stelle, so dass man ihn nicht SIEHT (d.h. aus der Hand geben sollte man die Lampe nicht, wenn man nicht will, dass das Geheimnis entdeckt wird \ud83d\ude09\u00a0 ). Wir liefern zwei Batteries\u00e4tze mit (zwei mal drei Knopfzellen f\u00fcr &#8222;ewigen Gebrauch&#8220; &#8230;).<\/span><\/span><\/p>\n<p class=\"empty-paragraph\"><span style=\"font-family: arial,helvetica,sans-serif; font-size: 12pt;\">\u00a0<\/span>\u00a0<span style=\"font-size: 1px; color: #fff;\">.<\/span>\u00a0<span style=\"font-size: 1px; color: #fff;\">.<\/span><\/p>\n<p class=\"empty-paragraph\">\u00a0<span style=\"font-size: 1px; color: transparent;\">.<\/span><\/p>\n<p style=\"text-align: justify;\" align=\"JUSTIFY\"><span style=\"font-size: 18px;\"><span style=\"color: #800000; font-family: Arial;\"><strong>Cosmic Ball\u00a0<\/strong><\/span>\u00a0<span style=\"font-family: Arial;\">\u00a0(oder UFO-Ball oder Flashing Ball oder &#8230;)\u00a0\u00a0\u00a0\u00a0\u00a0\u00a0\u00a0<strong> 5,00 \u20ac<\/strong><\/span><\/span><\/p>\n<p style=\"text-align: justify;\" align=\"JUSTIFY\"><span style=\"font-size: 14px;\"><span style=\"font-family: Arial;\"><a href=\"http:\/\/www.hund-hersbruck.de\/web_neu\/elektrizitat\/cosmic-ball-3\/\" rel=\"attachment wp-att-3764\"><img loading=\"lazy\" decoding=\"async\" class=\"alignleft size-full wp-image-3764\" title=\"Cosmic ball\" src=\"http:\/\/www.hund-hersbruck.de\/web_neu\/wp-content\/uploads\/Cosmic-ball.jpg\" alt=\"\" width=\"100\" height=\"100\" \/><\/a>Endlich wieder\u00a0lieferbar in einer guten Ausf\u00fchrung: sieht aus wie ein normaler\u00a0Tischtennisball, hat aber &#8222;magische Eigenschaften. Er leuchtet und\u00a0gibt &#8222;kosmische Ger\u00e4usche&#8220; von sich, wenn man ihn in die hohle\u00a0Hand legt (weil die Hautfeuchtigkeit den Stromkreis schlie\u00dft &#8230; &#8211; aber\u00a0nicht weitersagen!)<span style=\"color: #ff0000;\">\u00a0Es ist f\u00fcr uns jedes Mal eine Zitterpartie, wenn unser bisheriger Lieferant mal wieder diesen Standardartikel aus dem Sortiment nimmt! Eine neue Bezugsquelle muss oft erst weltweit gesucht werden &#8230; (<strong><span style=\"text-decoration: underline;\">bislang<\/span> <\/strong>ist es mit Pausen immer wieder gelungen)<\/span>.\u00a0\u00a0 <span style=\"color: #000000; font-family: Arial; font-size: 10px;\"><span style=\"font-family: Arial;\">ACHTUNG: \u00a0\u00a0\u00a0\u00a0\u00a0 Nicht geeignet f\u00fcr Kinder unter 3 Jahren wegen Erstickungsgefahr durch\u00a0 Kleinteile!<\/span><\/span><\/span><\/span><\/p>\n<p class=\"empty-paragraph\">\u00a0<span style=\"font-size: 1px; color: transparent;\">.<\/span><\/p>\n<p class=\"empty-paragraph\">\u00a0<span style=\"font-size: 1px; color: transparent;\">.<\/span><span style=\"font-size: 1px; color: transparent;\">.<\/span><\/p>\n<p style=\"text-align: center;\" align=\"JUSTIFY\"><span style=\"color: #ff0000; font-size: 18px;\">Sie waren eben auf der ersten Unterseite &#8222;Elektrizit\u00e4t&#8220; unseres Sortiments an physikalischem Spielzeug. Es kommt also jetzt &#8230;\u00a0.<\/span><\/p>\n<p style=\"text-align: justify;\" align=\"JUSTIFY\">\u00a0<span style=\"font-size: 1px; color: #fff;\">.<\/span><\/p>\n<table border=\"0\" align=\"center\">\n<tbody>\n<tr>\n<td><span style=\"font-size: 18px;\">Seiten<\/span><\/td>\n<td><span style=\"font-size: 18px;\"><a title=\"Elektrizit\u00e4t\" href=\"http:\/\/www.hund-hersbruck.de\/web_neu\/?page_id=119\">1<\/a><\/span><\/td>\n<td><span style=\"font-size: 18px;\"><a title=\"Elektrizit\u00e4t_Seite_2\" href=\"http:\/\/www.hund-hersbruck.de\/web_neu\/?page_id=5378\">2<\/a><\/span><\/td>\n<td><span style=\"font-size: 18px;\"><a title=\"Elektrizit\u00e4t_Seite_3\" href=\"http:\/\/www.hund-hersbruck.de\/web_neu\/?page_id=5380\">3<\/a><\/span><\/td>\n<\/tr>\n<\/tbody>\n<\/table>\n","protected":false},"excerpt":{"rendered":"<p>Elektrizit\u00e4t Solar-Wackelfiguren &#8211; Plasma-Kugel &#8211; Tesla-Plasmalampe -Leuchttiere &#8211; Zauberlampe &#8211; Cosmic Ball &#8211; UFO-Ball &#8211; Flashing Ball &#8211; Physikalisches &#8222;Spielzeug&#8220;, das mehr oder weniger offensichtlich mit &#8222;Elektrizit\u00e4t&#8220; zu tun hat &#8230; -Seite 1- Seiten 1 2 3 Sie m\u00f6chten\u00a0bestellen?\u00a0\u00a0 Tel. 09151\/4716\u00a0\u00a0\u00a0\u00a0oder gabys-zauberland@t-online.de\u00a0\u00a0 oder \u00fcber das Kontaktformular oben Preis\u00e4nderungen \u2013 leider! \u2013 vorbehalten. Auch wir sind [&hellip;]<\/p>\n","protected":false},"author":1,"featured_media":0,"parent":0,"menu_order":0,"comment_status":"closed","ping_status":"closed","template":"","meta":{"footnotes":""},"class_list":["post-119","page","type-page","status-publish","hentry"],"_links":{"self":[{"href":"http:\/\/www.hund-hersbruck.de\/web_neu\/wp-json\/wp\/v2\/pages\/119","targetHints":{"allow":["GET"]}}],"collection":[{"href":"http:\/\/www.hund-hersbruck.de\/web_neu\/wp-json\/wp\/v2\/pages"}],"about":[{"href":"http:\/\/www.hund-hersbruck.de\/web_neu\/wp-json\/wp\/v2\/types\/page"}],"author":[{"embeddable":true,"href":"http:\/\/www.hund-hersbruck.de\/web_neu\/wp-json\/wp\/v2\/users\/1"}],"replies":[{"embeddable":true,"href":"http:\/\/www.hund-hersbruck.de\/web_neu\/wp-json\/wp\/v2\/comments?post=119"}],"version-history":[{"count":75,"href":"http:\/\/www.hund-hersbruck.de\/web_neu\/wp-json\/wp\/v2\/pages\/119\/revisions"}],"predecessor-version":[{"id":17560,"href":"http:\/\/www.hund-hersbruck.de\/web_neu\/wp-json\/wp\/v2\/pages\/119\/revisions\/17560"}],"wp:attachment":[{"href":"http:\/\/www.hund-hersbruck.de\/web_neu\/wp-json\/wp\/v2\/media?parent=119"}],"curies":[{"name":"wp","href":"https:\/\/api.w.org\/{rel}","templated":true}]}}