{"id":11580,"date":"2017-10-29T10:26:16","date_gmt":"2017-10-29T10:26:16","guid":{"rendered":"http:\/\/www.hund-hersbruck.de\/web_neu\/?page_id=11580"},"modified":"2025-12-13T14:21:19","modified_gmt":"2025-12-13T14:21:19","slug":"tueftelige-physik_seite2","status":"publish","type":"page","link":"http:\/\/www.hund-hersbruck.de\/web_neu\/tueftelige-physik\/tueftelige-physik_seite2\/","title":{"rendered":"T\u00fcftelige Physik_Seite2"},"content":{"rendered":"<h2 style=\"text-align: center;\"><span style=\"color: #ff0000; text-decoration: underline;\"><span style=\"font-family: arial,helvetica,sans-serif; font-size: 14pt;\"><strong>&#8222;T\u00fcftelige Physik&#8220;\u00a0 \u00a0 \u00a0 \u00a0<\/strong><\/span><\/span><span style=\"font-size: 12pt;\"><strong><span style=\"font-family: arial,helvetica,sans-serif;\">oder\u00a0 \u00a0 \u00a0\u00a0<\/span><\/strong><\/span><span style=\"text-decoration: underline;\"><span style=\"color: #0000ff; text-decoration: underline;\"><strong><span style=\"font-family: arial,helvetica,sans-serif; font-size: 14pt;\">&#8222;Physikalische T\u00fcfteleien&#8220;<\/span><\/strong><\/span><\/span><\/h2>\n<h2 style=\"text-align: center;\"><span style=\"font-size: 16px;\">&#8211; Seite 2 &#8211;<\/span><\/h2>\n<p style=\"text-align: center;\"><span style=\"font-size: 12pt;\"><span style=\"font-family: arial,helvetica,sans-serif;\"><strong>So k\u00f6nnen sie <span style=\"color: #0000ff; text-decoration: underline;\">bestellen<\/span>:<\/strong><\/span><span style=\"font-family: arial,helvetica,sans-serif;\"><strong>Tel. 09151\/4716\u00a0\u00a0\u00a0\u00a0<\/strong> oder\u00a0 \u00a0 \u00a0<\/span><br \/>\n<span style=\"font-family: arial,helvetica,sans-serif;\"><a href=\"mailto:gabys-zauberland@t-online.de\"><strong>gabys-zauberland@t-online.de<\/strong><\/a><\/span><\/span><span style=\"font-family: arial,helvetica,sans-serif;\"><strong><span style=\"font-size: 12pt;\">\u00a0\u00a0\u00a0\u00a0\u00a0\u00a0<\/span><\/strong><span style=\"font-size: 12pt;\"> oder \u00fcber das<\/span><strong><span style=\"font-size: 12pt;\"> Kontaktformular oben\u00a0 \u00a0\u00a0<\/span><\/strong><\/span>\u00a0<span style=\"font-family: arial,helvetica,sans-serif; font-size: 10pt;\">Preis\u00e4nderungen vorbehalten! <span style=\"text-decoration: underline;\"><strong>Mindestbestellwert<\/strong> <\/span>15.- \u20ac; zuz\u00fcglich Porto zum Selbstkostenpreis.\u00a0\u00a0 Wir versenden mit DHL.\u00a0<\/span><\/p>\n<table border=\"0\" align=\"center\">\n<tbody>\n<tr>\n<td><span style=\"font-size: 18px;\">Seiten<\/span><\/td>\n<td><span style=\"font-size: 18px;\"><a title=\"T\u00fcftelige Physik\" href=\"http:\/\/www.hund-hersbruck.de\/web_neu\/tueftelige-physik\/\">1<\/a><\/span><\/td>\n<td><span style=\"font-size: 18px;\"><a title=\"T\u00fcftelige Physik_Seite2\" href=\"http:\/\/www.hund-hersbruck.de\/web_neu\/tueftelige-physik\/tueftelige-physik_seite2\/\">2<\/a><\/span><\/td>\n<\/tr>\n<\/tbody>\n<\/table>\n<h2><span style=\"font-size: 1px; color: transparent;\">.<\/span>\u00a0<span style=\"font-size: 1px; color: transparent;\">.<\/span><span style=\"font-family: arial,helvetica,sans-serif;\"><span style=\"font-size: 12pt;\"><span style=\"font-size: 10pt;\"><strong>Es hat viel Nerven, Kraft und Zeit gekostet, ihn direkt beim Produzenten zu beschaffen und wir waren sehr gespannt, ob die vielen Filmchen auf YouTube \u00fcber ihn wirklich der Wahrheit entsprechen. Kurz gesagt: Das tun sie! <\/strong>Wir haben g\u00fcnstig eingekauft und geben den<\/span> <\/span><span style=\"font-size: 16px;\"><span style=\"font-size: 12pt;\">Preisvorteil weiter:\u00a0 nur noch <\/span><strong><span style=\"font-size: 12pt;\">20,00 \u20ac <\/span>\u00a0<\/strong><\/span><\/span><\/h2>\n<p class=\"empty-paragraph\"><span style=\"font-family: arial,helvetica,sans-serif; font-size: 18px;\"><span style=\"color: #ffffff;\">.<\/span><span style=\"color: #993300; font-size: 12pt;\">Den<\/span><span style=\"font-size: 12pt; text-decoration: underline;\"><span style=\"color: #993300;\"> <strong>&#8222;Schwebenden Kreisel&#8220;<\/strong><\/span><\/span> <span style=\"font-size: 12pt;\">haben Sie sicher schon mal gesehen:<\/span><\/span><\/p>\n<p style=\"text-align: justify;\"><span style=\"font-family: arial,helvetica,sans-serif;\"><img loading=\"lazy\" decoding=\"async\" class=\"alignleft size-thumbnail wp-image-1710\" title=\"MagicUFOChina\" src=\"http:\/\/www.hund-hersbruck.de\/web_neu\/wp-content\/uploads\/MagicUFOChina-150x98.jpg\" alt=\"\" width=\"150\" height=\"98\" srcset=\"http:\/\/www.hund-hersbruck.de\/web_neu\/wp-content\/uploads\/MagicUFOChina-150x98.jpg 150w, http:\/\/www.hund-hersbruck.de\/web_neu\/wp-content\/uploads\/MagicUFOChina.jpg 160w\" sizes=\"auto, (max-width: 150px) 100vw, 150px\" \/><span style=\"font-size: 10pt;\">Es gibt ihn in verschiedenen Ausf\u00fchrungen, die unterschiedlich teuer sind und auch unterschiedlich gut funktionieren! Wie halt z.B. auch bei Autos oder Waschmaschinen &#8230; Unser <span style=\"text-decoration: underline;\"><strong>&#8222;BLUE MAGIC UFO&#8220;<\/strong><\/span> ist sowohl sehr funktionst\u00fcchtig, wie auch preiswert, weil wir es direkt importieren. Diesen Preisvorteil geben wir an unsere Kunden weiter, die vorher investierte Nervenbelastung bis zur endlichen Ankunft hier und den Schrecken beim Anblick besch\u00e4digter Ware freundlicherweise jedoch nicht! Wir jedenfalls sind fasziniert, weil der Kreisel wirklich minutenlang frei schwebt, man Gl\u00e4ser darum herumf\u00fchren kann, er aus einer kleinen Sch\u00fcssel heraussteigt usw.! Allerdings muss man schon ein bisschen t\u00fcfteln und ausprobieren, bis man\u00a0ihn austariert hat! Wenn Sie das &#8222;Ufo&#8220; in Action sehen wollen, dann k\u00f6nnen Sie das auf YouTube. Geben Sie &#8222;magic ufo&#8220; ein.\u00a0\u00a0\u00a0\u00a0\u00a0\u00a0\u00a0\u00a0\u00a0\u00a0\u00a0\u00a0\u00a0 <\/span><\/span><span style=\"font-family: arial,helvetica,sans-serif;\">Kein Kinderspielzeug!\u00a0\u00a0<\/span><\/p>\n<p class=\"empty-paragraph\">\u00a0<span style=\"font-size: 1px; color: transparent;\">.<\/span><\/p>\n<p class=\"empty-paragraph\">\u00a0<span style=\"font-size: 1px; color: transparent;\">.<\/span><\/p>\n<p class=\"empty-paragraph\">\u00a0<span style=\"font-size: 1px; color: transparent;\">.<\/span><span style=\"font-family: arial,helvetica,sans-serif; font-size: 12pt;\"><strong><span style=\"color: #993300;\">Die Zauberkette\u00a0\u00a0\u00a0\u00a0\u00a0\u00a0\u00a0\u00a0\u00a0\u00a0<\/span>\u00a0 \u00a0 \u00a0 \u00a0 \u00a0 \u00a0 \u00a08,00 \u20ac<\/strong><\/span><\/p>\n<p style=\"text-align: justify;\"><span style=\"font-family: arial,helvetica,sans-serif; font-size: 10pt;\">\u00a0<img loading=\"lazy\" decoding=\"async\" class=\"alignleft\" title=\"Zauberkette\" src=\"http:\/\/www.hund-hersbruck.de\/web_neu\/wp-content\/uploads\/Zauberkette.jpg\" alt=\"\" width=\"125\" height=\"125\" \/>Lange verschwunden, jetzt wieder erh\u00e4ltlich! Ein Klassiker seit vielen Jahren: Der oberste Ring einer massiven Kette aus zwanzig Metallringen f\u00e4llt blitzschnell durch die gesamte Kette nach unten! Ein optischer Schocker, da keiner der Ringe eine \u00d6ffnung hat! Metall dringt spurlos durch Metall (zumindest sieht es so aus)! Kein Zuschauer hat daf\u00fcr auch nur im Ansatz eine Erkl\u00e4rung. <\/span><span style=\"font-size: 14px;\"><span style=\"font-family: arial,helvetica,sans-serif; font-size: 10pt;\">Kein Kinderspielzeug!\u00a0<\/span> <span style=\"color: #ff0000; font-size: 10pt;\"><span style=\"font-family: Arial;\">\u00a0Achtung: Wir haben diesen Artikel bisher direkt importiert. Die enormen Preissteigerungen k\u00f6nnen wir aber nicht mehr auffangen oder an unsere Kunden weitergeben. Das wird es also nicht mehr geben, wenn unser Vorrat aufgebraucht ist &#8230;:-(\u00a0 \u00a0 DAS werden Physiklehrkr\u00e4fte im Leben wahrscheinlich nieeeeee mehr angeboten bekommen! \ud83d\ude09\u00a0 Privat und beruflich brauchbar!\u00a0 \ud83d\ude42<\/span><\/span><\/span><\/p>\n<p class=\"empty-paragraph\">\u00a0<span style=\"font-size: 1px; color: transparent;\">.<\/span><\/p>\n<p class=\"empty-paragraph\">\u00a0<span style=\"font-size: 1px; color: transparent;\">.<\/span><span style=\"font-family: arial,helvetica,sans-serif;\"><span style=\"color: #993300;\"><strong><span style=\"font-size: 12pt;\">Die Fingerfalle<\/span><\/strong><\/span><span style=\"font-size: 12pt;\">\u00a0 (Finger Trap)<strong>\u00a0\u00a0\u00a0\u00a0\u00a0\u00a0\u00a0\u00a0\u00a0\u00a0\u00a0\u00a0\u00a0\u00a0\u00a0 3,00 \u20ac<\/strong><\/span><\/span><\/p>\n<p style=\"text-align: justify;\"><span style=\"font-family: arial,helvetica,sans-serif;\"><img loading=\"lazy\" decoding=\"async\" class=\"alignleft wp-image-2527\" title=\"fingertrap\" src=\"http:\/\/www.hund-hersbruck.de\/web_neu\/wp-content\/uploads\/fingertrap1-150x80.jpg\" alt=\"\" width=\"150\" height=\"80\" srcset=\"http:\/\/www.hund-hersbruck.de\/web_neu\/wp-content\/uploads\/fingertrap1-150x80.jpg 150w, http:\/\/www.hund-hersbruck.de\/web_neu\/wp-content\/uploads\/fingertrap1.jpg 240w\" sizes=\"auto, (max-width: 150px) 100vw, 150px\" \/><span style=\"font-size: 10pt;\">\u00a0Auch bekannt als Extensionsh\u00fclse in der Medizin, als &#8222;M\u00e4dchenf\u00e4nger&#8220;, &#8222;Bauernf\u00e4nger&#8220; &#8222;magische Fingerh\u00fcte&#8220;! Siehe dazu den ausgezeichneten Eintrag in Wikipedia! Mit ihr kann man blitzschnell die Finger einer Person oder auch zweier Personen aneinander fesseln! Verzwickt, wenn man nicht wei\u00df, wie man sich wieder befreien kann! Ca. 22 cm lang! Bunte Plastikstreifen. Was das mit Physik zu tun hat? Na ja, denken Sie nur mal an die entsprechenden technischen Anwendungen, z.B. bei Abschleppseilen f\u00fcr Autos,\u00a0beim Fixieren von Extremit\u00e4ten in der Medizin\u00a0oder beim Einziehen von Kabeln oder \u00a0&#8230;<\/span>\u00a0 Stichwort &#8222;Haftreibung&#8220;!\u00a0 DIESES Modell ist das beste, das wir kennen, auch das preisg\u00fcnstigste! <span style=\"font-size: 10px;\">ACHTUNG: Nicht geeignet f\u00fcr Kinder unter 3 Jahren.<\/span><\/span><\/p>\n<p class=\"empty-paragraph\"><span style=\"font-family: arial,helvetica,sans-serif;\">\u00a0<span style=\"color: transparent; font-size: 1px;\">.<\/span><\/span><\/p>\n<p style=\"text-align: justify;\"><span style=\"font-family: arial,helvetica,sans-serif;\"><span style=\"color: #ffffff;\"><strong>i<\/strong><\/span><\/span>\u00a0<span style=\"font-size: 1px; color: transparent;\">.<\/span><\/p>\n<p><span style=\"font-family: arial,helvetica,sans-serif; font-size: 12pt;\"><strong><span style=\"color: #993300;\">ALKOHOL \u2013 TESTER<\/span>\u00a0 \u00a0 \u00a0 \u00a0 \u00a0 \u00a0 \u00a0 \u00a0 \u00a0 \u00a0 6,00 \u20ac\u00a0 \u00a0<span style=\"color: #ff0000;\">SONDERPREIS<\/span>!<\/strong><\/span><\/p>\n<p style=\"text-align: justify;\"><span style=\"font-family: arial,helvetica,sans-serif;\"><img loading=\"lazy\" decoding=\"async\" class=\"alignleft size-thumbnail wp-image-2529\" title=\"AlkotesterThakur\" src=\"http:\/\/www.hund-hersbruck.de\/web_neu\/wp-content\/uploads\/AlkotesterThakur1-150x112.jpg\" alt=\"\" width=\"150\" height=\"112\" srcset=\"http:\/\/www.hund-hersbruck.de\/web_neu\/wp-content\/uploads\/AlkotesterThakur1-150x112.jpg 150w, http:\/\/www.hund-hersbruck.de\/web_neu\/wp-content\/uploads\/AlkotesterThakur1-300x225.jpg 300w, http:\/\/www.hund-hersbruck.de\/web_neu\/wp-content\/uploads\/AlkotesterThakur1.jpg 1024w\" sizes=\"auto, (max-width: 150px) 100vw, 150px\" \/><img loading=\"lazy\" decoding=\"async\" class=\"alignleft size-thumbnail wp-image-2530\" title=\"Alkoholtester\" src=\"http:\/\/www.hund-hersbruck.de\/web_neu\/wp-content\/uploads\/Alkoholtester1-150x150.jpg\" alt=\"\" width=\"150\" height=\"150\" srcset=\"http:\/\/www.hund-hersbruck.de\/web_neu\/wp-content\/uploads\/Alkoholtester1-150x150.jpg 150w, http:\/\/www.hund-hersbruck.de\/web_neu\/wp-content\/uploads\/Alkoholtester1.jpg 220w\" sizes=\"auto, (max-width: 150px) 100vw, 150px\" \/> <span style=\"font-size: 10pt;\">Ein ungeheuer verbl\u00fcffender Effekt, der f\u00fcr viele Leute (auch hochgebildete!) unerkl\u00e4rlich ist! Betrachtet man den Namen von Worten &#8222;ohne Alkohol&#8220; durch einen kleinen Glasstab, passiert gar nichts. Bei Whisky, Rum oder Champagner dagegen stehen diese Namen auf einmal auf dem Kopf. Geht auch mit bestimmten deutschen W\u00f6rtern &#8230;; funktioniert automatisch! Ideal f\u00fcr die Kneipentheke, den Stammtisch, den Biologie- (?), Physik- (!!! )und vor allem den Mathematik (!!!!) \u2013 Unterricht &#8230;; wenig Gep\u00e4ck, viel Staunen und R\u00e4tseln!<span style=\"color: #0000ff;\"> Nicht so recht verst\u00e4ndlich ist f\u00fcr uns, warum dieser Nervt\u00f6ter so selten von Physik- und Mathematiklehrern bestellt wird! Dabei geh\u00f6rt es gerade bei denen doch zur &#8222;Grundausr\u00fcstung&#8220;, auch f\u00fcr den privaten Gebrauch<\/span> &#8230;;-)<\/span> \u00a0 \u00a0\u00a0<span style=\"font-size: 10px;\">ACHTUNG: Nicht geeignet f\u00fcr Kinder unter 3 Jahren wegen Erstickungsgefahr durch Kleinteile!<br \/>\n<strong><span style=\"color: #008000; font-size: 10pt;\"><span style=\"font-family: Arial;\"><span style=\"color: #0000ff;\">ACHTUNG<\/span>: Extra f\u00fcr uns hat unser indischer Hersteller noch eine Neuauflage gemacht! Danach gibt es den AT nicht mehr!\u00a0<\/span><\/span><\/strong><br \/>\n<\/span><\/span><\/p>\n<p class=\"empty-paragraph\"><span style=\"font-family: arial,helvetica,sans-serif;\"><span style=\"color: transparent; font-size: 1px;\">.<\/span><span style=\"color: #ffffff;\">i<\/span><\/span><\/p>\n<p class=\"empty-paragraph\">\u00a0<span style=\"font-size: 1px; color: transparent;\">.<\/span><\/p>\n<p class=\"empty-paragraph\">\u00a0<span style=\"font-size: 1px; color: transparent;\">.<span style=\"font-family: arial,helvetica,sans-serif; font-size: 12pt;\"><strong><span style=\"color: #993300;\">Der Stoppw\u00fcrfel &#8222;Cubio Mini Brass&#8220;\u00a0\u00a0\u00a0 <span style=\"color: #ff0000;\">12,00 \u20ac\u00a0 Sonderpreis!<\/span>\u00a0\u00a0\u00a0\u00a0 <\/span><\/strong><strong>\u00a0\u00a0 9,50 \u20ac\u00a0 S<\/strong><\/span><\/span><\/p>\n<p style=\"text-align: justify;\"><span style=\"font-family: arial,helvetica,sans-serif; font-size: 12pt;\"><a href=\"http:\/\/www.hund-hersbruck.de\/web_neu\/wp-content\/uploads\/Cubio-Stoppwuerfel.jpg\"><img loading=\"lazy\" decoding=\"async\" class=\"alignleft size-thumbnail wp-image-9113\" src=\"http:\/\/www.hund-hersbruck.de\/web_neu\/wp-content\/uploads\/Cubio-Stoppwuerfel-150x139.jpg\" alt=\"Cubio Stoppwuerfel\" width=\"150\" height=\"139\" srcset=\"http:\/\/www.hund-hersbruck.de\/web_neu\/wp-content\/uploads\/Cubio-Stoppwuerfel-150x139.jpg 150w, http:\/\/www.hund-hersbruck.de\/web_neu\/wp-content\/uploads\/Cubio-Stoppwuerfel.jpg 300w\" sizes=\"auto, (max-width: 150px) 100vw, 150px\" \/><\/a>\u00a0 <span style=\"font-size: 10pt;\">Der Zauberer h\u00e4lt die beiden Enden einer Schnur fest, auf die ein <span style=\"text-decoration: underline;\"><strong>Messing<\/strong> <\/span>&#8211; W\u00fcrfel (1,5 cm Kantenl\u00e4nge) mit farbigen Ringen aufgef\u00e4delt ist. Wenn die Schnur senkrecht gehalten wird, f\u00e4llt der W\u00fcrfel schnell herab. Ein Zuschauer wird aufgefordert, zu irgend einer Zeit \u201eHalt!&#8220; zu sagen. Sofort stoppt der W\u00fcrfel an dieser Stelle. Der Zauberer kann ihn an beliebiger Stelle anhalten. Wird die Schnur mit dem W\u00fcrfel aus der Hand gegeben, kann dies aber niemand nachmachen! Der W\u00fcrfel f\u00e4llt immer schnell entlang der Schnur herunter und kann nicht angehalten werden! Ein klassischer <span style=\"text-decoration: underline;\"><strong>NERVT\u00d6TER<\/strong><\/span>, wenn man es nicht kann, mit dem man ganze Tischrunden \/ Schulklassen \/ Familien &#8230; zur Verzweiflung treiben kann!\u00a0<\/span><\/span><span style=\"font-family: arial,helvetica,sans-serif;\"><span style=\"font-size: 8pt;\"><span style=\"font-size: 10pt;\"><span style=\"text-decoration: underline;\"><strong>Extrem wenig Gep\u00e4ck, extrem starker Effekt!<\/strong><\/span> <strong><span style=\"font-family: book antiqua,palatino;\"><em>Was\u00a0eines der beliebtesten Zauberger\u00e4te HIER verloren hat? Na ja &#8211; 1. sind die meisten Interessenten hier Lehrer und die m\u00fcssten mal eine Klassenfahrt erleben, bei der dieser Nervt\u00f6ter die Sch\u00fcler zum Ausflippen bringt (ICH (W.Hund) spreche da aus reicher Erfahrung!). Und 2. ist es doch wohl in hohem Ma\u00dfe &#8222;physikalisch&#8220;, wenn ein Metallblock aus dem freien Fall auf einmal stoppt, an einer senkrechten Schnur nach Belieben langsam oder schnell runterrutscht. Was ist das blo\u00df drin?\u00a0Wie kann das funktionieren?<\/em><\/span><\/strong>\u00a0 <strong><span style=\"font-family: arial, helvetica, sans-serif; color: #ff0000;\">Solange halt unser Vorrat reicht!<\/span><\/strong>\u00a0\u00a0\u00a0\u00a0\u00a0 \u00a0\u00a0\u00a0<\/span>\u00a0\u00a0Nicht f\u00fcr Kinder unter drei Jahren geeignet!<\/span><\/span><\/p>\n<p class=\"empty-paragraph\">\u00a0<span style=\"font-size: 1px; color: transparent;\">.<\/span><\/p>\n<p class=\"empty-paragraph\">\u00a0<span style=\"font-size: 1px; color: transparent;\">.<\/span><\/p>\n<p class=\"empty-paragraph\">\u00a0<span style=\"font-size: 1px; color: transparent;\">.<span style=\"font-family: arial,helvetica,sans-serif; font-size: 12pt;\"><strong><span style=\"color: #993300;\">Das ZAUBERFL\u00c4SCHCHEN (Imp Bottle)\u00a0\u00a0 <span style=\"color: #000000;\">5,00 \u20ac<\/span><\/span>\u00a04,00 \u20ac<\/strong><\/span><\/span><\/p>\n<p style=\"text-align: justify;\"><span style=\"font-family: arial,helvetica,sans-serif; font-size: 10pt;\"><span style=\"text-decoration: underline;\">Niemand<\/span> kann das Fl\u00e4schchen auf einer glatten Oberfl\u00e4che waagerecht hinlegen, wenn er das Geheimnis nicht kennt! Ein klassischer Nervt\u00f6ter, der eine ganze Tischrunde zur Verzweiflung bringen und bei einer Klassenfahrt (zum Beispiel) den Diskoabend sprengen kann. Wir sprechen aus reicher Erfahrung!\u00a0 Warum dieses magische Dingsbums hier angeboten wird? Na ja, hat halt mit einem grundlegenden physikalischen Ph\u00e4nomen zu tun, das hier aber nicht mal angedeutet wird &#8230; \ud83d\ude09<img loading=\"lazy\" decoding=\"async\" class=\"alignleft\" title=\"Zauberflaeschchen\" src=\"http:\/\/www.hund-hersbruck.de\/web_neu\/wp-content\/uploads\/Zauberflaeschchen-150x150.jpg\" alt=\"\" width=\"150\" height=\"150\" \/><\/span><\/p>\n<p style=\"text-align: justify;\"><span style=\"font-family: arial,helvetica,sans-serif; font-size: 10pt;\">\u201eMan braucht halt viiiieeell Gef\u00fchl &#8230;&#8220;! <\/span><\/p>\n<p><span style=\"font-size: 10px;\">ACHTUNG: Nicht geeignet f\u00fcr Kinder unter 3 Jahren wegen Erstickungsgefahr durch Kleinteile!<\/span> .<\/p>\n<p class=\"empty-paragraph\">\u00a0<span style=\"font-size: 1px; color: transparent;\">.<\/span><\/p>\n<p class=\"empty-paragraph\">\u00a0<span style=\"font-size: 1px; color: transparent;\">.<\/span><\/p>\n<p class=\"empty-paragraph\">\u00a0<span style=\"font-size: 1px; color: transparent;\">.<\/span><\/p>\n<p class=\"empty-paragraph\">\u00a0<span style=\"font-size: 1px; color: transparent;\">.<\/span><\/p>\n<p class=\"empty-paragraph\"><span style=\"color: #993300;\"><strong><span style=\"color: #ffffff;\">i<\/span><\/strong><\/span><\/p>\n<p class=\"empty-paragraph\"><span style=\"font-size: 1px; color: #fff;\">.<\/span> <span style=\"font-size: 18px;\"><span style=\"color: #ffffff;\">.<\/span><span style=\"font-family: arial,helvetica,sans-serif; font-size: 12pt;\"><strong><span style=\"color: #993300;\">Der FLASCHENTAUCHER\u00a0\u00a0\u00a0\u00a0\u00a0\u00a0\u00a0\u00a0\u00a0\u00a0\u00a0\u00a0\u00a0\u00a0 <\/span>5,00 \u20ac<\/strong><\/span><\/span><\/p>\n<p style=\"text-align: justify;\"><span style=\"font-family: arial,helvetica,sans-serif; font-size: 12pt;\"><a href=\"http:\/\/www.hund-hersbruck.de\/web_neu\/wp-content\/uploads\/Flaschentaucher.jpg\"><img loading=\"lazy\" decoding=\"async\" class=\"alignleft size-thumbnail wp-image-9490\" src=\"http:\/\/www.hund-hersbruck.de\/web_neu\/wp-content\/uploads\/Flaschentaucher-107x150.jpg\" alt=\"Flaschentaucher\" width=\"107\" height=\"150\" srcset=\"http:\/\/www.hund-hersbruck.de\/web_neu\/wp-content\/uploads\/Flaschentaucher-107x150.jpg 107w, http:\/\/www.hund-hersbruck.de\/web_neu\/wp-content\/uploads\/Flaschentaucher-215x300.jpg 215w, http:\/\/www.hund-hersbruck.de\/web_neu\/wp-content\/uploads\/Flaschentaucher.jpg 287w\" sizes=\"auto, (max-width: 107px) 100vw, 107px\" \/><\/a>\u00a0\u00a0 <span style=\"font-size: 10pt;\">Ein Kartesianischer Taucher (8cm L\u00e4nge), der mit der modernen Methode (Verwendung einer PET &#8211; Plastikflasche) zum Steigen, Schweben oder Sinken gebracht werden kann. Dieser Bausatz hat sogar einen wunderbaren Spieleffekt:<\/span><\/span><\/p>\n<p style=\"text-align: justify;\"><span style=\"font-family: arial,helvetica,sans-serif; font-size: 10pt;\">Man kann mit Geduld und Geschick die drei mitgelieferten Gewichte unten einhaken und hochbringen. Aber das ist gar nicht so einfach &#8230;\u00a0 <span style=\"color: #ff0000;\">Literatur: PFE Bd. 1, Seiten 256 ff + 260 ff\u00a0\u00a0\u00a0 <strong>Mengenrabatt m\u00f6glich, ab 5 St\u00fcck. Fragen Sie uns!<\/strong><\/span><\/span><\/p>\n<p style=\"text-align: justify;\"><span style=\"font-size: 10px;\">ACHTUNG: Nicht geeignet f\u00fcr Kinder unter 3 Jahren wegen Erstickungsgefahr durch Kleinteile!<\/span><\/p>\n<p class=\"empty-paragraph\">\u00a0<span style=\"font-size: 1px; color: transparent;\">.<\/span><\/p>\n<p class=\"empty-paragraph\">\u00a0<span style=\"font-size: 1px; color: transparent;\">.<\/span><\/p>\n<p class=\"empty-paragraph\">\u00a0<span style=\"font-size: 1px; color: transparent;\">.<\/span><\/p>\n<p class=\"empty-paragraph\" style=\"text-align: center;\"><span style=\"color: #0000ff; font-size: 12pt;\"><strong><span style=\"font-family: arial, helvetica, sans-serif;\">Sie waren jetzt auf der zweiten Seite unserer &#8222;Physikalischen T\u00fcfteleien&#8220;. Jetzt aber schnell auf die Hauptseiten &#8230; \ud83d\ude09<\/span><\/strong><\/span><\/p>\n<table border=\"0\" align=\"center\">\n<tbody>\n<tr>\n<td><span style=\"font-size: 18px;\">Seiten<\/span><\/td>\n<td><span style=\"font-size: 18px;\"><a title=\"T\u00fcftelige Physik\" href=\"http:\/\/www.hund-hersbruck.de\/web_neu\/tueftelige-physik\/\">1<\/a><\/span><\/td>\n<td><span style=\"font-size: 18px;\"><a title=\"T\u00fcftelige Physik_Seite2\" href=\"http:\/\/www.hund-hersbruck.de\/web_neu\/tueftelige-physik\/tueftelige-physik_seite2\/\">2<\/a><\/span><\/td>\n<\/tr>\n<\/tbody>\n<\/table>\n","protected":false},"excerpt":{"rendered":"<p>&#8222;T\u00fcftelige Physik&#8220;\u00a0 \u00a0 \u00a0 \u00a0oder\u00a0 \u00a0 \u00a0\u00a0&#8222;Physikalische T\u00fcfteleien&#8220; &#8211; Seite 2 &#8211; So k\u00f6nnen sie bestellen:Tel. 09151\/4716\u00a0\u00a0\u00a0\u00a0 oder\u00a0 \u00a0 \u00a0 gabys-zauberland@t-online.de\u00a0\u00a0\u00a0\u00a0\u00a0\u00a0 oder \u00fcber das Kontaktformular oben\u00a0 \u00a0\u00a0\u00a0Preis\u00e4nderungen vorbehalten! Mindestbestellwert 15.- \u20ac; zuz\u00fcglich Porto zum Selbstkostenpreis.\u00a0\u00a0 Wir versenden mit DHL.\u00a0 Seiten 1 2 .\u00a0.Es hat viel Nerven, Kraft und Zeit gekostet, ihn direkt beim Produzenten zu [&hellip;]<\/p>\n","protected":false},"author":1,"featured_media":0,"parent":11571,"menu_order":0,"comment_status":"closed","ping_status":"closed","template":"","meta":{"footnotes":""},"class_list":["post-11580","page","type-page","status-publish","hentry"],"_links":{"self":[{"href":"http:\/\/www.hund-hersbruck.de\/web_neu\/wp-json\/wp\/v2\/pages\/11580","targetHints":{"allow":["GET"]}}],"collection":[{"href":"http:\/\/www.hund-hersbruck.de\/web_neu\/wp-json\/wp\/v2\/pages"}],"about":[{"href":"http:\/\/www.hund-hersbruck.de\/web_neu\/wp-json\/wp\/v2\/types\/page"}],"author":[{"embeddable":true,"href":"http:\/\/www.hund-hersbruck.de\/web_neu\/wp-json\/wp\/v2\/users\/1"}],"replies":[{"embeddable":true,"href":"http:\/\/www.hund-hersbruck.de\/web_neu\/wp-json\/wp\/v2\/comments?post=11580"}],"version-history":[{"count":38,"href":"http:\/\/www.hund-hersbruck.de\/web_neu\/wp-json\/wp\/v2\/pages\/11580\/revisions"}],"predecessor-version":[{"id":17747,"href":"http:\/\/www.hund-hersbruck.de\/web_neu\/wp-json\/wp\/v2\/pages\/11580\/revisions\/17747"}],"up":[{"embeddable":true,"href":"http:\/\/www.hund-hersbruck.de\/web_neu\/wp-json\/wp\/v2\/pages\/11571"}],"wp:attachment":[{"href":"http:\/\/www.hund-hersbruck.de\/web_neu\/wp-json\/wp\/v2\/media?parent=11580"}],"curies":[{"name":"wp","href":"https:\/\/api.w.org\/{rel}","templated":true}]}}